{"id":1757,"date":"2025-03-15T19:19:22","date_gmt":"2025-03-15T11:19:22","guid":{"rendered":"https:\/\/www.manluenpack.com\/?post_type=product&#038;p=1757"},"modified":"2025-07-10T21:15:18","modified_gmt":"2025-07-10T13:15:18","slug":"boat-shaped-sushi-tray-wl-b16","status":"publish","type":"product","link":"https:\/\/www.manluenpack.com\/fr\/products\/boat-shaped-sushi-tray-wl-b16\/","title":{"rendered":"WL-B16 Plateau \u00e0 sushi Manluen"},"content":{"rendered":"<p>Le plateau \u00e0 sushis WL-B16 Manluen pr\u00e9sente un design sophistiqu\u00e9 de 293*160*50 mm, un \u00e9quilibre parfait entre capacit\u00e9 et beaut\u00e9. Sa silhouette lisse et \u00e9lanc\u00e9e est \u00e0 la fois \u00e9l\u00e9gante et polyvalente, ce qui le rend id\u00e9al pour servir des plats tels que les sushis et les sashimis. Il permet d'\u00e9conomiser de l'espace tout en am\u00e9liorant la pr\u00e9sentation visuelle des plats. Fabriqu\u00e9 \u00e0 partir de mat\u00e9riaux de haute qualit\u00e9, il pr\u00e9sente une texture lisse et est facile \u00e0 nettoyer, ce qui le rend id\u00e9al pour les restaurants japonais, les r\u00e9unions de famille ou les banquets.<\/p>\n<ul>\n<li>Type d'emballage<br \/>\nBo\u00eete en carton<\/li>\n<li>Couleur<br \/>\nNoir<\/li>\n<li>Quantit\u00e9 par caisse<br \/>\n200 ensembles<\/li>\n<li>Mat\u00e9riau<br \/>\nCouvercle : OPS, Base : PS\/PP<\/li>\n<li>Sp\u00e9cifications de l'emballage<br \/>\n0,068 m\u00e8tre cube<\/li>\n<\/ul>\n<p>Emballage et livraison<\/p>\n<p>Le plateau \u00e0 sushi WL-B16 Manluen avec couvercle est pr\u00e9sent\u00e9 dans un emballage \u00e9l\u00e9gant et respectueux de l'environnement. L'emballage ext\u00e9rieur est solide et durable et contient des mat\u00e9riaux absorbant les chocs pour garantir que le produit reste intact pendant le transport. Nous nous engageons \u00e0 assurer une livraison efficace et fournissons des services de suivi logistique complets pour garantir que chaque article est livr\u00e9 \u00e0 temps. Qu'il s'agisse d'un achat en gros ou d'une commande personnalis\u00e9e, le plateau \u00e0 sushi WL-B16 Manluen arrivera intact, vous accompagnant dans un voyage d'exp\u00e9riences culinaires exquises.<\/p>\n<p>Sc\u00e9narios d'utilisation<\/p>\n<p>Qu'il s'agisse d'une chaleureuse r\u00e9union de famille ou d'un service exquis dans un restaurant japonais haut de gamme, le plateau \u00e0 sushi classique en forme de bateau WL-B16 Manluen s'int\u00e8gre parfaitement \u00e0 toutes les occasions. Il peut contenir des sushis, des sashimis et divers amuse-gueules, devenant ainsi un point de mire artistique sur la table. Pendant le th\u00e9 de l'apr\u00e8s-midi, il peut \u00e9galement pr\u00e9senter \u00e9l\u00e9gamment des desserts et des fruits, ajoutant un sens du rituel \u00e0 chaque moment. Qu'il s'agisse de repas quotidiens ou de c\u00e9l\u00e9brations festives, ce plateau \u00e0 sushis peut ajouter un charme unique \u00e0 chaque plat.<\/p>\n<p>Large r\u00e9sistance \u00e0 la temp\u00e9rature<\/p>\n<p>Notre plateau \u00e0 sushi WL-B16 Manluen Black Sakura fonctionne bien dans une large gamme de temp\u00e9ratures, de la r\u00e9frig\u00e9ration au micro-ondes, et r\u00e9pond efficacement \u00e0 divers besoins d'utilisation. Son excellente r\u00e9sistance \u00e0 la temp\u00e9rature garantit non seulement la s\u00e9curit\u00e9 et la qualit\u00e9 des aliments, mais apporte \u00e9galement un maximum de commodit\u00e9 aux utilisateurs, ce qui en fait un choix id\u00e9al pour de nombreuses occasions de restauration.<\/p>\n<p>Conception empilable<\/p>\n<p>Ce plateau \u00e0 sushi WL-B16 Manluen Black Sakura adopte un design innovant empilable et est soigneusement con\u00e7u pour faciliter le stockage et le transport. L'empilage multicouche permet d'\u00e9conomiser de l'espace et est id\u00e9al pour les commandes en vrac et le stockage.<\/p>\n<p>\u00c9tanche et durable<\/p>\n<p>Le plateau \u00e0 sushi WL-B16 Manluen avec couvercle est dot\u00e9 d'un bord \u00e9tanche qui emp\u00eache le jus des aliments de se r\u00e9pandre. Le plateau est fabriqu\u00e9 dans un mat\u00e9riau robuste, tr\u00e8s r\u00e9sistant aux chocs et durable. Il ne se d\u00e9formera pas et ne se cassera pas, m\u00eame apr\u00e8s une utilisation prolong\u00e9e.<\/p>","protected":false},"excerpt":{"rendered":"<p>The WL-B16 Manluen Sushi Tray features a sophisticated 293*160*50 mm design, striking a perfect balance between capacity and beauty. Its smooth and slender silhouette is both elegant and versatile, making&hellip;<\/p>","protected":false},"featured_media":3339,"template":"","meta":{"_uag_custom_page_level_css":""},"product_brand":[],"product_cat":[23],"product_tag":[114,115,119],"class_list":{"0":"post-1757","1":"product","2":"type-product","3":"status-publish","4":"has-post-thumbnail","6":"product_cat-sushi-trays","7":"product_tag-boat-shaped","8":"product_tag-maple-leaf","9":"product_tag-sushi-box","11":"first","12":"instock","13":"shipping-taxable","14":"purchasable","15":"product-type-simple"},"spectra_custom_meta":{"rank_math_internal_links_processed":["1","1","1","1","1","1","1","1","1","1","1","1","1","1","1","1","1","1","1","1"],"_sku":["WL-B16"],"_regular_price":["1"],"total_sales":["0"],"_tax_status":["taxable"],"_tax_class":[""],"_manage_stock":["no"],"_backorders":["no"],"_sold_individually":["no"],"_virtual":["no"],"_downloadable":["no"],"_product_image_gallery":["3338,3337,3336,3335"],"_download_limit":["0"],"_download_expiry":["0"],"_thumbnail_id":["3339"],"_stock":[null],"_stock_status":["instock"],"_wc_average_rating":["0"],"_wc_review_count":["0"],"_product_attributes":["a:2:{s:9:\"item-size\";a:6:{s:4:\"name\";s:9:\"Item Size\";s:5:\"value\";s:12:\"293*160*50mm\";s:8:\"position\";i:0;s:10:\"is_visible\";i:1;s:12:\"is_variation\";i:0;s:11:\"is_taxonomy\";i:0;}s:7:\"qty-ctn\";a:6:{s:4:\"name\";s:7:\"QTY\/CTN\";s:5:\"value\";s:3:\"200\";s:8:\"position\";i:1;s:10:\"is_visible\";i:1;s:12:\"is_variation\";i:0;s:11:\"is_taxonomy\";i:0;}}"],"_product_version":["9.4.2"],"_price":["1"],"_wp_old_date":["2024-11-26"],"rank_math_analytic_object_id":["24"],"classic-editor-remember":["classic-editor"],"rank_math_seo_score":["68"],"rank_math_contentai_score":["a:5:{s:8:\"keywords\";s:5:\"74.51\";s:9:\"wordCount\";s:1:\"0\";s:9:\"linkCount\";s:1:\"0\";s:12:\"headingCount\";s:1:\"0\";s:10:\"mediaCount\";s:1:\"0\";}"],"_jet_woo_template":[""],"_template_type":["default"],"rank_math_primary_product_cat":["19"],"_ywraq_hide_quote_button_check":[""],"_ywraq_hide_quote_button":["0"],"_edit_lock":["1754365137:1"],"_edit_last":["1"],"_wp_old_slug":["class-benbo-takeaway-box-wl-8507"],"rank_math_focus_keyword":["sushi tray"],"_uag_css_file_name":["uag-css-1757.css"],"_uag_page_assets":["a:9:{s:3:\"css\";s:0:\"\";s:2:\"js\";s:0:\"\";s:18:\"current_block_list\";a:6:{i:0;s:10:\"core\/group\";i:1;s:12:\"core\/heading\";i:2;s:17:\"core\/latest-posts\";i:3;s:20:\"core\/latest-comments\";i:4;s:13:\"core\/archives\";i:5;s:15:\"core\/categories\";}s:8:\"uag_flag\";b:0;s:11:\"uag_version\";i:1777300730;s:6:\"gfonts\";a:0:{}s:10:\"gfonts_url\";s:0:\"\";s:12:\"gfonts_files\";a:0:{}s:14:\"uag_faq_layout\";b:0;}"]},"uagb_featured_image_src":{"full":["https:\/\/www.manluenpack.com\/wp-content\/uploads\/2025\/03\/WL-B16-manluen-sushi-tray.webp",1100,1100,false],"thumbnail":["https:\/\/www.manluenpack.com\/wp-content\/uploads\/2025\/03\/WL-B16-manluen-sushi-tray.webp",150,150,false],"medium":["https:\/\/www.manluenpack.com\/wp-content\/uploads\/2025\/03\/WL-B16-manluen-sushi-tray.webp",300,300,false],"medium_large":["https:\/\/www.manluenpack.com\/wp-content\/uploads\/2025\/03\/WL-B16-manluen-sushi-tray.webp",768,768,false],"large":["https:\/\/www.manluenpack.com\/wp-content\/uploads\/2025\/03\/WL-B16-manluen-sushi-tray.webp",1024,1024,false],"1536x1536":["https:\/\/www.manluenpack.com\/wp-content\/uploads\/2025\/03\/WL-B16-manluen-sushi-tray.webp",1100,1100,false],"2048x2048":["https:\/\/www.manluenpack.com\/wp-content\/uploads\/2025\/03\/WL-B16-manluen-sushi-tray.webp",1100,1100,false],"trp-custom-language-flag":["https:\/\/www.manluenpack.com\/wp-content\/uploads\/2025\/03\/WL-B16-manluen-sushi-tray.webp",12,12,false],"menu-24x24":["https:\/\/www.manluenpack.com\/wp-content\/uploads\/2025\/03\/WL-B16-manluen-sushi-tray.webp",24,24,false],"menu-36x36":["https:\/\/www.manluenpack.com\/wp-content\/uploads\/2025\/03\/WL-B16-manluen-sushi-tray.webp",36,36,false],"menu-48x48":["https:\/\/www.manluenpack.com\/wp-content\/uploads\/2025\/03\/WL-B16-manluen-sushi-tray.webp",48,48,false],"woocommerce_thumbnail":["https:\/\/www.manluenpack.com\/wp-content\/uploads\/2025\/03\/WL-B16-manluen-sushi-tray.webp",300,300,false],"woocommerce_single":["https:\/\/www.manluenpack.com\/wp-content\/uploads\/2025\/03\/WL-B16-manluen-sushi-tray.webp",600,600,false],"woocommerce_gallery_thumbnail":["https:\/\/www.manluenpack.com\/wp-content\/uploads\/2025\/03\/WL-B16-manluen-sushi-tray.webp",100,100,false]},"uagb_author_info":{"display_name":"ManLuenpack","author_link":"https:\/\/www.manluenpack.com\/fr\/author\/"},"uagb_comment_info":0,"uagb_excerpt":"The WL-B16 Manluen Sushi Tray features a sophisticated 293*160*50 mm design, striking a perfect balance between capacity and beauty. Its smooth and slender silhouette is both elegant and versatile, making&hellip;","_links":{"self":[{"href":"https:\/\/www.manluenpack.com\/fr\/wp-json\/wp\/v2\/product\/1757","targetHints":{"allow":["GET"]}}],"collection":[{"href":"https:\/\/www.manluenpack.com\/fr\/wp-json\/wp\/v2\/product"}],"about":[{"href":"https:\/\/www.manluenpack.com\/fr\/wp-json\/wp\/v2\/types\/product"}],"wp:featuredmedia":[{"embeddable":true,"href":"https:\/\/www.manluenpack.com\/fr\/wp-json\/wp\/v2\/media\/3339"}],"wp:attachment":[{"href":"https:\/\/www.manluenpack.com\/fr\/wp-json\/wp\/v2\/media?parent=1757"}],"wp:term":[{"taxonomy":"product_brand","embeddable":true,"href":"https:\/\/www.manluenpack.com\/fr\/wp-json\/wp\/v2\/product_brand?post=1757"},{"taxonomy":"product_cat","embeddable":true,"href":"https:\/\/www.manluenpack.com\/fr\/wp-json\/wp\/v2\/product_cat?post=1757"},{"taxonomy":"product_tag","embeddable":true,"href":"https:\/\/www.manluenpack.com\/fr\/wp-json\/wp\/v2\/product_tag?post=1757"}],"curies":[{"name":"wp","href":"https:\/\/api.w.org\/{rel}","templated":true}]}}