{"id":1755,"date":"2025-03-15T19:14:25","date_gmt":"2025-03-15T11:14:25","guid":{"rendered":"https:\/\/www.manluenpack.com\/?post_type=product&#038;p=1755"},"modified":"2025-07-10T21:40:02","modified_gmt":"2025-07-10T13:40:02","slug":"wl-40b-manluen-sushi-tray","status":"publish","type":"product","link":"https:\/\/www.manluenpack.com\/fr\/products\/wl-40b-manluen-sushi-tray\/","title":{"rendered":"WL-40B Plateau \u00e0 sushi Manluen"},"content":{"rendered":"<p>Notre plateau \u00e0 sushi en forme de bateau WL-40B Manluen pr\u00e9sente un design unique de 190*190*40 mm, \u00e0 la fois compact et spacieux, parfaitement adapt\u00e9 aux repas familiaux et aux r\u00e9unions \u00e9l\u00e9gantes. Sa forme de bateau a\u00e9rodynamique et son mat\u00e9riau en bambou naturel offrent une sensation de l\u00e9g\u00e8ret\u00e9 et une texture naturellement raffin\u00e9e.<\/p>\n<ul>\n<li>Type d'emballage<br \/>\nBo\u00eete en carton<\/li>\n<li>Couleur<br \/>\nBleu clair<\/li>\n<li>Quantit\u00e9 par caisse<br \/>\n400 jeux<\/li>\n<li>Mat\u00e9riau<br \/>\nCouvercle : OPS\/PET Base : PS\/PP<\/li>\n<li>Sp\u00e9cifications de l'emballage<br \/>\n0,088 m\u00e8tre cube<\/li>\n<\/ul>\n<p>&nbsp;<\/p>\n<ul>\n<li style=\"list-style-type: none;\">\n<table style=\"height: 160px;\" width=\"500\"><!-- \u8868\u683c\u7684\u8fb9\u6846\u4e3a1\u4e2a\u50cf\u7d20 --><!-- \u5355\u5143\u683c\u7684\u5185\u8fb9\u8ddd\u4e3a1\u50cf\u7d20 --><!-- \u5355\u5143\u683c\u4e4b\u95f4\u7684\u95f4\u8ddd\u4e3a0\u50cf\u7d20 --><!-- \u8fb9\u6846\u89c4\u5219\u4e3a\u4e24\u4fa7\u8fb9\u6846 --><\/p>\n<tbody>\n<tr>\n<td align=\"center\" bgcolor=\"EFEFEF\"><\/td>\n<td align=\"center\" bgcolor=\"EFEFEF\">Taille du produit<\/td>\n<td align=\"center\" bgcolor=\"EFEFEF\">Quantit\u00e9<\/td>\n<td align=\"center\" bgcolor=\"EFEFEF\">Taille du carton<\/td>\n<\/tr>\n<tr>\n<td align=\"center\" bgcolor=\"EFEFEF\">WL-20B<\/td>\n<td align=\"center\">195*118*40mm<\/td>\n<td align=\"center\">400<\/td>\n<td align=\"center\">500*435*415<\/td>\n<\/tr>\n<tr>\n<td align=\"center\" bgcolor=\"EFEFEF\">WL-30B<\/td>\n<td align=\"center\">243*118*40mm<\/td>\n<td align=\"center\">400<\/td>\n<td align=\"center\">495*430*370<\/td>\n<\/tr>\n<tr>\n<td align=\"center\" bgcolor=\"EFEFEF\">WL-40B<\/td>\n<td align=\"center\">190*190*40mm<\/td>\n<td align=\"center\">400<\/td>\n<td align=\"center\">580*390*390<\/td>\n<\/tr>\n<\/tbody>\n<\/table>\n<\/li>\n<li><a href=\"https:\/\/www.manluenpack.com\/fr\/products\/\">PLUS DE STYLE, PLUS DE STYLES...<\/a><\/li>\n<\/ul>\n<h3><strong>Emballage et livraison<\/strong><\/h3>\n<p>Le plateau \u00e0 sushi WL-40B Manluen avec couvercle est pr\u00e9sent\u00e9 dans un emballage cadeau respectueux de l'environnement. Simple mais sophistiqu\u00e9, il refl\u00e8te un go\u00fbt raffin\u00e9. Qu'il s'agisse d'un usage personnel ou d'un cadeau, il t\u00e9moigne d'une grande attention. Chaque produit est prot\u00e9g\u00e9 par des mesures anti-chocs pour garantir un transport en toute s\u00e9curit\u00e9. Avec une livraison rapide et un service attentif, votre voyage vers un style de vie \u00e9l\u00e9gant commence imm\u00e9diatement.<\/p>\n<h3><strong>Sc\u00e9narios d'utilisation<\/strong><strong>\u00a0\u00a0<\/strong><\/h3>\n<p>Que ce soit pour des d\u00eeners en famille, des th\u00e9s \u00e9l\u00e9gants ou des r\u00e9ceptions haut de gamme, le plateau \u00e0 sushis WL-40B Manluen Clear Blue excelle sans effort. Son design gracieux et sa fonctionnalit\u00e9 pratique font des sushis, des sashimis et autres d\u00e9lices des \u0153uvres d'art, transformant chaque moment de repas en un festin pour les yeux et le palais.<\/p>\n<h3><strong>R\u00e9sistance aux temp\u00e9ratures \u00e9lev\u00e9es \u00a0<\/strong><\/h3>\n<p>Le plateau \u00e0 sushi bleu transparent WL-40B Manluen pr\u00e9sente une excellente r\u00e9sistance \u00e0 la temp\u00e9rature, conservant sa forme et ses performances \u00e0 des temp\u00e9ratures variables, qu'il soit r\u00e9frig\u00e9r\u00e9 ou chauff\u00e9. Il r\u00e9pond efficacement \u00e0 divers besoins d'utilisation tout en garantissant la s\u00e9curit\u00e9 et la qualit\u00e9 des aliments. Sa r\u00e9sistance sup\u00e9rieure \u00e0 la temp\u00e9rature en fait un choix de premier ordre pour toutes les occasions de restauration.<\/p>\n<h3><strong>Conception empilable <\/strong><strong>\u00a0<\/strong><\/h3>\n<p>La conception astucieuse et empilable de notre plateau \u00e0 sushis maximise l'espace, facilitant ainsi le stockage et l'organisation dans les cuisines domestiques et les locaux commerciaux. L'\u00e9l\u00e9gance et la praticit\u00e9 coexistent ainsi harmonieusement.<\/p>\n<h3><strong>\u00c9tanche et durable \u00a0<\/strong><\/h3>\n<p>Les bords bien dessin\u00e9s de ce plateau \u00e0 sushis emp\u00eachent les fuites de liquide, ce qui permet de garder les surfaces propres et nettes. Le mat\u00e9riau OPS tr\u00e8s r\u00e9sistant garantit que le plateau ne se d\u00e9forme pas et ne se casse pas lors d'une utilisation prolong\u00e9e, ce qui lui conf\u00e8re une long\u00e9vit\u00e9 exceptionnelle.<\/p>\n<h3><strong>S\u00fbr et r\u00e9utilisable \u00a0<\/strong><\/h3>\n<p>Notre produit est soumis \u00e0 un contr\u00f4le de qualit\u00e9 rigoureux et \u00e0 des tests de s\u00e9curit\u00e9 pour garantir qu'aucune substance nocive n'est lib\u00e9r\u00e9e, ce qui est conforme aux normes environnementales. Le traitement de la surface lisse \u00e9vite les blessures aux mains, garantissant une utilisation s\u00fbre et sans souci. En outre, ce plateau \u00e0 sushi WL-40B Manluen Classic en forme de bateau peut \u00eatre lav\u00e9 et r\u00e9utilis\u00e9 \u00e0 plusieurs reprises, ce qui r\u00e9duit les co\u00fbts d'exploitation des restaurants et des commerces de d\u00e9tail tout en s'alignant sur les principes modernes de respect de l'environnement.<\/p>","protected":false},"excerpt":{"rendered":"<p>Our WL-40B Manluen Boat-Shaped Sushi Tray features a unique 190*190*40 mm design that is compact yet spacious, perfectly suited for family meals and elegant gatherings. Its streamlined boat shape and&hellip;<\/p>","protected":false},"featured_media":3124,"template":"","meta":{"_uag_custom_page_level_css":""},"product_brand":[],"product_cat":[23],"product_tag":[114,115,102],"class_list":{"0":"post-1755","1":"product","2":"type-product","3":"status-publish","4":"has-post-thumbnail","6":"product_cat-sushi-trays","7":"product_tag-boat-shaped","8":"product_tag-maple-leaf","9":"product_tag-sushi","11":"first","12":"instock","13":"shipping-taxable","14":"purchasable","15":"product-type-simple"},"spectra_custom_meta":{"rank_math_internal_links_processed":["1","1","1","1","1","1","1","1","1","1","1","1","1","1","1","1","1","1","1"],"_sku":["WL-40B"],"_regular_price":["1"],"total_sales":["0"],"_tax_status":["taxable"],"_tax_class":[""],"_manage_stock":["no"],"_backorders":["no"],"_sold_individually":["no"],"_virtual":["no"],"_downloadable":["no"],"_download_limit":["0"],"_download_expiry":["0"],"_stock":[null],"_stock_status":["instock"],"_wc_average_rating":["0"],"_wc_review_count":["0"],"_product_attributes":["a:2:{s:9:\"item-size\";a:6:{s:4:\"name\";s:9:\"Item Size\";s:5:\"value\";s:12:\"190*190*60mm\";s:8:\"position\";i:0;s:10:\"is_visible\";i:1;s:12:\"is_variation\";i:0;s:11:\"is_taxonomy\";i:0;}s:7:\"qty-ctn\";a:6:{s:4:\"name\";s:7:\"QTY\/CTN\";s:5:\"value\";s:3:\"300\";s:8:\"position\";i:1;s:10:\"is_visible\";i:1;s:12:\"is_variation\";i:0;s:11:\"is_taxonomy\";i:0;}}"],"_product_version":["9.4.2"],"_price":["1"],"_wp_old_date":["2024-11-26"],"rank_math_analytic_object_id":["24"],"classic-editor-remember":["classic-editor"],"rank_math_seo_score":["75"],"rank_math_contentai_score":["a:5:{s:8:\"keywords\";s:5:\"74.51\";s:9:\"wordCount\";s:1:\"0\";s:9:\"linkCount\";s:1:\"0\";s:12:\"headingCount\";s:1:\"0\";s:10:\"mediaCount\";s:1:\"0\";}"],"_jet_woo_template":[""],"_template_type":["default"],"rank_math_primary_product_cat":["23"],"_ywraq_hide_quote_button_check":[""],"_ywraq_hide_quote_button":["0"],"_edit_lock":["1754365237:1"],"_edit_last":["1"],"_wp_old_slug":["boat-shaped-sushi-tray-wl-40b"],"rank_math_focus_keyword":["sushi tray"],"_thumbnail_id":["3124"],"_product_image_gallery":["3127,3126,3128,3125"],"_uag_css_file_name":["uag-css-1755.css"],"_uag_page_assets":["a:9:{s:3:\"css\";s:0:\"\";s:2:\"js\";s:0:\"\";s:18:\"current_block_list\";a:6:{i:0;s:10:\"core\/group\";i:1;s:12:\"core\/heading\";i:2;s:17:\"core\/latest-posts\";i:3;s:20:\"core\/latest-comments\";i:4;s:13:\"core\/archives\";i:5;s:15:\"core\/categories\";}s:8:\"uag_flag\";b:0;s:11:\"uag_version\";i:1777288969;s:6:\"gfonts\";a:0:{}s:10:\"gfonts_url\";s:0:\"\";s:12:\"gfonts_files\";a:0:{}s:14:\"uag_faq_layout\";b:0;}"]},"uagb_featured_image_src":{"full":["https:\/\/www.manluenpack.com\/wp-content\/uploads\/2025\/03\/WL-40B-manluen-party-sushi-tray.webp",1000,1000,false],"thumbnail":["https:\/\/www.manluenpack.com\/wp-content\/uploads\/2025\/03\/WL-40B-manluen-party-sushi-tray.webp",150,150,false],"medium":["https:\/\/www.manluenpack.com\/wp-content\/uploads\/2025\/03\/WL-40B-manluen-party-sushi-tray.webp",300,300,false],"medium_large":["https:\/\/www.manluenpack.com\/wp-content\/uploads\/2025\/03\/WL-40B-manluen-party-sushi-tray.webp",768,768,false],"large":["https:\/\/www.manluenpack.com\/wp-content\/uploads\/2025\/03\/WL-40B-manluen-party-sushi-tray.webp",1000,1000,false],"1536x1536":["https:\/\/www.manluenpack.com\/wp-content\/uploads\/2025\/03\/WL-40B-manluen-party-sushi-tray.webp",1000,1000,false],"2048x2048":["https:\/\/www.manluenpack.com\/wp-content\/uploads\/2025\/03\/WL-40B-manluen-party-sushi-tray.webp",1000,1000,false],"trp-custom-language-flag":["https:\/\/www.manluenpack.com\/wp-content\/uploads\/2025\/03\/WL-40B-manluen-party-sushi-tray.webp",12,12,false],"menu-24x24":["https:\/\/www.manluenpack.com\/wp-content\/uploads\/2025\/03\/WL-40B-manluen-party-sushi-tray.webp",24,24,false],"menu-36x36":["https:\/\/www.manluenpack.com\/wp-content\/uploads\/2025\/03\/WL-40B-manluen-party-sushi-tray.webp",36,36,false],"menu-48x48":["https:\/\/www.manluenpack.com\/wp-content\/uploads\/2025\/03\/WL-40B-manluen-party-sushi-tray.webp",48,48,false],"woocommerce_thumbnail":["https:\/\/www.manluenpack.com\/wp-content\/uploads\/2025\/03\/WL-40B-manluen-party-sushi-tray.webp",300,300,false],"woocommerce_single":["https:\/\/www.manluenpack.com\/wp-content\/uploads\/2025\/03\/WL-40B-manluen-party-sushi-tray.webp",600,600,false],"woocommerce_gallery_thumbnail":["https:\/\/www.manluenpack.com\/wp-content\/uploads\/2025\/03\/WL-40B-manluen-party-sushi-tray.webp",100,100,false]},"uagb_author_info":{"display_name":"ManLuenpack","author_link":"https:\/\/www.manluenpack.com\/fr\/author\/"},"uagb_comment_info":0,"uagb_excerpt":"Our WL-40B Manluen Boat-Shaped Sushi Tray features a unique 190*190*40 mm design that is compact yet spacious, perfectly suited for family meals and elegant gatherings. Its streamlined boat shape and&hellip;","_links":{"self":[{"href":"https:\/\/www.manluenpack.com\/fr\/wp-json\/wp\/v2\/product\/1755","targetHints":{"allow":["GET"]}}],"collection":[{"href":"https:\/\/www.manluenpack.com\/fr\/wp-json\/wp\/v2\/product"}],"about":[{"href":"https:\/\/www.manluenpack.com\/fr\/wp-json\/wp\/v2\/types\/product"}],"wp:featuredmedia":[{"embeddable":true,"href":"https:\/\/www.manluenpack.com\/fr\/wp-json\/wp\/v2\/media\/3124"}],"wp:attachment":[{"href":"https:\/\/www.manluenpack.com\/fr\/wp-json\/wp\/v2\/media?parent=1755"}],"wp:term":[{"taxonomy":"product_brand","embeddable":true,"href":"https:\/\/www.manluenpack.com\/fr\/wp-json\/wp\/v2\/product_brand?post=1755"},{"taxonomy":"product_cat","embeddable":true,"href":"https:\/\/www.manluenpack.com\/fr\/wp-json\/wp\/v2\/product_cat?post=1755"},{"taxonomy":"product_tag","embeddable":true,"href":"https:\/\/www.manluenpack.com\/fr\/wp-json\/wp\/v2\/product_tag?post=1755"}],"curies":[{"name":"wp","href":"https:\/\/api.w.org\/{rel}","templated":true}]}}