{"id":1754,"date":"2025-03-15T19:09:36","date_gmt":"2025-03-15T11:09:36","guid":{"rendered":"https:\/\/www.manluenpack.com\/?post_type=product&#038;p=1754"},"modified":"2025-07-10T21:50:17","modified_gmt":"2025-07-10T13:50:17","slug":"boat-shaped-sushi-tray-wl-20b","status":"publish","type":"product","link":"https:\/\/www.manluenpack.com\/fr\/products\/boat-shaped-sushi-tray-wl-20b\/","title":{"rendered":"WL-20B Plateau \u00e0 sushi Manluen"},"content":{"rendered":"<p>Le plateau \u00e0 sushis WL-20B Manluen est con\u00e7u avec des dimensions uniques de 195*118*60 mm, alliant d\u00e9licatesse et praticit\u00e9. Ses lignes compactes et douces sont parfaites pour contenir une vari\u00e9t\u00e9 de sushis et de sashimis, offrant une grande souplesse de pr\u00e9sentation et un gain de place. Fabriqu\u00e9 \u00e0 partir de mat\u00e9riaux de haute qualit\u00e9, avec une texture raffin\u00e9e et une surface facile \u00e0 nettoyer, il constitue un choix id\u00e9al pour les restaurants japonais, les r\u00e9unions de famille ou les banquets, ajoutant une touche artistique et un sens du rituel \u00e0 chaque repas.<\/p>\n<ul>\n<li>Type d'emballage<br \/>\nBo\u00eete en carton<\/li>\n<li>Couleur<br \/>\nNoir<\/li>\n<li>Quantit\u00e9 par caisse<br \/>\n400 jeux<\/li>\n<li>Mat\u00e9riau<br \/>\nCouvercle : OPS, Base : PS<\/li>\n<li>Sp\u00e9cifications de l'emballage<br \/>\n0,089 m\u00e8tres cubes<\/li>\n<\/ul>\n<p>&nbsp;<\/p>\n<ul>\n<li style=\"list-style-type: none;\">\n<table style=\"height: 160px;\" width=\"500\"><!-- \u8868\u683c\u7684\u8fb9\u6846\u4e3a1\u4e2a\u50cf\u7d20 --><!-- \u5355\u5143\u683c\u7684\u5185\u8fb9\u8ddd\u4e3a1\u50cf\u7d20 --><!-- \u5355\u5143\u683c\u4e4b\u95f4\u7684\u95f4\u8ddd\u4e3a0\u50cf\u7d20 --><!-- \u8fb9\u6846\u89c4\u5219\u4e3a\u4e24\u4fa7\u8fb9\u6846 --><\/p>\n<tbody>\n<tr>\n<td align=\"center\" bgcolor=\"EFEFEF\"><\/td>\n<td align=\"center\" bgcolor=\"EFEFEF\">Taille du produit<\/td>\n<td align=\"center\" bgcolor=\"EFEFEF\">Quantit\u00e9<\/td>\n<td align=\"center\" bgcolor=\"EFEFEF\">Taille du carton<\/td>\n<\/tr>\n<tr>\n<td align=\"center\" bgcolor=\"EFEFEF\">WL-20B<\/td>\n<td align=\"center\">195*118*60mm<\/td>\n<td align=\"center\">400<\/td>\n<td align=\"center\">500*435*415<\/td>\n<\/tr>\n<tr>\n<td align=\"center\" bgcolor=\"EFEFEF\">WL-30B<\/td>\n<td align=\"center\">243*118*60mm<\/td>\n<td align=\"center\">400<\/td>\n<td align=\"center\">495*430*370<\/td>\n<\/tr>\n<tr>\n<td align=\"center\" bgcolor=\"EFEFEF\">WL-40B<\/td>\n<td align=\"center\">190*190*60mm<\/td>\n<td align=\"center\">400<\/td>\n<td align=\"center\">580*390*390<\/td>\n<\/tr>\n<\/tbody>\n<\/table>\n<\/li>\n<li><a href=\"https:\/\/www.manluenpack.com\/fr\/products\/\">PLUS DE STYLE, PLUS DE STYLES...<\/a><\/li>\n<\/ul>\n<h3><strong>Emballage et livraison<\/strong><\/h3>\n<p>Emball\u00e9 dans une bo\u00eete-cadeau \u00e9cologique avec des couches antichocs personnalis\u00e9es, le plateau \u00e0 sushi WL-20B Manluen Wholesale Sushi Tray garantit qu'il arrivera dans vos mains \u00e9l\u00e9gant et intact. La bo\u00eete ext\u00e9rieure pr\u00e9sente un design minimaliste avec des d\u00e9tails raffin\u00e9s, exsudant une sophistication discr\u00e8te. Livr\u00e9 directement par SF Express avec suivi complet, que ce soit pour un usage personnel ou pour un cadeau, il est synonyme de pr\u00e9venance et de sinc\u00e9rit\u00e9.<\/p>\n<h3><strong>Sc\u00e9narios d'utilisation<\/strong><strong>\u00a0\u00a0<\/strong><\/h3>\n<p>D'une taille raffin\u00e9e, le plateau \u00e0 sushi rectangulaire WL-20B Manluen avec couvercle constitue un support \u00e9l\u00e9gant pour la pr\u00e9sentation des sushis et des sashimis. Qu'il s'agisse d'un service professionnel dans un restaurant japonais ou d'une r\u00e9union familiale chaleureuse, il s'adapte sans effort. Sa coque compacte permet d'\u00e9conomiser de l'espace tout en ajoutant une beaut\u00e9 artistique \u00e0 la nourriture, faisant briller chaque pi\u00e8ce de sushi comme une \u0153uvre d'art, am\u00e9liorant l'exp\u00e9rience gastronomique avec un sens du rituel et du plaisir visuel.<\/p>\n<h3><strong>W<\/strong><strong>Plage de temp\u00e9rature de l'ide<\/strong><\/h3>\n<p>L'emballage de notre plateau \u00e0 sushi WL-20B Manluen Red Gole excelle dans une large gamme de temp\u00e9ratures, de la r\u00e9frig\u00e9ration au chauffage au micro-ondes, r\u00e9pondant ainsi efficacement \u00e0 divers besoins d'utilisation. Son excellente r\u00e9sistance \u00e0 la temp\u00e9rature garantit non seulement la s\u00e9curit\u00e9 et la qualit\u00e9 des aliments, mais elle est \u00e9galement tr\u00e8s pratique, ce qui en fait un choix id\u00e9al pour diverses occasions de restauration.<\/p>\n<h3><strong>Conception empilable <\/strong><\/h3>\n<p>Tout en garantissant sa durabilit\u00e9, le plateau \u00e0 sushi classique WL-20B Manluen pr\u00e9sente une conception empilable conviviale qui permet d'\u00e9conomiser de l'espace de stockage. Son empilage stable et ses bords ajust\u00e9s avec pr\u00e9cision emp\u00eachent tout glissement, ce qui facilite le stockage et le transport. Que ce soit dans les cuisines commerciales ou dans les armoires de la maison, cette conception bien pens\u00e9e maintient la propret\u00e9 et l'efficacit\u00e9, en pr\u00e9sentant l'\u00e9quilibre parfait entre la praticit\u00e9 et l'esth\u00e9tique.<\/p>","protected":false},"excerpt":{"rendered":"<p>The WL-20B Manluen Sushi Tray is designed with unique dimensions of 195*118*60 mm, combining delicacy and practicality. Its compact and smooth hull lines are perfect for holding a variety of&hellip;<\/p>","protected":false},"featured_media":2306,"template":"","meta":{"_uag_custom_page_level_css":""},"product_brand":[],"product_cat":[23],"product_tag":[114,115,102],"class_list":{"0":"post-1754","1":"product","2":"type-product","3":"status-publish","4":"has-post-thumbnail","6":"product_cat-sushi-trays","7":"product_tag-boat-shaped","8":"product_tag-maple-leaf","9":"product_tag-sushi","11":"first","12":"instock","13":"shipping-taxable","14":"purchasable","15":"product-type-simple"},"spectra_custom_meta":{"rank_math_internal_links_processed":["1","1","1","1","1","1","1","1","1","1","1","1","1","1","1","1","1","1"],"_sku":["WL-20B-LUCKY"],"_regular_price":["1"],"total_sales":["0"],"_tax_status":["taxable"],"_tax_class":[""],"_manage_stock":["no"],"_backorders":["no"],"_sold_individually":["no"],"_virtual":["no"],"_downloadable":["no"],"_product_image_gallery":["2310,2309,2308,2307"],"_download_limit":["0"],"_download_expiry":["0"],"_thumbnail_id":["2306"],"_stock":[null],"_stock_status":["instock"],"_wc_average_rating":["0"],"_wc_review_count":["0"],"_product_attributes":["a:2:{s:9:\"item-size\";a:6:{s:4:\"name\";s:9:\"Item Size\";s:5:\"value\";s:12:\"195*118*60mm\";s:8:\"position\";i:0;s:10:\"is_visible\";i:1;s:12:\"is_variation\";i:0;s:11:\"is_taxonomy\";i:0;}s:7:\"qty-ctn\";a:6:{s:4:\"name\";s:7:\"QTY\/CTN\";s:5:\"value\";s:3:\"400\";s:8:\"position\";i:1;s:10:\"is_visible\";i:1;s:12:\"is_variation\";i:0;s:11:\"is_taxonomy\";i:0;}}"],"_product_version":["9.4.2"],"_price":["1"],"_wp_old_date":["2024-11-26"],"rank_math_analytic_object_id":["24"],"classic-editor-remember":["classic-editor"],"rank_math_seo_score":["73"],"rank_math_contentai_score":["a:5:{s:8:\"keywords\";s:5:\"74.51\";s:9:\"wordCount\";s:1:\"0\";s:9:\"linkCount\";s:1:\"0\";s:12:\"headingCount\";s:1:\"0\";s:10:\"mediaCount\";s:1:\"0\";}"],"_jet_woo_template":[""],"_template_type":["default"],"rank_math_primary_product_cat":["23"],"_ywraq_hide_quote_button_check":[""],"_ywraq_hide_quote_button":["0"],"_edit_lock":["1752155338:1"],"_edit_last":["1"],"rank_math_focus_keyword":["Sushi Tray"],"_uag_css_file_name":["uag-css-1754.css"],"_uag_page_assets":["a:9:{s:3:\"css\";s:0:\"\";s:2:\"js\";s:0:\"\";s:18:\"current_block_list\";a:6:{i:0;s:10:\"core\/group\";i:1;s:12:\"core\/heading\";i:2;s:17:\"core\/latest-posts\";i:3;s:20:\"core\/latest-comments\";i:4;s:13:\"core\/archives\";i:5;s:15:\"core\/categories\";}s:8:\"uag_flag\";b:0;s:11:\"uag_version\";i:1777300730;s:6:\"gfonts\";a:0:{}s:10:\"gfonts_url\";s:0:\"\";s:12:\"gfonts_files\";a:0:{}s:14:\"uag_faq_layout\";b:0;}"]},"uagb_featured_image_src":{"full":["https:\/\/www.manluenpack.com\/wp-content\/uploads\/2025\/03\/WL-20B-manluen-red-gold-sushi-tray-clear-lid.webp",1100,1100,false],"thumbnail":["https:\/\/www.manluenpack.com\/wp-content\/uploads\/2025\/03\/WL-20B-manluen-red-gold-sushi-tray-clear-lid.webp",150,150,false],"medium":["https:\/\/www.manluenpack.com\/wp-content\/uploads\/2025\/03\/WL-20B-manluen-red-gold-sushi-tray-clear-lid.webp",300,300,false],"medium_large":["https:\/\/www.manluenpack.com\/wp-content\/uploads\/2025\/03\/WL-20B-manluen-red-gold-sushi-tray-clear-lid.webp",768,768,false],"large":["https:\/\/www.manluenpack.com\/wp-content\/uploads\/2025\/03\/WL-20B-manluen-red-gold-sushi-tray-clear-lid.webp",1024,1024,false],"1536x1536":["https:\/\/www.manluenpack.com\/wp-content\/uploads\/2025\/03\/WL-20B-manluen-red-gold-sushi-tray-clear-lid.webp",1100,1100,false],"2048x2048":["https:\/\/www.manluenpack.com\/wp-content\/uploads\/2025\/03\/WL-20B-manluen-red-gold-sushi-tray-clear-lid.webp",1100,1100,false],"trp-custom-language-flag":["https:\/\/www.manluenpack.com\/wp-content\/uploads\/2025\/03\/WL-20B-manluen-red-gold-sushi-tray-clear-lid.webp",12,12,false],"menu-24x24":["https:\/\/www.manluenpack.com\/wp-content\/uploads\/2025\/03\/WL-20B-manluen-red-gold-sushi-tray-clear-lid.webp",24,24,false],"menu-36x36":["https:\/\/www.manluenpack.com\/wp-content\/uploads\/2025\/03\/WL-20B-manluen-red-gold-sushi-tray-clear-lid.webp",36,36,false],"menu-48x48":["https:\/\/www.manluenpack.com\/wp-content\/uploads\/2025\/03\/WL-20B-manluen-red-gold-sushi-tray-clear-lid.webp",48,48,false],"woocommerce_thumbnail":["https:\/\/www.manluenpack.com\/wp-content\/uploads\/2025\/03\/WL-20B-manluen-red-gold-sushi-tray-clear-lid.webp",300,300,false],"woocommerce_single":["https:\/\/www.manluenpack.com\/wp-content\/uploads\/2025\/03\/WL-20B-manluen-red-gold-sushi-tray-clear-lid.webp",600,600,false],"woocommerce_gallery_thumbnail":["https:\/\/www.manluenpack.com\/wp-content\/uploads\/2025\/03\/WL-20B-manluen-red-gold-sushi-tray-clear-lid.webp",100,100,false]},"uagb_author_info":{"display_name":"ManLuenpack","author_link":"https:\/\/www.manluenpack.com\/fr\/author\/"},"uagb_comment_info":0,"uagb_excerpt":"The WL-20B Manluen Sushi Tray is designed with unique dimensions of 195*118*60 mm, combining delicacy and practicality. Its compact and smooth hull lines are perfect for holding a variety of&hellip;","_links":{"self":[{"href":"https:\/\/www.manluenpack.com\/fr\/wp-json\/wp\/v2\/product\/1754","targetHints":{"allow":["GET"]}}],"collection":[{"href":"https:\/\/www.manluenpack.com\/fr\/wp-json\/wp\/v2\/product"}],"about":[{"href":"https:\/\/www.manluenpack.com\/fr\/wp-json\/wp\/v2\/types\/product"}],"wp:featuredmedia":[{"embeddable":true,"href":"https:\/\/www.manluenpack.com\/fr\/wp-json\/wp\/v2\/media\/2306"}],"wp:attachment":[{"href":"https:\/\/www.manluenpack.com\/fr\/wp-json\/wp\/v2\/media?parent=1754"}],"wp:term":[{"taxonomy":"product_brand","embeddable":true,"href":"https:\/\/www.manluenpack.com\/fr\/wp-json\/wp\/v2\/product_brand?post=1754"},{"taxonomy":"product_cat","embeddable":true,"href":"https:\/\/www.manluenpack.com\/fr\/wp-json\/wp\/v2\/product_cat?post=1754"},{"taxonomy":"product_tag","embeddable":true,"href":"https:\/\/www.manluenpack.com\/fr\/wp-json\/wp\/v2\/product_tag?post=1754"}],"curies":[{"name":"wp","href":"https:\/\/api.w.org\/{rel}","templated":true}]}}