{"id":1749,"date":"2025-03-15T18:49:16","date_gmt":"2025-03-15T10:49:16","guid":{"rendered":"https:\/\/www.manluenpack.com\/?post_type=product&#038;p=1749"},"modified":"2025-07-10T21:53:31","modified_gmt":"2025-07-10T13:53:31","slug":"wl-30b-manluen-sushi-tray","status":"publish","type":"product","link":"https:\/\/www.manluenpack.com\/fr\/products\/wl-30b-manluen-sushi-tray\/","title":{"rendered":"WL-30B Plateau \u00e0 sushi Manluen"},"content":{"rendered":"<p>Le plateau \u00e0 sushis WL-30B Manluen pr\u00e9sente un design bleu clair de 243*118*40 mm, alliant praticit\u00e9 et esth\u00e9tique. Ses dimensions compactes et raffin\u00e9es conviennent \u00e0 de nombreux sc\u00e9narios de restauration et permettent d'accueillir des sushis, des sashimis et des en-cas. Le design \u00e9pur\u00e9 de la coque met en valeur l'\u00e9l\u00e9gance orientale. Que ce soit pour les tables familiales ou les restaurants haut de gamme, le WL-30B ajoute un charme unique \u00e0 chaque plat.<\/p>\n<ul>\n<li>Type d'emballage<br \/>\nBo\u00eete en carton<\/li>\n<li>Couleur<br \/>\nBleu clair<\/li>\n<li>Quantit\u00e9 par caisse<br \/>\n300 ensembles<\/li>\n<li>Mat\u00e9riau<br \/>\nCouvercle : OPS\/PET Base : PS\/PP<\/li>\n<li>Sp\u00e9cifications de l'emballage<br \/>\n0,079 m\u00e8tre cube<\/li>\n<\/ul>\n<p>&nbsp;<\/p>\n<ul>\n<li style=\"list-style-type: none;\">\n<table style=\"height: 160px;\" width=\"500\"><!-- \u8868\u683c\u7684\u8fb9\u6846\u4e3a1\u4e2a\u50cf\u7d20 --><!-- \u5355\u5143\u683c\u7684\u5185\u8fb9\u8ddd\u4e3a1\u50cf\u7d20 --><!-- \u5355\u5143\u683c\u4e4b\u95f4\u7684\u95f4\u8ddd\u4e3a0\u50cf\u7d20 --><!-- \u8fb9\u6846\u89c4\u5219\u4e3a\u4e24\u4fa7\u8fb9\u6846 --><\/p>\n<tbody>\n<tr>\n<td align=\"center\" bgcolor=\"EFEFEF\"><\/td>\n<td align=\"center\" bgcolor=\"EFEFEF\">Taille du produit<\/td>\n<td align=\"center\" bgcolor=\"EFEFEF\">Quantit\u00e9<\/td>\n<td align=\"center\" bgcolor=\"EFEFEF\">Taille du carton<\/td>\n<\/tr>\n<tr>\n<td align=\"center\" bgcolor=\"EFEFEF\">WL-20B<\/td>\n<td align=\"center\">195*118*40mm<\/td>\n<td align=\"center\">400<\/td>\n<td align=\"center\">500*435*415<\/td>\n<\/tr>\n<tr>\n<td align=\"center\" bgcolor=\"EFEFEF\">WL-30B<\/td>\n<td align=\"center\">243*118*40mm<\/td>\n<td align=\"center\">400<\/td>\n<td align=\"center\">495*430*370<\/td>\n<\/tr>\n<tr>\n<td align=\"center\" bgcolor=\"EFEFEF\">WL-40B<\/td>\n<td align=\"center\">190*190*40mm<\/td>\n<td align=\"center\">400<\/td>\n<td align=\"center\">580*390*390<\/td>\n<\/tr>\n<\/tbody>\n<\/table>\n<\/li>\n<li><a href=\"https:\/\/www.manluenpack.com\/fr\/products\/\">PLUS DE STYLE, PLUS DE STYLES...<\/a><\/li>\n<\/ul>\n<h3><strong>Emballage et livraison<\/strong><\/h3>\n<p>Le WL-30B Manluen Rectangular Sushi Tray With Lid est pr\u00e9sent\u00e9 dans un emballage \u00e9cologique et raffin\u00e9, avec une bo\u00eete ext\u00e9rieure robuste et une doublure int\u00e9rieure antichoc pour garantir qu'il arrivera intact pendant le transport. L'emballage est simple mais \u00e9l\u00e9gant, imprim\u00e9 avec des informations claires sur le produit, refl\u00e9tant la qualit\u00e9 sup\u00e9rieure de la marque. Nous promettons une livraison efficace avec un suivi logistique complet pour garantir que chaque produit arrive \u00e0 temps. Qu'il s'agisse d'achats en gros ou de commandes personnalis\u00e9es, le WL-30B vous sera pr\u00e9sent\u00e9 en parfait \u00e9tat et vous accompagnera dans un voyage gastronomique exquis.<\/p>\n<h3><strong>Sc\u00e9narios d'utilisation<\/strong><strong>\u00a0\u00a0<\/strong><\/h3>\n<p>Avec son design classique et \u00e9l\u00e9gant, le plateau \u00e0 sushi en forme de bateau WL-30B est un choix id\u00e9al pour pr\u00e9senter les sushis et les sashimis. Sa capacit\u00e9 spacieuse est parfaite pour pr\u00e9senter une grande vari\u00e9t\u00e9 d'ingr\u00e9dients, que ce soit pour des banquets de restaurants japonais professionnels ou des r\u00e9unions familiales chaleureuses. Les lignes douces de la coque et le savoir-faire exquis font briller chaque pi\u00e8ce de sushi comme une \u0153uvre d'art, ajoutant un sens du rituel et un plaisir visuel \u00e0 l'exp\u00e9rience gastronomique, faisant de ce plateau un point de mire sur la table.<\/p>\n<h3><strong>Large gamme de temp\u00e9ratures <\/strong><\/h3>\n<p>Notre plateau \u00e0 sushi bleu transparent WL-30B Manluen excelle dans une large gamme de temp\u00e9ratures, de la r\u00e9frig\u00e9ration au chauffage au micro-ondes, r\u00e9pondant ainsi efficacement \u00e0 divers besoins d'utilisation. Son excellente r\u00e9sistance \u00e0 la temp\u00e9rature garantit non seulement la s\u00e9curit\u00e9 et la qualit\u00e9 des aliments, mais elle est \u00e9galement tr\u00e8s pratique, ce qui en fait un choix id\u00e9al pour diverses occasions de restauration.<\/p>\n<h3><strong>Conception empilable <\/strong><\/h3>\n<p>Le plateau \u00e0 sushi WL-30B Manluen est fabriqu\u00e9 en bambou naturel, ce qui le rend l\u00e9ger, durable et \u00e9cologique. Son design unique et empilable pr\u00e9sente des bords ajust\u00e9s avec pr\u00e9cision, assurant la stabilit\u00e9 et emp\u00eachant le basculement tout en maximisant l'espace de stockage. Qu'il s'agisse d'une armoire domestique ou d'une cuisine commerciale, son empilement ordonn\u00e9 am\u00e9liore l'efficacit\u00e9 du stockage tout en conservant une apparence \u00e9l\u00e9gante, alliant l'aspect pratique \u00e0 l'esth\u00e9tique.<\/p>","protected":false},"excerpt":{"rendered":"<p>The WL-30B Manluen Sushi Tray features a 243*118*40 mm clear blue ratio design, balancing practicality and aesthetics. Its compact and refined size suits various dining scenarios, flexibly accommodating sushi, sashimi,&hellip;<\/p>","protected":false},"featured_media":3130,"template":"","meta":{"_uag_custom_page_level_css":""},"product_brand":[],"product_cat":[23],"product_tag":[114,115,102],"class_list":{"0":"post-1749","1":"product","2":"type-product","3":"status-publish","4":"has-post-thumbnail","6":"product_cat-sushi-trays","7":"product_tag-boat-shaped","8":"product_tag-maple-leaf","9":"product_tag-sushi","11":"first","12":"instock","13":"shipping-taxable","14":"purchasable","15":"product-type-simple"},"spectra_custom_meta":{"rank_math_internal_links_processed":["1","1","1","1","1","1","1","1","1","1","1","1","1","1","1","1"],"_sku":["WL-30B"],"_regular_price":["1"],"total_sales":["0"],"_tax_status":["taxable"],"_tax_class":[""],"_manage_stock":["no"],"_backorders":["no"],"_sold_individually":["no"],"_virtual":["no"],"_downloadable":["no"],"_download_limit":["0"],"_download_expiry":["0"],"_stock":[null],"_stock_status":["instock"],"_wc_average_rating":["0"],"_wc_review_count":["0"],"_product_attributes":["a:2:{s:9:\"item-size\";a:6:{s:4:\"name\";s:9:\"Item Size\";s:5:\"value\";s:12:\"243*118*60mm\";s:8:\"position\";i:0;s:10:\"is_visible\";i:1;s:12:\"is_variation\";i:0;s:11:\"is_taxonomy\";i:0;}s:7:\"qty-ctn\";a:6:{s:4:\"name\";s:7:\"QTY\/CTN\";s:5:\"value\";s:3:\"300\";s:8:\"position\";i:1;s:10:\"is_visible\";i:1;s:12:\"is_variation\";i:0;s:11:\"is_taxonomy\";i:0;}}"],"_product_version":["9.4.2"],"_price":["1"],"_wp_old_date":["2024-11-26"],"rank_math_analytic_object_id":["24"],"classic-editor-remember":["classic-editor"],"rank_math_seo_score":["73"],"rank_math_contentai_score":["a:5:{s:8:\"keywords\";s:5:\"74.51\";s:9:\"wordCount\";s:1:\"0\";s:9:\"linkCount\";s:1:\"0\";s:12:\"headingCount\";s:1:\"0\";s:10:\"mediaCount\";s:1:\"0\";}"],"_jet_woo_template":[""],"_template_type":["default"],"rank_math_primary_product_cat":["23"],"_ywraq_hide_quote_button_check":[""],"_ywraq_hide_quote_button":["0"],"_edit_lock":["1752155593:1"],"_edit_last":["1"],"_wp_old_slug":["boat-shaped-sushi-tray-wl-30b"],"rank_math_focus_keyword":["sushi tray"],"_thumbnail_id":["3130"],"_product_image_gallery":["3119,3123,3120,3122,3121"],"_uag_css_file_name":["uag-css-1749.css"],"_uag_page_assets":["a:9:{s:3:\"css\";s:0:\"\";s:2:\"js\";s:0:\"\";s:18:\"current_block_list\";a:6:{i:0;s:10:\"core\/group\";i:1;s:12:\"core\/heading\";i:2;s:17:\"core\/latest-posts\";i:3;s:20:\"core\/latest-comments\";i:4;s:13:\"core\/archives\";i:5;s:15:\"core\/categories\";}s:8:\"uag_flag\";b:0;s:11:\"uag_version\";i:1777288969;s:6:\"gfonts\";a:0:{}s:10:\"gfonts_url\";s:0:\"\";s:12:\"gfonts_files\";a:0:{}s:14:\"uag_faq_layout\";b:0;}"]},"uagb_featured_image_src":{"full":["https:\/\/www.manluenpack.com\/wp-content\/uploads\/2025\/03\/WL-30B-manluen-sushi-boat-tray-1.webp",1000,1000,false],"thumbnail":["https:\/\/www.manluenpack.com\/wp-content\/uploads\/2025\/03\/WL-30B-manluen-sushi-boat-tray-1.webp",150,150,false],"medium":["https:\/\/www.manluenpack.com\/wp-content\/uploads\/2025\/03\/WL-30B-manluen-sushi-boat-tray-1.webp",300,300,false],"medium_large":["https:\/\/www.manluenpack.com\/wp-content\/uploads\/2025\/03\/WL-30B-manluen-sushi-boat-tray-1.webp",768,768,false],"large":["https:\/\/www.manluenpack.com\/wp-content\/uploads\/2025\/03\/WL-30B-manluen-sushi-boat-tray-1.webp",1000,1000,false],"1536x1536":["https:\/\/www.manluenpack.com\/wp-content\/uploads\/2025\/03\/WL-30B-manluen-sushi-boat-tray-1.webp",1000,1000,false],"2048x2048":["https:\/\/www.manluenpack.com\/wp-content\/uploads\/2025\/03\/WL-30B-manluen-sushi-boat-tray-1.webp",1000,1000,false],"trp-custom-language-flag":["https:\/\/www.manluenpack.com\/wp-content\/uploads\/2025\/03\/WL-30B-manluen-sushi-boat-tray-1.webp",12,12,false],"menu-24x24":["https:\/\/www.manluenpack.com\/wp-content\/uploads\/2025\/03\/WL-30B-manluen-sushi-boat-tray-1.webp",24,24,false],"menu-36x36":["https:\/\/www.manluenpack.com\/wp-content\/uploads\/2025\/03\/WL-30B-manluen-sushi-boat-tray-1.webp",36,36,false],"menu-48x48":["https:\/\/www.manluenpack.com\/wp-content\/uploads\/2025\/03\/WL-30B-manluen-sushi-boat-tray-1.webp",48,48,false],"woocommerce_thumbnail":["https:\/\/www.manluenpack.com\/wp-content\/uploads\/2025\/03\/WL-30B-manluen-sushi-boat-tray-1.webp",300,300,false],"woocommerce_single":["https:\/\/www.manluenpack.com\/wp-content\/uploads\/2025\/03\/WL-30B-manluen-sushi-boat-tray-1.webp",600,600,false],"woocommerce_gallery_thumbnail":["https:\/\/www.manluenpack.com\/wp-content\/uploads\/2025\/03\/WL-30B-manluen-sushi-boat-tray-1.webp",100,100,false]},"uagb_author_info":{"display_name":"ManLuenpack","author_link":"https:\/\/www.manluenpack.com\/fr\/author\/"},"uagb_comment_info":0,"uagb_excerpt":"The WL-30B Manluen Sushi Tray features a 243*118*40 mm clear blue ratio design, balancing practicality and aesthetics. Its compact and refined size suits various dining scenarios, flexibly accommodating sushi, sashimi,&hellip;","_links":{"self":[{"href":"https:\/\/www.manluenpack.com\/fr\/wp-json\/wp\/v2\/product\/1749","targetHints":{"allow":["GET"]}}],"collection":[{"href":"https:\/\/www.manluenpack.com\/fr\/wp-json\/wp\/v2\/product"}],"about":[{"href":"https:\/\/www.manluenpack.com\/fr\/wp-json\/wp\/v2\/types\/product"}],"wp:featuredmedia":[{"embeddable":true,"href":"https:\/\/www.manluenpack.com\/fr\/wp-json\/wp\/v2\/media\/3130"}],"wp:attachment":[{"href":"https:\/\/www.manluenpack.com\/fr\/wp-json\/wp\/v2\/media?parent=1749"}],"wp:term":[{"taxonomy":"product_brand","embeddable":true,"href":"https:\/\/www.manluenpack.com\/fr\/wp-json\/wp\/v2\/product_brand?post=1749"},{"taxonomy":"product_cat","embeddable":true,"href":"https:\/\/www.manluenpack.com\/fr\/wp-json\/wp\/v2\/product_cat?post=1749"},{"taxonomy":"product_tag","embeddable":true,"href":"https:\/\/www.manluenpack.com\/fr\/wp-json\/wp\/v2\/product_tag?post=1749"}],"curies":[{"name":"wp","href":"https:\/\/api.w.org\/{rel}","templated":true}]}}