{"id":1747,"date":"2025-03-15T18:43:24","date_gmt":"2025-03-15T10:43:24","guid":{"rendered":"https:\/\/www.manluenpack.com\/?post_type=product&#038;p=1747"},"modified":"2025-09-08T14:48:38","modified_gmt":"2025-09-08T06:48:38","slug":"wl-b09-manluen-sushi-box","status":"publish","type":"product","link":"https:\/\/www.manluenpack.com\/fr\/products\/wl-b09-manluen-sushi-box\/","title":{"rendered":"WL-B09 Bo\u00eete \u00e0 sushi Manluen"},"content":{"rendered":"<p>La bo\u00eete \u00e0 sushi WL-B09 Manluen pr\u00e9sente un design \u00e9pur\u00e9 unique de 266*147*42 mm. La profondeur conserve la texture chaleureuse de la vaisselle traditionnelle en bois tout en am\u00e9liorant la stabilit\u00e9 gr\u00e2ce \u00e0 des bords \u00e9largis et \u00e0 des rainures antid\u00e9rapantes au fond, ce qui garantit qu'elle ne se renverse pas lorsqu'elle est transport\u00e9e. Sa taille innovante d\u00e9passe les limites des plateaux \u00e0 sushi plats conventionnels, permettant une pr\u00e9sentation tridimensionnelle des sashimis, des rouleaux de sushi, des gunkan, etc. C'est le choix id\u00e9al pour les restaurants japonais et les r\u00e9unions de famille afin de cr\u00e9er une exp\u00e9rience gastronomique immersive.<\/p>\n<ul>\n<li>Type d'emballage<br \/>\nBo\u00eete en carton<\/li>\n<li>Couleur<br \/>\nRouge dor\u00e9<\/li>\n<li>Quantit\u00e9 par caisse<br \/>\n300 ensembles<\/li>\n<li>Mat\u00e9riau<br \/>\nCouvercle : OPS\/PET Base : PS\/PP<\/li>\n<li>Sp\u00e9cifications de l'emballage<br \/>\n0,082 m\u00e8tre cube<\/li>\n<\/ul>\n<h3><strong><b>Emballage et livraison<\/b><\/strong><\/h3>\n<p>La bo\u00eete \u00e0 sushis WL-B09 Manluen avec couvercle est emball\u00e9e dans un emballage \u00e9cologique et minimaliste, garantissant que le produit reste en s\u00e9curit\u00e9 et intact pendant le transport. La bo\u00eete ext\u00e9rieure est imprim\u00e9e avec des informations claires sur le produit et les logos de la marque, et l'int\u00e9rieur est rev\u00eatu de mat\u00e9riaux antichocs pour prot\u00e9ger la forme d\u00e9licate de chaque plateau. Lors de la livraison, nous fournissons des instructions d'installation et d'utilisation d\u00e9taill\u00e9es afin que les clients puissent commencer \u00e0 l'utiliser rapidement. Qu'il s'agisse de commandes en gros ou de demandes personnalis\u00e9es, nous promettons une livraison dans les d\u00e9lais et un service apr\u00e8s-vente complet, pour que chaque achat se fasse sans souci.<\/p>\n<h3><strong><b>Sc\u00e9narios d'utilisation<\/b><\/strong><strong><b>\u00a0\u00a0<\/b><\/strong><\/h3>\n<p>Avec son design \u00e9l\u00e9gant, la bo\u00eete \u00e0 sushis WL-B09 Manluen Red Gold s'int\u00e8gre parfaitement dans les restaurants japonais, les banquets priv\u00e9s ou les r\u00e9unions de famille. Qu'il s'agisse de plateaux de sashimi exquis, de combinaisons de sushis color\u00e9s ou de pr\u00e9sentations sp\u00e9ciales de plats lors de c\u00e9l\u00e9brations festives, sa taille unique met en valeur l'art de la pr\u00e9sentation. La texture chaleureuse et le design pratique transforment chaque repas en un double festin pour les yeux et le palais, ajoutant une touche de charme et de rituel japonais \u00e0 votre table \u00e0 manger.<\/p>\n<h3><strong><b>Large gamme de temp\u00e9ratures <\/b><\/strong><\/h3>\n<p>Notre bo\u00eete \u00e0 sushis rectangulaire WL-B09 Manluen excelle dans une large gamme de temp\u00e9ratures, de la r\u00e9frig\u00e9ration au chauffage au micro-ondes, r\u00e9pondant ainsi efficacement \u00e0 divers besoins d'utilisation. Son excellente r\u00e9sistance \u00e0 la temp\u00e9rature garantit non seulement la s\u00e9curit\u00e9 et la qualit\u00e9 des aliments, mais elle est \u00e9galement tr\u00e8s pratique, ce qui en fait un choix id\u00e9al pour diverses occasions de restauration.<\/p>\n<h3><strong><b>S\u00fbr et r\u00e9utilisable<\/b><\/strong><\/h3>\n<p>Le produit a subi des tests de s\u00e9curit\u00e9 rigoureux et ne contient pas de substances nocives comme le BPA, ce qui le rend s\u00fbr pour le stockage et la pr\u00e9sentation des aliments. Le mat\u00e9riau durable et facile \u00e0 nettoyer permet une utilisation r\u00e9p\u00e9t\u00e9e, offrant un bon rapport co\u00fbt-efficacit\u00e9 et des \u00e9conomies pour l'industrie de la restauration.<\/p>\n<h3><strong><b>Conception empilable <\/b><\/strong><\/h3>\n<p>Le design empilable de la bo\u00eete \u00e0 sushis WL-B09 Manluen Classic Wholesale combine astucieusement praticit\u00e9 et esth\u00e9tique. Son contour profil\u00e9 et ses dimensions pr\u00e9cises garantissent un empilage stable de plusieurs couches sans basculement, ce qui permet d'\u00e9conomiser de l'espace de stockage tout en conservant une apparence \u00e9l\u00e9gante et ordonn\u00e9e. Qu'il s'agisse d'une cuisine commerciale ou d'un espace de stockage domestique, elle utilise efficacement chaque centim\u00e8tre d'espace, mettant en valeur un m\u00e9lange harmonieux de fonctionnalit\u00e9 et de design.<\/p>","protected":false},"excerpt":{"rendered":"<p>The WL-B09 Manluen Sushi Box features a unique 266*147*42 mm streamlined design. The depth retains the warm texture of traditional wooden tableware while enhancing stability with widened edges and anti-slip&hellip;<\/p>","protected":false},"featured_media":3973,"template":"","meta":{"_uag_custom_page_level_css":""},"product_brand":[],"product_cat":[23],"product_tag":[114,113,102],"class_list":{"0":"post-1747","1":"product","2":"type-product","3":"status-publish","4":"has-post-thumbnail","6":"product_cat-sushi-trays","7":"product_tag-boat-shaped","8":"product_tag-sakura","9":"product_tag-sushi","11":"first","12":"instock","13":"shipping-taxable","14":"purchasable","15":"product-type-simple"},"spectra_custom_meta":{"rank_math_internal_links_processed":["1","1","1","1","1","1","1","1","1","1","1","1","1","1","1"],"_sku":["WL-B09-MAPLE"],"_regular_price":["1"],"total_sales":["0"],"_tax_status":["taxable"],"_tax_class":[""],"_manage_stock":["no"],"_backorders":["no"],"_sold_individually":["no"],"_virtual":["no"],"_downloadable":["no"],"_product_image_gallery":["2613,2612,2610,2611"],"_download_limit":["0"],"_download_expiry":["0"],"_stock":[null],"_stock_status":["instock"],"_wc_average_rating":["0"],"_wc_review_count":["0"],"_product_attributes":["a:2:{s:9:\"item-size\";a:6:{s:4:\"name\";s:9:\"Item Size\";s:5:\"value\";s:12:\"266*147*55mm\";s:8:\"position\";i:0;s:10:\"is_visible\";i:1;s:12:\"is_variation\";i:0;s:11:\"is_taxonomy\";i:0;}s:7:\"qty-ctn\";a:6:{s:4:\"name\";s:7:\"QTY\/CTN\";s:5:\"value\";s:3:\"300\";s:8:\"position\";i:1;s:10:\"is_visible\";i:1;s:12:\"is_variation\";i:0;s:11:\"is_taxonomy\";i:0;}}"],"_product_version":["9.4.2"],"_price":["1"],"_wp_old_date":["2024-11-26"],"rank_math_analytic_object_id":["24"],"classic-editor-remember":["classic-editor"],"rank_math_seo_score":["69"],"rank_math_contentai_score":["a:5:{s:8:\"keywords\";s:5:\"74.51\";s:9:\"wordCount\";s:1:\"0\";s:9:\"linkCount\";s:1:\"0\";s:12:\"headingCount\";s:1:\"0\";s:10:\"mediaCount\";s:1:\"0\";}"],"_jet_woo_template":[""],"_template_type":["default"],"rank_math_primary_product_cat":["23"],"_ywraq_hide_quote_button_check":[""],"_ywraq_hide_quote_button":["0"],"_edit_lock":["1771595578:1"],"_edit_last":["1"],"rank_math_focus_keyword":["Sushi Box"],"_wp_old_slug":["boat-shaped-sushi-tray-wl-b09"],"_thumbnail_id":["3973"],"_uag_css_file_name":["uag-css-1747.css"],"_uag_page_assets":["a:9:{s:3:\"css\";s:0:\"\";s:2:\"js\";s:0:\"\";s:18:\"current_block_list\";a:6:{i:0;s:10:\"core\/group\";i:1;s:12:\"core\/heading\";i:2;s:17:\"core\/latest-posts\";i:3;s:20:\"core\/latest-comments\";i:4;s:13:\"core\/archives\";i:5;s:15:\"core\/categories\";}s:8:\"uag_flag\";b:0;s:11:\"uag_version\";i:1777284572;s:6:\"gfonts\";a:0:{}s:10:\"gfonts_url\";s:0:\"\";s:12:\"gfonts_files\";a:0:{}s:14:\"uag_faq_layout\";b:0;}"]},"uagb_featured_image_src":{"full":["https:\/\/www.manluenpack.com\/wp-content\/uploads\/2025\/03\/WL-B09-manluen-sushi-boat-tray-plastic-1.jpg",1000,1000,false],"thumbnail":["https:\/\/www.manluenpack.com\/wp-content\/uploads\/2025\/03\/WL-B09-manluen-sushi-boat-tray-plastic-1.jpg",150,150,false],"medium":["https:\/\/www.manluenpack.com\/wp-content\/uploads\/2025\/03\/WL-B09-manluen-sushi-boat-tray-plastic-1.jpg",300,300,false],"medium_large":["https:\/\/www.manluenpack.com\/wp-content\/uploads\/2025\/03\/WL-B09-manluen-sushi-boat-tray-plastic-1.jpg",768,768,false],"large":["https:\/\/www.manluenpack.com\/wp-content\/uploads\/2025\/03\/WL-B09-manluen-sushi-boat-tray-plastic-1.jpg",1000,1000,false],"1536x1536":["https:\/\/www.manluenpack.com\/wp-content\/uploads\/2025\/03\/WL-B09-manluen-sushi-boat-tray-plastic-1.jpg",1000,1000,false],"2048x2048":["https:\/\/www.manluenpack.com\/wp-content\/uploads\/2025\/03\/WL-B09-manluen-sushi-boat-tray-plastic-1.jpg",1000,1000,false],"trp-custom-language-flag":["https:\/\/www.manluenpack.com\/wp-content\/uploads\/2025\/03\/WL-B09-manluen-sushi-boat-tray-plastic-1.jpg",12,12,false],"menu-24x24":["https:\/\/www.manluenpack.com\/wp-content\/uploads\/2025\/03\/WL-B09-manluen-sushi-boat-tray-plastic-1.jpg",24,24,false],"menu-36x36":["https:\/\/www.manluenpack.com\/wp-content\/uploads\/2025\/03\/WL-B09-manluen-sushi-boat-tray-plastic-1.jpg",36,36,false],"menu-48x48":["https:\/\/www.manluenpack.com\/wp-content\/uploads\/2025\/03\/WL-B09-manluen-sushi-boat-tray-plastic-1.jpg",48,48,false],"woocommerce_thumbnail":["https:\/\/www.manluenpack.com\/wp-content\/uploads\/2025\/03\/WL-B09-manluen-sushi-boat-tray-plastic-1.jpg",300,300,false],"woocommerce_single":["https:\/\/www.manluenpack.com\/wp-content\/uploads\/2025\/03\/WL-B09-manluen-sushi-boat-tray-plastic-1.jpg",600,600,false],"woocommerce_gallery_thumbnail":["https:\/\/www.manluenpack.com\/wp-content\/uploads\/2025\/03\/WL-B09-manluen-sushi-boat-tray-plastic-1.jpg",100,100,false]},"uagb_author_info":{"display_name":"ManLuenpack","author_link":"https:\/\/www.manluenpack.com\/fr\/author\/"},"uagb_comment_info":0,"uagb_excerpt":"The WL-B09 Manluen Sushi Box features a unique 266*147*42 mm streamlined design. The depth retains the warm texture of traditional wooden tableware while enhancing stability with widened edges and anti-slip&hellip;","_links":{"self":[{"href":"https:\/\/www.manluenpack.com\/fr\/wp-json\/wp\/v2\/product\/1747","targetHints":{"allow":["GET"]}}],"collection":[{"href":"https:\/\/www.manluenpack.com\/fr\/wp-json\/wp\/v2\/product"}],"about":[{"href":"https:\/\/www.manluenpack.com\/fr\/wp-json\/wp\/v2\/types\/product"}],"wp:featuredmedia":[{"embeddable":true,"href":"https:\/\/www.manluenpack.com\/fr\/wp-json\/wp\/v2\/media\/3973"}],"wp:attachment":[{"href":"https:\/\/www.manluenpack.com\/fr\/wp-json\/wp\/v2\/media?parent=1747"}],"wp:term":[{"taxonomy":"product_brand","embeddable":true,"href":"https:\/\/www.manluenpack.com\/fr\/wp-json\/wp\/v2\/product_brand?post=1747"},{"taxonomy":"product_cat","embeddable":true,"href":"https:\/\/www.manluenpack.com\/fr\/wp-json\/wp\/v2\/product_cat?post=1747"},{"taxonomy":"product_tag","embeddable":true,"href":"https:\/\/www.manluenpack.com\/fr\/wp-json\/wp\/v2\/product_tag?post=1747"}],"curies":[{"name":"wp","href":"https:\/\/api.w.org\/{rel}","templated":true}]}}