{"id":1746,"date":"2025-03-15T18:18:01","date_gmt":"2025-03-15T10:18:01","guid":{"rendered":"https:\/\/www.manluenpack.com\/?post_type=product&#038;p=1746"},"modified":"2025-07-10T22:33:03","modified_gmt":"2025-07-10T14:33:03","slug":"wl-b01-manluen-sushi-box","status":"publish","type":"product","link":"https:\/\/www.manluenpack.com\/fr\/products\/wl-b01-manluen-sushi-box\/","title":{"rendered":"WL-B01 Bo\u00eete \u00e0 sushi Manluen"},"content":{"rendered":"<p>Notre bo\u00eete \u00e0 sushis WL-B01 Manluen, avec son design unique de 240*112*42 mm en forme de feuilles d'\u00e9rable noires, r\u00e9pond parfaitement aux besoins de la pr\u00e9sentation traditionnelle des sushis. Le contour \u00e9l\u00e9gant et lisse en forme de bateau allie beaut\u00e9 et praticit\u00e9. Sa capacit\u00e9 compacte permet d'accueillir facilement des sushis, des sashimis ou des en-cas, ajoutant ainsi une touche de rituel au repas. Il s'agit d'un choix id\u00e9al pour la pr\u00e9sentation de plats de cuisine japonaise et d'une pi\u00e8ce de choix sur les tables de style japonais.<\/p>\n<ul>\n<li>Type d'emballage<br \/>\nBo\u00eete en carton<\/li>\n<li>Couleur<br \/>\nFeuilles d'\u00e9rable noires<\/li>\n<li>Quantit\u00e9 par caisse<br \/>\n600 ensembles<\/li>\n<li>Mat\u00e9riau<br \/>\nCouvercle : OPS, Base : PS<\/li>\n<li>Capacit\u00e9 d'une seule unit\u00e9<br \/>\n0,111 m\u00e8tre cube<\/li>\n<\/ul>\n<h3><strong>Emballage et livraison<\/strong><\/h3>\n<p>La bo\u00eete \u00e0 sushis Manluen WL-B01 avec couvercle est emball\u00e9e de mani\u00e8re \u00e9cologique et robuste, avec du papier bulle \u00e9pais et du carton r\u00e9sistant \u00e0 l'humidit\u00e9 qui s'adapte \u00e0 la courbure du bateau pour ne pas bouger pendant le transport. La bo\u00eete ext\u00e9rieure, con\u00e7ue selon l'esth\u00e9tique minimaliste japonaise et orn\u00e9e d'un logo dor\u00e9, garantit que chaque produit est parfaitement prot\u00e9g\u00e9 pendant le transport. Notre processus de livraison est rapide et fiable, promettant d'apporter ce plateau \u00e0 sushi exquis \u00e0 votre table le plus rapidement possible, faisant de chaque d\u00e9ballage un moment d'anticipation et de ravissement.<\/p>\n<h3><strong>Sc\u00e9narios d'utilisation<\/strong><strong>\u00a0\u00a0<\/strong><\/h3>\n<p>Qu'il s'agisse de dresser d'\u00e9l\u00e9gants plats dans des restaurants japonais haut de gamme ou de passer des moments chaleureux lors de r\u00e9unions de famille, la bo\u00eete \u00e0 sushis WL-B01 Manluen Black Maple Leaf s'int\u00e8gre toujours parfaitement \u00e0 la sc\u00e8ne gr\u00e2ce \u00e0 son design gracieux. Sa forme de bateau lisse et sa texture naturelle semblable \u00e0 celle du bambou ajoutent une beaut\u00e9 artistique aux sushis, aux sashimis ou aux snacks, ce qui en fait un choix parfait pour am\u00e9liorer l'ambiance des tables \u00e0 manger lors des r\u00e9unions d'amis ou des f\u00eates de fin d'ann\u00e9e. Chaque repas devient un double festin pour les yeux et le palais.<\/p>\n<h3>Conception empilable<\/h3>\n<p>La bo\u00eete \u00e0 sushi rectangulaire WL-B01 Manluen est fabriqu\u00e9e \u00e0 partir de mat\u00e9riaux de haute qualit\u00e9. Sa conception astucieuse et empilable permet non seulement de gagner de l'espace et de faciliter le stockage, mais aussi de garantir la stabilit\u00e9 et la s\u00e9curit\u00e9 des produits empil\u00e9s. Cet avantage conceptuel permet de garder la bo\u00eete bien rang\u00e9e et organis\u00e9e dans les cuisines occup\u00e9es ou les zones d'exposition compactes, tout en permettant un acc\u00e8s rapide, am\u00e9liorant ainsi l'efficacit\u00e9 et l'esth\u00e9tique de l'espace.<\/p>\n<h3><strong>\u00c9tanche et durable \u00a0<\/strong><\/h3>\n<p>Le fond de cette bo\u00eete \u00e0 sushi Classic Wholesale est con\u00e7u pour \u00eatre plat, avec des bords herm\u00e9tiques qui emp\u00eachent efficacement les fuites de liquide. En outre, sa structure robuste et durable peut supporter un certain poids et une certaine pression, ce qui garantit qu'elle reste intacte et non endommag\u00e9e pendant le transport et l'utilisation.<\/p>","protected":false},"excerpt":{"rendered":"<p>Our WL-B01 Manluen Sushi Box, with its unique 240*112*42mm black maple leaves size design, perfectly meets the needs of traditional sushi presentation. The elegant and smooth boat-shaped contour combines beauty&hellip;<\/p>","protected":false},"featured_media":2615,"template":"","meta":{"_uag_custom_page_level_css":""},"product_brand":[],"product_cat":[23],"product_tag":[114,115,102],"class_list":{"0":"post-1746","1":"product","2":"type-product","3":"status-publish","4":"has-post-thumbnail","6":"product_cat-sushi-trays","7":"product_tag-boat-shaped","8":"product_tag-maple-leaf","9":"product_tag-sushi","11":"first","12":"instock","13":"shipping-taxable","14":"purchasable","15":"product-type-simple"},"spectra_custom_meta":{"rank_math_internal_links_processed":["1","1","1","1","1","1","1","1","1","1","1","1","1","1"],"_sku":["WL-B01-MAPLE"],"_regular_price":["1"],"total_sales":["0"],"_tax_status":["taxable"],"_tax_class":[""],"_manage_stock":["no"],"_backorders":["no"],"_sold_individually":["no"],"_virtual":["no"],"_downloadable":["no"],"_product_image_gallery":["2620,2617,2619,2618,2616"],"_download_limit":["0"],"_download_expiry":["0"],"_thumbnail_id":["2615"],"_stock":[null],"_stock_status":["instock"],"_wc_average_rating":["0"],"_wc_review_count":["0"],"_product_attributes":["a:2:{s:9:\"item-size\";a:6:{s:4:\"name\";s:9:\"Item Size\";s:5:\"value\";s:12:\"240*112*55mm\";s:8:\"position\";i:0;s:10:\"is_visible\";i:1;s:12:\"is_variation\";i:0;s:11:\"is_taxonomy\";i:0;}s:7:\"qty-ctn\";a:6:{s:4:\"name\";s:7:\"QTY\/CTN\";s:5:\"value\";s:3:\"600\";s:8:\"position\";i:1;s:10:\"is_visible\";i:1;s:12:\"is_variation\";i:0;s:11:\"is_taxonomy\";i:0;}}"],"_product_version":["9.4.2"],"_price":["1"],"_wp_old_date":["2024-11-26"],"rank_math_analytic_object_id":["24"],"classic-editor-remember":["classic-editor"],"rank_math_seo_score":["69"],"rank_math_contentai_score":["a:5:{s:8:\"keywords\";s:5:\"74.51\";s:9:\"wordCount\";s:1:\"0\";s:9:\"linkCount\";s:1:\"0\";s:12:\"headingCount\";s:1:\"0\";s:10:\"mediaCount\";s:1:\"0\";}"],"_jet_woo_template":[""],"_template_type":["default"],"rank_math_primary_product_cat":["23"],"_ywraq_hide_quote_button_check":[""],"_ywraq_hide_quote_button":["0"],"_edit_lock":["1752158038:1"],"_edit_last":["1"],"rank_math_focus_keyword":["Sushi Box"],"_wp_old_slug":["wl-b01-manluen-boat-sushi-tray","wl-b01-manluen-sushi-boxes"],"_uag_css_file_name":["uag-css-1746.css"],"_uag_page_assets":["a:9:{s:3:\"css\";s:0:\"\";s:2:\"js\";s:0:\"\";s:18:\"current_block_list\";a:6:{i:0;s:10:\"core\/group\";i:1;s:12:\"core\/heading\";i:2;s:17:\"core\/latest-posts\";i:3;s:20:\"core\/latest-comments\";i:4;s:13:\"core\/archives\";i:5;s:15:\"core\/categories\";}s:8:\"uag_flag\";b:0;s:11:\"uag_version\";i:1777292105;s:6:\"gfonts\";a:0:{}s:10:\"gfonts_url\";s:0:\"\";s:12:\"gfonts_files\";a:0:{}s:14:\"uag_faq_layout\";b:0;}"]},"uagb_featured_image_src":{"full":["https:\/\/www.manluenpack.com\/wp-content\/uploads\/2025\/03\/WL-B01-manluen-take-out-container-sushi.webp",1000,1000,false],"thumbnail":["https:\/\/www.manluenpack.com\/wp-content\/uploads\/2025\/03\/WL-B01-manluen-take-out-container-sushi.webp",150,150,false],"medium":["https:\/\/www.manluenpack.com\/wp-content\/uploads\/2025\/03\/WL-B01-manluen-take-out-container-sushi.webp",300,300,false],"medium_large":["https:\/\/www.manluenpack.com\/wp-content\/uploads\/2025\/03\/WL-B01-manluen-take-out-container-sushi.webp",768,768,false],"large":["https:\/\/www.manluenpack.com\/wp-content\/uploads\/2025\/03\/WL-B01-manluen-take-out-container-sushi.webp",1000,1000,false],"1536x1536":["https:\/\/www.manluenpack.com\/wp-content\/uploads\/2025\/03\/WL-B01-manluen-take-out-container-sushi.webp",1000,1000,false],"2048x2048":["https:\/\/www.manluenpack.com\/wp-content\/uploads\/2025\/03\/WL-B01-manluen-take-out-container-sushi.webp",1000,1000,false],"trp-custom-language-flag":["https:\/\/www.manluenpack.com\/wp-content\/uploads\/2025\/03\/WL-B01-manluen-take-out-container-sushi.webp",12,12,false],"menu-24x24":["https:\/\/www.manluenpack.com\/wp-content\/uploads\/2025\/03\/WL-B01-manluen-take-out-container-sushi.webp",24,24,false],"menu-36x36":["https:\/\/www.manluenpack.com\/wp-content\/uploads\/2025\/03\/WL-B01-manluen-take-out-container-sushi.webp",36,36,false],"menu-48x48":["https:\/\/www.manluenpack.com\/wp-content\/uploads\/2025\/03\/WL-B01-manluen-take-out-container-sushi.webp",48,48,false],"woocommerce_thumbnail":["https:\/\/www.manluenpack.com\/wp-content\/uploads\/2025\/03\/WL-B01-manluen-take-out-container-sushi.webp",300,300,false],"woocommerce_single":["https:\/\/www.manluenpack.com\/wp-content\/uploads\/2025\/03\/WL-B01-manluen-take-out-container-sushi.webp",600,600,false],"woocommerce_gallery_thumbnail":["https:\/\/www.manluenpack.com\/wp-content\/uploads\/2025\/03\/WL-B01-manluen-take-out-container-sushi.webp",100,100,false]},"uagb_author_info":{"display_name":"ManLuenpack","author_link":"https:\/\/www.manluenpack.com\/fr\/author\/"},"uagb_comment_info":0,"uagb_excerpt":"Our WL-B01 Manluen Sushi Box, with its unique 240*112*42mm black maple leaves size design, perfectly meets the needs of traditional sushi presentation. The elegant and smooth boat-shaped contour combines beauty&hellip;","_links":{"self":[{"href":"https:\/\/www.manluenpack.com\/fr\/wp-json\/wp\/v2\/product\/1746","targetHints":{"allow":["GET"]}}],"collection":[{"href":"https:\/\/www.manluenpack.com\/fr\/wp-json\/wp\/v2\/product"}],"about":[{"href":"https:\/\/www.manluenpack.com\/fr\/wp-json\/wp\/v2\/types\/product"}],"wp:featuredmedia":[{"embeddable":true,"href":"https:\/\/www.manluenpack.com\/fr\/wp-json\/wp\/v2\/media\/2615"}],"wp:attachment":[{"href":"https:\/\/www.manluenpack.com\/fr\/wp-json\/wp\/v2\/media?parent=1746"}],"wp:term":[{"taxonomy":"product_brand","embeddable":true,"href":"https:\/\/www.manluenpack.com\/fr\/wp-json\/wp\/v2\/product_brand?post=1746"},{"taxonomy":"product_cat","embeddable":true,"href":"https:\/\/www.manluenpack.com\/fr\/wp-json\/wp\/v2\/product_cat?post=1746"},{"taxonomy":"product_tag","embeddable":true,"href":"https:\/\/www.manluenpack.com\/fr\/wp-json\/wp\/v2\/product_tag?post=1746"}],"curies":[{"name":"wp","href":"https:\/\/api.w.org\/{rel}","templated":true}]}}