{"id":1745,"date":"2025-03-15T16:09:24","date_gmt":"2025-03-15T08:09:24","guid":{"rendered":"https:\/\/www.manluenpack.com\/?post_type=product&#038;p=1745"},"modified":"2025-07-18T11:03:48","modified_gmt":"2025-07-18T03:03:48","slug":"wl-b03-manluen-sushi-tray","status":"publish","type":"product","link":"https:\/\/www.manluenpack.com\/fr\/products\/wl-b03-manluen-sushi-tray\/","title":{"rendered":"WL-B03 Plateau \u00e0 sushi Manluen"},"content":{"rendered":"<p>Le plateau \u00e0 sushis WL-B03 Manluen pr\u00e9sente un design unique de 180*150*55 mm, qui \u00e9tablit un \u00e9quilibre parfait entre la capacit\u00e9 et l'esth\u00e9tique spatiale. Compact mais pratique, il convient \u00e0 diverses occasions et r\u00e9pond aux besoins de pr\u00e9sentation des sushis sans occuper un espace excessif sur la table, ce qui en fait un choix id\u00e9al pour les exp\u00e9riences gastronomiques raffin\u00e9es.<\/p>\n<ul>\n<li>Type d'emballage<br \/>\nBo\u00eete en carton<\/li>\n<li>Couleur<br \/>\nRouge d'or<\/li>\n<li>Quantit\u00e9 par caisse<br \/>\n600 ensembles<\/li>\n<li>Mat\u00e9riau<br \/>\nCouvercle : OPS, Base : PS<\/li>\n<li>Sp\u00e9cifications de l'emballage<br \/>\n0,076 m\u00e8tre cube<\/li>\n<\/ul>\n<p>&nbsp;<\/p>\n<ul>\n<li style=\"list-style-type: none;\">\n<table style=\"height: 160px;\" width=\"500\"><!-- \u8868\u683c\u7684\u8fb9\u6846\u4e3a1\u4e2a\u50cf\u7d20 --><!-- \u5355\u5143\u683c\u7684\u5185\u8fb9\u8ddd\u4e3a1\u50cf\u7d20 --><!-- \u5355\u5143\u683c\u4e4b\u95f4\u7684\u95f4\u8ddd\u4e3a0\u50cf\u7d20 --><!-- \u8fb9\u6846\u89c4\u5219\u4e3a\u4e24\u4fa7\u8fb9\u6846 --><\/p>\n<tbody>\n<tr>\n<td align=\"center\" bgcolor=\"EFEFEF\"><\/td>\n<td align=\"center\" bgcolor=\"EFEFEF\">Taille du produit<\/td>\n<td align=\"center\" bgcolor=\"EFEFEF\">Quantit\u00e9<\/td>\n<td align=\"center\" bgcolor=\"EFEFEF\">Taille du carton<\/td>\n<\/tr>\n<tr>\n<td align=\"center\" bgcolor=\"EFEFEF\">WL-B01<\/td>\n<td align=\"center\">240*112*55mm<\/td>\n<td align=\"center\">600<\/td>\n<td align=\"center\">685*330*493<\/td>\n<\/tr>\n<tr>\n<td align=\"center\" bgcolor=\"EFEFEF\">WL-B03<\/td>\n<td align=\"center\">180*150*55mm<\/td>\n<td align=\"center\">600<\/td>\n<td align=\"center\">730*330*457<\/td>\n<\/tr>\n<tr>\n<td align=\"center\" bgcolor=\"EFEFEF\">WL-B05<\/td>\n<td align=\"center\">206*147*55mm<\/td>\n<td align=\"center\">400<\/td>\n<td align=\"center\">612*330*427<\/td>\n<\/tr>\n<tr>\n<td align=\"center\" bgcolor=\"EFEFEF\">WL-B07<\/td>\n<td align=\"center\">238*149*55mm<\/td>\n<td align=\"center\">400<\/td>\n<td align=\"center\">612*330*491<\/td>\n<\/tr>\n<tr>\n<td align=\"center\" bgcolor=\"EFEFEF\">WL-B09<\/td>\n<td align=\"center\">266*147*55mm<\/td>\n<td align=\"center\">300<\/td>\n<td align=\"center\">550*330*454<\/td>\n<\/tr>\n<\/tbody>\n<\/table>\n<\/li>\n<li><a href=\"https:\/\/www.manluenpack.com\/fr\/products\/\">PLUS DE STYLE, PLUS DE STYLES...<\/a><\/li>\n<\/ul>\n<h3><strong>Emballage et livraison<\/strong><\/h3>\n<p>Le plateau \u00e0 sushi WL-B03 Manluen avec couvercle est livr\u00e9 dans un emballage simple mais solide, respectueux de l'environnement. Un film \u00e0 bulles \u00e9pais et des moules sur mesure garantissent que le produit reste intact pendant le transport. La bo\u00eete ext\u00e9rieure est \u00e9l\u00e9gamment minimaliste, refl\u00e9tant la sophistication de l'esth\u00e9tique japonaise, ce qui permet de l'utiliser pour un usage personnel ou de l'offrir. Notre service de livraison est efficace et fiable, garantissant que ce chef-d'\u0153uvre de l'artisanat vous parvienne rapidement, et que chaque exp\u00e9rience de d\u00e9ballage soit remplie d'impatience et de joie.<\/p>\n<h3><strong>Sc\u00e9narios d'utilisation<\/strong><strong>\u00a0\u00a0<\/strong><\/h3>\n<p>Le plateau \u00e0 sushi WL-B03 Manluen Red Gold, avec ses dimensions compactes et son \u00e9l\u00e9gant design en forme de bateau, ajoute une touche de brillance aux r\u00e9unions de famille, aux ap\u00e9ritifs d\u00e9contract\u00e9s entre amis ou aux restaurants japonais haut de gamme. Qu'il soit utilis\u00e9 pour des pr\u00e9sentations exquises dans les restaurants de sushis ou pour des moments intimes \u00e0 la table familiale, le WL-B03 s'int\u00e8gre parfaitement. Non seulement il met parfaitement en valeur la d\u00e9licatesse des sushis, mais il ajoute \u00e9galement une touche artistique \u00e0 l'exp\u00e9rience gastronomique, faisant de chaque repas un r\u00e9gal pour les yeux et le palais.<\/p>\n<h3><strong>Mat\u00e9riaux et s\u00e9curit\u00e9 <\/strong><\/h3>\n<p>Le plateau \u00e0 sushi rectangulaire WL-B03 Manluen est fabriqu\u00e9 \u00e0 partir de mat\u00e9riaux PS et OPS de qualit\u00e9 alimentaire. Ces mat\u00e9riaux ont \u00e9t\u00e9 rigoureusement s\u00e9lectionn\u00e9s, sont non toxiques et inodores, et sont conformes aux normes internationales de s\u00e9curit\u00e9 alimentaire. Ils offrent une excellente r\u00e9sistance \u00e0 la chaleur et au froid, sont faciles \u00e0 nettoyer et \u00e0 d\u00e9sinfecter, et conservent la beaut\u00e9 et l'hygi\u00e8ne du plateau au fil du temps.<\/p>\n<h3><strong>R\u00e9sistance aux temp\u00e9ratures \u00e9lev\u00e9es \u00a0<\/strong><\/h3>\n<p>Notre plateau \u00e0 sushi WL-B03 Manluen Classic Wholesale pr\u00e9sente des performances exceptionnelles dans une large gamme de temp\u00e9ratures, de la r\u00e9frig\u00e9ration au micro-ondes, r\u00e9pondant ainsi \u00e0 divers besoins d'utilisation. Sa r\u00e9sistance sup\u00e9rieure \u00e0 la temp\u00e9rature garantit non seulement la s\u00e9curit\u00e9 et la qualit\u00e9 des aliments, mais offre \u00e9galement aux utilisateurs un maximum de commodit\u00e9, ce qui en fait le choix id\u00e9al pour toutes les occasions de restauration.<\/p>","protected":false},"excerpt":{"rendered":"<p>The WL-B03 Manluen Sushi Tray features a unique 180*150*55 mm design, striking a perfect balance between capacity and spatial aesthetics. Compact yet practical, it is suitable for various occasions, meeting&hellip;<\/p>","protected":false},"featured_media":3605,"template":"","meta":{"_uag_custom_page_level_css":""},"product_brand":[],"product_cat":[23],"product_tag":[114,113,102],"class_list":{"0":"post-1745","1":"product","2":"type-product","3":"status-publish","4":"has-post-thumbnail","6":"product_cat-sushi-trays","7":"product_tag-boat-shaped","8":"product_tag-sakura","9":"product_tag-sushi","11":"first","12":"instock","13":"shipping-taxable","14":"purchasable","15":"product-type-simple"},"spectra_custom_meta":{"rank_math_internal_links_processed":["1","1","1","1","1","1","1","1","1","1","1","1","1"],"_sku":["WL-B03"],"_regular_price":["1"],"total_sales":["0"],"_tax_status":["taxable"],"_tax_class":[""],"_manage_stock":["no"],"_backorders":["no"],"_sold_individually":["no"],"_virtual":["no"],"_downloadable":["no"],"_product_image_gallery":["3607,3606,3604,2333"],"_download_limit":["0"],"_download_expiry":["0"],"_stock":[null],"_stock_status":["instock"],"_wc_average_rating":["0"],"_wc_review_count":["0"],"_product_attributes":["a:2:{s:9:\"item-size\";a:6:{s:4:\"name\";s:9:\"Item Size\";s:5:\"value\";s:12:\"180*150*55mm\";s:8:\"position\";i:0;s:10:\"is_visible\";i:1;s:12:\"is_variation\";i:0;s:11:\"is_taxonomy\";i:0;}s:7:\"qty-ctn\";a:6:{s:4:\"name\";s:7:\"QTY\/CTN\";s:5:\"value\";s:3:\"600\";s:8:\"position\";i:1;s:10:\"is_visible\";i:1;s:12:\"is_variation\";i:0;s:11:\"is_taxonomy\";i:0;}}"],"_product_version":["9.4.2"],"_price":["1"],"_wp_old_date":["2024-11-26"],"rank_math_analytic_object_id":["24"],"classic-editor-remember":["classic-editor"],"rank_math_seo_score":["75"],"rank_math_contentai_score":["a:5:{s:8:\"keywords\";s:5:\"74.51\";s:9:\"wordCount\";s:1:\"0\";s:9:\"linkCount\";s:1:\"0\";s:12:\"headingCount\";s:1:\"0\";s:10:\"mediaCount\";s:1:\"0\";}"],"_jet_woo_template":[""],"_template_type":["default"],"rank_math_primary_product_cat":["23"],"_ywraq_hide_quote_button_check":[""],"_ywraq_hide_quote_button":["0"],"_edit_lock":["1757313670:1"],"_edit_last":["1"],"_wp_old_slug":["boat-borne-delicacy-crafted-with-beauty-wl-b03"],"rank_math_focus_keyword":["sushi tray"],"_thumbnail_id":["3605"],"_uag_css_file_name":["uag-css-1745.css"],"_uag_page_assets":["a:9:{s:3:\"css\";s:0:\"\";s:2:\"js\";s:0:\"\";s:18:\"current_block_list\";a:6:{i:0;s:10:\"core\/group\";i:1;s:12:\"core\/heading\";i:2;s:17:\"core\/latest-posts\";i:3;s:20:\"core\/latest-comments\";i:4;s:13:\"core\/archives\";i:5;s:15:\"core\/categories\";}s:8:\"uag_flag\";b:0;s:11:\"uag_version\";i:1777284572;s:6:\"gfonts\";a:0:{}s:10:\"gfonts_url\";s:0:\"\";s:12:\"gfonts_files\";a:0:{}s:14:\"uag_faq_layout\";b:0;}"]},"uagb_featured_image_src":{"full":["https:\/\/www.manluenpack.com\/wp-content\/uploads\/2025\/07\/WL-B03-manluen-plsatic-sushi-tray.webp",1000,1000,false],"thumbnail":["https:\/\/www.manluenpack.com\/wp-content\/uploads\/2025\/07\/WL-B03-manluen-plsatic-sushi-tray.webp",150,150,false],"medium":["https:\/\/www.manluenpack.com\/wp-content\/uploads\/2025\/07\/WL-B03-manluen-plsatic-sushi-tray.webp",300,300,false],"medium_large":["https:\/\/www.manluenpack.com\/wp-content\/uploads\/2025\/07\/WL-B03-manluen-plsatic-sushi-tray.webp",768,768,false],"large":["https:\/\/www.manluenpack.com\/wp-content\/uploads\/2025\/07\/WL-B03-manluen-plsatic-sushi-tray.webp",1000,1000,false],"1536x1536":["https:\/\/www.manluenpack.com\/wp-content\/uploads\/2025\/07\/WL-B03-manluen-plsatic-sushi-tray.webp",1000,1000,false],"2048x2048":["https:\/\/www.manluenpack.com\/wp-content\/uploads\/2025\/07\/WL-B03-manluen-plsatic-sushi-tray.webp",1000,1000,false],"trp-custom-language-flag":["https:\/\/www.manluenpack.com\/wp-content\/uploads\/2025\/07\/WL-B03-manluen-plsatic-sushi-tray.webp",12,12,false],"menu-24x24":["https:\/\/www.manluenpack.com\/wp-content\/uploads\/2025\/07\/WL-B03-manluen-plsatic-sushi-tray.webp",24,24,false],"menu-36x36":["https:\/\/www.manluenpack.com\/wp-content\/uploads\/2025\/07\/WL-B03-manluen-plsatic-sushi-tray.webp",36,36,false],"menu-48x48":["https:\/\/www.manluenpack.com\/wp-content\/uploads\/2025\/07\/WL-B03-manluen-plsatic-sushi-tray.webp",48,48,false],"woocommerce_thumbnail":["https:\/\/www.manluenpack.com\/wp-content\/uploads\/2025\/07\/WL-B03-manluen-plsatic-sushi-tray.webp",300,300,false],"woocommerce_single":["https:\/\/www.manluenpack.com\/wp-content\/uploads\/2025\/07\/WL-B03-manluen-plsatic-sushi-tray.webp",600,600,false],"woocommerce_gallery_thumbnail":["https:\/\/www.manluenpack.com\/wp-content\/uploads\/2025\/07\/WL-B03-manluen-plsatic-sushi-tray.webp",100,100,false]},"uagb_author_info":{"display_name":"ManLuenpack","author_link":"https:\/\/www.manluenpack.com\/fr\/author\/"},"uagb_comment_info":0,"uagb_excerpt":"The WL-B03 Manluen Sushi Tray features a unique 180*150*55 mm design, striking a perfect balance between capacity and spatial aesthetics. Compact yet practical, it is suitable for various occasions, meeting&hellip;","_links":{"self":[{"href":"https:\/\/www.manluenpack.com\/fr\/wp-json\/wp\/v2\/product\/1745","targetHints":{"allow":["GET"]}}],"collection":[{"href":"https:\/\/www.manluenpack.com\/fr\/wp-json\/wp\/v2\/product"}],"about":[{"href":"https:\/\/www.manluenpack.com\/fr\/wp-json\/wp\/v2\/types\/product"}],"wp:featuredmedia":[{"embeddable":true,"href":"https:\/\/www.manluenpack.com\/fr\/wp-json\/wp\/v2\/media\/3605"}],"wp:attachment":[{"href":"https:\/\/www.manluenpack.com\/fr\/wp-json\/wp\/v2\/media?parent=1745"}],"wp:term":[{"taxonomy":"product_brand","embeddable":true,"href":"https:\/\/www.manluenpack.com\/fr\/wp-json\/wp\/v2\/product_brand?post=1745"},{"taxonomy":"product_cat","embeddable":true,"href":"https:\/\/www.manluenpack.com\/fr\/wp-json\/wp\/v2\/product_cat?post=1745"},{"taxonomy":"product_tag","embeddable":true,"href":"https:\/\/www.manluenpack.com\/fr\/wp-json\/wp\/v2\/product_tag?post=1745"}],"curies":[{"name":"wp","href":"https:\/\/api.w.org\/{rel}","templated":true}]}}