{"id":1743,"date":"2025-03-14T23:54:15","date_gmt":"2025-03-14T15:54:15","guid":{"rendered":"https:\/\/www.manluenpack.com\/?post_type=product&#038;p=1743"},"modified":"2025-07-10T22:52:41","modified_gmt":"2025-07-10T14:52:41","slug":"wl-05-manluen-bagasse-sushi-tray","status":"publish","type":"product","link":"https:\/\/www.manluenpack.com\/fr\/products\/wl-05-manluen-bagasse-sushi-tray\/","title":{"rendered":"WL-05 Plateau \u00e0 sushi en bagasse de Manluen"},"content":{"rendered":"<p><span style=\"vertical-align: inherit;\"><span style=\"vertical-align: inherit;\">Le plateau \u00e0 sushis WL-05 Manluen Bagasse est fabriqu\u00e9 \u00e0 partir de mat\u00e9riaux \u00e9cologiques et d\u00e9gradables, avec un design unique de 188*132*45 mm, qui tient compte de la praticit\u00e9 et de l'esth\u00e9tique. Ses dimensions scientifiques et raisonnables s'adaptent parfaitement aux diff\u00e9rentes m\u00e9thodes de placement des sushis, offrant un support stable tout en mettant en valeur sa texture naturelle. Il s'agit d'une combinaison parfaite entre la restauration haut de gamme et les concepts \u00e9cologiques.<\/span><\/span><\/p>\n<ul>\n<li>Type d'emballage<br \/>\nBo\u00eete en carton<\/li>\n<li>Couleur<br \/>\n<span style=\"vertical-align: inherit;\">Couleur bois naturel<\/span><\/li>\n<li>Quantit\u00e9 par caisse<br \/>\n400 jeux<\/li>\n<li>Mat\u00e9riau<br \/>\n<span style=\"vertical-align: inherit;\">Couvercle : PET, Base : Bagasse<\/span><\/li>\n<li>Sp\u00e9cifications de l'emballage<br \/>\n0,066 m\u00e8tre cube<\/li>\n<\/ul>\n<p>&nbsp;<\/p>\n<ul>\n<li style=\"list-style-type: none;\">\n<table style=\"height: 160px;\" width=\"500\"><!-- \u8868\u683c\u7684\u8fb9\u6846\u4e3a1\u4e2a\u50cf\u7d20 --><!-- \u5355\u5143\u683c\u7684\u5185\u8fb9\u8ddd\u4e3a1\u50cf\u7d20 --><!-- \u5355\u5143\u683c\u4e4b\u95f4\u7684\u95f4\u8ddd\u4e3a0\u50cf\u7d20 --><!-- \u8fb9\u6846\u89c4\u5219\u4e3a\u4e24\u4fa7\u8fb9\u6846 --><\/p>\n<tbody>\n<tr>\n<td align=\"center\" bgcolor=\"EFEFEF\"><\/td>\n<td align=\"center\" bgcolor=\"EFEFEF\"><span style=\"vertical-align: inherit;\"><span style=\"vertical-align: inherit;\">Dimensions du produit<\/span><\/span><\/td>\n<td align=\"center\" bgcolor=\"EFEFEF\"><span style=\"vertical-align: inherit;\"><span style=\"vertical-align: inherit;\">quantit\u00e9<\/span><\/span><\/td>\n<td align=\"center\" bgcolor=\"EFEFEF\"><span style=\"vertical-align: inherit;\"><span style=\"vertical-align: inherit;\">Taille du carton<\/span><\/span><\/td>\n<\/tr>\n<tr>\n<td align=\"center\" bgcolor=\"EFEFEF\"><span style=\"vertical-align: inherit;\"><span style=\"vertical-align: inherit;\">WL-0,6<\/span><\/span><\/td>\n<td align=\"center\"><span style=\"vertical-align: inherit;\"><span style=\"vertical-align: inherit;\">167*92*45mm<\/span><\/span><\/td>\n<td align=\"center\"><span style=\"vertical-align: inherit;\"><span style=\"vertical-align: inherit;\">600<\/span><\/span><\/td>\n<td align=\"center\"><span style=\"vertical-align: inherit;\"><span style=\"vertical-align: inherit;\">525*325*400<\/span><\/span><\/td>\n<\/tr>\n<tr>\n<td align=\"center\" bgcolor=\"EFEFEF\"><span style=\"vertical-align: inherit;\"><span style=\"vertical-align: inherit;\">WL-01<\/span><\/span><\/td>\n<td align=\"center\"><span style=\"vertical-align: inherit;\"><span style=\"vertical-align: inherit;\">226*96*45mm<\/span><\/span><\/td>\n<td align=\"center\"><span style=\"vertical-align: inherit;\"><span style=\"vertical-align: inherit;\">400<\/span><\/span><\/td>\n<td align=\"center\"><span style=\"vertical-align: inherit;\"><span style=\"vertical-align: inherit;\">470*320*385<\/span><\/span><\/td>\n<\/tr>\n<tr>\n<td align=\"center\" bgcolor=\"EFEFEF\"><span style=\"vertical-align: inherit;\"><span style=\"vertical-align: inherit;\">WL-03<\/span><\/span><\/td>\n<td align=\"center\"><span style=\"vertical-align: inherit;\"><span style=\"vertical-align: inherit;\">168*118*45mm<\/span><\/span><\/td>\n<td align=\"center\"><span style=\"vertical-align: inherit;\"><span style=\"vertical-align: inherit;\">400<\/span><\/span><\/td>\n<td align=\"center\"><span style=\"vertical-align: inherit;\"><span style=\"vertical-align: inherit;\">505*305*365<\/span><\/span><\/td>\n<\/tr>\n<tr>\n<td align=\"center\" bgcolor=\"EFEFEF\"><span style=\"vertical-align: inherit;\"><span style=\"vertical-align: inherit;\">WL-05<\/span><\/span><\/td>\n<td align=\"center\"><span style=\"vertical-align: inherit;\"><span style=\"vertical-align: inherit;\">188*132*45mm<\/span><\/span><\/td>\n<td align=\"center\"><span style=\"vertical-align: inherit;\"><span style=\"vertical-align: inherit;\">400<\/span><\/span><\/td>\n<td align=\"center\"><span style=\"vertical-align: inherit;\"><span style=\"vertical-align: inherit;\">555*300*395<\/span><\/span><\/td>\n<\/tr>\n<tr>\n<td align=\"center\" bgcolor=\"EFEFEF\"><span style=\"vertical-align: inherit;\"><span style=\"vertical-align: inherit;\">WL-07<\/span><\/span><\/td>\n<td align=\"center\"><span style=\"vertical-align: inherit;\"><span style=\"vertical-align: inherit;\">219*139*45mm<\/span><\/span><\/td>\n<td align=\"center\"><span style=\"vertical-align: inherit;\"><span style=\"vertical-align: inherit;\">400<\/span><\/span><\/td>\n<td align=\"center\"><span style=\"vertical-align: inherit;\"><span style=\"vertical-align: inherit;\">580*310*455<\/span><\/span><\/td>\n<\/tr>\n<tr>\n<td align=\"center\" bgcolor=\"EFEFEF\"><span style=\"vertical-align: inherit;\"><span style=\"vertical-align: inherit;\">WL-09<\/span><\/span><\/td>\n<td align=\"center\"><span style=\"vertical-align: inherit;\"><span style=\"vertical-align: inherit;\">241*148*45mm<\/span><\/span><\/td>\n<td align=\"center\"><span style=\"vertical-align: inherit;\"><span style=\"vertical-align: inherit;\">300<\/span><\/span><\/td>\n<td align=\"center\"><span style=\"vertical-align: inherit;\"><span style=\"vertical-align: inherit;\">500*325*460<\/span><\/span><\/td>\n<\/tr>\n<tr>\n<td align=\"center\" bgcolor=\"EFEFEF\"><span style=\"vertical-align: inherit;\"><span style=\"vertical-align: inherit;\">WL-11<\/span><\/span><\/td>\n<td align=\"center\"><span style=\"vertical-align: inherit;\"><span style=\"vertical-align: inherit;\">260*188*45mm<\/span><\/span><\/td>\n<td align=\"center\"><span style=\"vertical-align: inherit;\"><span style=\"vertical-align: inherit;\">200<\/span><\/span><\/td>\n<td align=\"center\"><span style=\"vertical-align: inherit;\"><span style=\"vertical-align: inherit;\">540*360*395<\/span><\/span><\/td>\n<\/tr>\n<\/tbody>\n<\/table>\n<\/li>\n<li><a href=\"https:\/\/www.manluenpack.com\/fr\/products\/\"><span style=\"vertical-align: inherit;\"><span style=\"vertical-align: inherit;\">Plus de styles Plus de styles...<\/span><\/span><\/a><\/li>\n<\/ul>\n<h3><strong><b><span style=\"vertical-align: inherit;\"><span style=\"vertical-align: inherit;\">Emballage et livraison<\/span><\/span><\/b><\/strong><strong><b>\u00a0<\/b><\/strong><\/h3>\n<p><span style=\"vertical-align: inherit;\"><span style=\"vertical-align: inherit;\">Le plateau \u00e0 sushi jetable en bagasse WL-05 Manluen est con\u00e7u avec un emballage \u00e9cologique et efficace pour garantir la propret\u00e9 et la s\u00e9curit\u00e9 pendant le transport. Chaque produit est soigneusement scell\u00e9 et prot\u00e9g\u00e9 par plusieurs couches de protection afin de garantir l'efficacit\u00e9 de l'entreposage et de la logistique. La livraison rapide et fiable garantit une exp\u00e9rience de service sans faille avec une qualit\u00e9 constante de la production \u00e0 l'utilisation.<\/span><\/span><\/p>\n<h3><strong><b><span style=\"vertical-align: inherit;\"><span style=\"vertical-align: inherit;\">Sc\u00e9narios d'utilisation<\/span><\/span><\/b><\/strong><strong><b>\u00a0\u00a0<\/b><\/strong><\/h3>\n<p><span style=\"vertical-align: inherit;\"><span style=\"vertical-align: inherit;\">Ce plateau \u00e0 sushis en bagasse pour emporter WL-05 Manluen avec couvercle est largement utilis\u00e9 dans une vari\u00e9t\u00e9 de sc\u00e9narios de restauration, y compris les restaurants japonais haut de gamme, les sushis \u00e0 emporter, les buffets, les r\u00e9unions de famille et les pique-niques en plein air. Son aspect \u00e9l\u00e9gant et ses fonctions pratiques r\u00e9pondent aux besoins de pr\u00e9sentation et de conservation des aliments dans diff\u00e9rents environnements, de sorte que chaque morceau de sushi est conserv\u00e9 dans les meilleures conditions pour le plus grand plaisir des convives.<\/span><\/span><\/p>\n<h3><strong><b><span style=\"vertical-align: inherit;\"><span style=\"vertical-align: inherit;\">Conception empilable<\/span><\/span><\/b><\/strong><\/h3>\n<p><span style=\"vertical-align: inherit;\"><span style=\"vertical-align: inherit;\">Le plateau \u00e0 sushis en bagasse \u00e0 emporter WL-05 Manluen avec couvercle pr\u00e9sente une structure d'empilage bien con\u00e7ue, avec des rainures et des bosses sp\u00e9ciales sur le fond et le couvercle pour un verrouillage s\u00fbr. Cela permet d'empiler plusieurs palettes de mani\u00e8re stable, d'\u00e9conomiser de l'espace de stockage et de faciliter le transport et la manutention. Qu'il s'agisse d'une pr\u00e9sentation soign\u00e9e dans la cuisine d'un restaurant ou d'un produit \u00e0 emporter, ce plateau s'en charge avec aisance.<\/span><\/span><\/p>\n<h3><strong><b><span style=\"vertical-align: inherit;\"><span style=\"vertical-align: inherit;\">Conception haute temp\u00e9rature et \u00e9tanche<\/span><\/span><\/b><\/strong><\/h3>\n<p><span style=\"vertical-align: inherit;\"><span style=\"vertical-align: inherit;\">Le plateau \u00e0 sushi WL-05 Manluen Wholesale Bagasse pr\u00e9sente une excellente r\u00e9sistance aux temp\u00e9ratures \u00e9lev\u00e9es et peut supporter une large gamme de changements de temp\u00e9rature sans compromettre ses performances. En outre, sa conception herm\u00e9tique emp\u00eache efficacement les fuites de jus d'aliments, ce qui permet de garder l'int\u00e9rieur du plateau propre et d'\u00e9viter la contamination d'autres articles.<\/span><\/span><\/p>\n<h3><strong><b><span style=\"vertical-align: inherit;\"><span style=\"vertical-align: inherit;\">Utiliser les mat\u00e9riaux en toute s\u00e9curit\u00e9<\/span><\/span><\/b><\/strong><\/h3>\n<p><span style=\"vertical-align: inherit;\"><span style=\"vertical-align: inherit;\">WL-05 Manluen Bagasse Sushi Tray est conscient de l'importance de la s\u00e9curit\u00e9 alimentaire et respecte strictement les r\u00e8gles de s\u00e9curit\u00e9 alimentaire dans le processus de production afin de garantir que le produit est non toxique, inoffensif et inodore. Le produit est fabriqu\u00e9 \u00e0 partir de mat\u00e9riaux plastiques de haute qualit\u00e9, de qualit\u00e9 alimentaire, s\u00fbrs et non toxiques, et r\u00e9pond aux normes nationales de s\u00e9curit\u00e9 alimentaire. Le mat\u00e9riau pr\u00e9sente une bonne r\u00e9sistance \u00e0 la chaleur et au froid, reste stable dans une certaine plage de temp\u00e9rature et ne se d\u00e9forme pas ou ne lib\u00e8re pas de substances nocives en raison des fluctuations de temp\u00e9rature.<\/span><\/span><\/p>\n<p><a href=\"https:\/\/www.google.com\/search?q=manluenpack\" target=\"_blank\" rel=\"noopener\"><span style=\"vertical-align: inherit;\"><span style=\"vertical-align: inherit;\">Plus d'informations...<\/span><\/span><\/a><\/p>","protected":false},"excerpt":{"rendered":"<p>The WL-05 Manluen Bagasse Sushi Tray is made of eco-friendly and degradable materials, with a unique 188*132*45 mm design, which takes into account practicality and aesthetics. Its scientific and reasonable&hellip;<\/p>","protected":false},"featured_media":2985,"template":"","meta":{"_uag_custom_page_level_css":""},"product_brand":[],"product_cat":[23],"product_tag":[112,102],"class_list":{"0":"post-1743","1":"product","2":"type-product","3":"status-publish","4":"has-post-thumbnail","6":"product_cat-sushi-trays","7":"product_tag-bagasse","8":"product_tag-sushi","10":"first","11":"instock","12":"shipping-taxable","13":"purchasable","14":"product-type-simple"},"spectra_custom_meta":{"rank_math_internal_links_processed":["1","1","1","1","1","1","1","1","1","1","1"],"_sku":["WL-05-BAGASSE"],"_regular_price":["1"],"total_sales":["0"],"_tax_status":["taxable"],"_tax_class":[""],"_manage_stock":["no"],"_backorders":["no"],"_sold_individually":["no"],"_virtual":["no"],"_downloadable":["no"],"_product_image_gallery":["2988,2987,3063,3353"],"_download_limit":["0"],"_download_expiry":["0"],"_thumbnail_id":["2985"],"_stock":[null],"_stock_status":["instock"],"_wc_average_rating":["0"],"_wc_review_count":["0"],"_product_attributes":["a:2:{s:9:\"item-size\";a:6:{s:4:\"name\";s:9:\"Item Size\";s:5:\"value\";s:12:\"188*132*45mm\";s:8:\"position\";i:0;s:10:\"is_visible\";i:1;s:12:\"is_variation\";i:0;s:11:\"is_taxonomy\";i:0;}s:7:\"qty-ctn\";a:6:{s:4:\"name\";s:7:\"QTY\/CTN\";s:5:\"value\";s:3:\"400\";s:8:\"position\";i:1;s:10:\"is_visible\";i:1;s:12:\"is_variation\";i:0;s:11:\"is_taxonomy\";i:0;}}"],"_product_version":["9.4.2"],"_price":["1"],"_wp_old_date":["2024-11-26"],"rank_math_analytic_object_id":["24"],"classic-editor-remember":["classic-editor"],"rank_math_seo_score":["81"],"rank_math_contentai_score":["a:5:{s:8:\"keywords\";s:5:\"74.51\";s:9:\"wordCount\";s:1:\"0\";s:9:\"linkCount\";s:1:\"0\";s:12:\"headingCount\";s:1:\"0\";s:10:\"mediaCount\";s:1:\"0\";}"],"_jet_woo_template":[""],"_template_type":["default"],"rank_math_primary_product_cat":["23"],"_ywraq_hide_quote_button_check":[""],"_ywraq_hide_quote_button":["0"],"_edit_lock":["1752159088:1"],"_edit_last":["1"],"rank_math_focus_keyword":["Bagasse Sushi Tray"],"_wp_old_slug":["bagasse-sushi-tray-wl-05"],"_uag_css_file_name":["uag-css-1743.css"],"_uag_page_assets":["a:9:{s:3:\"css\";s:0:\"\";s:2:\"js\";s:0:\"\";s:18:\"current_block_list\";a:6:{i:0;s:10:\"core\/group\";i:1;s:12:\"core\/heading\";i:2;s:17:\"core\/latest-posts\";i:3;s:20:\"core\/latest-comments\";i:4;s:13:\"core\/archives\";i:5;s:15:\"core\/categories\";}s:8:\"uag_flag\";b:0;s:11:\"uag_version\";i:1777278593;s:6:\"gfonts\";a:0:{}s:10:\"gfonts_url\";s:0:\"\";s:12:\"gfonts_files\";a:0:{}s:14:\"uag_faq_layout\";b:0;}"]},"uagb_featured_image_src":{"full":["https:\/\/www.manluenpack.com\/wp-content\/uploads\/2025\/03\/WL-05-Manluen-Bagasse-Sushi-Tray.webp",1000,1000,false],"thumbnail":["https:\/\/www.manluenpack.com\/wp-content\/uploads\/2025\/03\/WL-05-Manluen-Bagasse-Sushi-Tray.webp",150,150,false],"medium":["https:\/\/www.manluenpack.com\/wp-content\/uploads\/2025\/03\/WL-05-Manluen-Bagasse-Sushi-Tray.webp",300,300,false],"medium_large":["https:\/\/www.manluenpack.com\/wp-content\/uploads\/2025\/03\/WL-05-Manluen-Bagasse-Sushi-Tray.webp",768,768,false],"large":["https:\/\/www.manluenpack.com\/wp-content\/uploads\/2025\/03\/WL-05-Manluen-Bagasse-Sushi-Tray.webp",1000,1000,false],"1536x1536":["https:\/\/www.manluenpack.com\/wp-content\/uploads\/2025\/03\/WL-05-Manluen-Bagasse-Sushi-Tray.webp",1000,1000,false],"2048x2048":["https:\/\/www.manluenpack.com\/wp-content\/uploads\/2025\/03\/WL-05-Manluen-Bagasse-Sushi-Tray.webp",1000,1000,false],"trp-custom-language-flag":["https:\/\/www.manluenpack.com\/wp-content\/uploads\/2025\/03\/WL-05-Manluen-Bagasse-Sushi-Tray.webp",12,12,false],"menu-24x24":["https:\/\/www.manluenpack.com\/wp-content\/uploads\/2025\/03\/WL-05-Manluen-Bagasse-Sushi-Tray.webp",24,24,false],"menu-36x36":["https:\/\/www.manluenpack.com\/wp-content\/uploads\/2025\/03\/WL-05-Manluen-Bagasse-Sushi-Tray.webp",36,36,false],"menu-48x48":["https:\/\/www.manluenpack.com\/wp-content\/uploads\/2025\/03\/WL-05-Manluen-Bagasse-Sushi-Tray.webp",48,48,false],"woocommerce_thumbnail":["https:\/\/www.manluenpack.com\/wp-content\/uploads\/2025\/03\/WL-05-Manluen-Bagasse-Sushi-Tray.webp",300,300,false],"woocommerce_single":["https:\/\/www.manluenpack.com\/wp-content\/uploads\/2025\/03\/WL-05-Manluen-Bagasse-Sushi-Tray.webp",600,600,false],"woocommerce_gallery_thumbnail":["https:\/\/www.manluenpack.com\/wp-content\/uploads\/2025\/03\/WL-05-Manluen-Bagasse-Sushi-Tray.webp",100,100,false]},"uagb_author_info":{"display_name":"ManLuenpack","author_link":"https:\/\/www.manluenpack.com\/fr\/author\/"},"uagb_comment_info":0,"uagb_excerpt":"The WL-05 Manluen Bagasse Sushi Tray is made of eco-friendly and degradable materials, with a unique 188*132*45 mm design, which takes into account practicality and aesthetics. Its scientific and reasonable&hellip;","_links":{"self":[{"href":"https:\/\/www.manluenpack.com\/fr\/wp-json\/wp\/v2\/product\/1743","targetHints":{"allow":["GET"]}}],"collection":[{"href":"https:\/\/www.manluenpack.com\/fr\/wp-json\/wp\/v2\/product"}],"about":[{"href":"https:\/\/www.manluenpack.com\/fr\/wp-json\/wp\/v2\/types\/product"}],"wp:featuredmedia":[{"embeddable":true,"href":"https:\/\/www.manluenpack.com\/fr\/wp-json\/wp\/v2\/media\/2985"}],"wp:attachment":[{"href":"https:\/\/www.manluenpack.com\/fr\/wp-json\/wp\/v2\/media?parent=1743"}],"wp:term":[{"taxonomy":"product_brand","embeddable":true,"href":"https:\/\/www.manluenpack.com\/fr\/wp-json\/wp\/v2\/product_brand?post=1743"},{"taxonomy":"product_cat","embeddable":true,"href":"https:\/\/www.manluenpack.com\/fr\/wp-json\/wp\/v2\/product_cat?post=1743"},{"taxonomy":"product_tag","embeddable":true,"href":"https:\/\/www.manluenpack.com\/fr\/wp-json\/wp\/v2\/product_tag?post=1743"}],"curies":[{"name":"wp","href":"https:\/\/api.w.org\/{rel}","templated":true}]}}