{"id":1741,"date":"2025-03-14T17:40:24","date_gmt":"2025-03-14T09:40:24","guid":{"rendered":"https:\/\/www.manluenpack.com\/?post_type=product&#038;p=1741"},"modified":"2025-07-10T23:08:42","modified_gmt":"2025-07-10T15:08:42","slug":"wl-01-manluen-bagasse-sushi-tray","status":"publish","type":"product","link":"https:\/\/www.manluenpack.com\/fr\/products\/wl-01-manluen-bagasse-sushi-tray\/","title":{"rendered":"WL-01 Plateau \u00e0 sushi en bagasse de Manluen"},"content":{"rendered":"<p>Le plateau \u00e0 sushis WL-01 Manluen Bagasse pr\u00e9sente une taille unique de 226*96*45 mm qui correspond parfaitement \u00e0 la forme des sushis. Il offre une capacit\u00e9 mod\u00e9r\u00e9e et une durabilit\u00e9 robuste. Fabriqu\u00e9 \u00e0 partir de fibres v\u00e9g\u00e9tales naturelles, il est respectueux de l'environnement et biod\u00e9gradable, et incarne des valeurs durables. L\u00e9ger, portable, antid\u00e9rapant et r\u00e9sistant \u00e0 la pression, il constitue une solution parfaite pour transporter des plats d\u00e9licats avec un charme naturel et une grande praticit\u00e9.<\/p>\n<ul>\n<li>Type d'emballage<br \/>\nBo\u00eete en carton<\/li>\n<li>Couleur<br \/>\nCouleur naturelle du bois<\/li>\n<li>Quantit\u00e9 par caisse<br \/>\n600 ensembles<\/li>\n<li>Mat\u00e9riau<br \/>\nCouvercle : PET, Base : Bagasse<\/li>\n<li>Sp\u00e9cifications de l'emballage<br \/>\n0,088 m\u00e8tre cube<\/li>\n<\/ul>\n<p>&nbsp;<\/p>\n<ul>\n<li style=\"list-style-type: none;\">\n<table style=\"height: 160px;\" width=\"500\"><!-- \u8868\u683c\u7684\u8fb9\u6846\u4e3a1\u4e2a\u50cf\u7d20 --><!-- \u5355\u5143\u683c\u7684\u5185\u8fb9\u8ddd\u4e3a1\u50cf\u7d20 --><!-- \u5355\u5143\u683c\u4e4b\u95f4\u7684\u95f4\u8ddd\u4e3a0\u50cf\u7d20 --><!-- \u8fb9\u6846\u89c4\u5219\u4e3a\u4e24\u4fa7\u8fb9\u6846 --><\/p>\n<tbody>\n<tr>\n<td align=\"center\" bgcolor=\"EFEFEF\"><\/td>\n<td align=\"center\" bgcolor=\"EFEFEF\">Taille du produit<\/td>\n<td align=\"center\" bgcolor=\"EFEFEF\">Quantit\u00e9<\/td>\n<td align=\"center\" bgcolor=\"EFEFEF\">Taille du carton<\/td>\n<\/tr>\n<tr>\n<td align=\"center\" bgcolor=\"EFEFEF\">WL-0,6<\/td>\n<td align=\"center\">167*92*45mm<\/td>\n<td align=\"center\">600<\/td>\n<td align=\"center\">525*325*400<\/td>\n<\/tr>\n<tr>\n<td align=\"center\" bgcolor=\"EFEFEF\">WL-01<\/td>\n<td align=\"center\">226*96*45mm<\/td>\n<td align=\"center\">400<\/td>\n<td align=\"center\">470*320*385<\/td>\n<\/tr>\n<tr>\n<td align=\"center\" bgcolor=\"EFEFEF\">WL-03<\/td>\n<td align=\"center\">168*118*45mm<\/td>\n<td align=\"center\">400<\/td>\n<td align=\"center\">505*305*365<\/td>\n<\/tr>\n<tr>\n<td align=\"center\" bgcolor=\"EFEFEF\">WL-05<\/td>\n<td align=\"center\">188*132*45mm<\/td>\n<td align=\"center\">400<\/td>\n<td align=\"center\">555*300*395<\/td>\n<\/tr>\n<tr>\n<td align=\"center\" bgcolor=\"EFEFEF\">WL-07<\/td>\n<td align=\"center\">219*139*45mm<\/td>\n<td align=\"center\">400<\/td>\n<td align=\"center\">580*310*455<\/td>\n<\/tr>\n<tr>\n<td align=\"center\" bgcolor=\"EFEFEF\">WL-09<\/td>\n<td align=\"center\">241*148*45mm<\/td>\n<td align=\"center\">300<\/td>\n<td align=\"center\">500*325*460<\/td>\n<\/tr>\n<tr>\n<td align=\"center\" bgcolor=\"EFEFEF\">WL-11<\/td>\n<td align=\"center\">260*188*45mm<\/td>\n<td align=\"center\">200<\/td>\n<td align=\"center\">540*360*395<\/td>\n<\/tr>\n<\/tbody>\n<\/table>\n<\/li>\n<li><a href=\"https:\/\/www.manluenpack.com\/fr\/products\/\">PLUS DE STYLE, PLUS DE STYLES...<\/a><\/li>\n<\/ul>\n<h3><strong><b>Emballage et livraison<\/b><\/strong><\/h3>\n<p>Ce plateau \u00e0 sushi jetable en bagasse WL-01 Manluen pr\u00e9sente un emballage \u00e9cologique et minimaliste qui met en valeur sa texture naturelle. Sa conception s\u00fbre et r\u00e9sistante aux chocs garantit un transport sans souci. Une livraison rapide et pr\u00e9cise, ainsi qu'un service attentionn\u00e9, vous permettent d'\u00e9conomiser du temps et des efforts, garantissant que chaque promesse verte arrive intacte pour lancer une exp\u00e9rience durable et d\u00e9licieuse.<\/p>\n<h3><strong><b>Sc\u00e9narios d'utilisation<\/b><\/strong><strong><b>\u00a0<\/b><\/strong><\/h3>\n<p>Que ce soit pour la livraison \u00e0 emporter, les march\u00e9s de produits frais ou les restaurants, le plateau \u00e0 sushis en bagasse avec couvercle WL-01 Manluen s'int\u00e8gre parfaitement dans n'importe quel environnement. Son mat\u00e9riau \u00e9cologique et son design raffin\u00e9 ajoutent une \u00e9l\u00e9gance naturelle aux sushis, sashimis et autres cuisines japonaises, permettant \u00e0 chaque bouch\u00e9e de d\u00e9licieux mets d'\u00eatre \u00e9l\u00e9gamment pr\u00e9sent\u00e9e dans un contexte durable et esth\u00e9tique.<\/p>\n<h3><strong><b>Excellente r\u00e9sistance \u00e0 la temp\u00e9rature <\/b><\/strong><\/h3>\n<p>Le plateau \u00e0 sushis rectangulaire en bagasse WL-01 Manluen Classic offre une excellente r\u00e9sistance \u00e0 la temp\u00e9rature, capable de supporter des changements de temp\u00e9rature d'aliments froids \u00e0 chauds dans une certaine fourchette sans se d\u00e9former ni lib\u00e9rer de substances nocives. Il convient donc aussi bien pour servir des sushis fra\u00eechement r\u00e9frig\u00e9r\u00e9s que pour \u00eatre utilis\u00e9 comme r\u00e9cipient adapt\u00e9 au four \u00e0 micro-ondes.<\/p>\n<h3><strong><b>Conception empilable \u00a0<\/b><\/strong><\/h3>\n<p>Ce petit plateau \u00e0 sushi en bagasse WL-01 Manluen pr\u00e9sente un design empilable astucieux, maximisant l'espace de stockage et am\u00e9liorant l'efficacit\u00e9 du transport et du stockage. Son empilage robuste minimise le risque de basculement et pr\u00e9vient efficacement les dommages, ajoutant ainsi \u00e0 la commodit\u00e9 d'une exp\u00e9rience utilisateur \u00e9cologique et pratique, tout en rendant la manipulation des aliments plus facile et mieux organis\u00e9e.<\/p>\n<h3><strong><b>Respectueux de l'environnement et de la sant\u00e9 <\/b><\/strong><\/h3>\n<p>Le plateau \u00e0 sushis WL-01 Manluen Bagasse est fabriqu\u00e9 \u00e0 partir de mat\u00e9riaux biod\u00e9gradables provenant de ressources renouvelables, qui peuvent \u00eatre enti\u00e8rement d\u00e9compos\u00e9s par des micro-organismes dans des environnements naturels, retournant ainsi \u00e0 la nature et r\u00e9duisant la pollution plastique. Tous les mat\u00e9riaux utilis\u00e9s dans nos plateaux \u00e0 sushi compostables sont soumis \u00e0 des tests de s\u00e9curit\u00e9 rigoureux afin de garantir qu'ils sont non toxiques, inoffensifs et exempts de substances nocives telles que le BPA. Ils peuvent entrer en contact direct avec les aliments, ce qui garantit la sant\u00e9 et la s\u00e9curit\u00e9 des consommateurs.<\/p>\n<p><a href=\"https:\/\/www.google.com\/search?q=manluenpack\" target=\"_blank\" rel=\"noopener\">PLUS D'INFORMATIONS...<\/a><\/p>","protected":false},"excerpt":{"rendered":"<p>The WL-01 Manluen Bagasse Sushi Tray features a unique 226*96*45 mm size design that perfectly matches the shape of sushi, offering moderate capacity and sturdy durability. Made from natural plant&hellip;<\/p>","protected":false},"featured_media":2966,"template":"","meta":{"_uag_custom_page_level_css":""},"product_brand":[],"product_cat":[23],"product_tag":[112,102],"class_list":{"0":"post-1741","1":"product","2":"type-product","3":"status-publish","4":"has-post-thumbnail","6":"product_cat-sushi-trays","7":"product_tag-bagasse","8":"product_tag-sushi","10":"first","11":"instock","12":"shipping-taxable","13":"purchasable","14":"product-type-simple"},"spectra_custom_meta":{"rank_math_internal_links_processed":["1","1","1","1","1","1","1","1","1"],"_sku":["WL-01-BAGASSE"],"_regular_price":["1"],"total_sales":["0"],"_tax_status":["taxable"],"_tax_class":[""],"_manage_stock":["no"],"_backorders":["no"],"_sold_individually":["no"],"_virtual":["no"],"_downloadable":["no"],"_product_image_gallery":["2968,2969,2965,3351"],"_download_limit":["0"],"_download_expiry":["0"],"_thumbnail_id":["2966"],"_stock":[null],"_stock_status":["instock"],"_wc_average_rating":["0"],"_wc_review_count":["0"],"_product_attributes":["a:2:{s:9:\"item-size\";a:6:{s:4:\"name\";s:9:\"Item Size\";s:5:\"value\";s:11:\"226*96*45mm\";s:8:\"position\";i:0;s:10:\"is_visible\";i:1;s:12:\"is_variation\";i:0;s:11:\"is_taxonomy\";i:0;}s:7:\"qty-ctn\";a:6:{s:4:\"name\";s:7:\"QTY\/CTN\";s:5:\"value\";s:3:\"600\";s:8:\"position\";i:1;s:10:\"is_visible\";i:1;s:12:\"is_variation\";i:0;s:11:\"is_taxonomy\";i:0;}}"],"_product_version":["9.4.2"],"_price":["1"],"_wp_old_date":["2024-11-26"],"rank_math_analytic_object_id":["24"],"classic-editor-remember":["classic-editor"],"rank_math_seo_score":["81"],"rank_math_contentai_score":["a:5:{s:8:\"keywords\";s:5:\"74.51\";s:9:\"wordCount\";s:1:\"0\";s:9:\"linkCount\";s:1:\"0\";s:12:\"headingCount\";s:1:\"0\";s:10:\"mediaCount\";s:1:\"0\";}"],"_jet_woo_template":[""],"_template_type":["default"],"rank_math_primary_product_cat":["23"],"_ywraq_hide_quote_button_check":[""],"_ywraq_hide_quote_button":["0"],"_edit_lock":["1752160028:1"],"_edit_last":["1"],"rank_math_focus_keyword":["Bagasse Sushi Tray"],"_uag_css_file_name":["uag-css-1741.css"],"_uag_page_assets":["a:9:{s:3:\"css\";s:0:\"\";s:2:\"js\";s:0:\"\";s:18:\"current_block_list\";a:6:{i:0;s:10:\"core\/group\";i:1;s:12:\"core\/heading\";i:2;s:17:\"core\/latest-posts\";i:3;s:20:\"core\/latest-comments\";i:4;s:13:\"core\/archives\";i:5;s:15:\"core\/categories\";}s:8:\"uag_flag\";b:0;s:11:\"uag_version\";i:1777292105;s:6:\"gfonts\";a:0:{}s:10:\"gfonts_url\";s:0:\"\";s:12:\"gfonts_files\";a:0:{}s:14:\"uag_faq_layout\";b:0;}"]},"uagb_featured_image_src":{"full":["https:\/\/www.manluenpack.com\/wp-content\/uploads\/2025\/03\/WL-01-Manluen-Bagasse-Sushi-Tray.webp",1000,1000,false],"thumbnail":["https:\/\/www.manluenpack.com\/wp-content\/uploads\/2025\/03\/WL-01-Manluen-Bagasse-Sushi-Tray.webp",150,150,false],"medium":["https:\/\/www.manluenpack.com\/wp-content\/uploads\/2025\/03\/WL-01-Manluen-Bagasse-Sushi-Tray.webp",300,300,false],"medium_large":["https:\/\/www.manluenpack.com\/wp-content\/uploads\/2025\/03\/WL-01-Manluen-Bagasse-Sushi-Tray.webp",768,768,false],"large":["https:\/\/www.manluenpack.com\/wp-content\/uploads\/2025\/03\/WL-01-Manluen-Bagasse-Sushi-Tray.webp",1000,1000,false],"1536x1536":["https:\/\/www.manluenpack.com\/wp-content\/uploads\/2025\/03\/WL-01-Manluen-Bagasse-Sushi-Tray.webp",1000,1000,false],"2048x2048":["https:\/\/www.manluenpack.com\/wp-content\/uploads\/2025\/03\/WL-01-Manluen-Bagasse-Sushi-Tray.webp",1000,1000,false],"trp-custom-language-flag":["https:\/\/www.manluenpack.com\/wp-content\/uploads\/2025\/03\/WL-01-Manluen-Bagasse-Sushi-Tray.webp",12,12,false],"menu-24x24":["https:\/\/www.manluenpack.com\/wp-content\/uploads\/2025\/03\/WL-01-Manluen-Bagasse-Sushi-Tray.webp",24,24,false],"menu-36x36":["https:\/\/www.manluenpack.com\/wp-content\/uploads\/2025\/03\/WL-01-Manluen-Bagasse-Sushi-Tray.webp",36,36,false],"menu-48x48":["https:\/\/www.manluenpack.com\/wp-content\/uploads\/2025\/03\/WL-01-Manluen-Bagasse-Sushi-Tray.webp",48,48,false],"woocommerce_thumbnail":["https:\/\/www.manluenpack.com\/wp-content\/uploads\/2025\/03\/WL-01-Manluen-Bagasse-Sushi-Tray.webp",300,300,false],"woocommerce_single":["https:\/\/www.manluenpack.com\/wp-content\/uploads\/2025\/03\/WL-01-Manluen-Bagasse-Sushi-Tray.webp",600,600,false],"woocommerce_gallery_thumbnail":["https:\/\/www.manluenpack.com\/wp-content\/uploads\/2025\/03\/WL-01-Manluen-Bagasse-Sushi-Tray.webp",100,100,false]},"uagb_author_info":{"display_name":"ManLuenpack","author_link":"https:\/\/www.manluenpack.com\/fr\/author\/"},"uagb_comment_info":0,"uagb_excerpt":"The WL-01 Manluen Bagasse Sushi Tray features a unique 226*96*45 mm size design that perfectly matches the shape of sushi, offering moderate capacity and sturdy durability. Made from natural plant&hellip;","_links":{"self":[{"href":"https:\/\/www.manluenpack.com\/fr\/wp-json\/wp\/v2\/product\/1741","targetHints":{"allow":["GET"]}}],"collection":[{"href":"https:\/\/www.manluenpack.com\/fr\/wp-json\/wp\/v2\/product"}],"about":[{"href":"https:\/\/www.manluenpack.com\/fr\/wp-json\/wp\/v2\/types\/product"}],"wp:featuredmedia":[{"embeddable":true,"href":"https:\/\/www.manluenpack.com\/fr\/wp-json\/wp\/v2\/media\/2966"}],"wp:attachment":[{"href":"https:\/\/www.manluenpack.com\/fr\/wp-json\/wp\/v2\/media?parent=1741"}],"wp:term":[{"taxonomy":"product_brand","embeddable":true,"href":"https:\/\/www.manluenpack.com\/fr\/wp-json\/wp\/v2\/product_brand?post=1741"},{"taxonomy":"product_cat","embeddable":true,"href":"https:\/\/www.manluenpack.com\/fr\/wp-json\/wp\/v2\/product_cat?post=1741"},{"taxonomy":"product_tag","embeddable":true,"href":"https:\/\/www.manluenpack.com\/fr\/wp-json\/wp\/v2\/product_tag?post=1741"}],"curies":[{"name":"wp","href":"https:\/\/api.w.org\/{rel}","templated":true}]}}