{"id":1739,"date":"2025-03-14T16:26:15","date_gmt":"2025-03-14T08:26:15","guid":{"rendered":"https:\/\/www.manluenpack.com\/?post_type=product&#038;p=1739"},"modified":"2025-07-10T23:12:13","modified_gmt":"2025-07-10T15:12:13","slug":"wl-07-manluen-bagasse-sushi-tray","status":"publish","type":"product","link":"https:\/\/www.manluenpack.com\/fr\/products\/wl-07-manluen-bagasse-sushi-tray\/","title":{"rendered":"WL-07 Plateau \u00e0 sushi en bagasse de Manluen"},"content":{"rendered":"<p>Le plateau \u00e0 sushis WL-07 Manluen Eco-friendly Bagasse est fabriqu\u00e9 \u00e0 partir de mat\u00e9riaux \u00e9cologiques et biod\u00e9gradables. Sa taille unique de 219*139*45 mm permet de concilier grande capacit\u00e9 et aspect \u00e9l\u00e9gant. Il s'adapte parfaitement \u00e0 divers arrangements de sushis. Sa robustesse et sa texture naturelle en font une solution pratique et esth\u00e9tique, respectueuse de l'environnement, pour les d\u00eeners haut de gamme.<\/p>\n<ul>\n<li>Type d'emballage<br \/>\nBo\u00eete en carton<\/li>\n<li>Couleur<br \/>\nCouleur naturelle du bois<\/li>\n<li>Quantit\u00e9 par caisse<br \/>\n400 jeux<\/li>\n<li>Mat\u00e9riau<br \/>\nCouvercle : PET, Base : Bagasse<\/li>\n<li>Sp\u00e9cifications de l'emballage<br \/>\n0,082 m\u00e8tre cube<\/li>\n<\/ul>\n<p>&nbsp;<\/p>\n<ul>\n<li style=\"list-style-type: none;\">\n<table style=\"height: 160px;\" width=\"500\"><!-- \u8868\u683c\u7684\u8fb9\u6846\u4e3a1\u4e2a\u50cf\u7d20 --><!-- \u5355\u5143\u683c\u7684\u5185\u8fb9\u8ddd\u4e3a1\u50cf\u7d20 --><!-- \u5355\u5143\u683c\u4e4b\u95f4\u7684\u95f4\u8ddd\u4e3a0\u50cf\u7d20 --><!-- \u8fb9\u6846\u89c4\u5219\u4e3a\u4e24\u4fa7\u8fb9\u6846 --><\/p>\n<tbody>\n<tr>\n<td align=\"center\" bgcolor=\"EFEFEF\"><\/td>\n<td align=\"center\" bgcolor=\"EFEFEF\">Taille du produit<\/td>\n<td align=\"center\" bgcolor=\"EFEFEF\">Quantit\u00e9<\/td>\n<td align=\"center\" bgcolor=\"EFEFEF\">Taille du carton<\/td>\n<\/tr>\n<tr>\n<td align=\"center\" bgcolor=\"EFEFEF\">WL-0,6<\/td>\n<td align=\"center\">167*92*45mm<\/td>\n<td align=\"center\">600<\/td>\n<td align=\"center\">525*325*400<\/td>\n<\/tr>\n<tr>\n<td align=\"center\" bgcolor=\"EFEFEF\">WL-01<\/td>\n<td align=\"center\">226*96*45mm<\/td>\n<td align=\"center\">400<\/td>\n<td align=\"center\">470*320*385<\/td>\n<\/tr>\n<tr>\n<td align=\"center\" bgcolor=\"EFEFEF\">WL-03<\/td>\n<td align=\"center\">168*118*45mm<\/td>\n<td align=\"center\">400<\/td>\n<td align=\"center\">505*305*365<\/td>\n<\/tr>\n<tr>\n<td align=\"center\" bgcolor=\"EFEFEF\">WL-05<\/td>\n<td align=\"center\">188*132*45mm<\/td>\n<td align=\"center\">400<\/td>\n<td align=\"center\">555*300*395<\/td>\n<\/tr>\n<tr>\n<td align=\"center\" bgcolor=\"EFEFEF\">WL-07<\/td>\n<td align=\"center\">219*139*45mm<\/td>\n<td align=\"center\">400<\/td>\n<td align=\"center\">580*310*455<\/td>\n<\/tr>\n<tr>\n<td align=\"center\" bgcolor=\"EFEFEF\">WL-09<\/td>\n<td align=\"center\">241*148*45mm<\/td>\n<td align=\"center\">300<\/td>\n<td align=\"center\">500*325*460<\/td>\n<\/tr>\n<tr>\n<td align=\"center\" bgcolor=\"EFEFEF\">WL-11<\/td>\n<td align=\"center\">260*188*45mm<\/td>\n<td align=\"center\">200<\/td>\n<td align=\"center\">540*360*395<\/td>\n<\/tr>\n<\/tbody>\n<\/table>\n<\/li>\n<li><a href=\"https:\/\/www.manluenpack.com\/fr\/products\/\">PLUS DE STYLE, PLUS DE STYLES...<\/a><\/li>\n<\/ul>\n<h3><strong><b>Emballage et livraison<\/b><\/strong><\/h3>\n<p>Le plateau \u00e0 sushi en bagasse WL-07 Manluen Long Container pr\u00e9sente une conception d'emballage efficace et \u00e9cologique, garantissant la propret\u00e9 et la s\u00e9curit\u00e9 pendant le transport. Chaque produit est m\u00e9ticuleusement scell\u00e9 avec une protection multicouche pour \u00e9viter les dommages tout en optimisant l'efficacit\u00e9 du stockage et de la logistique. La livraison rapide et fiable garantit une exp\u00e9rience de service pratique et sans souci, en maintenant une qualit\u00e9 constante de la production \u00e0 l'utilisation.<\/p>\n<h3><strong><b>Sc\u00e9narios d'utilisation<\/b><\/strong><strong><b>\u00a0\u00a0<\/b><\/strong><\/h3>\n<p>Le plateau \u00e0 sushis en bagasse \u00e0 emporter avec couvercle WL-07 Manluen, avec son design \u00e9l\u00e9gant, s'int\u00e8gre parfaitement dans les restaurants japonais haut de gamme, les lieux de restauration cr\u00e9atifs et les rassemblements familiaux. Qu'il s'agisse de pr\u00e9senter des sushis exquis, de proposer des services de restauration sur le th\u00e8me de l'environnement ou de livrer des plats \u00e0 emporter, il soutient parfaitement les cr\u00e9ations culinaires, mettant en valeur l'unit\u00e9 harmonieuse de la texture naturelle et du respect de l'environnement.<\/p>\n<h3><strong><b>Transparent, \u00e9tanche et facile \u00e0 nettoyer <\/b><\/strong><\/h3>\n<p>Notre plateau \u00e0 sushi rectangulaire en bagasse classique WL-07 Manluen est fabriqu\u00e9 \u00e0 partir de mat\u00e9riaux transparents, ce qui vous permet de voir les aliments \u00e0 l'int\u00e9rieur d'un seul coup d'\u0153il. Elle pr\u00e9sente \u00e9galement d'excellentes performances en mati\u00e8re d'\u00e9tanch\u00e9it\u00e9, ce qui garantit que les aliments restent en s\u00e9curit\u00e9 pendant le transport et le stockage, sans fuite. En outre, cette bo\u00eete d'emballage est facile \u00e0 nettoyer, ce qui permet de l'utiliser \u00e0 plusieurs reprises.<\/p>\n<h3><strong><b>Conception empilable<\/b><\/strong><\/h3>\n<p>Le plateau \u00e0 sushi en bagasse \u00e9cologique WL-07 Manluen se caract\u00e9rise par une conception empilable astucieuse, qui optimise l'espace de stockage et am\u00e9liore l'efficacit\u00e9 du transport et de la pr\u00e9sentation. Sa structure robuste assure la stabilit\u00e9 du plateau lorsqu'il est empil\u00e9 en plusieurs couches, ce qui \u00e9vite qu'il ne bascule et prot\u00e8ge efficacement son int\u00e9grit\u00e9. Cette conception optimise les processus op\u00e9rationnels, ajoutant la commodit\u00e9 et la praticit\u00e9 \u00e0 sa nature \u00e9cologique.<\/p>\n<p><a href=\"https:\/\/www.google.com\/search?q=manluenpack\" target=\"_blank\" rel=\"noopener\">PLUS D'INFORMATIONS...<\/a><\/p>","protected":false},"excerpt":{"rendered":"<p>The\u00a0WL-07 Manluen Eco-friendly Bagasse Sushi Tray is made from eco-friendly, biodegradable materials, with a unique 219*139*45 mm size design that balances large capacity and an elegant appearance. It perfectly accommodates&hellip;<\/p>","protected":false},"featured_media":3058,"template":"","meta":{"_uag_custom_page_level_css":""},"product_brand":[],"product_cat":[23],"product_tag":[112,102],"class_list":{"0":"post-1739","1":"product","2":"type-product","3":"status-publish","4":"has-post-thumbnail","6":"product_cat-sushi-trays","7":"product_tag-bagasse","8":"product_tag-sushi","10":"first","11":"instock","12":"shipping-taxable","13":"purchasable","14":"product-type-simple"},"spectra_custom_meta":{"rank_math_internal_links_processed":["1","1","1","1","1","1","1","1"],"_sku":["WL-07-BAGASSE"],"_regular_price":["1"],"total_sales":["0"],"_tax_status":["taxable"],"_tax_class":[""],"_manage_stock":["no"],"_backorders":["no"],"_sold_individually":["no"],"_virtual":["no"],"_downloadable":["no"],"_download_limit":["0"],"_download_expiry":["0"],"_stock":[null],"_stock_status":["instock"],"_wc_average_rating":["0"],"_wc_review_count":["0"],"_product_attributes":["a:2:{s:9:\"item-size\";a:6:{s:4:\"name\";s:9:\"Item Size\";s:5:\"value\";s:12:\"219*139*45mm\";s:8:\"position\";i:0;s:10:\"is_visible\";i:1;s:12:\"is_variation\";i:0;s:11:\"is_taxonomy\";i:0;}s:7:\"qty-ctn\";a:6:{s:4:\"name\";s:7:\"QTY\/CTN\";s:5:\"value\";s:3:\"400\";s:8:\"position\";i:1;s:10:\"is_visible\";i:1;s:12:\"is_variation\";i:0;s:11:\"is_taxonomy\";i:0;}}"],"_product_version":["9.4.2"],"_price":["1"],"_wp_old_date":["2024-11-26"],"rank_math_analytic_object_id":["24"],"classic-editor-remember":["classic-editor"],"rank_math_seo_score":["81"],"rank_math_contentai_score":["a:5:{s:8:\"keywords\";s:5:\"74.51\";s:9:\"wordCount\";s:1:\"0\";s:9:\"linkCount\";s:1:\"0\";s:12:\"headingCount\";s:1:\"0\";s:10:\"mediaCount\";s:1:\"0\";}"],"_jet_woo_template":[""],"_template_type":["default"],"rank_math_primary_product_cat":["23"],"_ywraq_hide_quote_button_check":[""],"_ywraq_hide_quote_button":["0"],"_edit_lock":["1752160273:1"],"_edit_last":["1"],"rank_math_focus_keyword":["Bagasse Sushi Tray"],"_thumbnail_id":["3058"],"_product_image_gallery":["3059,3060,3061,3354"],"_uag_css_file_name":["uag-css-1739.css"],"_uag_page_assets":["a:9:{s:3:\"css\";s:0:\"\";s:2:\"js\";s:0:\"\";s:18:\"current_block_list\";a:6:{i:0;s:10:\"core\/group\";i:1;s:12:\"core\/heading\";i:2;s:17:\"core\/latest-posts\";i:3;s:20:\"core\/latest-comments\";i:4;s:13:\"core\/archives\";i:5;s:15:\"core\/categories\";}s:8:\"uag_flag\";b:0;s:11:\"uag_version\";i:1777300730;s:6:\"gfonts\";a:0:{}s:10:\"gfonts_url\";s:0:\"\";s:12:\"gfonts_files\";a:0:{}s:14:\"uag_faq_layout\";b:0;}"]},"uagb_featured_image_src":{"full":["https:\/\/www.manluenpack.com\/wp-content\/uploads\/2025\/03\/WL-07-Manluen-Bagasse-Sushi-Tray.webp",1000,1000,false],"thumbnail":["https:\/\/www.manluenpack.com\/wp-content\/uploads\/2025\/03\/WL-07-Manluen-Bagasse-Sushi-Tray.webp",150,150,false],"medium":["https:\/\/www.manluenpack.com\/wp-content\/uploads\/2025\/03\/WL-07-Manluen-Bagasse-Sushi-Tray.webp",300,300,false],"medium_large":["https:\/\/www.manluenpack.com\/wp-content\/uploads\/2025\/03\/WL-07-Manluen-Bagasse-Sushi-Tray.webp",768,768,false],"large":["https:\/\/www.manluenpack.com\/wp-content\/uploads\/2025\/03\/WL-07-Manluen-Bagasse-Sushi-Tray.webp",1000,1000,false],"1536x1536":["https:\/\/www.manluenpack.com\/wp-content\/uploads\/2025\/03\/WL-07-Manluen-Bagasse-Sushi-Tray.webp",1000,1000,false],"2048x2048":["https:\/\/www.manluenpack.com\/wp-content\/uploads\/2025\/03\/WL-07-Manluen-Bagasse-Sushi-Tray.webp",1000,1000,false],"trp-custom-language-flag":["https:\/\/www.manluenpack.com\/wp-content\/uploads\/2025\/03\/WL-07-Manluen-Bagasse-Sushi-Tray.webp",12,12,false],"menu-24x24":["https:\/\/www.manluenpack.com\/wp-content\/uploads\/2025\/03\/WL-07-Manluen-Bagasse-Sushi-Tray.webp",24,24,false],"menu-36x36":["https:\/\/www.manluenpack.com\/wp-content\/uploads\/2025\/03\/WL-07-Manluen-Bagasse-Sushi-Tray.webp",36,36,false],"menu-48x48":["https:\/\/www.manluenpack.com\/wp-content\/uploads\/2025\/03\/WL-07-Manluen-Bagasse-Sushi-Tray.webp",48,48,false],"woocommerce_thumbnail":["https:\/\/www.manluenpack.com\/wp-content\/uploads\/2025\/03\/WL-07-Manluen-Bagasse-Sushi-Tray.webp",300,300,false],"woocommerce_single":["https:\/\/www.manluenpack.com\/wp-content\/uploads\/2025\/03\/WL-07-Manluen-Bagasse-Sushi-Tray.webp",600,600,false],"woocommerce_gallery_thumbnail":["https:\/\/www.manluenpack.com\/wp-content\/uploads\/2025\/03\/WL-07-Manluen-Bagasse-Sushi-Tray.webp",100,100,false]},"uagb_author_info":{"display_name":"ManLuenpack","author_link":"https:\/\/www.manluenpack.com\/fr\/author\/"},"uagb_comment_info":0,"uagb_excerpt":"The\u00a0WL-07 Manluen Eco-friendly Bagasse Sushi Tray is made from eco-friendly, biodegradable materials, with a unique 219*139*45 mm size design that balances large capacity and an elegant appearance. It perfectly accommodates&hellip;","_links":{"self":[{"href":"https:\/\/www.manluenpack.com\/fr\/wp-json\/wp\/v2\/product\/1739","targetHints":{"allow":["GET"]}}],"collection":[{"href":"https:\/\/www.manluenpack.com\/fr\/wp-json\/wp\/v2\/product"}],"about":[{"href":"https:\/\/www.manluenpack.com\/fr\/wp-json\/wp\/v2\/types\/product"}],"wp:featuredmedia":[{"embeddable":true,"href":"https:\/\/www.manluenpack.com\/fr\/wp-json\/wp\/v2\/media\/3058"}],"wp:attachment":[{"href":"https:\/\/www.manluenpack.com\/fr\/wp-json\/wp\/v2\/media?parent=1739"}],"wp:term":[{"taxonomy":"product_brand","embeddable":true,"href":"https:\/\/www.manluenpack.com\/fr\/wp-json\/wp\/v2\/product_brand?post=1739"},{"taxonomy":"product_cat","embeddable":true,"href":"https:\/\/www.manluenpack.com\/fr\/wp-json\/wp\/v2\/product_cat?post=1739"},{"taxonomy":"product_tag","embeddable":true,"href":"https:\/\/www.manluenpack.com\/fr\/wp-json\/wp\/v2\/product_tag?post=1739"}],"curies":[{"name":"wp","href":"https:\/\/api.w.org\/{rel}","templated":true}]}}