{"id":1728,"date":"2025-03-06T23:54:28","date_gmt":"2025-03-06T15:54:28","guid":{"rendered":"https:\/\/www.manluenpack.com\/?post_type=product&#038;p=1728"},"modified":"2026-02-20T21:31:14","modified_gmt":"2026-02-20T13:31:14","slug":"wl-01-manluen-gold-sushi-box","status":"publish","type":"product","link":"https:\/\/www.manluenpack.com\/fr\/products\/wl-01-manluen-gold-sushi-box\/","title":{"rendered":"Bo\u00eete de sushi Or Manluen WL-01"},"content":{"rendered":"<p>Con\u00e7ue dans des dimensions compactes de 226*96*45 mm, cette bo\u00eete \u00e0 sushi WL-01 Manluen Gold concilie parfaitement l'\u00e9conomie d'espace et la pr\u00e9servation de la fra\u00eecheur. Sa structure \u00e9l\u00e9gante pr\u00e9serve le go\u00fbt authentique de la cuisine japonaise, garantissant que chaque bouch\u00e9e est aussi fra\u00eeche que pr\u00e9vu. Que ce soit pour un usage domestique ou pour des repas sur le pouce, cette bo\u00eete \u00e0 sushis allie fonctionnalit\u00e9 et esth\u00e9tique, ce qui en fait un choix id\u00e9al pour les amateurs de sushis.<\/p>\n<ul>\n<li>Emballage<br \/>\nEmballage en carton<\/li>\n<li>Couleur<br \/>\nL'or<\/li>\n<li>Quantit\u00e9 par carton<br \/>\n600 ensembles<\/li>\n<li>Mat\u00e9riau<br \/>\nCouvercle : OPS\/PET ; Base : PS\/PP<\/li>\n<li>Sp\u00e9cifications de l'emballage<br \/>\n0,088 m\u00e8tre cube<\/li>\n<\/ul>\n<h3><strong><b>Emballage et livraison<\/b><\/strong><\/h3>\n<p>La bo\u00eete \u00e0 sushi WL-01 Manluen Gold avec couvercle est emball\u00e9e dans des mat\u00e9riaux minimalistes, \u00e9l\u00e9gants et respectueux de l'environnement, avec une fabrication m\u00e9ticuleuse. Un rev\u00eatement int\u00e9rieur antichoc prot\u00e8ge le produit pendant le transport et garantit qu'il arrive en parfait \u00e9tat. Chaque livraison refl\u00e8te un m\u00e9lange d'\u00e9l\u00e9gance rituelle et de praticit\u00e9, incarnant l'esth\u00e9tique japonaise et le d\u00e9vouement artisanal pour am\u00e9liorer votre exp\u00e9rience des sushis.<\/p>\n<h3><strong><b>Sc\u00e9narios d'utilisation<\/b><\/strong><\/h3>\n<p>La bo\u00eete \u00e0 sushis WL-01 Manluen Classic Gold s'adapte sans effort \u00e0 divers environnements. Son design compact permet un rangement et une pr\u00e9sentation ordonn\u00e9s, ajoutant un charme rituel \u00e0 chaque moment du repas.<\/p>\n<ul>\n<li>R\u00e9unions \u00e0 domicile : Pr\u00e9sentez des sushis fra\u00eechement pr\u00e9par\u00e9s avec \u00e9l\u00e9gance.<\/li>\n<li>Pique-niques en plein air : Transportez des d\u00e9lices gastronomiques avec style.<\/li>\n<li>Des cadeaux bien pens\u00e9s : Impressionnez avec une touche de sophistication japonaise.<\/li>\n<\/ul>\n<h3><strong><b>Mat\u00e9riaux de qualit\u00e9 alimentaire sup\u00e9rieure<\/b><\/strong><\/h3>\n<p>Fabriqu\u00e9e \u00e0 partir de mat\u00e9riaux \u00e9cologiques de haute qualit\u00e9, la bo\u00eete \u00e0 sushi japonaise WL-01 Manluen est \u00e0 la fois l\u00e9g\u00e8re et durable. Non toxique, inodore et hygi\u00e9nique, elle pr\u00e9serve la fra\u00eecheur des ingr\u00e9dients. La surface lisse et r\u00e9sistante aux rayures est facile \u00e0 nettoyer et conserve un aspect neuf m\u00eame en cas d'utilisation fr\u00e9quente.<\/p>\n<h3><strong><b>Conception empilable<\/b><\/strong><\/h3>\n<p>La conception astucieuse et empilable maximise l'efficacit\u00e9 de l'espace. Les dimensions con\u00e7ues avec pr\u00e9cision et les mat\u00e9riaux robustes garantissent un empilage stable, ce qui simplifie le stockage et le transport.<\/p>","protected":false},"excerpt":{"rendered":"<p>Designed with a compact 226*96*45 mm dimension, this WL-01 Manluen Gold Sushi Box perfectly balances space-saving practicality and freshness preservation. Its sleek structure maintains the authentic taste of Japanese cuisine,&hellip;<\/p>","protected":false},"featured_media":0,"template":"","meta":{"_uag_custom_page_level_css":""},"product_brand":[],"product_cat":[23],"product_tag":[102],"class_list":{"0":"post-1728","1":"product","2":"type-product","3":"status-publish","5":"product_cat-sushi-trays","6":"product_tag-sushi","8":"first","9":"instock","10":"shipping-taxable","11":"purchasable","12":"product-type-simple"},"spectra_custom_meta":{"rank_math_internal_links_processed":["1","1","1","1","1","1","1","1"],"_sku":["WL-01-GOLD"],"_regular_price":["1"],"total_sales":["0"],"_tax_status":["taxable"],"_tax_class":[""],"_manage_stock":["no"],"_backorders":["no"],"_sold_individually":["no"],"_virtual":["no"],"_downloadable":["no"],"_product_image_gallery":["3309,3308,4758,4759"],"_download_limit":["0"],"_download_expiry":["0"],"_stock":[null],"_stock_status":["instock"],"_wc_average_rating":["0"],"_wc_review_count":["0"],"_product_attributes":["a:2:{s:9:\"item-size\";a:6:{s:4:\"name\";s:9:\"Item Size\";s:5:\"value\";s:11:\"226*96*45mm\";s:8:\"position\";i:0;s:10:\"is_visible\";i:1;s:12:\"is_variation\";i:0;s:11:\"is_taxonomy\";i:0;}s:7:\"qty-ctn\";a:6:{s:4:\"name\";s:7:\"QTY\/CTN\";s:5:\"value\";s:3:\"600\";s:8:\"position\";i:1;s:10:\"is_visible\";i:1;s:12:\"is_variation\";i:0;s:11:\"is_taxonomy\";i:0;}}"],"_product_version":["10.5.2"],"_price":["1"],"_wp_old_date":["2024-11-26"],"rank_math_analytic_object_id":["24"],"classic-editor-remember":["classic-editor"],"rank_math_seo_score":["100"],"rank_math_contentai_score":["a:5:{s:8:\"keywords\";s:5:\"74.51\";s:9:\"wordCount\";s:1:\"0\";s:9:\"linkCount\";s:1:\"0\";s:12:\"headingCount\";s:1:\"0\";s:10:\"mediaCount\";s:1:\"0\";}"],"_jet_woo_template":[""],"_template_type":["default"],"rank_math_primary_product_cat":["23"],"_ywraq_hide_quote_button_check":[""],"_ywraq_hide_quote_button":["0"],"_edit_lock":["1771594178:1"],"_edit_last":["1"],"rank_math_focus_keyword":["Sushi Box"],"_wp_old_slug":["classic-japanese-style-freshness-preserving-portable-sushi-box"],"rank_math_title":["WL-01 Manluen Gold Sushi Box - ManLuen Pack"],"_uag_css_file_name":["uag-css-1728.css"],"_uag_page_assets":["a:9:{s:3:\"css\";s:0:\"\";s:2:\"js\";s:0:\"\";s:18:\"current_block_list\";a:6:{i:0;s:10:\"core\/group\";i:1;s:12:\"core\/heading\";i:2;s:17:\"core\/latest-posts\";i:3;s:20:\"core\/latest-comments\";i:4;s:13:\"core\/archives\";i:5;s:15:\"core\/categories\";}s:8:\"uag_flag\";b:0;s:11:\"uag_version\";i:1777292105;s:6:\"gfonts\";a:0:{}s:10:\"gfonts_url\";s:0:\"\";s:12:\"gfonts_files\";a:0:{}s:14:\"uag_faq_layout\";b:0;}"]},"uagb_featured_image_src":{"full":false,"thumbnail":false,"medium":false,"medium_large":false,"large":false,"1536x1536":false,"2048x2048":false,"trp-custom-language-flag":false,"menu-24x24":false,"menu-36x36":false,"menu-48x48":false,"woocommerce_thumbnail":false,"woocommerce_single":false,"woocommerce_gallery_thumbnail":false},"uagb_author_info":{"display_name":"ManLuenpack","author_link":"https:\/\/www.manluenpack.com\/fr\/author\/"},"uagb_comment_info":0,"uagb_excerpt":"Designed with a compact 226*96*45 mm dimension, this WL-01 Manluen Gold Sushi Box perfectly balances space-saving practicality and freshness preservation. Its sleek structure maintains the authentic taste of Japanese cuisine,&hellip;","_links":{"self":[{"href":"https:\/\/www.manluenpack.com\/fr\/wp-json\/wp\/v2\/product\/1728","targetHints":{"allow":["GET"]}}],"collection":[{"href":"https:\/\/www.manluenpack.com\/fr\/wp-json\/wp\/v2\/product"}],"about":[{"href":"https:\/\/www.manluenpack.com\/fr\/wp-json\/wp\/v2\/types\/product"}],"wp:attachment":[{"href":"https:\/\/www.manluenpack.com\/fr\/wp-json\/wp\/v2\/media?parent=1728"}],"wp:term":[{"taxonomy":"product_brand","embeddable":true,"href":"https:\/\/www.manluenpack.com\/fr\/wp-json\/wp\/v2\/product_brand?post=1728"},{"taxonomy":"product_cat","embeddable":true,"href":"https:\/\/www.manluenpack.com\/fr\/wp-json\/wp\/v2\/product_cat?post=1728"},{"taxonomy":"product_tag","embeddable":true,"href":"https:\/\/www.manluenpack.com\/fr\/wp-json\/wp\/v2\/product_tag?post=1728"}],"curies":[{"name":"wp","href":"https:\/\/api.w.org\/{rel}","templated":true}]}}