{"id":1722,"date":"2025-03-06T21:24:17","date_gmt":"2025-03-06T13:24:17","guid":{"rendered":"https:\/\/www.manluenpack.com\/?post_type=product&#038;p=1722"},"modified":"2026-02-20T21:07:41","modified_gmt":"2026-02-20T13:07:41","slug":"wl-03-manluen-gold-sushi-box","status":"publish","type":"product","link":"https:\/\/www.manluenpack.com\/fr\/products\/wl-03-manluen-gold-sushi-box\/","title":{"rendered":"Bo\u00eete de sushi Or Manluen WL-03"},"content":{"rendered":"<p>Le plateau \u00e0 sushis WL-03 Manluen avec couvercle pr\u00e9sente un design unique de 168*118*45 mm, \u00e9quilibrant parfaitement portabilit\u00e9 et fonctionnalit\u00e9. Son espace compact permet d'accueillir les sushis sans probl\u00e8me, tout en pr\u00e9servant l'int\u00e9grit\u00e9 et la fra\u00eecheur des aliments. Les lignes minimalistes et fluides, associ\u00e9es \u00e0 des mat\u00e9riaux de qualit\u00e9 sup\u00e9rieure, exhalent une \u00e9l\u00e9gance discr\u00e8te.<\/p>\n<ul>\n<li>Emballage<br \/>\nEmballage en carton<\/li>\n<li>Couleur<br \/>\nL'or<\/li>\n<li>Quantit\u00e9 par carton<br \/>\n400 jeux<\/li>\n<li>Mat\u00e9riau<br \/>\nCouvercle : OPS\/PET ; Base : PS\/PP<\/li>\n<li>Sp\u00e9cifications de l'emballage<br \/>\n0,056 m\u00e8tre cube<\/li>\n<\/ul>\n<p>&nbsp;<\/p>\n<ul>\n<li style=\"list-style-type: none;\">\n<table style=\"height: 160px;\" width=\"500\"><!-- \u8868\u683c\u7684\u8fb9\u6846\u4e3a1\u4e2a\u50cf\u7d20 --><!-- \u5355\u5143\u683c\u7684\u5185\u8fb9\u8ddd\u4e3a1\u50cf\u7d20 --><!-- \u5355\u5143\u683c\u4e4b\u95f4\u7684\u95f4\u8ddd\u4e3a0\u50cf\u7d20 --><!-- \u8fb9\u6846\u89c4\u5219\u4e3a\u4e24\u4fa7\u8fb9\u6846 --><\/p>\n<tbody>\n<tr>\n<td align=\"center\" bgcolor=\"EFEFEF\"><\/td>\n<td align=\"center\" bgcolor=\"EFEFEF\">Taille du produit<\/td>\n<td align=\"center\" bgcolor=\"EFEFEF\">Quantit\u00e9<\/td>\n<td align=\"center\" bgcolor=\"EFEFEF\">Taille du carton<\/td>\n<\/tr>\n<tr>\n<td align=\"center\" bgcolor=\"EFEFEF\">WL-0.1<\/td>\n<td align=\"center\">111*101*45mm<\/td>\n<td align=\"center\">800<\/td>\n<td align=\"center\">462*330*442<\/td>\n<\/tr>\n<tr>\n<td align=\"center\" bgcolor=\"EFEFEF\">WL-00<\/td>\n<td align=\"center\">142*82*45mm<\/td>\n<td align=\"center\">600<\/td>\n<td align=\"center\">353*315*448<\/td>\n<\/tr>\n<tr>\n<td align=\"center\" bgcolor=\"EFEFEF\">WL-0,6<\/td>\n<td align=\"center\">167*92*45mm<\/td>\n<td align=\"center\">600<\/td>\n<td align=\"center\">525*325*400<\/td>\n<\/tr>\n<tr>\n<td align=\"center\" bgcolor=\"EFEFEF\">WL-01<\/td>\n<td align=\"center\">226*96*45mm<\/td>\n<td align=\"center\">400<\/td>\n<td align=\"center\">470*320*385<\/td>\n<\/tr>\n<tr>\n<td align=\"center\" bgcolor=\"EFEFEF\">WL-03<\/td>\n<td align=\"center\">168*118*45mm<\/td>\n<td align=\"center\">400<\/td>\n<td align=\"center\">505*305*365<\/td>\n<\/tr>\n<tr>\n<td align=\"center\" bgcolor=\"EFEFEF\">WL-05<\/td>\n<td align=\"center\">188*132*45mm<\/td>\n<td align=\"center\">400<\/td>\n<td align=\"center\">555*300*395<\/td>\n<\/tr>\n<tr>\n<td align=\"center\" bgcolor=\"EFEFEF\">WL-07<\/td>\n<td align=\"center\">219*139*45mm<\/td>\n<td align=\"center\">400<\/td>\n<td align=\"center\">580*310*455<\/td>\n<\/tr>\n<tr>\n<td align=\"center\" bgcolor=\"EFEFEF\">WL-09<\/td>\n<td align=\"center\">241*148*45mm<\/td>\n<td align=\"center\">300<\/td>\n<td align=\"center\">500*325*460<\/td>\n<\/tr>\n<tr>\n<td align=\"center\" bgcolor=\"EFEFEF\">WL-11<\/td>\n<td align=\"center\">260*188*45mm<\/td>\n<td align=\"center\">200<\/td>\n<td align=\"center\">540*360*395<\/td>\n<\/tr>\n<\/tbody>\n<\/table>\n<\/li>\n<\/ul>\n<ul>\n<li style=\"list-style-type: none;\"><\/li>\n<\/ul>\n<h3><strong><b>Emballage et livraison<\/b><\/strong><\/h3>\n<p>Notre plateau \u00e0 sushi noir avec couvercle est pr\u00e9sent\u00e9 dans un emballage d'une \u00e9l\u00e9gante simplicit\u00e9, utilisant des mat\u00e9riaux respectueux de l'environnement et un savoir-faire artisanal de qualit\u00e9. Chaque d\u00e9tail est m\u00e9ticuleusement soign\u00e9 pour garantir que le produit arrive en parfait \u00e9tat. \u00c0 la livraison, vous assisterez \u00e0 un d\u00e9ballage c\u00e9r\u00e9monieux, o\u00f9 la bo\u00eete \u00e0 sushis et son emballage se compl\u00e8tent, incarnant parfaitement l'esth\u00e9tique minimaliste japonaise. Cela ajoute une touche d'\u00e9l\u00e9gance et de pr\u00e9venance, que ce soit pour un usage personnel ou pour un cadeau.<\/p>\n<h3><strong><b>Sc\u00e9narios d'utilisation<\/b><\/strong><\/h3>\n<p>Le plateau \u00e0 sushis WL-03 Manluen Wholesale s'int\u00e8gre parfaitement dans divers environnements gr\u00e2ce \u00e0 son design \u00e9l\u00e9gant. Qu'il s'agisse de servir des sushis faits maison dans la vie familiale quotidienne, de mettre en valeur le style lors des d\u00e9jeuners au bureau ou de transporter de d\u00e9licieux repas lors de pique-niques en plein air, il excelle dans tous les sc\u00e9narios. Sa taille unique garantit la portabilit\u00e9 tout en conservant une pr\u00e9sentation soign\u00e9e des aliments, faisant de chaque repas un moment c\u00e9r\u00e9monieux et ajoutant une touche de simplicit\u00e9 japonaise \u00e0 la vie.<\/p>\n<h3><strong><b>R\u00e9sistant \u00e0 la temp\u00e9rature et facile \u00e0 nettoyer <\/b><\/strong><\/h3>\n<p>La bo\u00eete \u00e0 sushi de luxe WL-03 Manluen est fabriqu\u00e9e \u00e0 partir de mat\u00e9riaux r\u00e9sistants \u00e0 la temp\u00e9rature. Elle peut accueillir sans probl\u00e8me des aliments chauds ou froids tout en pr\u00e9servant la saveur originale et la s\u00e9curit\u00e9 des ingr\u00e9dients. Sa surface lisse et fine est r\u00e9sistante aux taches et facile \u00e0 nettoyer, ce qui garantit une exp\u00e9rience de lavage sans tracas.<\/p>","protected":false},"excerpt":{"rendered":"<p>Le plateau \u00e0 sushis WL-03 Manluen avec couvercle pr\u00e9sente un design unique de 168*118*45 mm, \u00e9quilibrant parfaitement portabilit\u00e9 et fonctionnalit\u00e9. Son espace compact permet d'accueillir les sushis sans probl\u00e8me, tout en pr\u00e9servant l'int\u00e9grit\u00e9 et la fra\u00eecheur des aliments. Les lignes minimalistes et fluides, associ\u00e9es \u00e0 des mat\u00e9riaux de qualit\u00e9 sup\u00e9rieure, exhalent une \u00e9l\u00e9gance discr\u00e8te.<\/p>","protected":false},"featured_media":0,"template":"","meta":{"_uag_custom_page_level_css":""},"product_brand":[],"product_cat":[23],"product_tag":[102],"class_list":{"0":"post-1722","1":"product","2":"type-product","3":"status-publish","5":"product_cat-sushi-trays","6":"product_tag-sushi","8":"first","9":"instock","10":"shipping-taxable","11":"purchasable","12":"product-type-simple"},"spectra_custom_meta":{"rank_math_internal_links_processed":["1","1","1"],"_sku":["WL-03-GOLD"],"_regular_price":["1"],"total_sales":["0"],"_tax_status":["taxable"],"_tax_class":[""],"_manage_stock":["no"],"_backorders":["no"],"_sold_individually":["no"],"_virtual":["no"],"_downloadable":["no"],"_product_image_gallery":["3314,3312,3311,4752"],"_download_limit":["0"],"_download_expiry":["0"],"_stock":[null],"_stock_status":["instock"],"_wc_average_rating":["0"],"_wc_review_count":["0"],"_product_attributes":["a:2:{s:9:\"item-size\";a:6:{s:4:\"name\";s:9:\"Item Size\";s:5:\"value\";s:12:\"168*118*45mm\";s:8:\"position\";i:0;s:10:\"is_visible\";i:1;s:12:\"is_variation\";i:0;s:11:\"is_taxonomy\";i:0;}s:7:\"qty-ctn\";a:6:{s:4:\"name\";s:7:\"QTY\/CTN\";s:5:\"value\";s:3:\"600\";s:8:\"position\";i:1;s:10:\"is_visible\";i:1;s:12:\"is_variation\";i:0;s:11:\"is_taxonomy\";i:0;}}"],"_product_version":["10.5.2"],"_price":["1"],"_wp_old_date":["2024-11-26"],"rank_math_analytic_object_id":["24"],"classic-editor-remember":["classic-editor"],"rank_math_seo_score":["100"],"rank_math_contentai_score":["a:5:{s:8:\"keywords\";s:5:\"74.51\";s:9:\"wordCount\";s:1:\"0\";s:9:\"linkCount\";s:1:\"0\";s:12:\"headingCount\";s:1:\"0\";s:10:\"mediaCount\";s:1:\"0\";}"],"_jet_woo_template":[""],"_template_type":["default"],"rank_math_primary_product_cat":["23"],"_ywraq_hide_quote_button_check":[""],"_ywraq_hide_quote_button":["0"],"_edit_lock":["1771595154:1"],"_edit_last":["1"],"rank_math_focus_keyword":["Sushi Box,Gold Sushi Box"],"_wp_old_slug":["minimalist-aesthetic-sushi-box"],"_uag_css_file_name":["uag-css-1722.css"],"_uag_page_assets":["a:9:{s:3:\"css\";s:0:\"\";s:2:\"js\";s:0:\"\";s:18:\"current_block_list\";a:6:{i:0;s:10:\"core\/group\";i:1;s:12:\"core\/heading\";i:2;s:17:\"core\/latest-posts\";i:3;s:20:\"core\/latest-comments\";i:4;s:13:\"core\/archives\";i:5;s:15:\"core\/categories\";}s:8:\"uag_flag\";b:0;s:11:\"uag_version\";i:1777300730;s:6:\"gfonts\";a:0:{}s:10:\"gfonts_url\";s:0:\"\";s:12:\"gfonts_files\";a:0:{}s:14:\"uag_faq_layout\";b:0;}"]},"uagb_featured_image_src":{"full":false,"thumbnail":false,"medium":false,"medium_large":false,"large":false,"1536x1536":false,"2048x2048":false,"trp-custom-language-flag":false,"menu-24x24":false,"menu-36x36":false,"menu-48x48":false,"woocommerce_thumbnail":false,"woocommerce_single":false,"woocommerce_gallery_thumbnail":false},"uagb_author_info":{"display_name":"ManLuenpack","author_link":"https:\/\/www.manluenpack.com\/fr\/author\/"},"uagb_comment_info":0,"uagb_excerpt":"The WL-03 Manluen Gold Sushi Box features a unique 168*118*45 mm design, perfectly balancing portability and functionality. Its compact space accommodates sushi flawlessly, preserving the food's integrity and freshness. The minimalist, flowing lines paired with premium materials exude understated elegance.","_links":{"self":[{"href":"https:\/\/www.manluenpack.com\/fr\/wp-json\/wp\/v2\/product\/1722","targetHints":{"allow":["GET"]}}],"collection":[{"href":"https:\/\/www.manluenpack.com\/fr\/wp-json\/wp\/v2\/product"}],"about":[{"href":"https:\/\/www.manluenpack.com\/fr\/wp-json\/wp\/v2\/types\/product"}],"wp:attachment":[{"href":"https:\/\/www.manluenpack.com\/fr\/wp-json\/wp\/v2\/media?parent=1722"}],"wp:term":[{"taxonomy":"product_brand","embeddable":true,"href":"https:\/\/www.manluenpack.com\/fr\/wp-json\/wp\/v2\/product_brand?post=1722"},{"taxonomy":"product_cat","embeddable":true,"href":"https:\/\/www.manluenpack.com\/fr\/wp-json\/wp\/v2\/product_cat?post=1722"},{"taxonomy":"product_tag","embeddable":true,"href":"https:\/\/www.manluenpack.com\/fr\/wp-json\/wp\/v2\/product_tag?post=1722"}],"curies":[{"name":"wp","href":"https:\/\/api.w.org\/{rel}","templated":true}]}}