{"id":1719,"date":"2025-03-05T23:52:57","date_gmt":"2025-03-05T15:52:57","guid":{"rendered":"https:\/\/www.manluenpack.com\/?post_type=product&#038;p=1719"},"modified":"2025-07-12T00:04:20","modified_gmt":"2025-07-11T16:04:20","slug":"wl-0-1-manluen-sushi-tray","status":"publish","type":"product","link":"https:\/\/www.manluenpack.com\/fr\/products\/wl-0-1-manluen-sushi-tray\/","title":{"rendered":"WL-0.1 Plateau \u00e0 sushi Manluen"},"content":{"rendered":"<p>Le plateau \u00e0 sushi japonais WL-0.1 Manluen est con\u00e7u selon le nombre d'or de 111*101*45 mm, ce qui lui conf\u00e8re un design \u00e0 la fois compact et \u00e9l\u00e9gant. Son contour carr\u00e9 \u00e9quilibre l'efficacit\u00e9 spatiale et l'attrait visuel, ce qui le rend l\u00e9ger et adaptable \u00e0 la fois \u00e0 la pr\u00e9sentation et \u00e0 la portabilit\u00e9. Robuste et empilable, il t\u00e9moigne d'une fabrication soign\u00e9e et offre une exp\u00e9rience de transport de sushis \u00e0 la fois simple et haut de gamme.<\/p>\n<ul>\n<li>Emballage<br \/>\nEmballage en carton<\/li>\n<li>Couleur<br \/>\nNoir<\/li>\n<li>Quantit\u00e9 par carton<br \/>\n800 jeux<\/li>\n<li>Mat\u00e9riau<br \/>\nCouvercle : OPS ; Base : PS<\/li>\n<li>Sp\u00e9cifications de l'emballage<br \/>\n0,067 m\u00e8tre cube<\/li>\n<li style=\"list-style-type: none;\"><\/li>\n<\/ul>\n<p>&nbsp;<\/p>\n<ul>\n<li style=\"list-style-type: none;\">\n<table style=\"height: 160px;\" width=\"500\"><!-- \u8868\u683c\u7684\u8fb9\u6846\u4e3a1\u4e2a\u50cf\u7d20 --><!-- \u5355\u5143\u683c\u7684\u5185\u8fb9\u8ddd\u4e3a1\u50cf\u7d20 --><!-- \u5355\u5143\u683c\u4e4b\u95f4\u7684\u95f4\u8ddd\u4e3a0\u50cf\u7d20 --><!-- \u8fb9\u6846\u89c4\u5219\u4e3a\u4e24\u4fa7\u8fb9\u6846 --><\/p>\n<tbody>\n<tr>\n<td align=\"center\" bgcolor=\"EFEFEF\"><\/td>\n<td align=\"center\" bgcolor=\"EFEFEF\">Taille du produit<\/td>\n<td align=\"center\" bgcolor=\"EFEFEF\">Quantit\u00e9<\/td>\n<td align=\"center\" bgcolor=\"EFEFEF\">Taille du carton<\/td>\n<\/tr>\n<tr>\n<td align=\"center\" bgcolor=\"EFEFEF\"><a href=\"https:\/\/www.manluenpack.com\/fr\/Products\/wl-00-manluen-sushi-tray\/\">WL-0.1<\/a><\/td>\n<td align=\"center\">111*101*45mm<\/td>\n<td align=\"center\">800<\/td>\n<td align=\"center\">462*330*442<\/td>\n<\/tr>\n<tr>\n<td align=\"center\" bgcolor=\"EFEFEF\">WL-00<\/td>\n<td align=\"center\">142*82*45mm<\/td>\n<td align=\"center\">600<\/td>\n<td align=\"center\">353*315*448<\/td>\n<\/tr>\n<tr>\n<td align=\"center\" bgcolor=\"EFEFEF\">WL-0,6<\/td>\n<td align=\"center\">167*92*45mm<\/td>\n<td align=\"center\">600<\/td>\n<td align=\"center\">525*325*400<\/td>\n<\/tr>\n<tr>\n<td align=\"center\" bgcolor=\"EFEFEF\">WL-01<\/td>\n<td align=\"center\">226*96*45mm<\/td>\n<td align=\"center\">400<\/td>\n<td align=\"center\">470*320*385<\/td>\n<\/tr>\n<tr>\n<td align=\"center\" bgcolor=\"EFEFEF\">WL-03<\/td>\n<td align=\"center\">168*118*45mm<\/td>\n<td align=\"center\">400<\/td>\n<td align=\"center\">505*305*365<\/td>\n<\/tr>\n<tr>\n<td align=\"center\" bgcolor=\"EFEFEF\">WL-05<\/td>\n<td align=\"center\">188*132*45mm<\/td>\n<td align=\"center\">400<\/td>\n<td align=\"center\">555*300*395<\/td>\n<\/tr>\n<tr>\n<td align=\"center\" bgcolor=\"EFEFEF\">WL-07<\/td>\n<td align=\"center\">219*139*45mm<\/td>\n<td align=\"center\">400<\/td>\n<td align=\"center\">580*310*455<\/td>\n<\/tr>\n<tr>\n<td align=\"center\" bgcolor=\"EFEFEF\">WL-09<\/td>\n<td align=\"center\">241*148*45mm<\/td>\n<td align=\"center\">300<\/td>\n<td align=\"center\">500*325*460<\/td>\n<\/tr>\n<tr>\n<td align=\"center\" bgcolor=\"EFEFEF\">WL-11<\/td>\n<td align=\"center\">260*188*45mm<\/td>\n<td align=\"center\">200<\/td>\n<td align=\"center\">540*360*395<\/td>\n<\/tr>\n<\/tbody>\n<\/table>\n<\/li>\n<li><a href=\"https:\/\/www.manluenpack.com\/fr\/products\/\">PLUS DE STYLE, PLUS DE STYLES...<\/a><\/li>\n<\/ul>\n<ul>\n<li style=\"list-style-type: none;\">\n<h3><strong><b>Emballage et livraison<\/b><\/strong><\/h3>\n<p>Le WL-0.1 Manluen Black Sakura Sushi Tray With Lid est dot\u00e9 d'un couvercle transparent et est emball\u00e9 avec un syst\u00e8me d'encapsulation modulaire. Le carton \u00e9cologique, l\u00e9ger mais r\u00e9sistant \u00e0 la pression, comprend des doublures antichocs personnalis\u00e9es, pr\u00e9cis\u00e9ment adapt\u00e9es aux dimensions compactes de 111*101*45 mm, ce qui garantit un transport s\u00fbr et s\u00e9curis\u00e9. Le processus de scellage et la logistique standardis\u00e9e garantissent un d\u00e9ballage facile et une livraison efficace, prot\u00e9geant chaque produit frais de la cha\u00eene de production \u00e0 la table de restaurant avec un soin m\u00e9ticuleux.<\/p>\n<h3><strong><b>Sc\u00e9narios d'utilisation<\/b><\/strong><\/h3>\n<p>Le plateau \u00e0 sushis classique noir de Manluen WL-0.1 combine des mat\u00e9riaux de haute qualit\u00e9 et un design exquis. Il r\u00e9pond aux diff\u00e9rents besoins de la restauration rapide tout en am\u00e9liorant la pr\u00e9sentation des aliments et l'exp\u00e9rience culinaire des clients. C'est un choix indispensable pour les industries modernes de la restauration rapide et de la vente \u00e0 emporter.<\/p>\n<ul>\n<li>Restaurants japonais haut de gamme<\/li>\n<li>R\u00e9unions de famille<\/li>\n<li>Pique-niques en plein air<\/li>\n<li>Magasins de sushis<\/li>\n<li>Restauration rapide<\/li>\n<li>Magasins de proximit\u00e9<\/li>\n<li>Supermarch\u00e9s<\/li>\n<\/ul>\n<h3><strong><b>Conception empilable<\/b><\/strong><\/h3>\n<p>Le plateau \u00e0 sushi jetable WL-0.1 de Manluen se distingue par son design astucieux et empilable. Sa forme carr\u00e9e permet non seulement d'\u00e9conomiser de l'espace de stockage, mais aussi de faciliter l'organisation et le transport. La structure d'empilage stable garantit que les plateaux restent bien en place lorsqu'ils sont empil\u00e9s, ce qui apporte commodit\u00e9 et ordre dans les cuisines et sur les tables \u00e0 manger.<\/li>\n<\/ul>\n<p><a href=\"https:\/\/www.google.com\/search?q=manluenpack\" target=\"_blank\" rel=\"noopener\">PLUS D'INFORMATIONS...<\/a><\/p>","protected":false},"excerpt":{"rendered":"<p>The WL-0.1 Manluen Japanese Sushi Tray is crafted with a golden ratio of 111*101*45 mm, offering a compact yet elegant design. Its square contour balances spatial efficiency and visual appeal,&hellip;<\/p>","protected":false},"featured_media":3284,"template":"","meta":{"_uag_custom_page_level_css":""},"product_brand":[],"product_cat":[23],"product_tag":[106,107,102],"class_list":{"0":"post-1719","1":"product","2":"type-product","3":"status-publish","4":"has-post-thumbnail","6":"product_cat-sushi-trays","7":"product_tag-maple-leaf-print","8":"product_tag-square-shape","9":"product_tag-sushi","11":"first","12":"instock","13":"shipping-taxable","14":"purchasable","15":"product-type-simple"},"spectra_custom_meta":{"rank_math_internal_links_processed":["1","1","1"],"_sku":["WL-0.1"],"_regular_price":["1"],"total_sales":["0"],"_tax_status":["taxable"],"_tax_class":[""],"_manage_stock":["no"],"_backorders":["no"],"_sold_individually":["no"],"_virtual":["no"],"_downloadable":["no"],"_product_image_gallery":["3288,3287,3286,3285"],"_download_limit":["0"],"_download_expiry":["0"],"_thumbnail_id":["3284"],"_stock":[null],"_stock_status":["instock"],"_wc_average_rating":["0"],"_wc_review_count":["0"],"_product_attributes":["a:2:{s:9:\"item-size\";a:6:{s:4:\"name\";s:9:\"Item Size\";s:5:\"value\";s:12:\"111*101*45mm\";s:8:\"position\";i:0;s:10:\"is_visible\";i:1;s:12:\"is_variation\";i:0;s:11:\"is_taxonomy\";i:0;}s:7:\"qty-ctn\";a:6:{s:4:\"name\";s:7:\"QTY\/CTN\";s:5:\"value\";s:3:\"800\";s:8:\"position\";i:1;s:10:\"is_visible\";i:1;s:12:\"is_variation\";i:0;s:11:\"is_taxonomy\";i:0;}}"],"_product_version":["9.4.2"],"_price":["1"],"_wp_old_date":["2024-11-26"],"rank_math_analytic_object_id":["24"],"classic-editor-remember":["classic-editor"],"rank_math_seo_score":["76"],"rank_math_contentai_score":["a:5:{s:8:\"keywords\";s:5:\"74.51\";s:9:\"wordCount\";s:1:\"0\";s:9:\"linkCount\";s:1:\"0\";s:12:\"headingCount\";s:1:\"0\";s:10:\"mediaCount\";s:1:\"0\";}"],"_jet_woo_template":[""],"_template_type":["default"],"rank_math_primary_product_cat":["23"],"_ywraq_hide_quote_button_check":[""],"_ywraq_hide_quote_button":["0"],"_edit_lock":["1752249808:1"],"_edit_last":["1"],"rank_math_focus_keyword":["sushi tray"],"_wp_old_slug":["small-square-sushi-takeout-box"],"rank_math_title":["WL-0.1 Manluen Sushi Tray"],"_uag_css_file_name":["uag-css-1719.css"],"_uag_page_assets":["a:9:{s:3:\"css\";s:0:\"\";s:2:\"js\";s:0:\"\";s:18:\"current_block_list\";a:6:{i:0;s:10:\"core\/group\";i:1;s:12:\"core\/heading\";i:2;s:17:\"core\/latest-posts\";i:3;s:20:\"core\/latest-comments\";i:4;s:13:\"core\/archives\";i:5;s:15:\"core\/categories\";}s:8:\"uag_flag\";b:0;s:11:\"uag_version\";i:1777300730;s:6:\"gfonts\";a:0:{}s:10:\"gfonts_url\";s:0:\"\";s:12:\"gfonts_files\";a:0:{}s:14:\"uag_faq_layout\";b:0;}"]},"uagb_featured_image_src":{"full":["https:\/\/www.manluenpack.com\/wp-content\/uploads\/2025\/03\/WL-0.1-manluen-sushi-box.webp",1100,1100,false],"thumbnail":["https:\/\/www.manluenpack.com\/wp-content\/uploads\/2025\/03\/WL-0.1-manluen-sushi-box.webp",150,150,false],"medium":["https:\/\/www.manluenpack.com\/wp-content\/uploads\/2025\/03\/WL-0.1-manluen-sushi-box.webp",300,300,false],"medium_large":["https:\/\/www.manluenpack.com\/wp-content\/uploads\/2025\/03\/WL-0.1-manluen-sushi-box.webp",768,768,false],"large":["https:\/\/www.manluenpack.com\/wp-content\/uploads\/2025\/03\/WL-0.1-manluen-sushi-box.webp",1024,1024,false],"1536x1536":["https:\/\/www.manluenpack.com\/wp-content\/uploads\/2025\/03\/WL-0.1-manluen-sushi-box.webp",1100,1100,false],"2048x2048":["https:\/\/www.manluenpack.com\/wp-content\/uploads\/2025\/03\/WL-0.1-manluen-sushi-box.webp",1100,1100,false],"trp-custom-language-flag":["https:\/\/www.manluenpack.com\/wp-content\/uploads\/2025\/03\/WL-0.1-manluen-sushi-box.webp",12,12,false],"menu-24x24":["https:\/\/www.manluenpack.com\/wp-content\/uploads\/2025\/03\/WL-0.1-manluen-sushi-box.webp",24,24,false],"menu-36x36":["https:\/\/www.manluenpack.com\/wp-content\/uploads\/2025\/03\/WL-0.1-manluen-sushi-box.webp",36,36,false],"menu-48x48":["https:\/\/www.manluenpack.com\/wp-content\/uploads\/2025\/03\/WL-0.1-manluen-sushi-box.webp",48,48,false],"woocommerce_thumbnail":["https:\/\/www.manluenpack.com\/wp-content\/uploads\/2025\/03\/WL-0.1-manluen-sushi-box.webp",300,300,false],"woocommerce_single":["https:\/\/www.manluenpack.com\/wp-content\/uploads\/2025\/03\/WL-0.1-manluen-sushi-box.webp",600,600,false],"woocommerce_gallery_thumbnail":["https:\/\/www.manluenpack.com\/wp-content\/uploads\/2025\/03\/WL-0.1-manluen-sushi-box.webp",100,100,false]},"uagb_author_info":{"display_name":"ManLuenpack","author_link":"https:\/\/www.manluenpack.com\/fr\/author\/"},"uagb_comment_info":0,"uagb_excerpt":"The WL-0.1 Manluen Japanese Sushi Tray is crafted with a golden ratio of 111*101*45 mm, offering a compact yet elegant design. Its square contour balances spatial efficiency and visual appeal,&hellip;","_links":{"self":[{"href":"https:\/\/www.manluenpack.com\/fr\/wp-json\/wp\/v2\/product\/1719","targetHints":{"allow":["GET"]}}],"collection":[{"href":"https:\/\/www.manluenpack.com\/fr\/wp-json\/wp\/v2\/product"}],"about":[{"href":"https:\/\/www.manluenpack.com\/fr\/wp-json\/wp\/v2\/types\/product"}],"wp:featuredmedia":[{"embeddable":true,"href":"https:\/\/www.manluenpack.com\/fr\/wp-json\/wp\/v2\/media\/3284"}],"wp:attachment":[{"href":"https:\/\/www.manluenpack.com\/fr\/wp-json\/wp\/v2\/media?parent=1719"}],"wp:term":[{"taxonomy":"product_brand","embeddable":true,"href":"https:\/\/www.manluenpack.com\/fr\/wp-json\/wp\/v2\/product_brand?post=1719"},{"taxonomy":"product_cat","embeddable":true,"href":"https:\/\/www.manluenpack.com\/fr\/wp-json\/wp\/v2\/product_cat?post=1719"},{"taxonomy":"product_tag","embeddable":true,"href":"https:\/\/www.manluenpack.com\/fr\/wp-json\/wp\/v2\/product_tag?post=1719"}],"curies":[{"name":"wp","href":"https:\/\/api.w.org\/{rel}","templated":true}]}}