{"id":4486,"date":"2025-12-22T14:09:37","date_gmt":"2025-12-22T06:09:37","guid":{"rendered":"https:\/\/www.manluenpack.com\/?post_type=product&#038;p=4486"},"modified":"2026-02-25T22:48:38","modified_gmt":"2026-02-25T14:48:38","slug":"manluen-high-quality-aluminum-foil-containers","status":"publish","type":"product","link":"https:\/\/www.manluenpack.com\/es\/products\/manluen-high-quality-aluminum-foil-containers\/","title":{"rendered":"Contenedores de aluminio de alta calidad Manluen"},"content":{"rendered":"<p>Este recipiente de papel de aluminio presenta un dise\u00f1o pr\u00e1ctico a prueba de fugas, lo que lo hace perfecto para contener comidas de una sola porci\u00f3n y reducir la molestia de lavar platos. Ligero y port\u00e1til, es adecuado para alimentos calientes y fr\u00edos, conservando el sabor original para una experiencia de comida conveniente y agradable.<\/p>\n<ul>\n<li>Tipo de embalaje<br \/>\nCaja<\/li>\n<li>Color<br \/>\nPlateado<\/li>\n<li>Capacidad<br \/>\n510 ml<\/li>\n<li>Cantidad por caja<br \/>\n1000 piezas<\/li>\n<li>Material<br \/>\nTapa: PS\/PET  Base: Papel de aluminio<\/li>\n<li>Fabricante<br \/>\n\u00c1rea de desarrollo Xilian, Jinsha, Nanhai, Ciudad de Foshan, Provincia de Guangdong, China. ManluenPack<\/li>\n<\/ul>\n<p>&nbsp;<\/p>\n<table>\n<tbody>\n<tr>\n<td width=\"189\">\n<p style=\"text-align: center;\">N\u00famero de art\u00edculo<\/p>\n<\/td>\n<td style=\"text-align: center;\" width=\"189\">Tama\u00f1o (mm)<\/td>\n<td width=\"189\">\n<p style=\"text-align: center;\">Piezas\/Caja<\/p>\n<\/td>\n<\/tr>\n<tr>\n<td width=\"189\">\n<p style=\"text-align: center;\">WL-C5<\/p>\n<\/td>\n<td style=\"text-align: center;\" width=\"189\">120*100*45<\/td>\n<td width=\"189\">\n<p style=\"text-align: center;\">1000<\/p>\n<\/td>\n<\/tr>\n<tr>\n<td width=\"189\">\n<p style=\"text-align: center;\">WL-C10<\/p>\n<\/td>\n<td style=\"text-align: center;\" width=\"189\">150*115*50<\/td>\n<td style=\"text-align: center;\" width=\"189\">1000<\/td>\n<\/tr>\n<tr>\n<td width=\"189\">\n<p style=\"text-align: center;\">WL-1711<\/p>\n<\/td>\n<td style=\"text-align: center;\" width=\"189\">170*115*35<\/td>\n<td width=\"189\">\n<p style=\"text-align: center;\">1000<\/p>\n<\/td>\n<\/tr>\n<tr>\n<td width=\"189\">\n<p style=\"text-align: center;\">WL-2650<\/p>\n<\/td>\n<td style=\"text-align: center;\" width=\"189\">168*138*45<\/td>\n<td width=\"189\">\n<p style=\"text-align: center;\">1000<\/p>\n<\/td>\n<\/tr>\n<tr>\n<td width=\"189\">\n<p style=\"text-align: center;\">WL-1650<\/p>\n<\/td>\n<td style=\"text-align: center;\" width=\"189\">200*110*45<\/td>\n<td width=\"189\">\n<p style=\"text-align: center;\">1000<\/p>\n<\/td>\n<\/tr>\n<tr>\n<td width=\"189\">\n<p style=\"text-align: center;\">WL-2114<\/p>\n<\/td>\n<td style=\"text-align: center;\" width=\"189\">212*142*45<\/td>\n<td width=\"189\">\n<p style=\"text-align: center;\">1000<\/p>\n<\/td>\n<\/tr>\n<tr>\n<td style=\"text-align: center;\" width=\"189\">WL-2216<\/td>\n<td style=\"text-align: center;\" width=\"189\">225*155*50<\/td>\n<td width=\"189\">\n<p style=\"text-align: center;\">1000<\/p>\n<\/td>\n<\/tr>\n<\/tbody>\n<\/table>\n<p>&nbsp;<\/p>\n<p>&nbsp;<\/p>\n<h2><strong><b>Embalaje y entrega<\/b><\/strong><\/h2>\n<p>Este recipiente de papel de aluminio est\u00e1 hecho de papel de aluminio de grado alimenticio. El embalaje sellado individual est\u00e1ndar previene la contaminaci\u00f3n cruzada, y la caja de cart\u00f3n corrugado engrosada presenta un etiquetado claro del producto. Podemos personalizar tama\u00f1os de recipientes y soluciones de impresi\u00f3n de embalaje para satisfacer las necesidades del cliente, y emplear m\u00e9todos log\u00edsticos a prueba de golpes y controlados en temperatura para garantizar servicios de entrega seguros y eficientes para catering, reposter\u00eda y clientes minoristas.<\/p>\n<p>&nbsp;<\/p>\n<h2><strong><b>Materiales de grado alimentario de alta calidad<\/b><\/strong><\/h2>\n<p>Estos envases de aluminio de papel de aluminio est\u00e1n hechos de papel de aluminio de grado alimentario de alta calidad, un material respetuoso con el medio ambiente y reciclable. Todos los materiales de papel de aluminio pasan por una rigurosa selecci\u00f3n y pruebas autorizadas para cumplir con los est\u00e1ndares internacionales de seguridad alimentaria.<\/p>\n<p>&nbsp;<\/p>\n<h2><strong><b>Ventajas del dise\u00f1o ergon\u00f3mico<\/b><\/strong><\/h2>\n<p>Adem\u00e1s, su forma ergon\u00f3mica contorneada permite un agarre y transporte f\u00e1ciles. Los bordes enrollados reforzados evitan rasgu\u00f1os en las manos y garantizan un manejo seguro. La base elevada anti-fugas permite una colocaci\u00f3n estable incluso con alimentos l\u00edquidos.<\/p>\n<h2><strong><b>Escenarios de uso<\/b><\/strong><\/h2>\n<p>Esta caja de papel de aluminio ligera es apilable y f\u00e1cil de almacenar, cabiendo f\u00e1cilmente en mochilas, neveras de picnic o bolsos de oficina. Es perfecta para camping al aire libre, hornear en casa, comida para llevar y barbacoas caseras, y tambi\u00e9n puede usarse como recipiente para sobras o vajilla para llevar.<\/p>\n<p>&nbsp;<\/p>\n<h2><strong><b>Resistente a altas temperaturas y reciclable<\/b><\/strong><\/h2>\n<p>Adapt\u00e1ndose tanto a escenarios de congelaci\u00f3n como de horneado. Aunque est\u00e1 dise\u00f1ada para un solo uso, su construcci\u00f3n de papel de aluminio reforzado garantiza una excelente resistencia a la deformaci\u00f3n bajo un uso normal. Animamos a los usuarios conscientes del medio ambiente a reciclarla de manera responsable despu\u00e9s de limpiar los residuos de comida.<\/p>","protected":false},"excerpt":{"rendered":"<p>Este recipiente de papel de aluminio presenta un dise\u00f1o pr\u00e1ctico a prueba de fugas, lo que lo hace perfecto para contener comidas de una sola porci\u00f3n y reducir la molestia de lavar platos. Ligero y port\u00e1til, es adecuado para alimentos calientes y fr\u00edos, conservando el sabor original para una experiencia de comida conveniente y agradable.<\/p>","protected":false},"featured_media":4517,"template":"","meta":{"_uag_custom_page_level_css":""},"product_brand":[],"product_cat":[412],"product_tag":[],"class_list":{"0":"post-4486","1":"product","2":"type-product","3":"status-publish","4":"has-post-thumbnail","6":"product_cat-aluminum-foil-box","8":"first","9":"instock","10":"shipping-taxable","11":"purchasable","12":"product-type-simple"},"spectra_custom_meta":{"classic-editor-remember":["classic-editor"],"_edit_lock":["1772031076:1"],"_edit_last":["1"],"rank_math_internal_links_processed":["1"],"rank_math_seo_score":["82"],"rank_math_contentai_score":["a:5:{s:8:\"keywords\";s:5:\"74.51\";s:9:\"wordCount\";s:1:\"0\";s:9:\"linkCount\";s:1:\"0\";s:12:\"headingCount\";s:1:\"0\";s:10:\"mediaCount\";s:1:\"0\";}"],"rank_math_focus_keyword":["Aluminum Foil Containers"],"rank_math_description":["Manluen High Quality Aluminum Foil Containers"],"rank_math_title":["Manluen High Quality Aluminum Foil Containers"],"rank_math_primary_product_cat":["412"],"_sku":["WL-1650"],"total_sales":["0"],"_tax_status":["taxable"],"_tax_class":[""],"_manage_stock":["no"],"_backorders":["no"],"_sold_individually":["no"],"_virtual":["no"],"_downloadable":["no"],"_download_limit":["-1"],"_download_expiry":["-1"],"_stock":[null],"_stock_status":["instock"],"_wc_average_rating":["0"],"_wc_review_count":["0"],"_product_version":["10.5.2"],"_product_image_gallery":["4499,4500,4501,4502,4503,4504"],"_jet_woo_template":[""],"_template_type":["default"],"_ywraq_hide_quote_button_check":[""],"_ywraq_hide_quote_button":["0"],"_thumbnail_id":["4517"],"rank_math_robots":["a:1:{i:0;s:5:\"index\";}"],"wpiudacb_disable_add_to_cart":["remove_button"],"wpiudacb_inqure_us_link":[""],"_regular_price":["1"],"_price":["1"],"_uag_css_file_name":["uag-css-4486.css"],"_uag_page_assets":["a:9:{s:3:\"css\";s:263:\".uag-blocks-common-selector{z-index:var(--z-index-desktop) !important}@media (max-width: 976px){.uag-blocks-common-selector{z-index:var(--z-index-tablet) !important}}@media (max-width: 767px){.uag-blocks-common-selector{z-index:var(--z-index-mobile) !important}}\n\";s:2:\"js\";s:0:\"\";s:18:\"current_block_list\";a:6:{i:0;s:10:\"core\/group\";i:1;s:12:\"core\/heading\";i:2;s:17:\"core\/latest-posts\";i:3;s:20:\"core\/latest-comments\";i:4;s:13:\"core\/archives\";i:5;s:15:\"core\/categories\";}s:8:\"uag_flag\";b:0;s:11:\"uag_version\";i:1777303133;s:6:\"gfonts\";a:0:{}s:10:\"gfonts_url\";s:0:\"\";s:12:\"gfonts_files\";a:0:{}s:14:\"uag_faq_layout\";b:0;}"]},"uagb_featured_image_src":{"full":["https:\/\/www.manluenpack.com\/wp-content\/uploads\/2025\/12\/WL-1650-manluen-aluminum-foil-and-cooking-1.jpg",1200,1200,false],"thumbnail":["https:\/\/www.manluenpack.com\/wp-content\/uploads\/2025\/12\/WL-1650-manluen-aluminum-foil-and-cooking-1.jpg",150,150,false],"medium":["https:\/\/www.manluenpack.com\/wp-content\/uploads\/2025\/12\/WL-1650-manluen-aluminum-foil-and-cooking-1.jpg",300,300,false],"medium_large":["https:\/\/www.manluenpack.com\/wp-content\/uploads\/2025\/12\/WL-1650-manluen-aluminum-foil-and-cooking-1.jpg",768,768,false],"large":["https:\/\/www.manluenpack.com\/wp-content\/uploads\/2025\/12\/WL-1650-manluen-aluminum-foil-and-cooking-1.jpg",1024,1024,false],"1536x1536":["https:\/\/www.manluenpack.com\/wp-content\/uploads\/2025\/12\/WL-1650-manluen-aluminum-foil-and-cooking-1.jpg",1200,1200,false],"2048x2048":["https:\/\/www.manluenpack.com\/wp-content\/uploads\/2025\/12\/WL-1650-manluen-aluminum-foil-and-cooking-1.jpg",1200,1200,false],"trp-custom-language-flag":["https:\/\/www.manluenpack.com\/wp-content\/uploads\/2025\/12\/WL-1650-manluen-aluminum-foil-and-cooking-1.jpg",12,12,false],"menu-24x24":["https:\/\/www.manluenpack.com\/wp-content\/uploads\/2025\/12\/WL-1650-manluen-aluminum-foil-and-cooking-1.jpg",24,24,false],"menu-36x36":["https:\/\/www.manluenpack.com\/wp-content\/uploads\/2025\/12\/WL-1650-manluen-aluminum-foil-and-cooking-1.jpg",36,36,false],"menu-48x48":["https:\/\/www.manluenpack.com\/wp-content\/uploads\/2025\/12\/WL-1650-manluen-aluminum-foil-and-cooking-1.jpg",48,48,false],"woocommerce_thumbnail":["https:\/\/www.manluenpack.com\/wp-content\/uploads\/2025\/12\/WL-1650-manluen-aluminum-foil-and-cooking-1.jpg",300,300,false],"woocommerce_single":["https:\/\/www.manluenpack.com\/wp-content\/uploads\/2025\/12\/WL-1650-manluen-aluminum-foil-and-cooking-1.jpg",600,600,false],"woocommerce_gallery_thumbnail":["https:\/\/www.manluenpack.com\/wp-content\/uploads\/2025\/12\/WL-1650-manluen-aluminum-foil-and-cooking-1.jpg",100,100,false]},"uagb_author_info":{"display_name":"ManLuenpack","author_link":"https:\/\/www.manluenpack.com\/es\/author\/"},"uagb_comment_info":0,"uagb_excerpt":"This aluminum foil container features a practical leak-proof design, making it perfect for holding single-serving meals and reducing the hassle of washing dishes. Lightweight and portable, it's suitable for both hot and cold foods, locking in the original flavor for a convenient and enjoyable dining experience.","_links":{"self":[{"href":"https:\/\/www.manluenpack.com\/es\/wp-json\/wp\/v2\/product\/4486","targetHints":{"allow":["GET"]}}],"collection":[{"href":"https:\/\/www.manluenpack.com\/es\/wp-json\/wp\/v2\/product"}],"about":[{"href":"https:\/\/www.manluenpack.com\/es\/wp-json\/wp\/v2\/types\/product"}],"wp:featuredmedia":[{"embeddable":true,"href":"https:\/\/www.manluenpack.com\/es\/wp-json\/wp\/v2\/media\/4517"}],"wp:attachment":[{"href":"https:\/\/www.manluenpack.com\/es\/wp-json\/wp\/v2\/media?parent=4486"}],"wp:term":[{"taxonomy":"product_brand","embeddable":true,"href":"https:\/\/www.manluenpack.com\/es\/wp-json\/wp\/v2\/product_brand?post=4486"},{"taxonomy":"product_cat","embeddable":true,"href":"https:\/\/www.manluenpack.com\/es\/wp-json\/wp\/v2\/product_cat?post=4486"},{"taxonomy":"product_tag","embeddable":true,"href":"https:\/\/www.manluenpack.com\/es\/wp-json\/wp\/v2\/product_tag?post=4486"}],"curies":[{"name":"wp","href":"https:\/\/api.w.org\/{rel}","templated":true}]}}