{"id":3262,"date":"2025-07-02T13:50:51","date_gmt":"2025-07-02T05:50:51","guid":{"rendered":"https:\/\/www.manluenpack.com\/?post_type=product&#038;p=3262"},"modified":"2026-02-20T21:41:13","modified_gmt":"2026-02-20T13:41:13","slug":"wl-07-manluen-gold-sushi-box","status":"publish","type":"product","link":"https:\/\/www.manluenpack.com\/es\/products\/wl-07-manluen-gold-sushi-box\/","title":{"rendered":"WL-07 Caja de Sushi Dorada Manluen"},"content":{"rendered":"<p>La bandeja de sushi WL-07 Manluen presenta un dise\u00f1o \u00fanico de 219*139*45 mm, equilibrando practicidad y portabilidad. Su estructura espec\u00edfica satisface ingeniosamente diversas necesidades de colocaci\u00f3n, convirti\u00e9ndola en una excelente opci\u00f3n para comida para llevar japonesa, comidas caseras o cenas al aire libre. Con su dise\u00f1o refinado y funcionalidad pensada, la WL-07 es una opci\u00f3n premium para todos.<\/p>\n<ul>\n<li>Embalaje<br \/>\nEmbalaje en cart\u00f3n<\/li>\n<li>Color<br \/>\nNegro<\/li>\n<li>Cantidad por cart\u00f3n<br \/>\n400 juegos<\/li>\n<li>Material<br \/>\nTapa: OPS\/PET; Base: PP\/PS<\/li>\n<li>Especificaciones de embalaje<br \/>\n0.082 metros c\u00fabicos<\/li>\n<\/ul>\n<p>&nbsp;<\/p>\n<ul>\n<li style=\"list-style-type: none;\">\n<table style=\"height: 160px;\" width=\"500\"><!-- \u8868\u683c\u7684\u8fb9\u6846\u4e3a1\u4e2a\u50cf\u7d20 --><!-- \u5355\u5143\u683c\u7684\u5185\u8fb9\u8ddd\u4e3a1\u50cf\u7d20 --><!-- \u5355\u5143\u683c\u4e4b\u95f4\u7684\u95f4\u8ddd\u4e3a0\u50cf\u7d20 --><!-- \u8fb9\u6846\u89c4\u5219\u4e3a\u4e24\u4fa7\u8fb9\u6846 --><\/p>\n<tbody>\n<tr>\n<td align=\"center\" bgcolor=\"EFEFEF\"><\/td>\n<td align=\"center\" bgcolor=\"EFEFEF\">Tama\u00f1o del producto<\/td>\n<td align=\"center\" bgcolor=\"EFEFEF\">Cantidad<\/td>\n<td align=\"center\" bgcolor=\"EFEFEF\">Tama\u00f1o del cart\u00f3n<\/td>\n<\/tr>\n<tr>\n<td align=\"center\" bgcolor=\"EFEFEF\"><a href=\"https:\/\/www.manluenpack.com\/es\/Products\/wl-0-1-manluen-sushi-tray\/\">WL-0.1<\/a><\/td>\n<td align=\"center\">111*101*45mm<\/td>\n<td align=\"center\">800<\/td>\n<td align=\"center\">462*330*442<\/td>\n<\/tr>\n<tr>\n<td align=\"center\" bgcolor=\"EFEFEF\">WL-00<\/td>\n<td align=\"center\">142*82*45mm<\/td>\n<td align=\"center\">600<\/td>\n<td align=\"center\">353*315*448<\/td>\n<\/tr>\n<tr>\n<td align=\"center\" bgcolor=\"EFEFEF\">WL-0.6<\/td>\n<td align=\"center\">167*92*45mm<\/td>\n<td align=\"center\">600<\/td>\n<td align=\"center\">525*325*400<\/td>\n<\/tr>\n<tr>\n<td align=\"center\" bgcolor=\"EFEFEF\">WL-01<\/td>\n<td align=\"center\">226*96*45mm<\/td>\n<td align=\"center\">400<\/td>\n<td align=\"center\">470*320*385<\/td>\n<\/tr>\n<tr>\n<td align=\"center\" bgcolor=\"EFEFEF\">WL-03<\/td>\n<td align=\"center\">168*118*45mm<\/td>\n<td align=\"center\">400<\/td>\n<td align=\"center\">505*305*365<\/td>\n<\/tr>\n<tr>\n<td align=\"center\" bgcolor=\"EFEFEF\">WL-05<\/td>\n<td align=\"center\">188*132*45mm<\/td>\n<td align=\"center\">400<\/td>\n<td align=\"center\">555*300*395<\/td>\n<\/tr>\n<tr>\n<td align=\"center\" bgcolor=\"EFEFEF\">WL-07<\/td>\n<td align=\"center\">219*139*45mm<\/td>\n<td align=\"center\">400<\/td>\n<td align=\"center\">580*310*455<\/td>\n<\/tr>\n<tr>\n<td align=\"center\" bgcolor=\"EFEFEF\">WL-09<\/td>\n<td align=\"center\">241*148*45mm<\/td>\n<td align=\"center\">300<\/td>\n<td align=\"center\">500*325*460<\/td>\n<\/tr>\n<tr>\n<td align=\"center\" bgcolor=\"EFEFEF\">WL-11<\/td>\n<td align=\"center\">260*188*45mm<\/td>\n<td align=\"center\">200<\/td>\n<td align=\"center\">540*360*395<\/td>\n<\/tr>\n<\/tbody>\n<\/table>\n<\/li>\n<\/ul>\n<h3><strong><b>Embalaje y entrega<\/b><\/strong><\/h3>\n<p>La bandeja de sushi japonesa WL-07 Manluen viene en un dise\u00f1o de embalaje ecol\u00f3gico y minimalista, que transmite frescura y calidad. Cada entrega se maneja cuidadosamente para garantizar que el producto llegue en perfectas condiciones. Al abrirla, se abre la puerta a un estilo de vida refinado, donde la caja de sushi WL-07 convierte cada comida en un fest\u00edn doble para los ojos y el paladar.<\/p>\n<h3><strong><b>Escenarios de uso<\/b><\/strong><\/h3>\n<p>The WL-07 Manluen Sushi Box Takeaway integrates seamlessly into various settings with its exquisite design. Its unique size and sealing performance ensure that every sushi portion stays fresh and visually appealing on different occasions, adding a sense of ceremony and quality to your meals.<\/p>\n<ul>\n<li>Comida para llevar japonesa de alta gama<\/li>\n<li>Comidas caseras<\/li>\n<li>Picnics al aire libre<\/li>\n<li>Cajas de almuerzo para negocios<\/li>\n<\/ul>\n<h3><strong><b>Resistente a temperaturas, duradera y apilable<\/b><\/strong><\/h3>\n<p>La bandeja de sushi cl\u00e1sica negra WL-07 Manluen presenta dimensiones precisas y una estructura robusta, permitiendo un apilamiento estable y ordenado en varias capas. Su dise\u00f1o apilable aumenta la practicidad, ahorrando espacio de manera eficiente ya sea para almacenamiento, transporte o exhibici\u00f3n, manteniendo una apariencia ordenada y atractiva. Este ingenioso dise\u00f1o no solo mejora la eficiencia, sino que tambi\u00e9n ofrece una soluci\u00f3n conveniente y elegante para uso diario y comercial.<\/p>","protected":false},"excerpt":{"rendered":"<p>The WL-07 Manluen Gold Sushi Box features a unique 219*139*45 mm design, balancing practicality and portability. Its specific structure cleverly meets diverse placement needs, making it an excellent choice for&hellip;<\/p>","protected":false},"featured_media":0,"template":"","meta":{"_uag_custom_page_level_css":""},"product_brand":[],"product_cat":[23],"product_tag":[138,108,102],"class_list":{"0":"post-3262","1":"product","2":"type-product","3":"status-publish","5":"product_cat-sushi-trays","6":"product_tag-gold","7":"product_tag-rectangular-tray","8":"product_tag-sushi","10":"first","11":"instock","12":"shipping-taxable","13":"purchasable","14":"product-type-simple"},"spectra_custom_meta":{"rank_math_internal_links_processed":["1","1","1","1","1","1"],"_sku":["WL-07-GOLD"],"_regular_price":["1"],"total_sales":["0"],"_tax_status":["taxable"],"_tax_class":[""],"_manage_stock":["no"],"_backorders":["no"],"_sold_individually":["no"],"_virtual":["no"],"_downloadable":["no"],"_product_image_gallery":["3324,3322,3321,3320"],"_download_limit":["0"],"_download_expiry":["0"],"_stock":[null],"_stock_status":["instock"],"_wc_average_rating":["0"],"_wc_review_count":["0"],"_product_attributes":["a:2:{s:9:\"item-size\";a:6:{s:4:\"name\";s:9:\"Item Size\";s:5:\"value\";s:12:\"219*139*45mm\";s:8:\"position\";i:0;s:10:\"is_visible\";i:1;s:12:\"is_variation\";i:0;s:11:\"is_taxonomy\";i:0;}s:7:\"qty-ctn\";a:6:{s:4:\"name\";s:7:\"QTY\/CTN\";s:5:\"value\";s:3:\"400\";s:8:\"position\";i:1;s:10:\"is_visible\";i:1;s:12:\"is_variation\";i:0;s:11:\"is_taxonomy\";i:0;}}"],"_product_version":["10.5.2"],"_price":["1"],"_wp_old_date":["2024-11-26"],"rank_math_analytic_object_id":["24"],"classic-editor-remember":["classic-editor"],"rank_math_seo_score":["100"],"rank_math_contentai_score":["a:5:{s:8:\"keywords\";s:5:\"74.51\";s:9:\"wordCount\";s:1:\"0\";s:9:\"linkCount\";s:1:\"0\";s:12:\"headingCount\";s:1:\"0\";s:10:\"mediaCount\";s:1:\"0\";}"],"_jet_woo_template":[""],"_template_type":["default"],"rank_math_primary_product_cat":["23"],"_ywraq_hide_quote_button_check":[""],"_ywraq_hide_quote_button":["0"],"rank_math_focus_keyword":["Sushi Box"],"_edit_lock":["1772032286:1"],"_edit_last":["1"],"_uag_css_file_name":["uag-css-3262.css"],"_uag_page_assets":["a:9:{s:3:\"css\";s:0:\"\";s:2:\"js\";s:0:\"\";s:18:\"current_block_list\";a:6:{i:0;s:10:\"core\/group\";i:1;s:12:\"core\/heading\";i:2;s:17:\"core\/latest-posts\";i:3;s:20:\"core\/latest-comments\";i:4;s:13:\"core\/archives\";i:5;s:15:\"core\/categories\";}s:8:\"uag_flag\";b:0;s:11:\"uag_version\";i:1777291281;s:6:\"gfonts\";a:0:{}s:10:\"gfonts_url\";s:0:\"\";s:12:\"gfonts_files\";a:0:{}s:14:\"uag_faq_layout\";b:0;}"]},"uagb_featured_image_src":{"full":false,"thumbnail":false,"medium":false,"medium_large":false,"large":false,"1536x1536":false,"2048x2048":false,"trp-custom-language-flag":false,"menu-24x24":false,"menu-36x36":false,"menu-48x48":false,"woocommerce_thumbnail":false,"woocommerce_single":false,"woocommerce_gallery_thumbnail":false},"uagb_author_info":{"display_name":"ManLuenpack","author_link":"https:\/\/www.manluenpack.com\/es\/author\/"},"uagb_comment_info":0,"uagb_excerpt":"The WL-07 Manluen Gold Sushi Box features a unique 219*139*45 mm design, balancing practicality and portability. Its specific structure cleverly meets diverse placement needs, making it an excellent choice for&hellip;","_links":{"self":[{"href":"https:\/\/www.manluenpack.com\/es\/wp-json\/wp\/v2\/product\/3262","targetHints":{"allow":["GET"]}}],"collection":[{"href":"https:\/\/www.manluenpack.com\/es\/wp-json\/wp\/v2\/product"}],"about":[{"href":"https:\/\/www.manluenpack.com\/es\/wp-json\/wp\/v2\/types\/product"}],"wp:attachment":[{"href":"https:\/\/www.manluenpack.com\/es\/wp-json\/wp\/v2\/media?parent=3262"}],"wp:term":[{"taxonomy":"product_brand","embeddable":true,"href":"https:\/\/www.manluenpack.com\/es\/wp-json\/wp\/v2\/product_brand?post=3262"},{"taxonomy":"product_cat","embeddable":true,"href":"https:\/\/www.manluenpack.com\/es\/wp-json\/wp\/v2\/product_cat?post=3262"},{"taxonomy":"product_tag","embeddable":true,"href":"https:\/\/www.manluenpack.com\/es\/wp-json\/wp\/v2\/product_tag?post=3262"}],"curies":[{"name":"wp","href":"https:\/\/api.w.org\/{rel}","templated":true}]}}