{"id":3261,"date":"2025-07-02T13:48:34","date_gmt":"2025-07-02T05:48:34","guid":{"rendered":"https:\/\/www.manluenpack.com\/?post_type=product&#038;p=3261"},"modified":"2026-02-20T21:38:05","modified_gmt":"2026-02-20T13:38:05","slug":"wl-05-manluen-gold-sushi-box","status":"publish","type":"product","link":"https:\/\/www.manluenpack.com\/es\/products\/wl-05-manluen-gold-sushi-box\/","title":{"rendered":"WL-05 Caja de Sushi Dorada Manluen"},"content":{"rendered":"<p>La caja de sushi de oro WL-05 Manluen presenta dimensiones compactas de 188*132*45 mm, equilibrando portabilidad con una capacidad generosa para el uso diario. Fabricada con materiales de grado alimentario, su sello a prueba de fugas preserva la frescura de los ingredientes. Ya sea para el trabajo, picnics o viajes, el dise\u00f1o centrado en el usuario y la calidad superior de la caja de sushi WL-05 Manluen Gold elevan cada experiencia de sushi con profesionalismo y elegancia.<\/p>\n<ul>\n<li>Tipo de embalaje<br \/>\nCaja de cart\u00f3n<\/li>\n<li>Color<br \/>\nOro<\/li>\n<li>Cantidad por cart\u00f3n<br \/>\n400 juegos<\/li>\n<li>Material<br \/>\nTapa: OPS\/PET; Base: PP\/PS<\/li>\n<li>Especificaciones de embalaje<br \/>\n0.066 metros c\u00fabicos<\/li>\n<\/ul>\n<p>&nbsp;<\/p>\n<ul>\n<li style=\"list-style-type: none;\">\n<table style=\"height: 160px;\" width=\"500\"><!-- \u8868\u683c\u7684\u8fb9\u6846\u4e3a1\u4e2a\u50cf\u7d20 --><!-- \u5355\u5143\u683c\u7684\u5185\u8fb9\u8ddd\u4e3a1\u50cf\u7d20 --><!-- \u5355\u5143\u683c\u4e4b\u95f4\u7684\u95f4\u8ddd\u4e3a0\u50cf\u7d20 --><!-- \u8fb9\u6846\u89c4\u5219\u4e3a\u4e24\u4fa7\u8fb9\u6846 --><\/p>\n<tbody>\n<tr>\n<td align=\"center\" bgcolor=\"EFEFEF\"><\/td>\n<td align=\"center\" bgcolor=\"EFEFEF\">Tama\u00f1o del producto<\/td>\n<td align=\"center\" bgcolor=\"EFEFEF\">Cantidad<\/td>\n<td align=\"center\" bgcolor=\"EFEFEF\">Tama\u00f1o del cart\u00f3n<\/td>\n<\/tr>\n<tr>\n<td align=\"center\" bgcolor=\"EFEFEF\"><a href=\"https:\/\/www.manluenpack.com\/es\/Products\/wl-0-1-manluen-sushi-tray\/\">WL-0.1<\/a><\/td>\n<td align=\"center\">111*101*45mm<\/td>\n<td align=\"center\">800<\/td>\n<td align=\"center\">462*330*442<\/td>\n<\/tr>\n<tr>\n<td align=\"center\" bgcolor=\"EFEFEF\">WL-00<\/td>\n<td align=\"center\">142*82*45mm<\/td>\n<td align=\"center\">600<\/td>\n<td align=\"center\">353*315*448<\/td>\n<\/tr>\n<tr>\n<td align=\"center\" bgcolor=\"EFEFEF\">WL-0.6<\/td>\n<td align=\"center\">167*92*45mm<\/td>\n<td align=\"center\">600<\/td>\n<td align=\"center\">525*325*400<\/td>\n<\/tr>\n<tr>\n<td align=\"center\" bgcolor=\"EFEFEF\">WL-01<\/td>\n<td align=\"center\">226*96*45mm<\/td>\n<td align=\"center\">400<\/td>\n<td align=\"center\">470*320*385<\/td>\n<\/tr>\n<tr>\n<td align=\"center\" bgcolor=\"EFEFEF\">WL-03<\/td>\n<td align=\"center\">168*118*45mm<\/td>\n<td align=\"center\">400<\/td>\n<td align=\"center\">505*305*365<\/td>\n<\/tr>\n<tr>\n<td align=\"center\" bgcolor=\"EFEFEF\">WL-05<\/td>\n<td align=\"center\">188*132*45mm<\/td>\n<td align=\"center\">400<\/td>\n<td align=\"center\">555*300*395<\/td>\n<\/tr>\n<tr>\n<td align=\"center\" bgcolor=\"EFEFEF\">WL-07<\/td>\n<td align=\"center\">219*139*45mm<\/td>\n<td align=\"center\">400<\/td>\n<td align=\"center\">580*310*455<\/td>\n<\/tr>\n<tr>\n<td align=\"center\" bgcolor=\"EFEFEF\">WL-09<\/td>\n<td align=\"center\">241*148*45mm<\/td>\n<td align=\"center\">300<\/td>\n<td align=\"center\">500*325*460<\/td>\n<\/tr>\n<tr>\n<td align=\"center\" bgcolor=\"EFEFEF\">WL-11<\/td>\n<td align=\"center\">260*188*45mm<\/td>\n<td align=\"center\">200<\/td>\n<td align=\"center\">540*360*395<\/td>\n<\/tr>\n<\/tbody>\n<\/table>\n<\/li>\n<\/ul>\n<h3><strong><b>Embalaje y entrega<\/b><\/strong><\/h3>\n<p>La caja desechable para sushi WL-05 Manluen se presenta en un dise\u00f1o ecol\u00f3gico y minimalista con un delicado relieve, reflejando una elegancia refinada. Cada entrega se maneja cuidadosamente para garantizar que los productos lleguen intactos, encarnando fiabilidad y atenci\u00f3n al detalle.<\/p>\n<h3><strong><b>Escenarios de uso de la bandeja de sushi WL-05 Manluen<\/b><\/strong><\/h3>\n<p>La caja de sushi rectangular WL-05 Manluen se adapta perfectamente a diferentes entornos gracias a su tama\u00f1o compacto y est\u00e9tica minimalista. Perfecta para:<\/p>\n<ul>\n<li>Comida para llevar de alta gama japonesa<\/li>\n<li>Almacenamiento organizado de comidas caseras<\/li>\n<li>Esencial para picnic al aire libre<\/li>\n<li>Transporte c\u00f3modo para profesionales y estudiantes<\/li>\n<\/ul>\n<p><strong><b>Dise\u00f1o apilable<\/b><\/strong><\/p>\n<p>Fabricada con materiales ecol\u00f3gicos de primera calidad, la caja de sushi rectangular dorada WL-05 Manluen combina durabilidad con apilabilidad que ahorra espacio. Dise\u00f1ada con precisi\u00f3n para la estabilidad, permite apilar en m\u00faltiples niveles de forma ordenada\u2014ideal para almacenamiento, transporte o exhibici\u00f3n\u2014mejorando la eficiencia sin perder la elegancia.<\/p>","protected":false},"excerpt":{"rendered":"<p>The WL-05 Manluen Gold Sushi Box features compact dimensions of 188*132*45 mm, balancing portability with generous capacity for daily use. Made from food-grade materials, its leak-proof seal preserves ingredient freshness.&hellip;<\/p>","protected":false},"featured_media":0,"template":"","meta":{"_uag_custom_page_level_css":""},"product_brand":[],"product_cat":[23],"product_tag":[138,102],"class_list":{"0":"post-3261","1":"product","2":"type-product","3":"status-publish","5":"product_cat-sushi-trays","6":"product_tag-gold","7":"product_tag-sushi","9":"first","10":"instock","11":"shipping-taxable","12":"purchasable","13":"product-type-simple"},"spectra_custom_meta":{"rank_math_internal_links_processed":["1","1","1","1","1","1","1"],"_sku":["WL-05-GOLD"],"_regular_price":["1"],"total_sales":["0"],"_tax_status":["taxable"],"_tax_class":[""],"_manage_stock":["no"],"_backorders":["no"],"_sold_individually":["no"],"_virtual":["no"],"_downloadable":["no"],"_product_image_gallery":["3319,3316,3315,4764"],"_download_limit":["0"],"_download_expiry":["0"],"_stock":[null],"_stock_status":["instock"],"_wc_average_rating":["0"],"_wc_review_count":["0"],"_product_attributes":["a:2:{s:9:\"item-size\";a:6:{s:4:\"name\";s:9:\"Item Size\";s:5:\"value\";s:12:\"188*132*45mm\";s:8:\"position\";i:0;s:10:\"is_visible\";i:1;s:12:\"is_variation\";i:0;s:11:\"is_taxonomy\";i:0;}s:7:\"qty-ctn\";a:6:{s:4:\"name\";s:7:\"QTY\/CTN\";s:5:\"value\";s:3:\"400\";s:8:\"position\";i:1;s:10:\"is_visible\";i:1;s:12:\"is_variation\";i:0;s:11:\"is_taxonomy\";i:0;}}"],"_product_version":["10.5.2"],"_price":["1"],"_wp_old_date":["2024-11-26"],"rank_math_analytic_object_id":["24"],"classic-editor-remember":["classic-editor"],"rank_math_seo_score":["100"],"rank_math_contentai_score":["a:5:{s:8:\"keywords\";s:5:\"74.51\";s:9:\"wordCount\";s:1:\"0\";s:9:\"linkCount\";s:1:\"0\";s:12:\"headingCount\";s:1:\"0\";s:10:\"mediaCount\";s:1:\"0\";}"],"_jet_woo_template":[""],"_template_type":["default"],"rank_math_primary_product_cat":["23"],"_ywraq_hide_quote_button_check":[""],"_ywraq_hide_quote_button":["0"],"rank_math_focus_keyword":["Sushi Box"],"_edit_lock":["1771594602:1"],"_edit_last":["1"],"_uag_css_file_name":["uag-css-3261.css"],"_uag_page_assets":["a:9:{s:3:\"css\";s:0:\"\";s:2:\"js\";s:0:\"\";s:18:\"current_block_list\";a:6:{i:0;s:10:\"core\/group\";i:1;s:12:\"core\/heading\";i:2;s:17:\"core\/latest-posts\";i:3;s:20:\"core\/latest-comments\";i:4;s:13:\"core\/archives\";i:5;s:15:\"core\/categories\";}s:8:\"uag_flag\";b:0;s:11:\"uag_version\";i:1777303133;s:6:\"gfonts\";a:0:{}s:10:\"gfonts_url\";s:0:\"\";s:12:\"gfonts_files\";a:0:{}s:14:\"uag_faq_layout\";b:0;}"]},"uagb_featured_image_src":{"full":false,"thumbnail":false,"medium":false,"medium_large":false,"large":false,"1536x1536":false,"2048x2048":false,"trp-custom-language-flag":false,"menu-24x24":false,"menu-36x36":false,"menu-48x48":false,"woocommerce_thumbnail":false,"woocommerce_single":false,"woocommerce_gallery_thumbnail":false},"uagb_author_info":{"display_name":"ManLuenpack","author_link":"https:\/\/www.manluenpack.com\/es\/author\/"},"uagb_comment_info":0,"uagb_excerpt":"The WL-05 Manluen Gold Sushi Box features compact dimensions of 188*132*45 mm, balancing portability with generous capacity for daily use. Made from food-grade materials, its leak-proof seal preserves ingredient freshness.&hellip;","_links":{"self":[{"href":"https:\/\/www.manluenpack.com\/es\/wp-json\/wp\/v2\/product\/3261","targetHints":{"allow":["GET"]}}],"collection":[{"href":"https:\/\/www.manluenpack.com\/es\/wp-json\/wp\/v2\/product"}],"about":[{"href":"https:\/\/www.manluenpack.com\/es\/wp-json\/wp\/v2\/types\/product"}],"wp:attachment":[{"href":"https:\/\/www.manluenpack.com\/es\/wp-json\/wp\/v2\/media?parent=3261"}],"wp:term":[{"taxonomy":"product_brand","embeddable":true,"href":"https:\/\/www.manluenpack.com\/es\/wp-json\/wp\/v2\/product_brand?post=3261"},{"taxonomy":"product_cat","embeddable":true,"href":"https:\/\/www.manluenpack.com\/es\/wp-json\/wp\/v2\/product_cat?post=3261"},{"taxonomy":"product_tag","embeddable":true,"href":"https:\/\/www.manluenpack.com\/es\/wp-json\/wp\/v2\/product_tag?post=3261"}],"curies":[{"name":"wp","href":"https:\/\/api.w.org\/{rel}","templated":true}]}}