{"id":3139,"date":"2025-07-01T10:32:10","date_gmt":"2025-07-01T02:32:10","guid":{"rendered":"https:\/\/www.manluenpack.com\/?post_type=product&#038;p=3139"},"modified":"2025-07-08T08:25:36","modified_gmt":"2025-07-08T00:25:36","slug":"wl-p93-manluen-9x9-3-compartments-clamshell-to-go-containers","status":"publish","type":"product","link":"https:\/\/www.manluenpack.com\/es\/products\/wl-p93-manluen-9x9-3-compartments-clamshell-to-go-containers\/","title":{"rendered":"Contenedores de tipo concha para llevar WL-P93 Manluen 9X9\u2033 de 3 compartimentos"},"content":{"rendered":"<p>Las bandejas compostables para llevar de 3 compartimentos WL-BG93 Manluen 9X9\u2033 presentan un dise\u00f1o \u00fanico de 230*230*75 mm, proporcionando espacio suficiente para acomodar f\u00e1cilmente diversas comidas. La disposici\u00f3n de tres compartimentos garantiza una separaci\u00f3n cient\u00edfica de los platos, evitando la transferencia de sabores y satisfaciendo la necesidad de combinaciones variadas. Fabricadas con materiales ecol\u00f3gicos y seguros para la salud, combinan durabilidad a prueba de fugas con un embalaje eficiente, haciendo de ellas la mezcla perfecta de funcionalidad y calidad en la comida.<\/p>\n<ul>\n<li>Tipo de embalaje<br \/>\nCaja de cart\u00f3n<\/li>\n<li>Color<br \/>\nBlanco<\/li>\n<li>Cantidad por caja<br \/>\n150 juegos<\/li>\n<li>Material<br \/>\nBase: PP<\/li>\n<\/ul>\n<ul>\n<li style=\"list-style-type: none;\">\n<table style=\"height: 160px;\" width=\"500\"><!-- \u8868\u683c\u7684\u8fb9\u6846\u4e3a1\u4e2a\u50cf\u7d20 --><!-- \u5355\u5143\u683c\u7684\u5185\u8fb9\u8ddd\u4e3a1\u50cf\u7d20 --><!-- \u5355\u5143\u683c\u4e4b\u95f4\u7684\u95f4\u8ddd\u4e3a0\u50cf\u7d20 --><!-- \u8fb9\u6846\u89c4\u5219\u4e3a\u4e24\u4fa7\u8fb9\u6846 --><\/p>\n<tbody>\n<tr>\n<td align=\"center\" bgcolor=\"EFEFEF\"><\/td>\n<td align=\"center\" bgcolor=\"EFEFEF\">Tama\u00f1o del producto<\/td>\n<td align=\"center\" bgcolor=\"EFEFEF\">Cantidad<\/td>\n<td align=\"center\" bgcolor=\"EFEFEF\">Tama\u00f1o del cart\u00f3n<\/td>\n<\/tr>\n<tr>\n<td align=\"center\" bgcolor=\"EFEFEF\">WL-P61<\/td>\n<td align=\"center\">150*150*70mm<\/td>\n<td align=\"center\">250<\/td>\n<td align=\"center\">470*310*320<\/td>\n<\/tr>\n<tr>\n<td align=\"center\" bgcolor=\"EFEFEF\">WL-P81<\/td>\n<td align=\"center\">200*200*75mm<\/td>\n<td align=\"center\">150<\/td>\n<td align=\"center\">430*285*430<\/td>\n<\/tr>\n<tr>\n<td align=\"center\" bgcolor=\"EFEFEF\">WL-P83<\/td>\n<td align=\"center\">200*200*75mm<\/td>\n<td align=\"center\">150<\/td>\n<td align=\"center\">430*285*430<\/td>\n<\/tr>\n<tr>\n<td align=\"center\" bgcolor=\"EFEFEF\">WL-P91<\/td>\n<td align=\"center\">230*230*75mm<\/td>\n<td align=\"center\">150<\/td>\n<td align=\"center\">460*285*470<\/td>\n<\/tr>\n<tr>\n<td align=\"center\" bgcolor=\"EFEFEF\">WL-P93<\/td>\n<td align=\"center\">230*230*75mm<\/td>\n<td align=\"center\">150<\/td>\n<td align=\"center\">460*285*470<\/td>\n<\/tr>\n<tr>\n<td align=\"center\" bgcolor=\"EFEFEF\">WL-P96<\/td>\n<td align=\"center\">220*150*75mm<\/td>\n<td align=\"center\">200<\/td>\n<td align=\"center\">380*310*470<\/td>\n<\/tr>\n<\/tbody>\n<\/table>\n<\/li>\n<li><a href=\"https:\/\/www.manluenpack.com\/es\/products\/\">M\u00c1S ESTILO, M\u00c1S ESTILOS\u2026<\/a><\/li>\n<\/ul>\n<h3><strong><b>Embalaje y entrega<\/b><\/strong><\/h3>\n<p>Los contenedores de comida desechables con tapa de concha de ca\u00f1a de az\u00facar biodegradables WL-P93 Manluen 9X9\" con 3 compartimentos se empaquetan en un embalaje compacto y ecol\u00f3gico para garantizar limpieza y orden durante el transporte. Cada producto est\u00e1 apilado con precisi\u00f3n para ahorrar espacio y simplificar el almacenamiento, permitiendo una entrega eficiente y sin complicaciones. Desde la producci\u00f3n hasta la llegada, cada detalle se gestiona meticulosamente para garantizar calidad, ofreciendo tranquilidad en cada uso, donde la sostenibilidad se encuentra con la practicidad.<\/p>\n<h3><strong><b>Escenarios de uso<\/b><\/strong><strong><b>\u00a0\u00a0<\/b><\/strong><strong><b>\u00a0<\/b><\/strong><\/h3>\n<p>Ideal para diversos entornos de comida, los contenedores de comida con tapa de concha de ca\u00f1a de az\u00facar biodegradables WL-P93 Manluen 9X9\" con 3 compartimentos acomodan f\u00e1cilmente comidas combinadas chinas, cajas bento, ensaladas ligeras y m\u00e1s. Su dise\u00f1o de tres compartimentos atiende a diferentes combinaciones de platos, mientras que su capacidad generosa es adecuada para comidas abundantes. A prueba de fugas y duradero, es perfecto para empaquetado en el lugar, entrega de comida o comidas al aire libre, elevando cada comida con fiabilidad y calidad.<\/p>\n<h3><strong><b>Dise\u00f1o apilable<\/b><\/strong><strong><b>\u00a0<\/b><\/strong><\/h3>\n<p>Las bandejas compostables para llevar WL-BG93 Manluen 9X9\u2033 3 compartimentos cuentan con un dise\u00f1o apilable que optimiza inteligentemente el espacio de almacenamiento y mejora la eficiencia en transporte o exhibici\u00f3n. Su estructura estable en capas asegura un apilamiento seguro sin volcarse, simplificando la gesti\u00f3n de inventario para las empresas. Este dise\u00f1o simple pero funcional no solo mejora el flujo de trabajo, sino que tambi\u00e9n encarna la armon\u00eda entre sostenibilidad y orden, a\u00f1adiendo comodidad y sofisticaci\u00f3n a cada uso.<\/p>\n<h3><strong><b>A prueba de fugas, sellado y duradero <\/b><\/strong><\/h3>\n<p>Con un sello a prueba de fugas de precisi\u00f3n, la caja de almuerzo con tapa de concha de ca\u00f1a de az\u00facar biodegradables WL-P93 Manluen 9X9\" con 3 compartimentos previene eficazmente los derrames. Su material resistente al calor y robusto soporta la presi\u00f3n, asegurando de manera segura todo tipo de comidas desde el empaquetado hasta la entrega. Combinando ecolog\u00eda y practicidad, garantiza que cada plato llegue intacto, manteniendo una calidad constante.<\/p>\n<p><a href=\"https:\/\/www.google.com\/search?q=manluenpack\" target=\"_blank\" rel=\"noopener\">M\u00c1S INFORMACI\u00d3N\u2026<\/a><\/p>","protected":false},"excerpt":{"rendered":"<p>WL-P93 Manluen 9X9&#8243; 3-Compartments Clamshell To Go Containers feature a unique 230*230*75 mm design, providing ample space to effortlessly accommodate diverse meals. The three-compartment layout ensures scientific separation of dishes,&hellip;<\/p>","protected":false},"featured_media":3250,"template":"","meta":{"_uag_custom_page_level_css":""},"product_brand":[],"product_cat":[21],"product_tag":[130,132,133],"class_list":{"0":"post-3139","1":"product","2":"type-product","3":"status-publish","4":"has-post-thumbnail","6":"product_cat-clamshell-containers","7":"product_tag-clamshell-container","8":"product_tag-to-go-container","9":"product_tag-white","11":"first","12":"instock","13":"shipping-taxable","14":"purchasable","15":"product-type-simple"},"spectra_custom_meta":{"rank_math_internal_links_processed":["1","1","1","1","1","1","1","1","1","1","1","1","1","1","1","1","1","1","1","1","1","1","1","1","1","1","1","1","1","1","1","1","1","1","1","1","1","1","1","1","1","1","1","1","1","1","1","1","1","1","1","1"],"_sku":["WL-P93"],"_regular_price":["1"],"total_sales":["0"],"_tax_status":["taxable"],"_tax_class":[""],"_manage_stock":["no"],"_backorders":["no"],"_sold_individually":["no"],"_virtual":["no"],"_downloadable":["no"],"_product_image_gallery":["3176,3180,3179,3177,3178"],"_download_limit":["0"],"_download_expiry":["0"],"_thumbnail_id":["3250"],"_stock":[null],"_stock_status":["instock"],"_wc_average_rating":["0"],"_wc_review_count":["0"],"_product_attributes":["a:2:{s:9:\"item-size\";a:6:{s:4:\"name\";s:9:\"Item Size\";s:5:\"value\";s:12:\"230*230*75mm\";s:8:\"position\";i:0;s:10:\"is_visible\";i:1;s:12:\"is_variation\";i:0;s:11:\"is_taxonomy\";i:0;}s:7:\"qty-ctn\";a:6:{s:4:\"name\";s:7:\"QTY\/CTN\";s:5:\"value\";s:3:\"150\";s:8:\"position\";i:1;s:10:\"is_visible\";i:1;s:12:\"is_variation\";i:0;s:11:\"is_taxonomy\";i:0;}}"],"_product_version":["9.4.2"],"_price":["1"],"_wp_old_date":["2024-11-26"],"rank_math_analytic_object_id":["24"],"classic-editor-remember":["classic-editor"],"rank_math_seo_score":["64"],"rank_math_contentai_score":["a:5:{s:8:\"keywords\";s:5:\"74.51\";s:9:\"wordCount\";s:1:\"0\";s:9:\"linkCount\";s:1:\"0\";s:12:\"headingCount\";s:1:\"0\";s:10:\"mediaCount\";s:1:\"0\";}"],"_jet_woo_template":[""],"_template_type":["default"],"rank_math_primary_product_cat":["21"],"_ywraq_hide_quote_button_check":[""],"_ywraq_hide_quote_button":["0"],"_edit_lock":["1751934390:1"],"_edit_last":["1"],"rank_math_focus_keyword":["To Go Containers"],"_wp_old_slug":["wl-p93-manluen-clamshell-container"],"_uag_css_file_name":["uag-css-3139.css"],"_uag_page_assets":["a:9:{s:3:\"css\";s:0:\"\";s:2:\"js\";s:0:\"\";s:18:\"current_block_list\";a:6:{i:0;s:10:\"core\/group\";i:1;s:12:\"core\/heading\";i:2;s:17:\"core\/latest-posts\";i:3;s:20:\"core\/latest-comments\";i:4;s:13:\"core\/archives\";i:5;s:15:\"core\/categories\";}s:8:\"uag_flag\";b:0;s:11:\"uag_version\";i:1777287045;s:6:\"gfonts\";a:0:{}s:10:\"gfonts_url\";s:0:\"\";s:12:\"gfonts_files\";a:0:{}s:14:\"uag_faq_layout\";b:0;}"]},"uagb_featured_image_src":{"full":["https:\/\/www.manluenpack.com\/wp-content\/uploads\/2025\/04\/WL-P93-manluen-3-compartment-to-go-clamshell-containers-scaled.webp",2560,1707,false],"thumbnail":["https:\/\/www.manluenpack.com\/wp-content\/uploads\/2025\/04\/WL-P93-manluen-3-compartment-to-go-clamshell-containers-scaled.webp",150,100,false],"medium":["https:\/\/www.manluenpack.com\/wp-content\/uploads\/2025\/04\/WL-P93-manluen-3-compartment-to-go-clamshell-containers-scaled.webp",300,200,false],"medium_large":["https:\/\/www.manluenpack.com\/wp-content\/uploads\/2025\/04\/WL-P93-manluen-3-compartment-to-go-clamshell-containers-scaled.webp",768,512,false],"large":["https:\/\/www.manluenpack.com\/wp-content\/uploads\/2025\/04\/WL-P93-manluen-3-compartment-to-go-clamshell-containers-scaled.webp",1024,683,false],"1536x1536":["https:\/\/www.manluenpack.com\/wp-content\/uploads\/2025\/04\/WL-P93-manluen-3-compartment-to-go-clamshell-containers-scaled.webp",1536,1024,false],"2048x2048":["https:\/\/www.manluenpack.com\/wp-content\/uploads\/2025\/04\/WL-P93-manluen-3-compartment-to-go-clamshell-containers-scaled.webp",2048,1366,false],"trp-custom-language-flag":["https:\/\/www.manluenpack.com\/wp-content\/uploads\/2025\/04\/WL-P93-manluen-3-compartment-to-go-clamshell-containers-scaled.webp",18,12,false],"menu-24x24":["https:\/\/www.manluenpack.com\/wp-content\/uploads\/2025\/04\/WL-P93-manluen-3-compartment-to-go-clamshell-containers-scaled.webp",24,16,false],"menu-36x36":["https:\/\/www.manluenpack.com\/wp-content\/uploads\/2025\/04\/WL-P93-manluen-3-compartment-to-go-clamshell-containers-scaled.webp",36,24,false],"menu-48x48":["https:\/\/www.manluenpack.com\/wp-content\/uploads\/2025\/04\/WL-P93-manluen-3-compartment-to-go-clamshell-containers-scaled.webp",48,32,false],"woocommerce_thumbnail":["https:\/\/www.manluenpack.com\/wp-content\/uploads\/2025\/04\/WL-P93-manluen-3-compartment-to-go-clamshell-containers-scaled-300x300.webp",300,300,true],"woocommerce_single":["https:\/\/www.manluenpack.com\/wp-content\/uploads\/2025\/04\/WL-P93-manluen-3-compartment-to-go-clamshell-containers-scaled.webp",600,400,false],"woocommerce_gallery_thumbnail":["https:\/\/www.manluenpack.com\/wp-content\/uploads\/2025\/04\/WL-P93-manluen-3-compartment-to-go-clamshell-containers-scaled-100x100.webp",100,100,true]},"uagb_author_info":{"display_name":"ManLuenpack","author_link":"https:\/\/www.manluenpack.com\/es\/author\/"},"uagb_comment_info":0,"uagb_excerpt":"WL-P93 Manluen 9X9&#8243; 3-Compartments Clamshell To Go Containers feature a unique 230*230*75 mm design, providing ample space to effortlessly accommodate diverse meals. The three-compartment layout ensures scientific separation of dishes,&hellip;","_links":{"self":[{"href":"https:\/\/www.manluenpack.com\/es\/wp-json\/wp\/v2\/product\/3139","targetHints":{"allow":["GET"]}}],"collection":[{"href":"https:\/\/www.manluenpack.com\/es\/wp-json\/wp\/v2\/product"}],"about":[{"href":"https:\/\/www.manluenpack.com\/es\/wp-json\/wp\/v2\/types\/product"}],"wp:featuredmedia":[{"embeddable":true,"href":"https:\/\/www.manluenpack.com\/es\/wp-json\/wp\/v2\/media\/3250"}],"wp:attachment":[{"href":"https:\/\/www.manluenpack.com\/es\/wp-json\/wp\/v2\/media?parent=3139"}],"wp:term":[{"taxonomy":"product_brand","embeddable":true,"href":"https:\/\/www.manluenpack.com\/es\/wp-json\/wp\/v2\/product_brand?post=3139"},{"taxonomy":"product_cat","embeddable":true,"href":"https:\/\/www.manluenpack.com\/es\/wp-json\/wp\/v2\/product_cat?post=3139"},{"taxonomy":"product_tag","embeddable":true,"href":"https:\/\/www.manluenpack.com\/es\/wp-json\/wp\/v2\/product_tag?post=3139"}],"curies":[{"name":"wp","href":"https:\/\/api.w.org\/{rel}","templated":true}]}}