{"id":3133,"date":"2025-06-30T16:36:41","date_gmt":"2025-06-30T08:36:41","guid":{"rendered":"https:\/\/www.manluenpack.com\/?post_type=product&#038;p=3133"},"modified":"2025-07-09T16:28:42","modified_gmt":"2025-07-09T08:28:42","slug":"wl-p61-manluen-6x6-1-compartment-clamshell-to-go-containers","status":"publish","type":"product","link":"https:\/\/www.manluenpack.com\/es\/products\/wl-p61-manluen-6x6-1-compartment-clamshell-to-go-containers\/","title":{"rendered":"Contenedores de tipo concha para llevar WL-P61 Manluen 6X6\u2033 de 1 compartimento"},"content":{"rendered":"<p>Los contenedores para llevar WL-P61 Manluen 6X6\" de una cavidad con tapa abatible est\u00e1n fabricados con material PP de grado alimentario, un termopl\u00e1stico de uso com\u00fan que es no t\u00f3xico, inodoro y cumple con las normas internacionales de seguridad alimentaria. Este material presenta una excelente resistencia tanto a altas como a bajas temperaturas, manteniendo propiedades f\u00edsicas y qu\u00edmicas estables en diversos entornos para garantizar la seguridad e higiene de los alimentos. Sus dimensiones \u00fanicas de 152*152*76 mm, junto con un dise\u00f1o cuadrado, maximizan el aprovechamiento del espacio, siendo adecuados para empaquetar una amplia variedad de comidas. El dise\u00f1o de sellado con tapa abatible es a prueba de fugas y duradero, proporcionando una soluci\u00f3n pr\u00e1ctica, segura y ecol\u00f3gica para las necesidades de comida para llevar.<\/p>\n<ul>\n<li>Tipo de embalaje<br \/>\nCaja de cart\u00f3n<\/li>\n<li>Color<br \/>\nBlanco<\/li>\n<li>Cantidad por caja<br \/>\n250 juegos<\/li>\n<li>Material<br \/>\nBase: PP<\/li>\n<\/ul>\n<ul>\n<li style=\"list-style-type: none;\">\n<table style=\"height: 160px;\" width=\"500\"><!-- \u8868\u683c\u7684\u8fb9\u6846\u4e3a1\u4e2a\u50cf\u7d20 --><!-- \u5355\u5143\u683c\u7684\u5185\u8fb9\u8ddd\u4e3a1\u50cf\u7d20 --><!-- \u5355\u5143\u683c\u4e4b\u95f4\u7684\u95f4\u8ddd\u4e3a0\u50cf\u7d20 --><!-- \u8fb9\u6846\u89c4\u5219\u4e3a\u4e24\u4fa7\u8fb9\u6846 --><\/p>\n<tbody>\n<tr>\n<td align=\"center\" bgcolor=\"EFEFEF\"><\/td>\n<td align=\"center\" bgcolor=\"EFEFEF\">Tama\u00f1o del producto<\/td>\n<td align=\"center\" bgcolor=\"EFEFEF\">Cantidad<\/td>\n<td align=\"center\" bgcolor=\"EFEFEF\">Tama\u00f1o del cart\u00f3n<\/td>\n<\/tr>\n<tr>\n<td align=\"center\" bgcolor=\"EFEFEF\">WL-P61<\/td>\n<td align=\"center\">150*150*70mm<\/td>\n<td align=\"center\">250<\/td>\n<td align=\"center\">470*310*320<\/td>\n<\/tr>\n<tr>\n<td align=\"center\" bgcolor=\"EFEFEF\">WL-P81<\/td>\n<td align=\"center\">200*200*75mm<\/td>\n<td align=\"center\">150<\/td>\n<td align=\"center\">430*285*430<\/td>\n<\/tr>\n<tr>\n<td align=\"center\" bgcolor=\"EFEFEF\">WL-P83<\/td>\n<td align=\"center\">200*200*75mm<\/td>\n<td align=\"center\">150<\/td>\n<td align=\"center\">430*285*430<\/td>\n<\/tr>\n<tr>\n<td align=\"center\" bgcolor=\"EFEFEF\">WL-P91<\/td>\n<td align=\"center\">230*230*75mm<\/td>\n<td align=\"center\">150<\/td>\n<td align=\"center\">460*285*470<\/td>\n<\/tr>\n<tr>\n<td align=\"center\" bgcolor=\"EFEFEF\">WL-P93<\/td>\n<td align=\"center\">230*230*75mm<\/td>\n<td align=\"center\">150<\/td>\n<td align=\"center\">460*285*470<\/td>\n<\/tr>\n<tr>\n<td align=\"center\" bgcolor=\"EFEFEF\">WL-P96<\/td>\n<td align=\"center\">220*150*75mm<\/td>\n<td align=\"center\">200<\/td>\n<td align=\"center\">380*310*470<\/td>\n<\/tr>\n<\/tbody>\n<\/table>\n<\/li>\n<li><a href=\"https:\/\/www.manluenpack.com\/es\/products\/\">M\u00c1S ESTILO, M\u00c1S ESTILOS\u2026<\/a><\/li>\n<\/ul>\n<h3><strong><b>Embalaje y entrega<\/b><\/strong><\/h3>\n<p>Los contenedores de cart\u00f3n plastificado de una compartimento WL-P61 Manluen 6X6\u2033 para llevar est\u00e1n empaquetados en un embalaje compacto y ecol\u00f3gico para garantizar limpieza y protecci\u00f3n durante el tr\u00e1nsito. Cada producto est\u00e1 apilado ordenadamente seg\u00fan dimensiones est\u00e1ndar, optimizando el espacio y mejorando la eficiencia log\u00edstica. La entrega r\u00e1pida y confiable garantiza una experiencia sin complicaciones para tus necesidades de comida para llevar sostenibles.<\/p>\n<h3><strong><b>Escenarios de uso<\/b><\/strong><strong><b>\u00a0\u00a0<\/b><\/strong><\/h3>\n<p>Las cajas de cart\u00f3n plastificado de un compartimento WL-P61 Manluen 6X6\u2033 son perfectas para diversos escenarios de comida\u2014ya sea para cocina china al vapor, ensaladas refrescantes o postres delicados. Su material ecol\u00f3gico y dise\u00f1o a prueba de fugas las hacen ideales para comida para llevar en restaurantes, almuerzos de oficina o reuniones al aire libre, a\u00f1adiendo un toque de naturaleza y calidad a cada comida.<\/p>\n<h3><strong><b>Dise\u00f1o apilable<\/b><\/strong><\/h3>\n<p>Dise\u00f1adas para un apilamiento eficiente, las cajas de cart\u00f3n plastificado de un compartimento WL-P61 Manluen 6X6\u2033 maximizan el espacio de almacenamiento y transporte. Su estructura cuadrada estable permite apilados ordenados y seguros, evitando vuelcos y simplificando la gesti\u00f3n de inventario para los negocios. Este dise\u00f1o reduce los costes log\u00edsticos y ofrece una soluci\u00f3n pr\u00e1ctica y sostenible para empaques para llevar.<\/p>\n<h3><strong><b>A prueba de fugas, sellado y duradero <\/b><\/strong><\/h3>\n<p>Los contenedores de cart\u00f3n plastificado para pasteles WL-P61 Manluen de un compartimento con cierre herm\u00e9tico de precisi\u00f3n est\u00e1n dise\u00f1ados para evitar derrames. Su material resistente garantiza una capacidad fiable de soportar peso, ya sea para alimentos calientes o fr\u00edos, brindando tranquilidad y protecci\u00f3n confiable para tu experiencia de comida para llevar.<\/p>\n<p><a href=\"https:\/\/www.google.com\/search?q=manluenpack\" target=\"_blank\" rel=\"noopener\">M\u00c1S INFORMACI\u00d3N\u2026<\/a><\/p>","protected":false},"excerpt":{"rendered":"<p>The WL-P61 Manluen 6X6&#8243; 1-Compartment Clamshell To Go Containers are made from food-grade PP material, a commonly used thermoplastic that is non-toxic, odorless, and compliant with international food safety standards.&hellip;<\/p>","protected":false},"featured_media":3273,"template":"","meta":{"_uag_custom_page_level_css":""},"product_brand":[],"product_cat":[21],"product_tag":[130,251,133],"class_list":{"0":"post-3133","1":"product","2":"type-product","3":"status-publish","4":"has-post-thumbnail","6":"product_cat-clamshell-containers","7":"product_tag-clamshell-container","8":"product_tag-pp","9":"product_tag-white","11":"first","12":"instock","13":"shipping-taxable","14":"purchasable","15":"product-type-simple"},"spectra_custom_meta":{"rank_math_internal_links_processed":["1","1","1","1","1","1","1","1","1","1","1","1","1","1","1","1","1","1","1","1","1","1","1","1","1","1","1","1","1","1","1","1","1","1","1","1","1","1","1","1","1","1","1","1","1","1","1","1"],"_sku":["WL-P61"],"_regular_price":["1"],"total_sales":["0"],"_tax_status":["taxable"],"_tax_class":[""],"_manage_stock":["no"],"_backorders":["no"],"_sold_individually":["no"],"_virtual":["no"],"_downloadable":["no"],"_product_image_gallery":["3157,3156,3155,3154"],"_download_limit":["0"],"_download_expiry":["0"],"_thumbnail_id":["3273"],"_stock":[null],"_stock_status":["instock"],"_wc_average_rating":["0"],"_wc_review_count":["0"],"_product_attributes":["a:2:{s:9:\"item-size\";a:6:{s:4:\"name\";s:9:\"Item Size\";s:5:\"value\";s:12:\"152*152*76mm\";s:8:\"position\";i:0;s:10:\"is_visible\";i:1;s:12:\"is_variation\";i:0;s:11:\"is_taxonomy\";i:0;}s:7:\"qty-ctn\";a:6:{s:4:\"name\";s:7:\"QTY\/CTN\";s:5:\"value\";s:3:\"250\";s:8:\"position\";i:1;s:10:\"is_visible\";i:1;s:12:\"is_variation\";i:0;s:11:\"is_taxonomy\";i:0;}}"],"_product_version":["9.4.2"],"_price":["1"],"_wp_old_date":["2024-11-26"],"rank_math_analytic_object_id":["24"],"classic-editor-remember":["classic-editor"],"rank_math_seo_score":["69"],"rank_math_contentai_score":["a:5:{s:8:\"keywords\";s:5:\"74.51\";s:9:\"wordCount\";s:1:\"0\";s:9:\"linkCount\";s:1:\"0\";s:12:\"headingCount\";s:1:\"0\";s:10:\"mediaCount\";s:1:\"0\";}"],"_jet_woo_template":[""],"_template_type":["default"],"rank_math_primary_product_cat":["21"],"_ywraq_hide_quote_button_check":[""],"_ywraq_hide_quote_button":["0"],"_edit_lock":["1752049959:1"],"_edit_last":["1"],"rank_math_focus_keyword":["To Go Containers"],"_wp_old_slug":["wl-p61-manluen-clamshell-container"],"_uag_css_file_name":["uag-css-3133.css"],"_uag_page_assets":["a:9:{s:3:\"css\";s:0:\"\";s:2:\"js\";s:0:\"\";s:18:\"current_block_list\";a:6:{i:0;s:10:\"core\/group\";i:1;s:12:\"core\/heading\";i:2;s:17:\"core\/latest-posts\";i:3;s:20:\"core\/latest-comments\";i:4;s:13:\"core\/archives\";i:5;s:15:\"core\/categories\";}s:8:\"uag_flag\";b:0;s:11:\"uag_version\";i:1777287045;s:6:\"gfonts\";a:0:{}s:10:\"gfonts_url\";s:0:\"\";s:12:\"gfonts_files\";a:0:{}s:14:\"uag_faq_layout\";b:0;}"]},"uagb_featured_image_src":{"full":["https:\/\/www.manluenpack.com\/wp-content\/uploads\/2025\/06\/WL-P61-manluen-takeout-plastic-clamshell-containers-scaled.webp",2560,1707,false],"thumbnail":["https:\/\/www.manluenpack.com\/wp-content\/uploads\/2025\/06\/WL-P61-manluen-takeout-plastic-clamshell-containers-scaled.webp",150,100,false],"medium":["https:\/\/www.manluenpack.com\/wp-content\/uploads\/2025\/06\/WL-P61-manluen-takeout-plastic-clamshell-containers-scaled.webp",300,200,false],"medium_large":["https:\/\/www.manluenpack.com\/wp-content\/uploads\/2025\/06\/WL-P61-manluen-takeout-plastic-clamshell-containers-scaled.webp",768,512,false],"large":["https:\/\/www.manluenpack.com\/wp-content\/uploads\/2025\/06\/WL-P61-manluen-takeout-plastic-clamshell-containers-scaled.webp",1024,683,false],"1536x1536":["https:\/\/www.manluenpack.com\/wp-content\/uploads\/2025\/06\/WL-P61-manluen-takeout-plastic-clamshell-containers-scaled.webp",1536,1024,false],"2048x2048":["https:\/\/www.manluenpack.com\/wp-content\/uploads\/2025\/06\/WL-P61-manluen-takeout-plastic-clamshell-containers-scaled.webp",2048,1366,false],"trp-custom-language-flag":["https:\/\/www.manluenpack.com\/wp-content\/uploads\/2025\/06\/WL-P61-manluen-takeout-plastic-clamshell-containers-scaled.webp",18,12,false],"menu-24x24":["https:\/\/www.manluenpack.com\/wp-content\/uploads\/2025\/06\/WL-P61-manluen-takeout-plastic-clamshell-containers-scaled.webp",24,16,false],"menu-36x36":["https:\/\/www.manluenpack.com\/wp-content\/uploads\/2025\/06\/WL-P61-manluen-takeout-plastic-clamshell-containers-scaled.webp",36,24,false],"menu-48x48":["https:\/\/www.manluenpack.com\/wp-content\/uploads\/2025\/06\/WL-P61-manluen-takeout-plastic-clamshell-containers-scaled.webp",48,32,false],"woocommerce_thumbnail":["https:\/\/www.manluenpack.com\/wp-content\/uploads\/2025\/06\/WL-P61-manluen-takeout-plastic-clamshell-containers-scaled-300x300.webp",300,300,true],"woocommerce_single":["https:\/\/www.manluenpack.com\/wp-content\/uploads\/2025\/06\/WL-P61-manluen-takeout-plastic-clamshell-containers-scaled.webp",600,400,false],"woocommerce_gallery_thumbnail":["https:\/\/www.manluenpack.com\/wp-content\/uploads\/2025\/06\/WL-P61-manluen-takeout-plastic-clamshell-containers-scaled-100x100.webp",100,100,true]},"uagb_author_info":{"display_name":"ManLuenpack","author_link":"https:\/\/www.manluenpack.com\/es\/author\/"},"uagb_comment_info":0,"uagb_excerpt":"The WL-P61 Manluen 6X6&#8243; 1-Compartment Clamshell To Go Containers are made from food-grade PP material, a commonly used thermoplastic that is non-toxic, odorless, and compliant with international food safety standards.&hellip;","_links":{"self":[{"href":"https:\/\/www.manluenpack.com\/es\/wp-json\/wp\/v2\/product\/3133","targetHints":{"allow":["GET"]}}],"collection":[{"href":"https:\/\/www.manluenpack.com\/es\/wp-json\/wp\/v2\/product"}],"about":[{"href":"https:\/\/www.manluenpack.com\/es\/wp-json\/wp\/v2\/types\/product"}],"wp:featuredmedia":[{"embeddable":true,"href":"https:\/\/www.manluenpack.com\/es\/wp-json\/wp\/v2\/media\/3273"}],"wp:attachment":[{"href":"https:\/\/www.manluenpack.com\/es\/wp-json\/wp\/v2\/media?parent=3133"}],"wp:term":[{"taxonomy":"product_brand","embeddable":true,"href":"https:\/\/www.manluenpack.com\/es\/wp-json\/wp\/v2\/product_brand?post=3133"},{"taxonomy":"product_cat","embeddable":true,"href":"https:\/\/www.manluenpack.com\/es\/wp-json\/wp\/v2\/product_cat?post=3133"},{"taxonomy":"product_tag","embeddable":true,"href":"https:\/\/www.manluenpack.com\/es\/wp-json\/wp\/v2\/product_tag?post=3133"}],"curies":[{"name":"wp","href":"https:\/\/api.w.org\/{rel}","templated":true}]}}