{"id":2991,"date":"2025-06-28T16:05:37","date_gmt":"2025-06-28T08:05:37","guid":{"rendered":"https:\/\/www.manluenpack.com\/?post_type=product&#038;p=2991"},"modified":"2025-07-18T11:10:38","modified_gmt":"2025-07-18T03:10:38","slug":"wl-b05-manluen-sushi-tray","status":"publish","type":"product","link":"https:\/\/www.manluenpack.com\/es\/products\/wl-b05-manluen-sushi-tray\/","title":{"rendered":"Bandeja de Sushi Manluen WL-B05"},"content":{"rendered":"<p>La bandeja de sushi Manluen WL-B05 presenta un dise\u00f1o \u00fanico de 180*150*55 mm, logrando un equilibrio perfecto entre capacidad y est\u00e9tica espacial. Compacta pero pr\u00e1ctica, es adecuada para diversas ocasiones, satisfaciendo las necesidades de presentaci\u00f3n de sushi sin ocupar demasiado espacio en la mesa, convirti\u00e9ndola en una opci\u00f3n ideal para experiencias gastron\u00f3micas refinadas.<\/p>\n<ul>\n<li>Tipo de embalaje<br \/>\nCaja de cart\u00f3n<\/li>\n<li>Color<br \/>\nNegro<\/li>\n<li>Cantidad por caja<br \/>\n400 juegos<\/li>\n<li>Material<br \/>\nTapa: OPS, Base: PS<\/li>\n<li>Especificaciones de embalaje<br \/>\n0.086 metros c\u00fabicos<\/li>\n<\/ul>\n<h3><strong>Embalaje y entrega<\/strong><\/h3>\n<p>La bandeja de sushi mayorista WL-B05 Manluen est\u00e1 empaquetada en materiales ecol\u00f3gicos simples pero resistentes, asegurando que el producto llegue en perfectas condiciones, como un tesoro valioso. Nuestro servicio de entrega es eficiente y confiable, comprometido a entregar esta obra maestra de la artesan\u00eda lo m\u00e1s r\u00e1pido posible, haciendo que cada experiencia de desempaquetado est\u00e9 llena de anticipaci\u00f3n y alegr\u00eda.<\/p>\n<h3><strong>Escenarios de uso<\/strong><strong>\u00a0\u00a0<\/strong><\/h3>\n<p>La bandeja de sushi mayorista WL-B05 Manluen, con sus dimensiones compactas y su elegante dise\u00f1o de barco, a\u00f1ade un toque de brillo a reuniones familiares, bebidas informales con amigos o restaurantes japoneses de alta gama. No solo exhibe perfectamente la delicadeza del sushi, sino que tambi\u00e9n aporta un toque art\u00edstico a la experiencia gastron\u00f3mica, haciendo de cada comida un fest\u00edn para los ojos y el paladar.<\/p>\n<h3><strong>Amplia resistencia a temperaturas<\/strong><\/h3>\n<p>Nuestra bandeja de sushi WL-B05 Manluen Red Gold presenta un rendimiento sobresaliente en un amplio rango de temperaturas, desde refrigeraci\u00f3n hasta microondas, satisfaciendo eficazmente diversas necesidades de uso. Su resistencia superior a las temperaturas no solo garantiza la seguridad y calidad de los alimentos, sino que tambi\u00e9n proporciona a los usuarios la m\u00e1xima comodidad, convirti\u00e9ndola en la opci\u00f3n perfecta para todas las ocasiones de comida.<\/p>\n<h3><strong>Dise\u00f1o apilable <\/strong><\/h3>\n<p>La bandeja de sushi WL-B05 Manluen Gold con tapa est\u00e1 fabricada con materiales ecol\u00f3gicos de alta calidad y cuenta con un dise\u00f1o innovador apilable. Este dise\u00f1o no solo ahorra espacio de almacenamiento, sino que tambi\u00e9n facilita el transporte y la organizaci\u00f3n eficiente. Esta ventaja la convierte en una opci\u00f3n ideal para operaciones de alto volumen, manteniendo el orden y la limpieza mientras aumenta la eficiencia en entornos de catering concurridos.<\/p>","protected":false},"excerpt":{"rendered":"<p>The WL-B05 Manluen Sushi Tray features a unique 180*150*55 mm design, striking a perfect balance between capacity and spatial aesthetics. Compact yet practical, it is suitable for various occasions, meeting&hellip;<\/p>","protected":false},"featured_media":3609,"template":"","meta":{"_uag_custom_page_level_css":""},"product_brand":[],"product_cat":[23],"product_tag":[114,113,102],"class_list":{"0":"post-2991","1":"product","2":"type-product","3":"status-publish","4":"has-post-thumbnail","6":"product_cat-sushi-trays","7":"product_tag-boat-shaped","8":"product_tag-sakura","9":"product_tag-sushi","11":"first","12":"instock","13":"shipping-taxable","14":"purchasable","15":"product-type-simple"},"spectra_custom_meta":{"rank_math_internal_links_processed":["1","1","1","1","1","1","1","1","1","1","1","1","1","1","1","1","1","1"],"_sku":["WL-B05"],"_regular_price":["1"],"total_sales":["0"],"_tax_status":["taxable"],"_tax_class":[""],"_manage_stock":["no"],"_backorders":["no"],"_sold_individually":["no"],"_virtual":["no"],"_downloadable":["no"],"_download_limit":["0"],"_download_expiry":["0"],"_stock":[null],"_stock_status":["instock"],"_wc_average_rating":["0"],"_wc_review_count":["0"],"_product_attributes":["a:2:{s:9:\"item-size\";a:6:{s:4:\"name\";s:9:\"Item Size\";s:5:\"value\";s:12:\"180*150*55mm\";s:8:\"position\";i:0;s:10:\"is_visible\";i:1;s:12:\"is_variation\";i:0;s:11:\"is_taxonomy\";i:0;}s:7:\"qty-ctn\";a:6:{s:4:\"name\";s:7:\"QTY\/CTN\";s:5:\"value\";s:3:\"400\";s:8:\"position\";i:1;s:10:\"is_visible\";i:1;s:12:\"is_variation\";i:0;s:11:\"is_taxonomy\";i:0;}}"],"_product_version":["9.4.2"],"_price":["1"],"_wp_old_date":["2024-11-26"],"rank_math_analytic_object_id":["24"],"classic-editor-remember":["classic-editor"],"rank_math_seo_score":["69"],"rank_math_contentai_score":["a:5:{s:8:\"keywords\";s:5:\"74.51\";s:9:\"wordCount\";s:1:\"0\";s:9:\"linkCount\";s:1:\"0\";s:12:\"headingCount\";s:1:\"0\";s:10:\"mediaCount\";s:1:\"0\";}"],"_jet_woo_template":[""],"_template_type":["default"],"rank_math_primary_product_cat":["23"],"_ywraq_hide_quote_button_check":[""],"_ywraq_hide_quote_button":["0"],"rank_math_focus_keyword":["Sushi Tray"],"_edit_lock":["1754364330:1"],"_edit_last":["1"],"_product_image_gallery":["3610,3608,3110,2311"],"_thumbnail_id":["3609"],"_uag_css_file_name":["uag-css-2991.css"],"_uag_page_assets":["a:9:{s:3:\"css\";s:0:\"\";s:2:\"js\";s:0:\"\";s:18:\"current_block_list\";a:6:{i:0;s:10:\"core\/group\";i:1;s:12:\"core\/heading\";i:2;s:17:\"core\/latest-posts\";i:3;s:20:\"core\/latest-comments\";i:4;s:13:\"core\/archives\";i:5;s:15:\"core\/categories\";}s:8:\"uag_flag\";b:0;s:11:\"uag_version\";i:1777293626;s:6:\"gfonts\";a:0:{}s:10:\"gfonts_url\";s:0:\"\";s:12:\"gfonts_files\";a:0:{}s:14:\"uag_faq_layout\";b:0;}"]},"uagb_featured_image_src":{"full":["https:\/\/www.manluenpack.com\/wp-content\/uploads\/2025\/07\/WL-B05-manluen-food-container-tray-sushi-box.webp",1000,1000,false],"thumbnail":["https:\/\/www.manluenpack.com\/wp-content\/uploads\/2025\/07\/WL-B05-manluen-food-container-tray-sushi-box.webp",150,150,false],"medium":["https:\/\/www.manluenpack.com\/wp-content\/uploads\/2025\/07\/WL-B05-manluen-food-container-tray-sushi-box.webp",300,300,false],"medium_large":["https:\/\/www.manluenpack.com\/wp-content\/uploads\/2025\/07\/WL-B05-manluen-food-container-tray-sushi-box.webp",768,768,false],"large":["https:\/\/www.manluenpack.com\/wp-content\/uploads\/2025\/07\/WL-B05-manluen-food-container-tray-sushi-box.webp",1000,1000,false],"1536x1536":["https:\/\/www.manluenpack.com\/wp-content\/uploads\/2025\/07\/WL-B05-manluen-food-container-tray-sushi-box.webp",1000,1000,false],"2048x2048":["https:\/\/www.manluenpack.com\/wp-content\/uploads\/2025\/07\/WL-B05-manluen-food-container-tray-sushi-box.webp",1000,1000,false],"trp-custom-language-flag":["https:\/\/www.manluenpack.com\/wp-content\/uploads\/2025\/07\/WL-B05-manluen-food-container-tray-sushi-box.webp",12,12,false],"menu-24x24":["https:\/\/www.manluenpack.com\/wp-content\/uploads\/2025\/07\/WL-B05-manluen-food-container-tray-sushi-box.webp",24,24,false],"menu-36x36":["https:\/\/www.manluenpack.com\/wp-content\/uploads\/2025\/07\/WL-B05-manluen-food-container-tray-sushi-box.webp",36,36,false],"menu-48x48":["https:\/\/www.manluenpack.com\/wp-content\/uploads\/2025\/07\/WL-B05-manluen-food-container-tray-sushi-box.webp",48,48,false],"woocommerce_thumbnail":["https:\/\/www.manluenpack.com\/wp-content\/uploads\/2025\/07\/WL-B05-manluen-food-container-tray-sushi-box.webp",300,300,false],"woocommerce_single":["https:\/\/www.manluenpack.com\/wp-content\/uploads\/2025\/07\/WL-B05-manluen-food-container-tray-sushi-box.webp",600,600,false],"woocommerce_gallery_thumbnail":["https:\/\/www.manluenpack.com\/wp-content\/uploads\/2025\/07\/WL-B05-manluen-food-container-tray-sushi-box.webp",100,100,false]},"uagb_author_info":{"display_name":"ManLuenpack","author_link":"https:\/\/www.manluenpack.com\/es\/author\/"},"uagb_comment_info":0,"uagb_excerpt":"The WL-B05 Manluen Sushi Tray features a unique 180*150*55 mm design, striking a perfect balance between capacity and spatial aesthetics. Compact yet practical, it is suitable for various occasions, meeting&hellip;","_links":{"self":[{"href":"https:\/\/www.manluenpack.com\/es\/wp-json\/wp\/v2\/product\/2991","targetHints":{"allow":["GET"]}}],"collection":[{"href":"https:\/\/www.manluenpack.com\/es\/wp-json\/wp\/v2\/product"}],"about":[{"href":"https:\/\/www.manluenpack.com\/es\/wp-json\/wp\/v2\/types\/product"}],"wp:featuredmedia":[{"embeddable":true,"href":"https:\/\/www.manluenpack.com\/es\/wp-json\/wp\/v2\/media\/3609"}],"wp:attachment":[{"href":"https:\/\/www.manluenpack.com\/es\/wp-json\/wp\/v2\/media?parent=2991"}],"wp:term":[{"taxonomy":"product_brand","embeddable":true,"href":"https:\/\/www.manluenpack.com\/es\/wp-json\/wp\/v2\/product_brand?post=2991"},{"taxonomy":"product_cat","embeddable":true,"href":"https:\/\/www.manluenpack.com\/es\/wp-json\/wp\/v2\/product_cat?post=2991"},{"taxonomy":"product_tag","embeddable":true,"href":"https:\/\/www.manluenpack.com\/es\/wp-json\/wp\/v2\/product_tag?post=2991"}],"curies":[{"name":"wp","href":"https:\/\/api.w.org\/{rel}","templated":true}]}}