{"id":2955,"date":"2025-06-28T14:37:31","date_gmt":"2025-06-28T06:37:31","guid":{"rendered":"https:\/\/www.manluenpack.com\/?post_type=product&#038;p=2955"},"modified":"2026-02-20T20:58:46","modified_gmt":"2026-02-20T12:58:46","slug":"wl-8525-manluen-bento-box","status":"publish","type":"product","link":"https:\/\/www.manluenpack.com\/es\/products\/wl-8525-manluen-bento-box\/","title":{"rendered":"WL-8525 Caja de Bento Manluen"},"content":{"rendered":"<p>La caja de Bento negra WL-8525 presenta un dise\u00f1o \u00fanico de 233*162*50 mm, combinando practicidad con portabilidad. Fabricada con materiales de grado alimentario de primera calidad, es segura, duradera y ligera. Su distribuci\u00f3n inteligente de compartimentos separa eficazmente los platos principales de los acompa\u00f1amientos, evitando la mezcla de sabores. El dise\u00f1o a prueba de fugas garantiza la frescura, mientras que su elegante apariencia negra a\u00f1ade un toque de modernidad y elegancia, satisfaciendo las diversas necesidades de desplazamientos, picnics o alimentaci\u00f3n saludable, convirti\u00e9ndola en una opci\u00f3n ideal para la vida moderna.<\/p>\n<ul>\n<li>Tipo de embalaje<br \/>\nCaja de cart\u00f3n<\/li>\n<li>Color<br \/>\nNegro<\/li>\n<li>Cantidad por caja<br \/>\n300 juegos<\/li>\n<li>Material<br \/>\nTapa: PET\/OPS, Base: PS\/PP<\/li>\n<li>Especificaciones de embalaje<br \/>\n0.082 metros c\u00fabicos<\/li>\n<\/ul>\n<p>&nbsp;<\/p>\n<ul>\n<li style=\"list-style-type: none;\">\n<table style=\"height: 160px;\" width=\"500\"><!-- \u8868\u683c\u7684\u8fb9\u6846\u4e3a1\u4e2a\u50cf\u7d20 --><!-- \u5355\u5143\u683c\u7684\u5185\u8fb9\u8ddd\u4e3a1\u50cf\u7d20 --><!-- \u5355\u5143\u683c\u4e4b\u95f4\u7684\u95f4\u8ddd\u4e3a0\u50cf\u7d20 --><!-- \u8fb9\u6846\u89c4\u5219\u4e3a\u4e24\u4fa7\u8fb9\u6846 --><\/p>\n<tbody>\n<tr>\n<td align=\"center\" bgcolor=\"EFEFEF\"><\/td>\n<td align=\"center\" bgcolor=\"EFEFEF\">Tama\u00f1o del producto<\/td>\n<td align=\"center\" bgcolor=\"EFEFEF\">Cantidad<\/td>\n<td align=\"center\" bgcolor=\"EFEFEF\">Tama\u00f1o del cart\u00f3n<\/td>\n<\/tr>\n<tr>\n<td align=\"center\" bgcolor=\"EFEFEF\">WL-8505<\/td>\n<td align=\"center\">136*111*50mm<\/td>\n<td align=\"center\">600<\/td>\n<td align=\"center\">435*405*465<\/td>\n<\/tr>\n<tr>\n<td align=\"center\" bgcolor=\"EFEFEF\">WL-8507<\/td>\n<td align=\"center\">168*126*50mm<\/td>\n<td align=\"center\">400<\/td>\n<td align=\"center\">530*370*350<\/td>\n<\/tr>\n<tr>\n<td align=\"center\" bgcolor=\"EFEFEF\">WL-8510<\/td>\n<td align=\"center\">183*130*50mm<\/td>\n<td align=\"center\">400<\/td>\n<td align=\"center\">535*360*385<\/td>\n<\/tr>\n<tr>\n<td align=\"center\" bgcolor=\"EFEFEF\">WL-8515<\/td>\n<td align=\"center\">205*132*50mm<\/td>\n<td align=\"center\">400<\/td>\n<td align=\"center\">545*315*415<\/td>\n<\/tr>\n<tr>\n<td align=\"center\" bgcolor=\"EFEFEF\">WL-8520<\/td>\n<td align=\"center\">215*148*50mm<\/td>\n<td align=\"center\">400<\/td>\n<td align=\"center\">600*315*447<\/td>\n<\/tr>\n<tr>\n<td align=\"center\" bgcolor=\"EFEFEF\">WL-8525<\/td>\n<td align=\"center\">233*162*50mm<\/td>\n<td align=\"center\">300<\/td>\n<td align=\"center\">490*340*493<\/td>\n<\/tr>\n<tr>\n<td align=\"center\" bgcolor=\"EFEFEF\">WL-8528<\/td>\n<td align=\"center\">238*193*50mm<\/td>\n<td align=\"center\">300<\/td>\n<td align=\"center\">720*420*400<\/td>\n<\/tr>\n<tr>\n<td align=\"center\" bgcolor=\"EFEFEF\">WL-8530<\/td>\n<td align=\"center\">265*200*50mm<\/td>\n<td align=\"center\">200<\/td>\n<td align=\"center\">535*340*412<\/td>\n<\/tr>\n<tr>\n<td align=\"center\" bgcolor=\"EFEFEF\">WL-8530H<\/td>\n<td align=\"center\">265*200*58mm<\/td>\n<td align=\"center\">200<\/td>\n<td align=\"center\">535*385*412<\/td>\n<\/tr>\n<\/tbody>\n<\/table>\n<\/li>\n<li><a href=\"https:\/\/www.manluenpack.com\/es\/products\/\">M\u00c1S ESTILO, M\u00c1S ESTILOS\u2026<\/a><\/li>\n<\/ul>\n<h3><strong><b>Embalaje y entrega<\/b><\/strong><\/h3>\n<p>La caja bento desechable negra WL-8525 llega en un embalaje minimalista y elegante, respetuoso con el medio ambiente, que equilibra perfectamente funcionalidad y est\u00e9tica. Cada producto est\u00e1 cuidadosamente envuelto con materiales de alta calidad para garantizar que llegue sin da\u00f1os. Con una entrega r\u00e1pida y eficiente, cada usuario puede experimentar de inmediato la calidad y el cuidado de este pr\u00e1ctico elemento esencial para el estilo de vida, elevando su comodidad y elegancia al comer.<\/p>\n<h3><strong><b>Dise\u00f1o apilable<\/b><\/strong><\/h3>\n<p>La caja bento desechable WL-8525 presenta un dise\u00f1o inteligente apilable, que maximiza la eficiencia del espacio y mejora la organizaci\u00f3n del almacenamiento. Su estructura resistente asegura un apilamiento seguro, ya sea almacenada en casa o transportada en movimiento, manteniendo el orden y la limpieza. Este dise\u00f1o no solo ahorra espacio, sino que tambi\u00e9n preserva la apariencia elegante y la practicidad de la caja, a\u00f1adiendo comodidad y eficiencia a la vida diaria.<\/p>\n<h3><strong><b>Escenarios de uso<\/b><\/strong><strong><b>\u00a0\u00a0<\/b><\/strong><\/h3>\n<p>La caja bento para almuerzo WL-8525 Black se adapta f\u00e1cilmente a las necesidades de almuerzos saludables para profesionales, comidas nutritivas para estudiantes o incluso picnic al aire libre con maridajes gourmet. Su compartimentaci\u00f3n cient\u00edfica mantiene cada plato ordenado, preservando sus sabores originales. Ligera y port\u00e1til, permite disfrutar de comidas deliciosas en cualquier momento y lugar. Su dise\u00f1o elegante y estilizado realza cada experiencia gastron\u00f3mica con elegancia y alegr\u00eda.<\/p>\n<h3><strong><b>A prueba de fugas y duradera<\/b><\/strong><\/h3>\n<p>La caja bento para barbacoa WL-8525 Black est\u00e1 fabricada con materiales de alta calidad y respetuosos con el medio ambiente, ofreciendo una durabilidad excepcional y resistencia a impactos y presiones. Su superficie suave y refinada no solo resulta c\u00f3moda al tacto, sino que tambi\u00e9n es f\u00e1cil de limpiar. Con un avanzado sistema de sellado a prueba de fugas, cierra firmemente su contenido, evitando derrames y escapes, incluso con platos con salsa o durante largos desplazamientos. Un compa\u00f1ero fiable para el uso diario y comidas al aire libre.<\/p>\n<p><a href=\"https:\/\/www.google.com\/search?q=manluenpack\" target=\"_blank\" rel=\"noopener\">M\u00c1S INFORMACI\u00d3N\u2026<\/a><\/p>","protected":false},"excerpt":{"rendered":"<p>The WL-8525 Black Bento Box features a unique 233*162*50 mm design, combining practicality with portability. Made from premium food-grade materials, it is safe, durable, and lightweight. Its smart compartment layout&hellip;<\/p>","protected":false},"featured_media":0,"template":"","meta":{"_uag_custom_page_level_css":""},"product_brand":[],"product_cat":[19],"product_tag":[117,118],"class_list":{"0":"post-2955","1":"product","2":"type-product","3":"status-publish","5":"product_cat-bento-boxes","6":"product_tag-bento-box","7":"product_tag-black","9":"first","10":"instock","11":"shipping-taxable","12":"purchasable","13":"product-type-simple"},"spectra_custom_meta":{"rank_math_internal_links_processed":["1","1","1","1","1","1","1","1","1","1","1","1","1","1","1","1","1","1","1","1","1","1","1","1","1","1","1","1","1","1","1","1","1","1"],"_sku":["WL-8525"],"_regular_price":["1"],"total_sales":["0"],"_tax_status":["taxable"],"_tax_class":[""],"_manage_stock":["no"],"_backorders":["no"],"_sold_individually":["no"],"_virtual":["no"],"_downloadable":["no"],"_download_limit":["0"],"_download_expiry":["0"],"_stock":[null],"_stock_status":["instock"],"_wc_average_rating":["0"],"_wc_review_count":["0"],"_product_attributes":["a:2:{s:9:\"item-size\";a:6:{s:4:\"name\";s:9:\"Item Size\";s:5:\"value\";s:12:\"233*162*50mm\";s:8:\"position\";i:0;s:10:\"is_visible\";i:1;s:12:\"is_variation\";i:0;s:11:\"is_taxonomy\";i:0;}s:7:\"qty-ctn\";a:6:{s:4:\"name\";s:7:\"QTY\/CTN\";s:5:\"value\";s:3:\"300\";s:8:\"position\";i:1;s:10:\"is_visible\";i:1;s:12:\"is_variation\";i:0;s:11:\"is_taxonomy\";i:0;}}"],"_product_version":["10.5.2"],"_price":["1"],"_wp_old_date":["2024-11-26"],"rank_math_analytic_object_id":["24"],"classic-editor-remember":["classic-editor"],"rank_math_seo_score":["100"],"rank_math_contentai_score":["a:5:{s:8:\"keywords\";s:5:\"74.51\";s:9:\"wordCount\";s:1:\"0\";s:9:\"linkCount\";s:1:\"0\";s:12:\"headingCount\";s:1:\"0\";s:10:\"mediaCount\";s:1:\"0\";}"],"_jet_woo_template":[""],"_template_type":["default"],"rank_math_primary_product_cat":["19"],"_ywraq_hide_quote_button_check":[""],"_ywraq_hide_quote_button":["0"],"rank_math_focus_keyword":["Bento Box,Black Bento Box"],"_edit_lock":["1771592216:1"],"_edit_last":["1"],"_product_image_gallery":["3000,2999,4749,4750,4751"],"_uag_css_file_name":["uag-css-2955.css"],"_uag_page_assets":["a:9:{s:3:\"css\";s:263:\".uag-blocks-common-selector{z-index:var(--z-index-desktop) !important}@media (max-width: 976px){.uag-blocks-common-selector{z-index:var(--z-index-tablet) !important}}@media (max-width: 767px){.uag-blocks-common-selector{z-index:var(--z-index-mobile) !important}}\n\";s:2:\"js\";s:0:\"\";s:18:\"current_block_list\";a:6:{i:0;s:10:\"core\/group\";i:1;s:12:\"core\/heading\";i:2;s:17:\"core\/latest-posts\";i:3;s:20:\"core\/latest-comments\";i:4;s:13:\"core\/archives\";i:5;s:15:\"core\/categories\";}s:8:\"uag_flag\";b:0;s:11:\"uag_version\";i:1777198379;s:6:\"gfonts\";a:0:{}s:10:\"gfonts_url\";s:0:\"\";s:12:\"gfonts_files\";a:0:{}s:14:\"uag_faq_layout\";b:0;}"]},"uagb_featured_image_src":{"full":false,"thumbnail":false,"medium":false,"medium_large":false,"large":false,"1536x1536":false,"2048x2048":false,"trp-custom-language-flag":false,"menu-24x24":false,"menu-36x36":false,"menu-48x48":false,"woocommerce_thumbnail":false,"woocommerce_single":false,"woocommerce_gallery_thumbnail":false},"uagb_author_info":{"display_name":"ManLuenpack","author_link":"https:\/\/www.manluenpack.com\/es\/author\/"},"uagb_comment_info":0,"uagb_excerpt":"The WL-8525 Black Bento Box features a unique 233*162*50 mm design, combining practicality with portability. Made from premium food-grade materials, it is safe, durable, and lightweight. Its smart compartment layout&hellip;","_links":{"self":[{"href":"https:\/\/www.manluenpack.com\/es\/wp-json\/wp\/v2\/product\/2955","targetHints":{"allow":["GET"]}}],"collection":[{"href":"https:\/\/www.manluenpack.com\/es\/wp-json\/wp\/v2\/product"}],"about":[{"href":"https:\/\/www.manluenpack.com\/es\/wp-json\/wp\/v2\/types\/product"}],"wp:attachment":[{"href":"https:\/\/www.manluenpack.com\/es\/wp-json\/wp\/v2\/media?parent=2955"}],"wp:term":[{"taxonomy":"product_brand","embeddable":true,"href":"https:\/\/www.manluenpack.com\/es\/wp-json\/wp\/v2\/product_brand?post=2955"},{"taxonomy":"product_cat","embeddable":true,"href":"https:\/\/www.manluenpack.com\/es\/wp-json\/wp\/v2\/product_cat?post=2955"},{"taxonomy":"product_tag","embeddable":true,"href":"https:\/\/www.manluenpack.com\/es\/wp-json\/wp\/v2\/product_tag?post=2955"}],"curies":[{"name":"wp","href":"https:\/\/api.w.org\/{rel}","templated":true}]}}