{"id":1903,"date":"2025-05-09T21:24:14","date_gmt":"2025-05-09T13:24:14","guid":{"rendered":"https:\/\/www.manluenpack.com\/?post_type=product&#038;p=1903"},"modified":"2025-06-19T13:54:57","modified_gmt":"2025-06-19T05:54:57","slug":"lateral-cake-slice-plastic-wedge-container-wl-a015","status":"publish","type":"product","link":"https:\/\/www.manluenpack.com\/es\/products\/lateral-cake-slice-plastic-wedge-container-wl-a015\/","title":{"rendered":"Contenedor lateral para rebanadas de pastel en forma de cu\u00f1a de pl\u00e1stico WL-A015"},"content":{"rendered":"<p>El contenedor lateral de cu\u00f1a de pl\u00e1stico para rebanadas de pastel WL-A015 redefine la presentaci\u00f3n de postres con una ingenier\u00eda pensada. Fabricado con material PS transparente como el cristal, muestra las capas y colores del pastel de manera perfecta. La forma \u00fanica en cu\u00f1a abraza las rebanadas de pastel naturales de manera segura sin deslizamientos ni compresi\u00f3n. La apertura lateral garantiza un acceso f\u00e1cil y sin desorden \u2013 ideal para panader\u00edas, restaurantes y uso dom\u00e9stico como la soluci\u00f3n perfecta para exhibici\u00f3n y almacenamiento.<\/p>\n<ul>\n<li>Tipo de embalaje<br \/>\nCaja de cart\u00f3n<\/li>\n<li>Color<br \/>\nNegro y transparente<\/li>\n<li>Cantidad por cart\u00f3n<br \/>\n? juegos<\/li>\n<li>Material<br \/>\nTapa:?;Base: ?<\/li>\n<li>Capacidad de unidad individual<br \/>\n? metros c\u00fabicos<\/li>\n<\/ul>\n<h3><strong><b>Embalaje y entrega<\/b><\/strong><\/h3>\n<p>Cada contenedor WL-A015 llega envuelto individualmente para garantizar la seguridad durante el transporte. El dise\u00f1o de apilamiento compacto y eficiente en espacio permite un apilamiento optimizado, mejorando el almacenamiento y la log\u00edstica. Listo para su uso inmediato, eleva la presentaci\u00f3n del pastel con una sofisticaci\u00f3n profesional.<\/p>\n<h3><strong><b>Escenarios de uso<\/b><\/strong><\/h3>\n<p>Ultraligero pero resistente, este contenedor viaja sin esfuerzo a reuniones familiares, picnics o talleres de reposter\u00eda. Perfecto para uso diario en el hogar, encuentros con amigos, celebraciones festivas, panader\u00edas y cafeter\u00edas \u2013 transforma la presentaci\u00f3n de rebanadas de pastel en una forma de arte.<\/p>\n<h3><strong><b>Ventajas de Dise\u00f1o \u00a0<\/b><\/strong><\/h3>\n<ul>\n<li>Perfil ergon\u00f3mico en cu\u00f1a: Contorna con precisi\u00f3n las rebanadas de pastel para evitar deformaciones<\/li>\n<li>Base estabilizada: Fundamento engrosado que soporta rebanadas m\u00e1s pesadas sin tambalearse<\/li>\n<li>Apertura dise\u00f1ada: Acceso lateral que mantiene la integridad de la rebanada durante el servicio<\/li>\n<\/ul>\n<h3><strong><b>Claridad \u00d3ptica y Conservaci\u00f3n<\/b><\/strong><\/h3>\n<p>El cuerpo transparente como el cristal muestra texturas y tonos tentadores del pastel, mientras que el sello herm\u00e9tico mantiene la frescura al evitar la exposici\u00f3n al aire, extendiendo significativamente la vida \u00fatil.<\/p>","protected":false},"excerpt":{"rendered":"<p>The WL-A015 Lateral Cake Slice Plastic Wedge Container redefines dessert presentation with thoughtful engineering. Crafted from crystal-clear PS material, it showcases cake layers and colors perfectly. The unique wedge shape&hellip;<\/p>","protected":false},"featured_media":130,"template":"","meta":{"_uag_custom_page_level_css":""},"product_brand":[],"product_cat":[128],"product_tag":[140],"class_list":{"0":"post-1903","1":"product","2":"type-product","3":"status-publish","4":"has-post-thumbnail","6":"product_cat-cake-containers","7":"product_tag-cake-container","9":"first","10":"instock","11":"shipping-taxable","12":"purchasable","13":"product-type-simple"},"spectra_custom_meta":{"rank_math_internal_links_processed":["1","1","1","1","1","1","1","1","1","1","1","1","1","1","1","1","1","1","1","1","1","1","1","1","1","1","1","1","1","1","1","1","1","1","1","1","1","1","1","1","1","1","1","1","1","1","1","1","1","1","1","1","1","1","1","1","1","1","1","1","1","1","1","1","1","1","1","1","1","1","1","1","1","1","1","1","1","1","1"],"_sku":["WL-A015"],"_regular_price":["1"],"total_sales":["0"],"_tax_status":["taxable"],"_tax_class":[""],"_manage_stock":["no"],"_backorders":["no"],"_sold_individually":["no"],"_virtual":["no"],"_downloadable":["no"],"_product_image_gallery":["1703,1711,1710,1709,1708,1707,1706,1705"],"_download_limit":["0"],"_download_expiry":["0"],"_thumbnail_id":["130"],"_stock":[null],"_stock_status":["instock"],"_wc_average_rating":["0"],"_wc_review_count":["0"],"_product_attributes":["a:2:{s:9:\"item-size\";a:6:{s:4:\"name\";s:9:\"Item Size\";s:5:\"value\";s:7:\"?*?*?mm\";s:8:\"position\";i:0;s:10:\"is_visible\";i:1;s:12:\"is_variation\";i:0;s:11:\"is_taxonomy\";i:0;}s:7:\"qty-ctn\";a:6:{s:4:\"name\";s:7:\"QTY\/CTN\";s:5:\"value\";s:1:\"?\";s:8:\"position\";i:1;s:10:\"is_visible\";i:1;s:12:\"is_variation\";i:0;s:11:\"is_taxonomy\";i:0;}}"],"_product_version":["9.4.2"],"_price":["1"],"_wp_old_date":["2024-11-26"],"rank_math_analytic_object_id":["24"],"classic-editor-remember":["classic-editor"],"rank_math_seo_score":["12"],"rank_math_contentai_score":["a:5:{s:8:\"keywords\";s:5:\"74.51\";s:9:\"wordCount\";s:1:\"0\";s:9:\"linkCount\";s:1:\"0\";s:12:\"headingCount\";s:1:\"0\";s:10:\"mediaCount\";s:1:\"0\";}"],"_jet_woo_template":[""],"_template_type":["default"],"rank_math_primary_product_cat":["128"],"_ywraq_hide_quote_button_check":[""],"_ywraq_hide_quote_button":["0"],"_edit_lock":["1746796995:1"],"_edit_last":["1"],"_uag_css_file_name":["uag-css-1903.css"],"_uag_page_assets":["a:9:{s:3:\"css\";s:0:\"\";s:2:\"js\";s:0:\"\";s:18:\"current_block_list\";a:6:{i:0;s:10:\"core\/group\";i:1;s:12:\"core\/heading\";i:2;s:17:\"core\/latest-posts\";i:3;s:20:\"core\/latest-comments\";i:4;s:13:\"core\/archives\";i:5;s:15:\"core\/categories\";}s:8:\"uag_flag\";b:0;s:11:\"uag_version\";i:1777279032;s:6:\"gfonts\";a:0:{}s:10:\"gfonts_url\";s:0:\"\";s:12:\"gfonts_files\";a:0:{}s:14:\"uag_faq_layout\";b:0;}"]},"uagb_featured_image_src":{"full":["https:\/\/www.manluenpack.com\/wp-content\/uploads\/2024\/11\/transparent-cake-box-1.jpg",1000,1000,false],"thumbnail":["https:\/\/www.manluenpack.com\/wp-content\/uploads\/2024\/11\/transparent-cake-box-1.jpg",150,150,false],"medium":["https:\/\/www.manluenpack.com\/wp-content\/uploads\/2024\/11\/transparent-cake-box-1.jpg",300,300,false],"medium_large":["https:\/\/www.manluenpack.com\/wp-content\/uploads\/2024\/11\/transparent-cake-box-1.jpg",768,768,false],"large":["https:\/\/www.manluenpack.com\/wp-content\/uploads\/2024\/11\/transparent-cake-box-1.jpg",1000,1000,false],"1536x1536":["https:\/\/www.manluenpack.com\/wp-content\/uploads\/2024\/11\/transparent-cake-box-1.jpg",1000,1000,false],"2048x2048":["https:\/\/www.manluenpack.com\/wp-content\/uploads\/2024\/11\/transparent-cake-box-1.jpg",1000,1000,false],"trp-custom-language-flag":["https:\/\/www.manluenpack.com\/wp-content\/uploads\/2024\/11\/transparent-cake-box-1.jpg",12,12,false],"menu-24x24":["https:\/\/www.manluenpack.com\/wp-content\/uploads\/2024\/11\/transparent-cake-box-1.jpg",24,24,false],"menu-36x36":["https:\/\/www.manluenpack.com\/wp-content\/uploads\/2024\/11\/transparent-cake-box-1.jpg",36,36,false],"menu-48x48":["https:\/\/www.manluenpack.com\/wp-content\/uploads\/2024\/11\/transparent-cake-box-1.jpg",48,48,false],"woocommerce_thumbnail":["https:\/\/www.manluenpack.com\/wp-content\/uploads\/2024\/11\/transparent-cake-box-1.jpg",300,300,false],"woocommerce_single":["https:\/\/www.manluenpack.com\/wp-content\/uploads\/2024\/11\/transparent-cake-box-1.jpg",600,600,false],"woocommerce_gallery_thumbnail":["https:\/\/www.manluenpack.com\/wp-content\/uploads\/2024\/11\/transparent-cake-box-1.jpg",100,100,false]},"uagb_author_info":{"display_name":"ManLuenpack","author_link":"https:\/\/www.manluenpack.com\/es\/author\/"},"uagb_comment_info":0,"uagb_excerpt":"The WL-A015 Lateral Cake Slice Plastic Wedge Container redefines dessert presentation with thoughtful engineering. Crafted from crystal-clear PS material, it showcases cake layers and colors perfectly. The unique wedge shape&hellip;","_links":{"self":[{"href":"https:\/\/www.manluenpack.com\/es\/wp-json\/wp\/v2\/product\/1903","targetHints":{"allow":["GET"]}}],"collection":[{"href":"https:\/\/www.manluenpack.com\/es\/wp-json\/wp\/v2\/product"}],"about":[{"href":"https:\/\/www.manluenpack.com\/es\/wp-json\/wp\/v2\/types\/product"}],"wp:featuredmedia":[{"embeddable":true,"href":"https:\/\/www.manluenpack.com\/es\/wp-json\/wp\/v2\/media\/130"}],"wp:attachment":[{"href":"https:\/\/www.manluenpack.com\/es\/wp-json\/wp\/v2\/media?parent=1903"}],"wp:term":[{"taxonomy":"product_brand","embeddable":true,"href":"https:\/\/www.manluenpack.com\/es\/wp-json\/wp\/v2\/product_brand?post=1903"},{"taxonomy":"product_cat","embeddable":true,"href":"https:\/\/www.manluenpack.com\/es\/wp-json\/wp\/v2\/product_cat?post=1903"},{"taxonomy":"product_tag","embeddable":true,"href":"https:\/\/www.manluenpack.com\/es\/wp-json\/wp\/v2\/product_tag?post=1903"}],"curies":[{"name":"wp","href":"https:\/\/api.w.org\/{rel}","templated":true}]}}