{"id":1836,"date":"2025-04-12T23:25:05","date_gmt":"2025-04-12T15:25:05","guid":{"rendered":"https:\/\/www.manluenpack.com\/?post_type=product&#038;p=1836"},"modified":"2025-07-08T01:22:06","modified_gmt":"2025-07-07T17:22:06","slug":"wl-61-manluen-party-tray","status":"publish","type":"product","link":"https:\/\/www.manluenpack.com\/es\/products\/wl-61-manluen-party-tray\/","title":{"rendered":"Bandeja de fiesta Manluen WL-61"},"content":{"rendered":"<p>La bandeja de fiesta WL-61 Manluen presenta un dise\u00f1o elegante \u2300290\u00d755 mm. Su forma redonda emana sofisticaci\u00f3n, combinada con un misterioso estampado de flor de cerezo negro que encarna la est\u00e9tica de lujo en las fiestas. El cuerpo transparente est\u00e1 fabricado con material resistente a impactos, equilibrando transparencia y durabilidad, lo que la convierte en la opci\u00f3n perfecta para celebraciones exclusivas y fiestas tem\u00e1ticas.<\/p>\n<ul>\n<li>Tipo de embalaje<br \/>\nCaja de cart\u00f3n<\/li>\n<li>Color<br \/>\nNegro<\/li>\n<li>Cantidad por caja<br \/>\n200 juegos<\/li>\n<li>Material<br \/>\nTapa-OPS\/PET, Base-PS\/PP<\/li>\n<li>Especificaciones de embalaje<br \/>\n0.064 metros c\u00fabicos<\/li>\n<\/ul>\n<h3><strong><b>Embalaje y entrega<\/b><\/strong><\/h3>\n<p>Cada una de nuestras bandejas de fiesta redondas Manluen Subway est\u00e1 envuelta individualmente en algod\u00f3n perlado antirayaduras y acompa\u00f1ada de cajas exteriores de cart\u00f3n corrugado personalizadas para garantizar cero da\u00f1os durante el transporte. El estampado de flor de cerezo negro est\u00e1 recubierto con una pel\u00edcula mate para prevenir marcas de huellas, revelando una sensaci\u00f3n premium al desempaquetar. Ofrecemos env\u00edo expr\u00e9s nacional en 48 horas, con etiquetas log\u00edsticas especializadas para productos fr\u00e1giles y embalaje a prueba de golpes, asegurando que esta sensaci\u00f3n de ceremonia llegue segura a su lugar de celebraci\u00f3n.<\/p>\n<h3><strong><b>Escenarios de uso<\/b><\/strong><strong><b>\u00a0\u00a0<\/b><\/strong><\/h3>\n<p>La bandeja de fiesta WL-61 Manluen de 11 pulgadas, con su plataforma redonda de 290 mm de di\u00e1metro, presenta cerezos negros en flor que florecen sobre un cuerpo transparente, haci\u00e9ndola adecuada para diversas ocasiones:<\/p>\n<ul>\n<li>Cena a la luz de las velas\u2014Se transforma en una exhibici\u00f3n de postres, refractando una luz suave y c\u00e1lida.<\/li>\n<li>Ceremonia del t\u00e9 japonesa\u2014Perfectamente sostiene wagashi (dulces tradicionales japoneses), con el estampado que armoniza maravillosamente con el verde matcha.<\/li>\n<li>Recuerdos de boda\u2014Sostiene caramelos personalizados, con el cuerpo transparente que revela un brillo sedoso.<\/li>\n<li>Exhibici\u00f3n en escaparate\u2014Crea un efecto de apilamiento suspendido, formando un arreglo floral art\u00edstico con una est\u00e9tica de bosque lujosa.<\/li>\n<\/ul>\n<h3><strong><b>Dise\u00f1o apilable <\/b><\/strong><\/h3>\n<p>El cuerpo transparente adornado con estampados de flor de cerezo negro forma un pasillo de luz en gradiente cuando se apilan, creando una exhibici\u00f3n art\u00edstica. El dise\u00f1o de cierre seguro evita deslizamientos, mientras que las ranuras de apilamiento dise\u00f1adas inteligentemente en la parte inferior permiten apilar varias bandejas de forma segura, ahorrando espacio de almacenamiento valioso. Ya sea en un almac\u00e9n de restaurante o en un armario de casa, estas bandejas son f\u00e1ciles de guardar, maximizando la eficiencia del espacio.<\/p>\n<h3><strong><b>Material de grado alimenticio de primera calidad<\/b><\/strong><\/h3>\n<p>Comprendiendo la importancia de la seguridad alimentaria, utilizamos materiales pl\u00e1sticos de alta calidad aptos para uso alimentario que cumplen con las normas nacionales de seguridad alimentaria. Estos materiales son no t\u00f3xicos, inodoros y libres de sustancias nocivas como BPA, garantizando completamente la salud y seguridad de usted y sus invitados. Disfruta de comida deliciosa con tranquilidad.<\/p>","protected":false},"excerpt":{"rendered":"<p>The WL-61 Manluen Party Tray features an elegant \u2300290\u00d755 mm design. Its round shape exudes sophistication, paired with a mysterious black cherry blossom print that embodies luxury party aesthetics. The&hellip;<\/p>","protected":false},"featured_media":2283,"template":"","meta":{"_uag_custom_page_level_css":""},"product_brand":[],"product_cat":[22],"product_tag":[134,135,113],"class_list":{"0":"post-1836","1":"product","2":"type-product","3":"status-publish","4":"has-post-thumbnail","6":"product_cat-party-trays","7":"product_tag-party-tray","8":"product_tag-round","9":"product_tag-sakura","11":"first","12":"instock","13":"shipping-taxable","14":"purchasable","15":"product-type-simple"},"spectra_custom_meta":{"rank_math_internal_links_processed":["1","1","1","1","1","1","1","1","1","1","1","1","1","1","1","1","1","1","1","1","1","1","1","1","1","1","1","1","1","1","1","1","1","1","1","1","1","1","1","1","1","1","1","1","1","1","1","1","1","1","1","1","1","1","1","1","1"],"_sku":["WL-61-Sakura"],"_regular_price":["1"],"total_sales":["0"],"_tax_status":["taxable"],"_tax_class":[""],"_manage_stock":["no"],"_backorders":["no"],"_sold_individually":["no"],"_virtual":["no"],"_downloadable":["no"],"_product_image_gallery":["2287,2286,2285,2284"],"_download_limit":["0"],"_download_expiry":["0"],"_thumbnail_id":["2283"],"_stock":[null],"_stock_status":["instock"],"_wc_average_rating":["0"],"_wc_review_count":["0"],"_product_attributes":["a:2:{s:9:\"item-size\";a:6:{s:4:\"name\";s:9:\"Item Size\";s:5:\"value\";s:12:\"\u2300290\u00d755mm\";s:8:\"position\";i:0;s:10:\"is_visible\";i:1;s:12:\"is_variation\";i:0;s:11:\"is_taxonomy\";i:0;}s:7:\"qty-ctn\";a:6:{s:4:\"name\";s:7:\"QTY\/CTN\";s:5:\"value\";s:3:\"200\";s:8:\"position\";i:1;s:10:\"is_visible\";i:1;s:12:\"is_variation\";i:0;s:11:\"is_taxonomy\";i:0;}}"],"_product_version":["9.4.2"],"_price":["1"],"_wp_old_date":["2024-11-26"],"rank_math_analytic_object_id":["24"],"classic-editor-remember":["classic-editor"],"rank_math_seo_score":["66"],"rank_math_contentai_score":["a:5:{s:8:\"keywords\";s:5:\"74.51\";s:9:\"wordCount\";s:1:\"0\";s:9:\"linkCount\";s:1:\"0\";s:12:\"headingCount\";s:1:\"0\";s:10:\"mediaCount\";s:1:\"0\";}"],"_jet_woo_template":[""],"_template_type":["default"],"rank_math_primary_product_cat":["22"],"_ywraq_hide_quote_button_check":[""],"_ywraq_hide_quote_button":["0"],"_edit_lock":["1751908952:1"],"_edit_last":["1"],"rank_math_focus_keyword":["Party Tray"],"_wp_old_slug":["11-inch-round-party-tray-wl-61"],"_uag_css_file_name":["uag-css-1836.css"],"_uag_page_assets":["a:9:{s:3:\"css\";s:0:\"\";s:2:\"js\";s:0:\"\";s:18:\"current_block_list\";a:6:{i:0;s:10:\"core\/group\";i:1;s:12:\"core\/heading\";i:2;s:17:\"core\/latest-posts\";i:3;s:20:\"core\/latest-comments\";i:4;s:13:\"core\/archives\";i:5;s:15:\"core\/categories\";}s:8:\"uag_flag\";b:0;s:11:\"uag_version\";i:1777290362;s:6:\"gfonts\";a:0:{}s:10:\"gfonts_url\";s:0:\"\";s:12:\"gfonts_files\";a:0:{}s:14:\"uag_faq_layout\";b:0;}"]},"uagb_featured_image_src":{"full":["https:\/\/www.manluenpack.com\/wp-content\/uploads\/2025\/04\/WL-64-manluen-party-catering-trays.webp",1000,1000,false],"thumbnail":["https:\/\/www.manluenpack.com\/wp-content\/uploads\/2025\/04\/WL-64-manluen-party-catering-trays.webp",150,150,false],"medium":["https:\/\/www.manluenpack.com\/wp-content\/uploads\/2025\/04\/WL-64-manluen-party-catering-trays.webp",300,300,false],"medium_large":["https:\/\/www.manluenpack.com\/wp-content\/uploads\/2025\/04\/WL-64-manluen-party-catering-trays.webp",768,768,false],"large":["https:\/\/www.manluenpack.com\/wp-content\/uploads\/2025\/04\/WL-64-manluen-party-catering-trays.webp",1000,1000,false],"1536x1536":["https:\/\/www.manluenpack.com\/wp-content\/uploads\/2025\/04\/WL-64-manluen-party-catering-trays.webp",1000,1000,false],"2048x2048":["https:\/\/www.manluenpack.com\/wp-content\/uploads\/2025\/04\/WL-64-manluen-party-catering-trays.webp",1000,1000,false],"trp-custom-language-flag":["https:\/\/www.manluenpack.com\/wp-content\/uploads\/2025\/04\/WL-64-manluen-party-catering-trays.webp",12,12,false],"menu-24x24":["https:\/\/www.manluenpack.com\/wp-content\/uploads\/2025\/04\/WL-64-manluen-party-catering-trays.webp",24,24,false],"menu-36x36":["https:\/\/www.manluenpack.com\/wp-content\/uploads\/2025\/04\/WL-64-manluen-party-catering-trays.webp",36,36,false],"menu-48x48":["https:\/\/www.manluenpack.com\/wp-content\/uploads\/2025\/04\/WL-64-manluen-party-catering-trays.webp",48,48,false],"woocommerce_thumbnail":["https:\/\/www.manluenpack.com\/wp-content\/uploads\/2025\/04\/WL-64-manluen-party-catering-trays.webp",300,300,false],"woocommerce_single":["https:\/\/www.manluenpack.com\/wp-content\/uploads\/2025\/04\/WL-64-manluen-party-catering-trays.webp",600,600,false],"woocommerce_gallery_thumbnail":["https:\/\/www.manluenpack.com\/wp-content\/uploads\/2025\/04\/WL-64-manluen-party-catering-trays.webp",100,100,false]},"uagb_author_info":{"display_name":"ManLuenpack","author_link":"https:\/\/www.manluenpack.com\/es\/author\/"},"uagb_comment_info":0,"uagb_excerpt":"The WL-61 Manluen Party Tray features an elegant \u2300290\u00d755 mm design. Its round shape exudes sophistication, paired with a mysterious black cherry blossom print that embodies luxury party aesthetics. The&hellip;","_links":{"self":[{"href":"https:\/\/www.manluenpack.com\/es\/wp-json\/wp\/v2\/product\/1836","targetHints":{"allow":["GET"]}}],"collection":[{"href":"https:\/\/www.manluenpack.com\/es\/wp-json\/wp\/v2\/product"}],"about":[{"href":"https:\/\/www.manluenpack.com\/es\/wp-json\/wp\/v2\/types\/product"}],"wp:featuredmedia":[{"embeddable":true,"href":"https:\/\/www.manluenpack.com\/es\/wp-json\/wp\/v2\/media\/2283"}],"wp:attachment":[{"href":"https:\/\/www.manluenpack.com\/es\/wp-json\/wp\/v2\/media?parent=1836"}],"wp:term":[{"taxonomy":"product_brand","embeddable":true,"href":"https:\/\/www.manluenpack.com\/es\/wp-json\/wp\/v2\/product_brand?post=1836"},{"taxonomy":"product_cat","embeddable":true,"href":"https:\/\/www.manluenpack.com\/es\/wp-json\/wp\/v2\/product_cat?post=1836"},{"taxonomy":"product_tag","embeddable":true,"href":"https:\/\/www.manluenpack.com\/es\/wp-json\/wp\/v2\/product_tag?post=1836"}],"curies":[{"name":"wp","href":"https:\/\/api.w.org\/{rel}","templated":true}]}}