{"id":1822,"date":"2025-04-07T22:34:23","date_gmt":"2025-04-07T14:34:23","guid":{"rendered":"https:\/\/www.manluenpack.com\/?post_type=product&#038;p=1822"},"modified":"2025-07-09T18:12:59","modified_gmt":"2025-07-09T10:12:59","slug":"wl-p91-manluen-9-inch-clamshell-take-out-containers","status":"publish","type":"product","link":"https:\/\/www.manluenpack.com\/es\/products\/wl-p91-manluen-9-inch-clamshell-take-out-containers\/","title":{"rendered":"WL-P91 Manluen 9X9\u2033 Contenedores de un solo compartimento con tapa abatible para llevar"},"content":{"rendered":"<p>Los contenedores para llevar en concha Manluen de 9 pulgadas, modelo WL-P91, presentan un tama\u00f1o \u00fanico de 230*230*75 mm, proporcionando una capacidad extra grande para acomodar f\u00e1cilmente una variedad de comidas abundantes. Fabricados con materiales ecol\u00f3gicos que son seguros y saludables, el recipiente es a prueba de fugas y duradero, combinando de manera perfecta un embalaje eficiente con una vida de calidad, haciendo que cada comida destaque.<\/p>\n<ul>\n<li>Tipo de embalaje<br \/>\nCaja de cart\u00f3n<\/li>\n<li>Color<br \/>\nNegro<\/li>\n<li>Cantidad por caja<br \/>\n150 juegos<\/li>\n<li>Material<br \/>\nBase: PP<\/li>\n<\/ul>\n<table>\n<tbody>\n<tr>\n<td width=\"142\">\n<p style=\"text-align: center;\">N\u00famero de Modelo<\/p>\n<\/td>\n<td style=\"text-align: center;\" width=\"142\">Tama\u00f1o (mm)<\/td>\n<td style=\"text-align: center;\" width=\"142\">PZS\/CAJ<\/td>\n<td width=\"142\">\n<p style=\"text-align: center;\">Tama\u00f1o de la caja (mm)<\/p>\n<\/td>\n<\/tr>\n<tr>\n<td width=\"142\">\n<p style=\"text-align: center;\">WL-P61<\/p>\n<\/td>\n<td style=\"text-align: center;\" width=\"142\">150*150*70mm<\/td>\n<td style=\"text-align: center;\" width=\"142\">250<\/td>\n<td width=\"142\">\n<p style=\"text-align: center;\">470*310*320<\/p>\n<\/td>\n<\/tr>\n<tr>\n<td width=\"142\">\n<p style=\"text-align: center;\">WL-P81<\/p>\n<\/td>\n<td style=\"text-align: center;\" width=\"142\">200*200*75mm<\/td>\n<td style=\"text-align: center;\" width=\"142\">150<\/td>\n<td width=\"142\">\n<p style=\"text-align: center;\">430*285*430<\/p>\n<\/td>\n<\/tr>\n<tr>\n<td width=\"142\">\n<p style=\"text-align: center;\">WL-P83<\/p>\n<\/td>\n<td style=\"text-align: center;\" width=\"142\">200*200*75mm<\/td>\n<td style=\"text-align: center;\" width=\"142\">150<\/td>\n<td width=\"142\">\n<p style=\"text-align: center;\">430*285*430<\/p>\n<\/td>\n<\/tr>\n<tr>\n<td width=\"142\">\n<p style=\"text-align: center;\">WL-P91<\/p>\n<\/td>\n<td style=\"text-align: center;\" width=\"142\">230*230*75mm<\/td>\n<td style=\"text-align: center;\" width=\"142\">150<\/td>\n<td width=\"142\">\n<p style=\"text-align: center;\">460*285*470<\/p>\n<\/td>\n<\/tr>\n<tr>\n<td width=\"142\">\n<p style=\"text-align: center;\">WL-P93<\/p>\n<\/td>\n<td style=\"text-align: center;\" width=\"142\">230*230*75mm<\/td>\n<td style=\"text-align: center;\" width=\"142\">150<\/td>\n<td width=\"142\">\n<p style=\"text-align: center;\">460*285*470<\/p>\n<\/td>\n<\/tr>\n<tr>\n<td width=\"142\">\n<p style=\"text-align: center;\">WL-P96<\/p>\n<\/td>\n<td style=\"text-align: center;\" width=\"142\">220*150*75mm<\/td>\n<td style=\"text-align: center;\" width=\"142\">200<\/td>\n<td width=\"142\">\n<p style=\"text-align: center;\">380*310*470<\/p>\n<\/td>\n<\/tr>\n<\/tbody>\n<\/table>\n<p>&nbsp;<\/p>\n<h2><strong>Embalaje y entrega<\/strong><\/h2>\n<p>Los Contenedores de concha de pl\u00e1stico para llevar WL-P91 Manluen 9X9\" utilizan un embalaje compacto y ecol\u00f3gico para garantizar limpieza y orden durante el transporte. Cada producto est\u00e1 apilado con precisi\u00f3n, ahorrando espacio y facilitando el almacenamiento, asegurando una entrega eficiente y conveniente. Desde la f\u00e1brica hasta la entrega, cada paso se centra en la calidad y los detalles, brindando tranquilidad en cada uso, fusionando la protecci\u00f3n del medio ambiente con la practicidad de manera fluida.<\/p>\n<p>&nbsp;<\/p>\n<h2><strong>Escenarios de uso\u00a0\u00a0<\/strong><\/h2>\n<p>Los contenedores para llevar en concha Manluen de 9 pulgadas son adecuados para diversos escenarios de comida; ya sea comidas chinas, cajas de almuerzo sencillas o ensaladas ligeras, pueden manejarlos todos. Su dise\u00f1o de gran capacidad satisface diversas necesidades de combinaci\u00f3n de platos, y su durabilidad a prueba de fugas lo hace conveniente para comer en el lugar, para llevar, entrega de comida o comer al aire libre, a\u00f1adiendo seguridad y calidad a cada comida deliciosa.<\/p>\n<p>&nbsp;<\/p>\n<h2><strong>Dise\u00f1o apilable<\/strong><\/h2>\n<p>Los Contenedores de pl\u00e1stico para llevar WL-P91 Manluen 9X9\" tienen un dise\u00f1o apilable que ahorra ingeniosamente espacio de almacenamiento y mejora la eficiencia en el transporte y la colocaci\u00f3n. La estructura de apilamiento resistente asegura que los contenedores encajen firmemente sin volcarse, permitiendo a las empresas gestionar el inventario de manera eficiente. El dise\u00f1o simple pero pr\u00e1ctico no solo optimiza los procesos operativos, sino que tambi\u00e9n resalta la belleza de la protecci\u00f3n del medio ambiente y el orden, a\u00f1adiendo comodidad y elegancia al uso.<\/p>\n<p>&nbsp;<\/p>\n<h2><strong>A prueba de fugas, sellado y duradero \u00a0\u00a0\u00a0<\/strong><\/h2>\n<p>Los contenedores para llevar en concha Manluen de 9 pulgadas adoptan un dise\u00f1o de precisi\u00f3n a prueba de fugas, asegurando un sello herm\u00e9tico que previene derrames de l\u00edquidos. Su material robusto y duradero es resistente a la presi\u00f3n y al calor, transportando de manera segura todo tipo de comidas mientras permanece intacto desde el embalaje hasta la entrega. Combinando respeto por el medio ambiente con practicidad, garantiza que cada comida deliciosa llegue de forma segura, manteniendo una calidad constante.<\/p>\n<p><a href=\"https:\/\/www.google.com\/search?q=manluenpack\" target=\"_blank\" rel=\"noopener\">M\u00c1S INFORMACI\u00d3N\u2026<\/a><\/p>","protected":false},"excerpt":{"rendered":"<p>WL-P91 Manluen 9 Inch Clamshell Take Out Containers feature a unique size of 230*230*75 mm, providing extra-large capacity to easily accommodate a variety of hearty meals. Made from eco-friendly materials&hellip;<\/p>","protected":false},"featured_media":3257,"template":"","meta":{"_uag_custom_page_level_css":""},"product_brand":[],"product_cat":[21],"product_tag":[130,132,133],"class_list":{"0":"post-1822","1":"product","2":"type-product","3":"status-publish","4":"has-post-thumbnail","6":"product_cat-clamshell-containers","7":"product_tag-clamshell-container","8":"product_tag-to-go-container","9":"product_tag-white","11":"first","12":"instock","13":"shipping-taxable","14":"purchasable","15":"product-type-simple"},"spectra_custom_meta":{"rank_math_internal_links_processed":["1","1","1","1","1","1","1","1","1","1","1","1","1","1","1","1","1","1","1","1","1","1","1","1","1","1","1","1","1","1","1","1","1","1","1","1","1","1","1","1","1","1","1","1","1","1","1","1","1","1"],"_sku":["WL-P91-BLACK"],"_regular_price":["1"],"total_sales":["0"],"_tax_status":["taxable"],"_tax_class":[""],"_manage_stock":["no"],"_backorders":["no"],"_sold_individually":["no"],"_virtual":["no"],"_downloadable":["no"],"_download_limit":["0"],"_download_expiry":["0"],"_stock":[null],"_stock_status":["instock"],"_wc_average_rating":["0"],"_wc_review_count":["0"],"_product_attributes":["a:2:{s:9:\"item-size\";a:6:{s:4:\"name\";s:9:\"Item Size\";s:5:\"value\";s:12:\"230*230*75mm\";s:8:\"position\";i:0;s:10:\"is_visible\";i:1;s:12:\"is_variation\";i:0;s:11:\"is_taxonomy\";i:0;}s:7:\"qty-ctn\";a:6:{s:4:\"name\";s:7:\"QTY\/CTN\";s:5:\"value\";s:3:\"150\";s:8:\"position\";i:1;s:10:\"is_visible\";i:1;s:12:\"is_variation\";i:0;s:11:\"is_taxonomy\";i:0;}}"],"_product_version":["9.4.2"],"_price":["1"],"_wp_old_date":["2024-11-26"],"rank_math_analytic_object_id":["24"],"classic-editor-remember":["classic-editor"],"rank_math_seo_score":["68"],"rank_math_contentai_score":["a:5:{s:8:\"keywords\";s:5:\"74.51\";s:9:\"wordCount\";s:1:\"0\";s:9:\"linkCount\";s:1:\"0\";s:12:\"headingCount\";s:1:\"0\";s:10:\"mediaCount\";s:1:\"0\";}"],"_jet_woo_template":[""],"_template_type":["default"],"rank_math_primary_product_cat":["21"],"_ywraq_hide_quote_button_check":[""],"_ywraq_hide_quote_button":["0"],"_edit_lock":["1752055923:1"],"_edit_last":["1"],"_wp_old_slug":["high-capacity-food-grade-white-to-go-container-wl-91"],"rank_math_focus_keyword":["Take Out Containers"],"_product_image_gallery":["3239,3240,3238,3237,3236"],"_thumbnail_id":["3257"],"_uag_css_file_name":["uag-css-1822.css"],"_uag_page_assets":["a:9:{s:3:\"css\";s:263:\".uag-blocks-common-selector{z-index:var(--z-index-desktop) !important}@media (max-width: 976px){.uag-blocks-common-selector{z-index:var(--z-index-tablet) !important}}@media (max-width: 767px){.uag-blocks-common-selector{z-index:var(--z-index-mobile) !important}}\n\";s:2:\"js\";s:0:\"\";s:18:\"current_block_list\";a:6:{i:0;s:10:\"core\/group\";i:1;s:12:\"core\/heading\";i:2;s:17:\"core\/latest-posts\";i:3;s:20:\"core\/latest-comments\";i:4;s:13:\"core\/archives\";i:5;s:15:\"core\/categories\";}s:8:\"uag_flag\";b:0;s:11:\"uag_version\";i:1777283508;s:6:\"gfonts\";a:0:{}s:10:\"gfonts_url\";s:0:\"\";s:12:\"gfonts_files\";a:0:{}s:14:\"uag_faq_layout\";b:0;}"]},"uagb_featured_image_src":{"full":["https:\/\/www.manluenpack.com\/wp-content\/uploads\/2025\/04\/WL-P91-manluen-clamshell-takeout-plastic-containers-scaled.webp",2560,1707,false],"thumbnail":["https:\/\/www.manluenpack.com\/wp-content\/uploads\/2025\/04\/WL-P91-manluen-clamshell-takeout-plastic-containers-scaled.webp",150,100,false],"medium":["https:\/\/www.manluenpack.com\/wp-content\/uploads\/2025\/04\/WL-P91-manluen-clamshell-takeout-plastic-containers-scaled.webp",300,200,false],"medium_large":["https:\/\/www.manluenpack.com\/wp-content\/uploads\/2025\/04\/WL-P91-manluen-clamshell-takeout-plastic-containers-scaled.webp",768,512,false],"large":["https:\/\/www.manluenpack.com\/wp-content\/uploads\/2025\/04\/WL-P91-manluen-clamshell-takeout-plastic-containers-scaled.webp",1024,683,false],"1536x1536":["https:\/\/www.manluenpack.com\/wp-content\/uploads\/2025\/04\/WL-P91-manluen-clamshell-takeout-plastic-containers-scaled.webp",1536,1024,false],"2048x2048":["https:\/\/www.manluenpack.com\/wp-content\/uploads\/2025\/04\/WL-P91-manluen-clamshell-takeout-plastic-containers-scaled.webp",2048,1366,false],"trp-custom-language-flag":["https:\/\/www.manluenpack.com\/wp-content\/uploads\/2025\/04\/WL-P91-manluen-clamshell-takeout-plastic-containers-scaled.webp",18,12,false],"menu-24x24":["https:\/\/www.manluenpack.com\/wp-content\/uploads\/2025\/04\/WL-P91-manluen-clamshell-takeout-plastic-containers-scaled.webp",24,16,false],"menu-36x36":["https:\/\/www.manluenpack.com\/wp-content\/uploads\/2025\/04\/WL-P91-manluen-clamshell-takeout-plastic-containers-scaled.webp",36,24,false],"menu-48x48":["https:\/\/www.manluenpack.com\/wp-content\/uploads\/2025\/04\/WL-P91-manluen-clamshell-takeout-plastic-containers-scaled.webp",48,32,false],"woocommerce_thumbnail":["https:\/\/www.manluenpack.com\/wp-content\/uploads\/2025\/04\/WL-P91-manluen-clamshell-takeout-plastic-containers-scaled-300x300.webp",300,300,true],"woocommerce_single":["https:\/\/www.manluenpack.com\/wp-content\/uploads\/2025\/04\/WL-P91-manluen-clamshell-takeout-plastic-containers-scaled.webp",600,400,false],"woocommerce_gallery_thumbnail":["https:\/\/www.manluenpack.com\/wp-content\/uploads\/2025\/04\/WL-P91-manluen-clamshell-takeout-plastic-containers-scaled-100x100.webp",100,100,true]},"uagb_author_info":{"display_name":"ManLuenpack","author_link":"https:\/\/www.manluenpack.com\/es\/author\/"},"uagb_comment_info":0,"uagb_excerpt":"WL-P91 Manluen 9 Inch Clamshell Take Out Containers feature a unique size of 230*230*75 mm, providing extra-large capacity to easily accommodate a variety of hearty meals. Made from eco-friendly materials&hellip;","_links":{"self":[{"href":"https:\/\/www.manluenpack.com\/es\/wp-json\/wp\/v2\/product\/1822","targetHints":{"allow":["GET"]}}],"collection":[{"href":"https:\/\/www.manluenpack.com\/es\/wp-json\/wp\/v2\/product"}],"about":[{"href":"https:\/\/www.manluenpack.com\/es\/wp-json\/wp\/v2\/types\/product"}],"wp:featuredmedia":[{"embeddable":true,"href":"https:\/\/www.manluenpack.com\/es\/wp-json\/wp\/v2\/media\/3257"}],"wp:attachment":[{"href":"https:\/\/www.manluenpack.com\/es\/wp-json\/wp\/v2\/media?parent=1822"}],"wp:term":[{"taxonomy":"product_brand","embeddable":true,"href":"https:\/\/www.manluenpack.com\/es\/wp-json\/wp\/v2\/product_brand?post=1822"},{"taxonomy":"product_cat","embeddable":true,"href":"https:\/\/www.manluenpack.com\/es\/wp-json\/wp\/v2\/product_cat?post=1822"},{"taxonomy":"product_tag","embeddable":true,"href":"https:\/\/www.manluenpack.com\/es\/wp-json\/wp\/v2\/product_tag?post=1822"}],"curies":[{"name":"wp","href":"https:\/\/api.w.org\/{rel}","templated":true}]}}