{"id":1816,"date":"2025-04-07T00:22:54","date_gmt":"2025-04-06T16:22:54","guid":{"rendered":"https:\/\/www.manluenpack.com\/?post_type=product&#038;p=1816"},"modified":"2025-07-09T16:55:22","modified_gmt":"2025-07-09T08:55:22","slug":"wl-p61-manluen-6-inch-clamshell-take-out-containers","status":"publish","type":"product","link":"https:\/\/www.manluenpack.com\/es\/products\/wl-p61-manluen-6-inch-clamshell-take-out-containers\/","title":{"rendered":"WL-P61 Contenedor Clamshell para Llevar Manluen 6X6\u2033 con 1 Compartimento"},"content":{"rendered":"<p>Los envases para llevar con tapa de concha de 8 pulgadas WL-P81 Manluen con 1 compartimento adoptan un dise\u00f1o \u00fanico de 200*200*75 mm, proporcionando espacio amplio para acomodar f\u00e1cilmente una variedad de comidas. La distribuci\u00f3n razonable garantiza comidas cient\u00edficas y previene la contaminaci\u00f3n por olores, adem\u00e1s de satisfacer las necesidades de combinaciones diversas. Est\u00e1 fabricado con materiales ecol\u00f3gicos y saludables, es a prueba de fugas, duradero y eficiente en el embalaje. Es una combinaci\u00f3n perfecta de funcionalidad y calidad en catering.<\/p>\n<ul>\n<li>Tipo de embalaje<br \/>\nCaja de cart\u00f3n<\/li>\n<li>Color<br \/>\nNegro<\/li>\n<li>Cantidad por caja<br \/>\n250 juegos<\/li>\n<li>Material<br \/>\nBase: PP<\/li>\n<\/ul>\n<table>\n<tbody>\n<tr>\n<td width=\"142\">\n<p style=\"text-align: center;\">N\u00famero de Modelo<\/p>\n<\/td>\n<td style=\"text-align: center;\" width=\"142\">Tama\u00f1o (mm)<\/td>\n<td style=\"text-align: center;\" width=\"142\">PZS\/CAJ<\/td>\n<td style=\"text-align: center;\" width=\"142\">Tama\u00f1o de la caja (mm)<\/td>\n<\/tr>\n<tr>\n<td width=\"142\">\n<p style=\"text-align: center;\">WL-P61<\/p>\n<\/td>\n<td style=\"text-align: center;\" width=\"142\">150*150*70mm<\/td>\n<td style=\"text-align: center;\" width=\"142\">250<\/td>\n<td width=\"142\">\n<p style=\"text-align: center;\">470*310*320<\/p>\n<\/td>\n<\/tr>\n<tr>\n<td width=\"142\">\n<p style=\"text-align: center;\">WL-P81<\/p>\n<\/td>\n<td style=\"text-align: center;\" width=\"142\">200*200*75mm<\/td>\n<td style=\"text-align: center;\" width=\"142\">150<\/td>\n<td width=\"142\">\n<p style=\"text-align: center;\">430*285*430<\/p>\n<\/td>\n<\/tr>\n<tr>\n<td width=\"142\">\n<p style=\"text-align: center;\">WL-P83<\/p>\n<\/td>\n<td style=\"text-align: center;\" width=\"142\">200*200*75mm<\/td>\n<td style=\"text-align: center;\" width=\"142\">150<\/td>\n<td width=\"142\">\n<p style=\"text-align: center;\">430*285*430<\/p>\n<\/td>\n<\/tr>\n<tr>\n<td width=\"142\">\n<p style=\"text-align: center;\">WL-P91<\/p>\n<\/td>\n<td style=\"text-align: center;\" width=\"142\">230*230*75mm<\/td>\n<td style=\"text-align: center;\" width=\"142\">150<\/td>\n<td width=\"142\">\n<p style=\"text-align: center;\">460*285*470<\/p>\n<\/td>\n<\/tr>\n<tr>\n<td width=\"142\">\n<p style=\"text-align: center;\">WL-P93<\/p>\n<\/td>\n<td style=\"text-align: center;\" width=\"142\">230*230*75mm<\/td>\n<td style=\"text-align: center;\" width=\"142\">150<\/td>\n<td width=\"142\">\n<p style=\"text-align: center;\">460*285*470<\/p>\n<\/td>\n<\/tr>\n<tr>\n<td style=\"text-align: center;\" width=\"142\">WL-P96<\/td>\n<td style=\"text-align: center;\" width=\"142\">220*150*75mm<\/td>\n<td style=\"text-align: center;\" width=\"142\">200<\/td>\n<td width=\"142\">\n<p style=\"text-align: center;\">380*310*470<\/p>\n<\/td>\n<\/tr>\n<\/tbody>\n<\/table>\n<p>&nbsp;<\/p>\n<h2><strong>Embalaje y entrega<\/strong><\/h2>\n<p>Los envases para llevar con tapa de concha negra WL-P81 Manluen con 1 compartimento se embalan en un empaquetado compacto y ecol\u00f3gico para garantizar limpieza y orden durante el transporte. Cada producto se apila con precisi\u00f3n para ahorrar espacio y simplificar el almacenamiento, permitiendo una entrega eficiente y sin complicaciones. Desde la producci\u00f3n hasta la llegada, cada detalle se gestiona meticulosamente para garantizar calidad, ofreciendo tranquilidad en cada uso\u2014donde la sostenibilidad se encuentra con la practicidad.<\/p>\n<p>&nbsp;<\/p>\n<h2><strong>Escenarios de uso<\/strong><\/h2>\n<p>Ideal for diverse dining settings, the WL-P61 Manluen 6X6&#8243; Disposable Plastic Clamshell Take Out Containers effortlessly accommodate Chinese combo meals, bento boxes, light salads, and more. Its design caters to varied dish pairings, while the generous capacity suits hearty meals. Leak-proof and durable, it\u2019s perfect for dine-in packaging, food delivery, or outdoor dining\u2014elevating every meal with reliability and quality.<\/p>\n<p>&nbsp;<\/p>\n<h2><strong>Dise\u00f1o apilable\u00a0<\/strong><\/h2>\n<p>El WL-P81 presenta un dise\u00f1o apilable que optimiza inteligentemente el espacio de almacenamiento y mejora la eficiencia en transporte o exhibici\u00f3n. Su estructura estable en capas asegura un apilamiento seguro sin volcarse, simplificando la gesti\u00f3n de inventario para los negocios. Este dise\u00f1o simple pero funcional no solo mejora el flujo de trabajo, sino que tambi\u00e9n encarna la armon\u00eda entre sostenibilidad y orden, a\u00f1adiendo comodidad y sofisticaci\u00f3n a cada uso.<\/p>\n<p>&nbsp;<\/p>\n<h2><strong>A prueba de fugas, sellado y duradero <\/strong><\/h2>\n<p style=\"text-align: left;\">With a precision-engineered leak-proof seal, the WL-P61 Manluen 6X6&#8243; Black Plastic Cake Clamshell Take Out Containers effectively prevent spillage. Its sturdy, heat-resistant material withstands pressure, safely securing all types of meals from packaging to delivery. Combining eco-friendliness with practicality, it ensures every dish arrives intact, maintaining consistent quality.<\/p>\n<p><a href=\"https:\/\/www.google.com\/search?q=manluenpack\" target=\"_blank\" rel=\"noopener\">M\u00c1S INFORMACI\u00d3N\u2026<\/a><\/p>","protected":false},"excerpt":{"rendered":"<p>The WL-P61 Manluen 6X6&#8243; 1-Compartment Clamshell Take Out Containers adopt a unique 150*150*70 mm design, providing ample space to easily accommodate a variety of meals. The reasonable layout ensures scientific&hellip;<\/p>","protected":false},"featured_media":3235,"template":"","meta":{"_uag_custom_page_level_css":""},"product_brand":[],"product_cat":[21],"product_tag":[130,133],"class_list":{"0":"post-1816","1":"product","2":"type-product","3":"status-publish","4":"has-post-thumbnail","6":"product_cat-clamshell-containers","7":"product_tag-clamshell-container","8":"product_tag-white","10":"first","11":"instock","12":"shipping-taxable","13":"purchasable","14":"product-type-simple"},"spectra_custom_meta":{"rank_math_internal_links_processed":["1","1","1","1","1","1","1","1","1","1","1","1","1","1","1","1","1","1","1","1","1","1","1","1","1","1","1","1","1","1","1","1","1","1","1","1","1","1","1","1","1","1","1","1","1","1","1"],"_sku":["WL-P61-BLACK"],"_regular_price":["1"],"total_sales":["0"],"_tax_status":["taxable"],"_tax_class":[""],"_manage_stock":["no"],"_backorders":["no"],"_sold_individually":["no"],"_virtual":["no"],"_downloadable":["no"],"_download_limit":["0"],"_download_expiry":["0"],"_stock":[null],"_stock_status":["instock"],"_wc_average_rating":["0"],"_wc_review_count":["0"],"_product_attributes":["a:2:{s:9:\"item-size\";a:6:{s:4:\"name\";s:9:\"Item Size\";s:5:\"value\";s:12:\"152*152*76mm\";s:8:\"position\";i:0;s:10:\"is_visible\";i:1;s:12:\"is_variation\";i:0;s:11:\"is_taxonomy\";i:0;}s:7:\"qty-ctn\";a:6:{s:4:\"name\";s:7:\"QTY\/CTN\";s:5:\"value\";s:3:\"250\";s:8:\"position\";i:1;s:10:\"is_visible\";i:1;s:12:\"is_variation\";i:0;s:11:\"is_taxonomy\";i:0;}}"],"_product_version":["9.4.2"],"_price":["1"],"_wp_old_date":["2024-11-26"],"rank_math_analytic_object_id":["24"],"classic-editor-remember":["classic-editor"],"rank_math_seo_score":["68"],"rank_math_contentai_score":["a:5:{s:8:\"keywords\";s:5:\"74.51\";s:9:\"wordCount\";s:1:\"0\";s:9:\"linkCount\";s:1:\"0\";s:12:\"headingCount\";s:1:\"0\";s:10:\"mediaCount\";s:1:\"0\";}"],"_jet_woo_template":[""],"_template_type":["default"],"rank_math_primary_product_cat":["21"],"_ywraq_hide_quote_button_check":[""],"_ywraq_hide_quote_button":["0"],"_edit_lock":["1752052531:1"],"_edit_last":["1"],"_wp_old_slug":["food-grade-white-to-go-container-wl-61"],"rank_math_focus_keyword":["Take Out Containers"],"_product_image_gallery":["3214,3215,3216,3217,3218"],"_thumbnail_id":["3235"],"_uag_css_file_name":["uag-css-1816.css"],"_uag_page_assets":["a:9:{s:3:\"css\";s:0:\"\";s:2:\"js\";s:0:\"\";s:18:\"current_block_list\";a:6:{i:0;s:10:\"core\/group\";i:1;s:12:\"core\/heading\";i:2;s:17:\"core\/latest-posts\";i:3;s:20:\"core\/latest-comments\";i:4;s:13:\"core\/archives\";i:5;s:15:\"core\/categories\";}s:8:\"uag_flag\";b:0;s:11:\"uag_version\";i:1777297731;s:6:\"gfonts\";a:0:{}s:10:\"gfonts_url\";s:0:\"\";s:12:\"gfonts_files\";a:0:{}s:14:\"uag_faq_layout\";b:0;}"]},"uagb_featured_image_src":{"full":["https:\/\/www.manluenpack.com\/wp-content\/uploads\/2025\/04\/WL-P61-manluen-black-to-go-clamshell-containers-scaled.webp",2560,1707,false],"thumbnail":["https:\/\/www.manluenpack.com\/wp-content\/uploads\/2025\/04\/WL-P61-manluen-black-to-go-clamshell-containers-scaled.webp",150,100,false],"medium":["https:\/\/www.manluenpack.com\/wp-content\/uploads\/2025\/04\/WL-P61-manluen-black-to-go-clamshell-containers-scaled.webp",300,200,false],"medium_large":["https:\/\/www.manluenpack.com\/wp-content\/uploads\/2025\/04\/WL-P61-manluen-black-to-go-clamshell-containers-scaled.webp",768,512,false],"large":["https:\/\/www.manluenpack.com\/wp-content\/uploads\/2025\/04\/WL-P61-manluen-black-to-go-clamshell-containers-scaled.webp",1024,683,false],"1536x1536":["https:\/\/www.manluenpack.com\/wp-content\/uploads\/2025\/04\/WL-P61-manluen-black-to-go-clamshell-containers-scaled.webp",1536,1024,false],"2048x2048":["https:\/\/www.manluenpack.com\/wp-content\/uploads\/2025\/04\/WL-P61-manluen-black-to-go-clamshell-containers-scaled.webp",2048,1366,false],"trp-custom-language-flag":["https:\/\/www.manluenpack.com\/wp-content\/uploads\/2025\/04\/WL-P61-manluen-black-to-go-clamshell-containers-scaled.webp",18,12,false],"menu-24x24":["https:\/\/www.manluenpack.com\/wp-content\/uploads\/2025\/04\/WL-P61-manluen-black-to-go-clamshell-containers-scaled.webp",24,16,false],"menu-36x36":["https:\/\/www.manluenpack.com\/wp-content\/uploads\/2025\/04\/WL-P61-manluen-black-to-go-clamshell-containers-scaled.webp",36,24,false],"menu-48x48":["https:\/\/www.manluenpack.com\/wp-content\/uploads\/2025\/04\/WL-P61-manluen-black-to-go-clamshell-containers-scaled.webp",48,32,false],"woocommerce_thumbnail":["https:\/\/www.manluenpack.com\/wp-content\/uploads\/2025\/04\/WL-P61-manluen-black-to-go-clamshell-containers-scaled-300x300.webp",300,300,true],"woocommerce_single":["https:\/\/www.manluenpack.com\/wp-content\/uploads\/2025\/04\/WL-P61-manluen-black-to-go-clamshell-containers-scaled.webp",600,400,false],"woocommerce_gallery_thumbnail":["https:\/\/www.manluenpack.com\/wp-content\/uploads\/2025\/04\/WL-P61-manluen-black-to-go-clamshell-containers-scaled-100x100.webp",100,100,true]},"uagb_author_info":{"display_name":"ManLuenpack","author_link":"https:\/\/www.manluenpack.com\/es\/author\/"},"uagb_comment_info":0,"uagb_excerpt":"The WL-P61 Manluen 6X6&#8243; 1-Compartment Clamshell Take Out Containers adopt a unique 150*150*70 mm design, providing ample space to easily accommodate a variety of meals. The reasonable layout ensures scientific&hellip;","_links":{"self":[{"href":"https:\/\/www.manluenpack.com\/es\/wp-json\/wp\/v2\/product\/1816","targetHints":{"allow":["GET"]}}],"collection":[{"href":"https:\/\/www.manluenpack.com\/es\/wp-json\/wp\/v2\/product"}],"about":[{"href":"https:\/\/www.manluenpack.com\/es\/wp-json\/wp\/v2\/types\/product"}],"wp:featuredmedia":[{"embeddable":true,"href":"https:\/\/www.manluenpack.com\/es\/wp-json\/wp\/v2\/media\/3235"}],"wp:attachment":[{"href":"https:\/\/www.manluenpack.com\/es\/wp-json\/wp\/v2\/media?parent=1816"}],"wp:term":[{"taxonomy":"product_brand","embeddable":true,"href":"https:\/\/www.manluenpack.com\/es\/wp-json\/wp\/v2\/product_brand?post=1816"},{"taxonomy":"product_cat","embeddable":true,"href":"https:\/\/www.manluenpack.com\/es\/wp-json\/wp\/v2\/product_cat?post=1816"},{"taxonomy":"product_tag","embeddable":true,"href":"https:\/\/www.manluenpack.com\/es\/wp-json\/wp\/v2\/product_tag?post=1816"}],"curies":[{"name":"wp","href":"https:\/\/api.w.org\/{rel}","templated":true}]}}