{"id":1815,"date":"2025-04-07T00:16:31","date_gmt":"2025-04-06T16:16:31","guid":{"rendered":"https:\/\/www.manluenpack.com\/?post_type=product&#038;p=1815"},"modified":"2025-07-09T16:47:02","modified_gmt":"2025-07-09T08:47:02","slug":"wl-p96-manluen-rectanglur-clamshell-take-out-containers","status":"publish","type":"product","link":"https:\/\/www.manluenpack.com\/es\/products\/wl-p96-manluen-rectanglur-clamshell-take-out-containers\/","title":{"rendered":"WL-P96 Manluen 9X6\u2033 Contenedores de un solo compartimento con tapa abatible para llevar"},"content":{"rendered":"<p>Los contenedores de cart\u00f3n plegable rectangular para llevar WL-P96 Manluen est\u00e1n fabricados con material PP apto para alimentos, ligeros pero duraderos, seguros y ecol\u00f3gicos. Sus dimensiones optimizadas de 220*150*75 mm ofrecen una capacidad vers\u00e1til para diversos platos. La tapa abatible de cierre seguro combina resistencia a fugas con atractivo est\u00e9tico, convirti\u00e9ndolos en una soluci\u00f3n ideal para llevar.<\/p>\n<ul>\n<li>Tipo de embalaje<br \/>\nCaja de cart\u00f3n<\/li>\n<li>Color<br \/>\nNegro<\/li>\n<li>Cantidad por caja<br \/>\n200 juegos<\/li>\n<li>Material<br \/>\nBase: PP<\/li>\n<\/ul>\n<table>\n<tbody>\n<tr>\n<td width=\"142\">\n<p style=\"text-align: center;\">N\u00famero de Modelo<\/p>\n<\/td>\n<td style=\"text-align: center;\" width=\"142\">Tama\u00f1o (mm)<\/td>\n<td style=\"text-align: center;\" width=\"142\">PZS\/CAJ<\/td>\n<td style=\"text-align: center;\" width=\"142\">Tama\u00f1o de la caja (mm)<\/td>\n<\/tr>\n<tr>\n<td style=\"text-align: center;\" width=\"142\">WL-P61<\/td>\n<td style=\"text-align: center;\" width=\"142\">150*150*70mm<\/td>\n<td style=\"text-align: center;\" width=\"142\">250<\/td>\n<td width=\"142\">\n<p style=\"text-align: center;\">470*310*320<\/p>\n<\/td>\n<\/tr>\n<tr>\n<td width=\"142\">\n<p style=\"text-align: center;\">WL-P81<\/p>\n<\/td>\n<td style=\"text-align: center;\" width=\"142\">200*200*75mm<\/td>\n<td style=\"text-align: center;\" width=\"142\">150<\/td>\n<td style=\"text-align: center;\" width=\"142\">430*285*430<\/td>\n<\/tr>\n<tr>\n<td width=\"142\">\n<p style=\"text-align: center;\">WL-P83<\/p>\n<\/td>\n<td style=\"text-align: center;\" width=\"142\">200*200*75mm<\/td>\n<td style=\"text-align: center;\" width=\"142\">150<\/td>\n<td width=\"142\">\n<p style=\"text-align: center;\">430*285*430<\/p>\n<\/td>\n<\/tr>\n<tr>\n<td style=\"text-align: center;\" width=\"142\">WL-P91<\/td>\n<td style=\"text-align: center;\" width=\"142\">230*230*75mm<\/td>\n<td style=\"text-align: center;\" width=\"142\">150<\/td>\n<td width=\"142\">\n<p style=\"text-align: center;\">460*285*470<\/p>\n<\/td>\n<\/tr>\n<tr>\n<td width=\"142\">\n<p style=\"text-align: center;\">WL-P93<\/p>\n<\/td>\n<td style=\"text-align: center;\" width=\"142\">230*230*75mm<\/td>\n<td style=\"text-align: center;\" width=\"142\">150<\/td>\n<td style=\"text-align: center;\" width=\"142\">460*285*470<\/td>\n<\/tr>\n<tr>\n<td style=\"text-align: center;\" width=\"142\">WL-P96<\/td>\n<td style=\"text-align: center;\" width=\"142\">220*150*75mm<\/td>\n<td style=\"text-align: center;\" width=\"142\">200<\/td>\n<td width=\"142\">\n<p style=\"text-align: center;\">380*310*470<\/p>\n<\/td>\n<\/tr>\n<\/tbody>\n<\/table>\n<p>&nbsp;<\/p>\n<h2><strong>Embalaje y entrega<\/strong><\/h2>\n<p>Los contenedores de cart\u00f3n plegable rectangular negro WL-P96 Manluen presentan un embalaje compacto y ecol\u00f3gico para garantizar condiciones pr\u00edstinas durante el transporte. Cada unidad est\u00e1 sellada contra polvo y apilada de manera ordenada para facilitar su almacenamiento y distribuci\u00f3n. Nuestro sistema de entrega eficiente respalda este compromiso ecol\u00f3gico, llevando seguridad y sostenibilidad a cada comida.<\/p>\n<p>&nbsp;<\/p>\n<h2><strong>Escenarios de uso\u00a0\u00a0<\/strong><\/h2>\n<p>Perfectos para todas las necesidades culinarias: comida r\u00e1pida china al vapor, ensaladas gourmet o postres port\u00e1tiles, estos contenedores biodegradables y a prueba de fugas aseguran una entrega sin preocupaciones. Su elegancia minimalista se adapta tanto a pedidos para llevar casuales como a cenas de alta gama, elevando cada plato con calidad y calidez.<\/p>\n<p>&nbsp;<\/p>\n<h2><strong>Dise\u00f1o apilable<\/strong><\/h2>\n<p>Dise\u00f1ados para la eficiencia espacial, los contenedores rectangulares de pl\u00e1stico para llevar WL-P96 Manluen con dise\u00f1o apilable mejoran el almacenamiento y el transporte. Su estructura estable previene vuelcos, simplificando la gesti\u00f3n de inventario para los negocios, mientras mantiene un perfil ecol\u00f3gico y elegante desde el almac\u00e9n hasta la mesa.<\/p>\n<p>&nbsp;<\/p>\n<h2><strong>A prueba de fugas, sellado y duradero<\/strong><\/h2>\n<p>Los contenedores de cart\u00f3n plegable rectangular negro WL-P96 Manluen con sellado de precisi\u00f3n previenen derrames, preservando la integridad de la comida. El material robusto soporta temperaturas y pesos variables sin deformarse ni da\u00f1arse, garantizando la frescura de alimentos calientes o fr\u00edos\u2014una combinaci\u00f3n perfecta de funcionalidad y garant\u00eda de calidad premium.<\/p>\n<p><a href=\"https:\/\/www.google.com\/search?q=manluenpack\" target=\"_blank\" rel=\"noopener\">M\u00c1S INFORMACI\u00d3N\u2026<\/a><\/p>","protected":false},"excerpt":{"rendered":"<p>The WL-P96 Manluen Rectangular Clamshell Take Out Containers are made from food-safe PP material, lightweight yet durable, safe, and eco-friendly. Its optimized 220*150*75 mm dimensions provide versatile capacity for diverse&hellip;<\/p>","protected":false},"featured_media":3252,"template":"","meta":{"_uag_custom_page_level_css":""},"product_brand":[],"product_cat":[21],"product_tag":[130,133],"class_list":{"0":"post-1815","1":"product","2":"type-product","3":"status-publish","4":"has-post-thumbnail","6":"product_cat-clamshell-containers","7":"product_tag-clamshell-container","8":"product_tag-white","10":"first","11":"instock","12":"shipping-taxable","13":"purchasable","14":"product-type-simple"},"spectra_custom_meta":{"rank_math_internal_links_processed":["1","1","1","1","1","1","1","1","1","1","1","1","1","1","1","1","1","1","1","1","1","1","1","1","1","1","1","1","1","1","1","1","1","1","1","1","1","1","1","1","1","1","1","1","1","1"],"_sku":["WL-P96-BLACK"],"_regular_price":["1"],"total_sales":["0"],"_tax_status":["taxable"],"_tax_class":[""],"_manage_stock":["no"],"_backorders":["no"],"_sold_individually":["no"],"_virtual":["no"],"_downloadable":["no"],"_download_limit":["0"],"_download_expiry":["0"],"_stock":[null],"_stock_status":["instock"],"_wc_average_rating":["0"],"_wc_review_count":["0"],"_product_attributes":["a:2:{s:9:\"item-size\";a:6:{s:4:\"name\";s:9:\"Item Size\";s:5:\"value\";s:12:\"220*150*75mm\";s:8:\"position\";i:0;s:10:\"is_visible\";i:1;s:12:\"is_variation\";i:0;s:11:\"is_taxonomy\";i:0;}s:7:\"qty-ctn\";a:6:{s:4:\"name\";s:7:\"QTY\/CTN\";s:5:\"value\";s:3:\"200\";s:8:\"position\";i:1;s:10:\"is_visible\";i:1;s:12:\"is_variation\";i:0;s:11:\"is_taxonomy\";i:0;}}"],"_product_version":["9.4.2"],"_price":["1"],"_wp_old_date":["2024-11-26"],"rank_math_analytic_object_id":["24"],"classic-editor-remember":["classic-editor"],"rank_math_seo_score":["68"],"rank_math_contentai_score":["a:5:{s:8:\"keywords\";s:5:\"74.51\";s:9:\"wordCount\";s:1:\"0\";s:9:\"linkCount\";s:1:\"0\";s:12:\"headingCount\";s:1:\"0\";s:10:\"mediaCount\";s:1:\"0\";}"],"_jet_woo_template":[""],"_template_type":["default"],"rank_math_primary_product_cat":["21"],"_ywraq_hide_quote_button_check":[""],"_ywraq_hide_quote_button":["0"],"_edit_lock":["1752053872:1"],"_edit_last":["1"],"_wp_old_slug":["food-grade-white-to-go-container-wl-96"],"rank_math_focus_keyword":["Take Out Containers"],"_product_image_gallery":["3223,3222,3221,3220"],"_thumbnail_id":["3252"],"_uag_css_file_name":["uag-css-1815.css"],"_uag_page_assets":["a:9:{s:3:\"css\";s:0:\"\";s:2:\"js\";s:0:\"\";s:18:\"current_block_list\";a:6:{i:0;s:10:\"core\/group\";i:1;s:12:\"core\/heading\";i:2;s:17:\"core\/latest-posts\";i:3;s:20:\"core\/latest-comments\";i:4;s:13:\"core\/archives\";i:5;s:15:\"core\/categories\";}s:8:\"uag_flag\";b:0;s:11:\"uag_version\";i:1777297731;s:6:\"gfonts\";a:0:{}s:10:\"gfonts_url\";s:0:\"\";s:12:\"gfonts_files\";a:0:{}s:14:\"uag_faq_layout\";b:0;}"]},"uagb_featured_image_src":{"full":["https:\/\/www.manluenpack.com\/wp-content\/uploads\/2025\/04\/WL-P96-manluen-disposable-takeout-clamshell-containers-scaled.webp",2560,1707,false],"thumbnail":["https:\/\/www.manluenpack.com\/wp-content\/uploads\/2025\/04\/WL-P96-manluen-disposable-takeout-clamshell-containers-scaled.webp",150,100,false],"medium":["https:\/\/www.manluenpack.com\/wp-content\/uploads\/2025\/04\/WL-P96-manluen-disposable-takeout-clamshell-containers-scaled.webp",300,200,false],"medium_large":["https:\/\/www.manluenpack.com\/wp-content\/uploads\/2025\/04\/WL-P96-manluen-disposable-takeout-clamshell-containers-scaled.webp",768,512,false],"large":["https:\/\/www.manluenpack.com\/wp-content\/uploads\/2025\/04\/WL-P96-manluen-disposable-takeout-clamshell-containers-scaled.webp",1024,683,false],"1536x1536":["https:\/\/www.manluenpack.com\/wp-content\/uploads\/2025\/04\/WL-P96-manluen-disposable-takeout-clamshell-containers-scaled.webp",1536,1024,false],"2048x2048":["https:\/\/www.manluenpack.com\/wp-content\/uploads\/2025\/04\/WL-P96-manluen-disposable-takeout-clamshell-containers-scaled.webp",2048,1366,false],"trp-custom-language-flag":["https:\/\/www.manluenpack.com\/wp-content\/uploads\/2025\/04\/WL-P96-manluen-disposable-takeout-clamshell-containers-scaled.webp",18,12,false],"menu-24x24":["https:\/\/www.manluenpack.com\/wp-content\/uploads\/2025\/04\/WL-P96-manluen-disposable-takeout-clamshell-containers-scaled.webp",24,16,false],"menu-36x36":["https:\/\/www.manluenpack.com\/wp-content\/uploads\/2025\/04\/WL-P96-manluen-disposable-takeout-clamshell-containers-scaled.webp",36,24,false],"menu-48x48":["https:\/\/www.manluenpack.com\/wp-content\/uploads\/2025\/04\/WL-P96-manluen-disposable-takeout-clamshell-containers-scaled.webp",48,32,false],"woocommerce_thumbnail":["https:\/\/www.manluenpack.com\/wp-content\/uploads\/2025\/04\/WL-P96-manluen-disposable-takeout-clamshell-containers-scaled-300x300.webp",300,300,true],"woocommerce_single":["https:\/\/www.manluenpack.com\/wp-content\/uploads\/2025\/04\/WL-P96-manluen-disposable-takeout-clamshell-containers-scaled.webp",600,400,false],"woocommerce_gallery_thumbnail":["https:\/\/www.manluenpack.com\/wp-content\/uploads\/2025\/04\/WL-P96-manluen-disposable-takeout-clamshell-containers-scaled-100x100.webp",100,100,true]},"uagb_author_info":{"display_name":"ManLuenpack","author_link":"https:\/\/www.manluenpack.com\/es\/author\/"},"uagb_comment_info":0,"uagb_excerpt":"The WL-P96 Manluen Rectangular Clamshell Take Out Containers are made from food-safe PP material, lightweight yet durable, safe, and eco-friendly. Its optimized 220*150*75 mm dimensions provide versatile capacity for diverse&hellip;","_links":{"self":[{"href":"https:\/\/www.manluenpack.com\/es\/wp-json\/wp\/v2\/product\/1815","targetHints":{"allow":["GET"]}}],"collection":[{"href":"https:\/\/www.manluenpack.com\/es\/wp-json\/wp\/v2\/product"}],"about":[{"href":"https:\/\/www.manluenpack.com\/es\/wp-json\/wp\/v2\/types\/product"}],"wp:featuredmedia":[{"embeddable":true,"href":"https:\/\/www.manluenpack.com\/es\/wp-json\/wp\/v2\/media\/3252"}],"wp:attachment":[{"href":"https:\/\/www.manluenpack.com\/es\/wp-json\/wp\/v2\/media?parent=1815"}],"wp:term":[{"taxonomy":"product_brand","embeddable":true,"href":"https:\/\/www.manluenpack.com\/es\/wp-json\/wp\/v2\/product_brand?post=1815"},{"taxonomy":"product_cat","embeddable":true,"href":"https:\/\/www.manluenpack.com\/es\/wp-json\/wp\/v2\/product_cat?post=1815"},{"taxonomy":"product_tag","embeddable":true,"href":"https:\/\/www.manluenpack.com\/es\/wp-json\/wp\/v2\/product_tag?post=1815"}],"curies":[{"name":"wp","href":"https:\/\/api.w.org\/{rel}","templated":true}]}}