{"id":1800,"date":"2025-04-01T21:09:45","date_gmt":"2025-04-01T13:09:45","guid":{"rendered":"https:\/\/www.manluenpack.com\/?post_type=product&#038;p=1800"},"modified":"2025-07-10T00:12:51","modified_gmt":"2025-07-09T16:12:51","slug":"wl-bg83-manluen-8x8-3-compartments-compostable-to-go-containers","status":"publish","type":"product","link":"https:\/\/www.manluenpack.com\/es\/products\/wl-bg83-manluen-8x8-3-compartments-compostable-to-go-containers\/","title":{"rendered":"Contenedores compostables para llevar WL-BG83 Manluen 8X8\u2033 de 3 compartimentos"},"content":{"rendered":"<p>Los contenedores de cart\u00f3n plegable con 3 compartimentos WL-P83 Manluen 8X8\u2033 para llevar cuentan con un dise\u00f1o pr\u00e1ctico de 200*200*75 mm, que divide inteligentemente en tres espacios separados para contener m\u00faltiples platos sin mezclar sabores. Su distribuci\u00f3n espaciosa satisface diversas necesidades culinarias, mientras que el material ecol\u00f3gico garantiza salud y sostenibilidad\u2014una fusi\u00f3n perfecta de embalaje eficiente y comida de calidad.<\/p>\n<ul>\n<li>Tipo de embalaje<br \/>\nCaja de cart\u00f3n<\/li>\n<li>Color<br \/>\nBlanco<\/li>\n<li>Cantidad por caja<br \/>\n150 juegos<\/li>\n<li>Material<br \/>\nBase: Bagazo<\/li>\n<\/ul>\n<ul>\n<li style=\"list-style-type: none;\">\n<table style=\"height: 160px;\" width=\"500\"><!-- \u8868\u683c\u7684\u8fb9\u6846\u4e3a1\u4e2a\u50cf\u7d20 --><!-- \u5355\u5143\u683c\u7684\u5185\u8fb9\u8ddd\u4e3a1\u50cf\u7d20 --><!-- \u5355\u5143\u683c\u4e4b\u95f4\u7684\u95f4\u8ddd\u4e3a0\u50cf\u7d20 --><!-- \u8fb9\u6846\u89c4\u5219\u4e3a\u4e24\u4fa7\u8fb9\u6846 --><\/p>\n<tbody>\n<tr>\n<td align=\"center\" bgcolor=\"EFEFEF\"><\/td>\n<td align=\"center\" bgcolor=\"EFEFEF\">Tama\u00f1o del producto<\/td>\n<td align=\"center\" bgcolor=\"EFEFEF\">Cantidad<\/td>\n<td align=\"center\" bgcolor=\"EFEFEF\">Tama\u00f1o del cart\u00f3n<\/td>\n<\/tr>\n<tr>\n<td align=\"center\" bgcolor=\"EFEFEF\">WL-P61<\/td>\n<td align=\"center\">152*152*76mm<\/td>\n<td align=\"center\">500<\/td>\n<td align=\"center\">530*320*320<\/td>\n<\/tr>\n<tr>\n<td align=\"center\" bgcolor=\"EFEFEF\">WL-P81<\/td>\n<td align=\"center\">203.2*221*76.2mm<\/td>\n<td align=\"center\">200<\/td>\n<td align=\"center\">452*434*216<\/td>\n<\/tr>\n<tr>\n<td align=\"center\" bgcolor=\"EFEFEF\">WL-P83<\/td>\n<td align=\"center\">203.2*221*76.2mm<\/td>\n<td align=\"center\">200<\/td>\n<td align=\"center\">452*434*216<\/td>\n<\/tr>\n<tr>\n<td align=\"center\" bgcolor=\"EFEFEF\">WL-P91<\/td>\n<td align=\"center\">231*231*79mm<\/td>\n<td align=\"center\">200<\/td>\n<td align=\"center\">480*385*250<\/td>\n<\/tr>\n<tr>\n<td align=\"center\" bgcolor=\"EFEFEF\">WL-P93<\/td>\n<td align=\"center\">231*231*79mm<\/td>\n<td align=\"center\">200<\/td>\n<td align=\"center\">480*385*250<\/td>\n<\/tr>\n<tr>\n<td align=\"center\" bgcolor=\"EFEFEF\">WL-P96<\/td>\n<td align=\"center\">220*150*75mm<\/td>\n<td align=\"center\">200<\/td>\n<td align=\"center\">380*310*470<\/td>\n<\/tr>\n<\/tbody>\n<\/table>\n<\/li>\n<li><a href=\"https:\/\/www.manluenpack.com\/es\/products\/\">M\u00c1S ESTILO, M\u00c1S ESTILOS\u2026<\/a><\/li>\n<\/ul>\n<h3><strong><b>Embalaje y entrega<\/b><\/strong><\/h3>\n<p>Cargados en materiales compactos y ecol\u00f3gicos, los contenedores de pl\u00e1stico compostable para llevar WL-BG83 Manluen 8\u00d78\u2033 garantizan un transporte ordenado y seguro. Apilados con precisi\u00f3n para un almacenamiento que ahorra espacio, permiten una entrega eficiente. Cada paso\u2014desde la producci\u00f3n hasta la llegada\u2014prioriza la calidad y el detalle, garantizando un uso sin preocupaciones y un rendimiento fiable para sus necesidades de comida.<\/p>\n<h3><strong><b>Escenarios de uso<\/b><\/strong><strong><b>\u00a0\u00a0<\/b><\/strong><strong><b>\u00a0<\/b><\/strong><\/h3>\n<p>Dise\u00f1ados para la versatilidad, los contenedores de comida compostable para llevar WL-BG83 Manluen 8X8\u2033 destacan en diversos entornos. Ya sea para comidas combinadas chinas, cajas bento o ensaladas, su dise\u00f1o de tres secciones evita la transferencia de sabores. Ideales para empaquetar en el restaurante, entregas o comidas al aire libre, su construcci\u00f3n a prueba de fugas y ecol\u00f3gica mantiene la comida fresca e intacta.<\/p>\n<h3><strong><b>Dise\u00f1o apilable<\/b><\/strong><\/h3>\n<p>Optimizado para la eficiencia espacial, el dise\u00f1o apilable de los contenedores desechables blancos compostables WL-BG83 Manluen 8X8\u2033 mejora el almacenamiento y el transporte. El bloqueo seguro evita vuelcos, simplificando la gesti\u00f3n del inventario. Esta soluci\u00f3n pr\u00e1ctica pero elegante combina sostenibilidad con orden, simplificando las operaciones.<\/p>\n<h3><strong><b>A prueba de fugas, sellado y duradero <\/b><\/strong><\/h3>\n<p>Ingenierizados con un sello herm\u00e9tico, los contenedores rectangulares compostables de PP WL-BG83 Manluen 8X8\u2033 resisten las fugas sin esfuerzo. Su material resistente y resistente al calor protege las comidas desde el empaquetado hasta la entrega, asegurando que los platos lleguen en perfectas condiciones\u2014donde la fiabilidad se encuentra con la practicidad diaria.<\/p>\n<p><a href=\"https:\/\/www.google.com\/search?q=manluenpack\" target=\"_blank\" rel=\"noopener\">M\u00c1S INFORMACI\u00d3N\u2026<\/a><\/p>","protected":false},"excerpt":{"rendered":"<p>The WL-BG83 Manluen 8X8&#8243; 3-Compartment Compostable To Go Containers feature a practical 200*200*75 mm design, intelligently partitioning three separate spaces to hold multiple dishes without cross-flavoring. Its spacious layout meets&hellip;<\/p>","protected":false},"featured_media":3150,"template":"","meta":{"_uag_custom_page_level_css":""},"product_brand":[],"product_cat":[21],"product_tag":[112,249,250,133],"class_list":{"0":"post-1800","1":"product","2":"type-product","3":"status-publish","4":"has-post-thumbnail","6":"product_cat-clamshell-containers","7":"product_tag-bagasse","8":"product_tag-clamshell-containers","9":"product_tag-compostable","10":"product_tag-white","12":"first","13":"instock","14":"shipping-taxable","15":"purchasable","16":"product-type-simple"},"spectra_custom_meta":{"rank_math_internal_links_processed":["1","1","1","1","1","1","1","1","1","1","1","1","1","1","1","1","1","1","1","1","1","1","1","1","1","1","1","1","1","1","1","1","1","1","1","1","1","1","1","1"],"_sku":["WL-BG83"],"_regular_price":["1"],"total_sales":["0"],"_tax_status":["taxable"],"_tax_class":[""],"_manage_stock":["no"],"_backorders":["no"],"_sold_individually":["no"],"_virtual":["no"],"_downloadable":["no"],"_download_limit":["0"],"_download_expiry":["0"],"_stock":[null],"_stock_status":["instock"],"_wc_average_rating":["0"],"_wc_review_count":["0"],"_product_attributes":["a:2:{s:9:\"item-size\";a:6:{s:4:\"name\";s:9:\"Item Size\";s:5:\"value\";s:12:\"200*200*75mm\";s:8:\"position\";i:0;s:10:\"is_visible\";i:1;s:12:\"is_variation\";i:0;s:11:\"is_taxonomy\";i:0;}s:7:\"qty-ctn\";a:6:{s:4:\"name\";s:7:\"QTY\/CTN\";s:5:\"value\";s:3:\"150\";s:8:\"position\";i:1;s:10:\"is_visible\";i:1;s:12:\"is_variation\";i:0;s:11:\"is_taxonomy\";i:0;}}"],"_product_version":["9.4.2"],"_price":["1"],"_wp_old_date":["2024-11-26"],"rank_math_analytic_object_id":["24"],"classic-editor-remember":["classic-editor"],"rank_math_seo_score":["72"],"rank_math_contentai_score":["a:5:{s:8:\"keywords\";s:5:\"74.51\";s:9:\"wordCount\";s:1:\"0\";s:9:\"linkCount\";s:1:\"0\";s:12:\"headingCount\";s:1:\"0\";s:10:\"mediaCount\";s:1:\"0\";}"],"_jet_woo_template":[""],"_template_type":["default"],"rank_math_primary_product_cat":["21"],"_ywraq_hide_quote_button_check":[""],"_ywraq_hide_quote_button":["0"],"_edit_lock":["1752117573:1"],"_edit_last":["1"],"_wp_old_slug":["3-compartment-white-bassage-to-go-container-wl-83","wl-bg83-8x8-3-compartment-compostable-to-go-containers","wl-bg83-8x8-3-compartments-compostable-to-go-containers"],"rank_math_focus_keyword":["To Go Containers"],"_thumbnail_id":["3150"],"_product_image_gallery":["3148,3149,3151,3152"],"_uag_css_file_name":["uag-css-1800.css"],"_uag_page_assets":["a:9:{s:3:\"css\";s:0:\"\";s:2:\"js\";s:0:\"\";s:18:\"current_block_list\";a:6:{i:0;s:10:\"core\/group\";i:1;s:12:\"core\/heading\";i:2;s:17:\"core\/latest-posts\";i:3;s:20:\"core\/latest-comments\";i:4;s:13:\"core\/archives\";i:5;s:15:\"core\/categories\";}s:8:\"uag_flag\";b:0;s:11:\"uag_version\";i:1777297731;s:6:\"gfonts\";a:0:{}s:10:\"gfonts_url\";s:0:\"\";s:12:\"gfonts_files\";a:0:{}s:14:\"uag_faq_layout\";b:0;}"]},"uagb_featured_image_src":{"full":["https:\/\/www.manluenpack.com\/wp-content\/uploads\/2025\/06\/WL-BG83-manluen-clamshell-to-go-containers.webp",1000,1000,false],"thumbnail":["https:\/\/www.manluenpack.com\/wp-content\/uploads\/2025\/06\/WL-BG83-manluen-clamshell-to-go-containers.webp",150,150,false],"medium":["https:\/\/www.manluenpack.com\/wp-content\/uploads\/2025\/06\/WL-BG83-manluen-clamshell-to-go-containers.webp",300,300,false],"medium_large":["https:\/\/www.manluenpack.com\/wp-content\/uploads\/2025\/06\/WL-BG83-manluen-clamshell-to-go-containers.webp",768,768,false],"large":["https:\/\/www.manluenpack.com\/wp-content\/uploads\/2025\/06\/WL-BG83-manluen-clamshell-to-go-containers.webp",1000,1000,false],"1536x1536":["https:\/\/www.manluenpack.com\/wp-content\/uploads\/2025\/06\/WL-BG83-manluen-clamshell-to-go-containers.webp",1000,1000,false],"2048x2048":["https:\/\/www.manluenpack.com\/wp-content\/uploads\/2025\/06\/WL-BG83-manluen-clamshell-to-go-containers.webp",1000,1000,false],"trp-custom-language-flag":["https:\/\/www.manluenpack.com\/wp-content\/uploads\/2025\/06\/WL-BG83-manluen-clamshell-to-go-containers.webp",12,12,false],"menu-24x24":["https:\/\/www.manluenpack.com\/wp-content\/uploads\/2025\/06\/WL-BG83-manluen-clamshell-to-go-containers.webp",24,24,false],"menu-36x36":["https:\/\/www.manluenpack.com\/wp-content\/uploads\/2025\/06\/WL-BG83-manluen-clamshell-to-go-containers.webp",36,36,false],"menu-48x48":["https:\/\/www.manluenpack.com\/wp-content\/uploads\/2025\/06\/WL-BG83-manluen-clamshell-to-go-containers.webp",48,48,false],"woocommerce_thumbnail":["https:\/\/www.manluenpack.com\/wp-content\/uploads\/2025\/06\/WL-BG83-manluen-clamshell-to-go-containers.webp",300,300,false],"woocommerce_single":["https:\/\/www.manluenpack.com\/wp-content\/uploads\/2025\/06\/WL-BG83-manluen-clamshell-to-go-containers.webp",600,600,false],"woocommerce_gallery_thumbnail":["https:\/\/www.manluenpack.com\/wp-content\/uploads\/2025\/06\/WL-BG83-manluen-clamshell-to-go-containers.webp",100,100,false]},"uagb_author_info":{"display_name":"ManLuenpack","author_link":"https:\/\/www.manluenpack.com\/es\/author\/"},"uagb_comment_info":0,"uagb_excerpt":"The WL-BG83 Manluen 8X8&#8243; 3-Compartment Compostable To Go Containers feature a practical 200*200*75 mm design, intelligently partitioning three separate spaces to hold multiple dishes without cross-flavoring. Its spacious layout meets&hellip;","_links":{"self":[{"href":"https:\/\/www.manluenpack.com\/es\/wp-json\/wp\/v2\/product\/1800","targetHints":{"allow":["GET"]}}],"collection":[{"href":"https:\/\/www.manluenpack.com\/es\/wp-json\/wp\/v2\/product"}],"about":[{"href":"https:\/\/www.manluenpack.com\/es\/wp-json\/wp\/v2\/types\/product"}],"wp:featuredmedia":[{"embeddable":true,"href":"https:\/\/www.manluenpack.com\/es\/wp-json\/wp\/v2\/media\/3150"}],"wp:attachment":[{"href":"https:\/\/www.manluenpack.com\/es\/wp-json\/wp\/v2\/media?parent=1800"}],"wp:term":[{"taxonomy":"product_brand","embeddable":true,"href":"https:\/\/www.manluenpack.com\/es\/wp-json\/wp\/v2\/product_brand?post=1800"},{"taxonomy":"product_cat","embeddable":true,"href":"https:\/\/www.manluenpack.com\/es\/wp-json\/wp\/v2\/product_cat?post=1800"},{"taxonomy":"product_tag","embeddable":true,"href":"https:\/\/www.manluenpack.com\/es\/wp-json\/wp\/v2\/product_tag?post=1800"}],"curies":[{"name":"wp","href":"https:\/\/api.w.org\/{rel}","templated":true}]}}