{"id":1757,"date":"2025-03-15T19:19:22","date_gmt":"2025-03-15T11:19:22","guid":{"rendered":"https:\/\/www.manluenpack.com\/?post_type=product&#038;p=1757"},"modified":"2025-07-10T21:15:18","modified_gmt":"2025-07-10T13:15:18","slug":"boat-shaped-sushi-tray-wl-b16","status":"publish","type":"product","link":"https:\/\/www.manluenpack.com\/es\/products\/boat-shaped-sushi-tray-wl-b16\/","title":{"rendered":"WL-B16 Bandeja de sushi Manluen"},"content":{"rendered":"<p>La bandeja de sushi WL-B16 Manluen presenta un dise\u00f1o sofisticado de 293*160*50 mm, que logra un equilibrio perfecto entre capacidad y belleza. Su silueta suave y delgada es elegante y vers\u00e1til, lo que la hace ideal para servir platos como sushi y sashimi. Ahorra espacio mientras mejora la presentaci\u00f3n visual de los platos. Fabricada con materiales de alta calidad, tiene una textura suave y es f\u00e1cil de limpiar, lo que la hace perfecta para restaurantes japoneses, reuniones familiares o banquetes.<\/p>\n<ul>\n<li>Tipo de embalaje<br \/>\nCaja de cart\u00f3n<\/li>\n<li>Color<br \/>\nNegro<\/li>\n<li>Cantidad por caja<br \/>\n200 juegos<\/li>\n<li>Material<br \/>\nTapa: OPS, Base: PS\/PP<\/li>\n<li>Especificaciones de embalaje<br \/>\n0.068 metros c\u00fabicos<\/li>\n<\/ul>\n<p>Embalaje y Entrega<\/p>\n<p>La bandeja de sushi WL-B16 Manluen con tapa se presenta en un embalaje ecol\u00f3gico y elegante. El embalaje exterior es resistente y duradero, e incluye materiales amortiguadores para garantizar que el producto llegue en perfectas condiciones durante el transporte. Nos comprometemos a una entrega eficiente y ofrecemos servicios completos de seguimiento log\u00edstico para asegurar que cada art\u00edculo llegue a tiempo. Ya sea una compra al por mayor o un pedido personalizado, la bandeja de sushi WL-B16 Manluen llegar\u00e1 intacta, acompa\u00f1\u00e1ndote en un viaje de experiencias gastron\u00f3micas exquisitas.<\/p>\n<p>Escenarios de uso<\/p>\n<p>Ya sea una reuni\u00f3n familiar c\u00e1lida o una presentaci\u00f3n exquisita en un restaurante japon\u00e9s de alta gama, la bandeja de sushi cl\u00e1sica con forma de barco WL-B16 Manluen puede integrarse perfectamente en diversas ocasiones. Puede contener sushi, sashimi y varios aperitivos, convirti\u00e9ndose en un foco art\u00edstico en la mesa. Durante la hora del t\u00e9, tambi\u00e9n puede exhibir elegantemente postres y frutas, a\u00f1adiendo un toque ritual a cada momento. Desde la comida diaria hasta celebraciones festivas, esta bandeja de sushi puede aportar un encanto \u00fanico a cada plato.<\/p>\n<p>Amplia resistencia a temperaturas<\/p>\n<p>Nuestra bandeja de sushi WL-B16 Manluen Black Sakura funciona bien en un amplio rango de temperaturas, desde refrigeraci\u00f3n hasta microondas, satisfaciendo eficazmente diversas necesidades de uso. Su excelente resistencia t\u00e9rmica no solo garantiza la seguridad y calidad de los alimentos, sino que tambi\u00e9n ofrece la m\u00e1xima comodidad a los usuarios, convirti\u00e9ndola en una opci\u00f3n ideal para diversas ocasiones de comida.<\/p>\n<p>Dise\u00f1o apilable<\/p>\n<p>Esta bandeja de sushi WL-B16 Manluen Black Sakura adopta un dise\u00f1o apilable innovador y est\u00e1 cuidadosamente dise\u00f1ada para facilitar su almacenamiento y transporte. El apilamiento en varias capas ahorra espacio y es ideal para pedidos al por mayor y almacenamiento.<\/p>\n<p>A prueba de fugas y duradera<\/p>\n<p>La bandeja de sushi WL-B16 Manluen con tapa presenta un dise\u00f1o de borde a prueba de fugas para evitar derrames de jugos de comida. La bandeja est\u00e1 fabricada con material resistente con alta resistencia al impacto y durabilidad, y no se deforma ni rompe incluso despu\u00e9s de un uso prolongado.<\/p>","protected":false},"excerpt":{"rendered":"<p>The WL-B16 Manluen Sushi Tray features a sophisticated 293*160*50 mm design, striking a perfect balance between capacity and beauty. Its smooth and slender silhouette is both elegant and versatile, making&hellip;<\/p>","protected":false},"featured_media":3339,"template":"","meta":{"_uag_custom_page_level_css":""},"product_brand":[],"product_cat":[23],"product_tag":[114,115,119],"class_list":{"0":"post-1757","1":"product","2":"type-product","3":"status-publish","4":"has-post-thumbnail","6":"product_cat-sushi-trays","7":"product_tag-boat-shaped","8":"product_tag-maple-leaf","9":"product_tag-sushi-box","11":"first","12":"instock","13":"shipping-taxable","14":"purchasable","15":"product-type-simple"},"spectra_custom_meta":{"rank_math_internal_links_processed":["1","1","1","1","1","1","1","1","1","1","1","1","1","1","1","1","1","1","1","1"],"_sku":["WL-B16"],"_regular_price":["1"],"total_sales":["0"],"_tax_status":["taxable"],"_tax_class":[""],"_manage_stock":["no"],"_backorders":["no"],"_sold_individually":["no"],"_virtual":["no"],"_downloadable":["no"],"_product_image_gallery":["3338,3337,3336,3335"],"_download_limit":["0"],"_download_expiry":["0"],"_thumbnail_id":["3339"],"_stock":[null],"_stock_status":["instock"],"_wc_average_rating":["0"],"_wc_review_count":["0"],"_product_attributes":["a:2:{s:9:\"item-size\";a:6:{s:4:\"name\";s:9:\"Item Size\";s:5:\"value\";s:12:\"293*160*50mm\";s:8:\"position\";i:0;s:10:\"is_visible\";i:1;s:12:\"is_variation\";i:0;s:11:\"is_taxonomy\";i:0;}s:7:\"qty-ctn\";a:6:{s:4:\"name\";s:7:\"QTY\/CTN\";s:5:\"value\";s:3:\"200\";s:8:\"position\";i:1;s:10:\"is_visible\";i:1;s:12:\"is_variation\";i:0;s:11:\"is_taxonomy\";i:0;}}"],"_product_version":["9.4.2"],"_price":["1"],"_wp_old_date":["2024-11-26"],"rank_math_analytic_object_id":["24"],"classic-editor-remember":["classic-editor"],"rank_math_seo_score":["68"],"rank_math_contentai_score":["a:5:{s:8:\"keywords\";s:5:\"74.51\";s:9:\"wordCount\";s:1:\"0\";s:9:\"linkCount\";s:1:\"0\";s:12:\"headingCount\";s:1:\"0\";s:10:\"mediaCount\";s:1:\"0\";}"],"_jet_woo_template":[""],"_template_type":["default"],"rank_math_primary_product_cat":["19"],"_ywraq_hide_quote_button_check":[""],"_ywraq_hide_quote_button":["0"],"_edit_lock":["1754365137:1"],"_edit_last":["1"],"_wp_old_slug":["class-benbo-takeaway-box-wl-8507"],"rank_math_focus_keyword":["sushi tray"],"_uag_css_file_name":["uag-css-1757.css"],"_uag_page_assets":["a:9:{s:3:\"css\";s:0:\"\";s:2:\"js\";s:0:\"\";s:18:\"current_block_list\";a:6:{i:0;s:10:\"core\/group\";i:1;s:12:\"core\/heading\";i:2;s:17:\"core\/latest-posts\";i:3;s:20:\"core\/latest-comments\";i:4;s:13:\"core\/archives\";i:5;s:15:\"core\/categories\";}s:8:\"uag_flag\";b:0;s:11:\"uag_version\";i:1777278593;s:6:\"gfonts\";a:0:{}s:10:\"gfonts_url\";s:0:\"\";s:12:\"gfonts_files\";a:0:{}s:14:\"uag_faq_layout\";b:0;}"]},"uagb_featured_image_src":{"full":["https:\/\/www.manluenpack.com\/wp-content\/uploads\/2025\/03\/WL-B16-manluen-sushi-tray.webp",1100,1100,false],"thumbnail":["https:\/\/www.manluenpack.com\/wp-content\/uploads\/2025\/03\/WL-B16-manluen-sushi-tray.webp",150,150,false],"medium":["https:\/\/www.manluenpack.com\/wp-content\/uploads\/2025\/03\/WL-B16-manluen-sushi-tray.webp",300,300,false],"medium_large":["https:\/\/www.manluenpack.com\/wp-content\/uploads\/2025\/03\/WL-B16-manluen-sushi-tray.webp",768,768,false],"large":["https:\/\/www.manluenpack.com\/wp-content\/uploads\/2025\/03\/WL-B16-manluen-sushi-tray.webp",1024,1024,false],"1536x1536":["https:\/\/www.manluenpack.com\/wp-content\/uploads\/2025\/03\/WL-B16-manluen-sushi-tray.webp",1100,1100,false],"2048x2048":["https:\/\/www.manluenpack.com\/wp-content\/uploads\/2025\/03\/WL-B16-manluen-sushi-tray.webp",1100,1100,false],"trp-custom-language-flag":["https:\/\/www.manluenpack.com\/wp-content\/uploads\/2025\/03\/WL-B16-manluen-sushi-tray.webp",12,12,false],"menu-24x24":["https:\/\/www.manluenpack.com\/wp-content\/uploads\/2025\/03\/WL-B16-manluen-sushi-tray.webp",24,24,false],"menu-36x36":["https:\/\/www.manluenpack.com\/wp-content\/uploads\/2025\/03\/WL-B16-manluen-sushi-tray.webp",36,36,false],"menu-48x48":["https:\/\/www.manluenpack.com\/wp-content\/uploads\/2025\/03\/WL-B16-manluen-sushi-tray.webp",48,48,false],"woocommerce_thumbnail":["https:\/\/www.manluenpack.com\/wp-content\/uploads\/2025\/03\/WL-B16-manluen-sushi-tray.webp",300,300,false],"woocommerce_single":["https:\/\/www.manluenpack.com\/wp-content\/uploads\/2025\/03\/WL-B16-manluen-sushi-tray.webp",600,600,false],"woocommerce_gallery_thumbnail":["https:\/\/www.manluenpack.com\/wp-content\/uploads\/2025\/03\/WL-B16-manluen-sushi-tray.webp",100,100,false]},"uagb_author_info":{"display_name":"ManLuenpack","author_link":"https:\/\/www.manluenpack.com\/es\/author\/"},"uagb_comment_info":0,"uagb_excerpt":"The WL-B16 Manluen Sushi Tray features a sophisticated 293*160*50 mm design, striking a perfect balance between capacity and beauty. Its smooth and slender silhouette is both elegant and versatile, making&hellip;","_links":{"self":[{"href":"https:\/\/www.manluenpack.com\/es\/wp-json\/wp\/v2\/product\/1757","targetHints":{"allow":["GET"]}}],"collection":[{"href":"https:\/\/www.manluenpack.com\/es\/wp-json\/wp\/v2\/product"}],"about":[{"href":"https:\/\/www.manluenpack.com\/es\/wp-json\/wp\/v2\/types\/product"}],"wp:featuredmedia":[{"embeddable":true,"href":"https:\/\/www.manluenpack.com\/es\/wp-json\/wp\/v2\/media\/3339"}],"wp:attachment":[{"href":"https:\/\/www.manluenpack.com\/es\/wp-json\/wp\/v2\/media?parent=1757"}],"wp:term":[{"taxonomy":"product_brand","embeddable":true,"href":"https:\/\/www.manluenpack.com\/es\/wp-json\/wp\/v2\/product_brand?post=1757"},{"taxonomy":"product_cat","embeddable":true,"href":"https:\/\/www.manluenpack.com\/es\/wp-json\/wp\/v2\/product_cat?post=1757"},{"taxonomy":"product_tag","embeddable":true,"href":"https:\/\/www.manluenpack.com\/es\/wp-json\/wp\/v2\/product_tag?post=1757"}],"curies":[{"name":"wp","href":"https:\/\/api.w.org\/{rel}","templated":true}]}}