{"id":1754,"date":"2025-03-15T19:09:36","date_gmt":"2025-03-15T11:09:36","guid":{"rendered":"https:\/\/www.manluenpack.com\/?post_type=product&#038;p=1754"},"modified":"2025-07-10T21:50:17","modified_gmt":"2025-07-10T13:50:17","slug":"boat-shaped-sushi-tray-wl-20b","status":"publish","type":"product","link":"https:\/\/www.manluenpack.com\/es\/products\/boat-shaped-sushi-tray-wl-20b\/","title":{"rendered":"Bandeja de Sushi Manluen WL-20B"},"content":{"rendered":"<p>La bandeja de sushi Manluen WL-20B est\u00e1 dise\u00f1ada con dimensiones \u00fanicas de 195*118*40 mm, combinando delicadeza y practicidad. Sus l\u00edneas de casco compactas y suaves son perfectas para contener una variedad de sushi y sashimi, ofreciendo una presentaci\u00f3n flexible y beneficios de ahorro de espacio. Fabricada con materiales de alta calidad, con una textura refinada y superficie f\u00e1cil de limpiar, es una opci\u00f3n ideal para restaurantes japoneses, reuniones familiares o banquetes, a\u00f1adiendo un toque art\u00edstico y un sentido de ritual a cada comida.<\/p>\n<ul>\n<li>Tipo de embalaje<br \/>\nCaja de cart\u00f3n<\/li>\n<li>Color<br \/>\nNegro<\/li>\n<li>Cantidad por caja<br \/>\n400 juegos<\/li>\n<li>Material<br \/>\nTapa: OPS, Base: PS<\/li>\n<li>Especificaciones de embalaje<br \/>\n0.089 metros c\u00fabicos<\/li>\n<\/ul>\n<p>&nbsp;<\/p>\n<ul>\n<li style=\"list-style-type: none;\">\n<table style=\"height: 160px;\" width=\"500\"><!-- \u8868\u683c\u7684\u8fb9\u6846\u4e3a1\u4e2a\u50cf\u7d20 --><!-- \u5355\u5143\u683c\u7684\u5185\u8fb9\u8ddd\u4e3a1\u50cf\u7d20 --><!-- \u5355\u5143\u683c\u4e4b\u95f4\u7684\u95f4\u8ddd\u4e3a0\u50cf\u7d20 --><!-- \u8fb9\u6846\u89c4\u5219\u4e3a\u4e24\u4fa7\u8fb9\u6846 --><\/p>\n<tbody>\n<tr>\n<td align=\"center\" bgcolor=\"EFEFEF\"><\/td>\n<td align=\"center\" bgcolor=\"EFEFEF\">Tama\u00f1o del producto<\/td>\n<td align=\"center\" bgcolor=\"EFEFEF\">Cantidad<\/td>\n<td align=\"center\" bgcolor=\"EFEFEF\">Tama\u00f1o del cart\u00f3n<\/td>\n<\/tr>\n<tr>\n<td align=\"center\" bgcolor=\"EFEFEF\">WL-20B<\/td>\n<td align=\"center\">195*118*60mm<\/td>\n<td align=\"center\">400<\/td>\n<td align=\"center\">500*435*415<\/td>\n<\/tr>\n<tr>\n<td align=\"center\" bgcolor=\"EFEFEF\">WL-30B<\/td>\n<td align=\"center\">243*118*60mm<\/td>\n<td align=\"center\">400<\/td>\n<td align=\"center\">495*430*370<\/td>\n<\/tr>\n<tr>\n<td align=\"center\" bgcolor=\"EFEFEF\">WL-40B<\/td>\n<td align=\"center\">190*190*60mm<\/td>\n<td align=\"center\">400<\/td>\n<td align=\"center\">580*390*390<\/td>\n<\/tr>\n<\/tbody>\n<\/table>\n<\/li>\n<li><a href=\"https:\/\/www.manluenpack.com\/es\/products\/\">M\u00c1S ESTILO, M\u00c1S ESTILOS\u2026<\/a><\/li>\n<\/ul>\n<h3><strong>Embalaje y entrega<\/strong><\/h3>\n<p>Empaquetada en una caja de regalo ecol\u00f3gica con capas de protecci\u00f3n a prueba de golpes personalizadas, la bandeja de sushi Manluen WL-20B Azul Claro asegura que llegue a tus manos de manera elegante e intacta. La caja exterior presenta un dise\u00f1o minimalista con detalles refinados, transmitiendo una sofisticaci\u00f3n discreta. Entregada directamente mediante SF Express con seguimiento completo, ya sea para uso personal o como regalo, transmite consideraci\u00f3n y sinceridad.<\/p>\n<h3><strong>Escenarios de uso<\/strong><strong>\u00a0\u00a0<\/strong><\/h3>\n<p>Con su dise\u00f1o de tama\u00f1o refinado, la bandeja de sushi en forma de barco WL-20B Manluen sirve como un elegante soporte para exhibir sushi y sashimi. Ya sea para una presentaci\u00f3n profesional en restaurantes japoneses o reuniones familiares c\u00e1lidas, se adapta sin esfuerzo. Su dise\u00f1o compacto de casco ahorra espacio y a\u00f1ade belleza art\u00edstica a la comida, haciendo que cada pieza de sushi brille como una obra de arte, mejorando la experiencia gastron\u00f3mica con un sentido de ritual y disfrute visual.<\/p>\n<h3><strong>W<\/strong><strong>Rango de Temperatura Ideal<\/strong><\/h3>\n<p>El embalaje de nuestra bandeja de sushi rectangular WL-20B Manluen sobresale en un amplio rango de temperaturas, desde refrigeraci\u00f3n hasta calentamiento en microondas, satisfaciendo eficazmente diversas necesidades de uso. Su excelente resistencia a la temperatura no solo garantiza la seguridad y calidad de los alimentos, sino que tambi\u00e9n ofrece una gran comodidad, convirti\u00e9ndola en una opci\u00f3n ideal para diversas ocasiones de comida.<\/p>\n<h3><strong>Dise\u00f1o apilable <\/strong><\/h3>\n<p>Mientras garantiza durabilidad, la bandeja de sushi mayorista WL-20B Manluen incorpora un dise\u00f1o apilable f\u00e1cil de usar que ahorra eficazmente espacio de almacenamiento. Su apilamiento estable y bordes ajustados previenen deslizamientos, facilitando su almacenamiento y transporte. Ya sea en cocinas comerciales o en armarios dom\u00e9sticos, este dise\u00f1o pensado mantiene la limpieza y eficiencia, mostrando el equilibrio perfecto entre practicidad y est\u00e9tica.<\/p>","protected":false},"excerpt":{"rendered":"<p>The WL-20B Manluen Sushi Tray is designed with unique dimensions of 195*118*60 mm, combining delicacy and practicality. Its compact and smooth hull lines are perfect for holding a variety of&hellip;<\/p>","protected":false},"featured_media":2306,"template":"","meta":{"_uag_custom_page_level_css":""},"product_brand":[],"product_cat":[23],"product_tag":[114,115,102],"class_list":{"0":"post-1754","1":"product","2":"type-product","3":"status-publish","4":"has-post-thumbnail","6":"product_cat-sushi-trays","7":"product_tag-boat-shaped","8":"product_tag-maple-leaf","9":"product_tag-sushi","11":"first","12":"instock","13":"shipping-taxable","14":"purchasable","15":"product-type-simple"},"spectra_custom_meta":{"rank_math_internal_links_processed":["1","1","1","1","1","1","1","1","1","1","1","1","1","1","1","1","1","1"],"_sku":["WL-20B-LUCKY"],"_regular_price":["1"],"total_sales":["0"],"_tax_status":["taxable"],"_tax_class":[""],"_manage_stock":["no"],"_backorders":["no"],"_sold_individually":["no"],"_virtual":["no"],"_downloadable":["no"],"_product_image_gallery":["2310,2309,2308,2307"],"_download_limit":["0"],"_download_expiry":["0"],"_thumbnail_id":["2306"],"_stock":[null],"_stock_status":["instock"],"_wc_average_rating":["0"],"_wc_review_count":["0"],"_product_attributes":["a:2:{s:9:\"item-size\";a:6:{s:4:\"name\";s:9:\"Item Size\";s:5:\"value\";s:12:\"195*118*60mm\";s:8:\"position\";i:0;s:10:\"is_visible\";i:1;s:12:\"is_variation\";i:0;s:11:\"is_taxonomy\";i:0;}s:7:\"qty-ctn\";a:6:{s:4:\"name\";s:7:\"QTY\/CTN\";s:5:\"value\";s:3:\"400\";s:8:\"position\";i:1;s:10:\"is_visible\";i:1;s:12:\"is_variation\";i:0;s:11:\"is_taxonomy\";i:0;}}"],"_product_version":["9.4.2"],"_price":["1"],"_wp_old_date":["2024-11-26"],"rank_math_analytic_object_id":["24"],"classic-editor-remember":["classic-editor"],"rank_math_seo_score":["73"],"rank_math_contentai_score":["a:5:{s:8:\"keywords\";s:5:\"74.51\";s:9:\"wordCount\";s:1:\"0\";s:9:\"linkCount\";s:1:\"0\";s:12:\"headingCount\";s:1:\"0\";s:10:\"mediaCount\";s:1:\"0\";}"],"_jet_woo_template":[""],"_template_type":["default"],"rank_math_primary_product_cat":["23"],"_ywraq_hide_quote_button_check":[""],"_ywraq_hide_quote_button":["0"],"_edit_lock":["1752155338:1"],"_edit_last":["1"],"rank_math_focus_keyword":["Sushi Tray"],"_uag_css_file_name":["uag-css-1754.css"],"_uag_page_assets":["a:9:{s:3:\"css\";s:0:\"\";s:2:\"js\";s:0:\"\";s:18:\"current_block_list\";a:6:{i:0;s:10:\"core\/group\";i:1;s:12:\"core\/heading\";i:2;s:17:\"core\/latest-posts\";i:3;s:20:\"core\/latest-comments\";i:4;s:13:\"core\/archives\";i:5;s:15:\"core\/categories\";}s:8:\"uag_flag\";b:0;s:11:\"uag_version\";i:1777288969;s:6:\"gfonts\";a:0:{}s:10:\"gfonts_url\";s:0:\"\";s:12:\"gfonts_files\";a:0:{}s:14:\"uag_faq_layout\";b:0;}"]},"uagb_featured_image_src":{"full":["https:\/\/www.manluenpack.com\/wp-content\/uploads\/2025\/03\/WL-20B-manluen-red-gold-sushi-tray-clear-lid.webp",1100,1100,false],"thumbnail":["https:\/\/www.manluenpack.com\/wp-content\/uploads\/2025\/03\/WL-20B-manluen-red-gold-sushi-tray-clear-lid.webp",150,150,false],"medium":["https:\/\/www.manluenpack.com\/wp-content\/uploads\/2025\/03\/WL-20B-manluen-red-gold-sushi-tray-clear-lid.webp",300,300,false],"medium_large":["https:\/\/www.manluenpack.com\/wp-content\/uploads\/2025\/03\/WL-20B-manluen-red-gold-sushi-tray-clear-lid.webp",768,768,false],"large":["https:\/\/www.manluenpack.com\/wp-content\/uploads\/2025\/03\/WL-20B-manluen-red-gold-sushi-tray-clear-lid.webp",1024,1024,false],"1536x1536":["https:\/\/www.manluenpack.com\/wp-content\/uploads\/2025\/03\/WL-20B-manluen-red-gold-sushi-tray-clear-lid.webp",1100,1100,false],"2048x2048":["https:\/\/www.manluenpack.com\/wp-content\/uploads\/2025\/03\/WL-20B-manluen-red-gold-sushi-tray-clear-lid.webp",1100,1100,false],"trp-custom-language-flag":["https:\/\/www.manluenpack.com\/wp-content\/uploads\/2025\/03\/WL-20B-manluen-red-gold-sushi-tray-clear-lid.webp",12,12,false],"menu-24x24":["https:\/\/www.manluenpack.com\/wp-content\/uploads\/2025\/03\/WL-20B-manluen-red-gold-sushi-tray-clear-lid.webp",24,24,false],"menu-36x36":["https:\/\/www.manluenpack.com\/wp-content\/uploads\/2025\/03\/WL-20B-manluen-red-gold-sushi-tray-clear-lid.webp",36,36,false],"menu-48x48":["https:\/\/www.manluenpack.com\/wp-content\/uploads\/2025\/03\/WL-20B-manluen-red-gold-sushi-tray-clear-lid.webp",48,48,false],"woocommerce_thumbnail":["https:\/\/www.manluenpack.com\/wp-content\/uploads\/2025\/03\/WL-20B-manluen-red-gold-sushi-tray-clear-lid.webp",300,300,false],"woocommerce_single":["https:\/\/www.manluenpack.com\/wp-content\/uploads\/2025\/03\/WL-20B-manluen-red-gold-sushi-tray-clear-lid.webp",600,600,false],"woocommerce_gallery_thumbnail":["https:\/\/www.manluenpack.com\/wp-content\/uploads\/2025\/03\/WL-20B-manluen-red-gold-sushi-tray-clear-lid.webp",100,100,false]},"uagb_author_info":{"display_name":"ManLuenpack","author_link":"https:\/\/www.manluenpack.com\/es\/author\/"},"uagb_comment_info":0,"uagb_excerpt":"The WL-20B Manluen Sushi Tray is designed with unique dimensions of 195*118*60 mm, combining delicacy and practicality. Its compact and smooth hull lines are perfect for holding a variety of&hellip;","_links":{"self":[{"href":"https:\/\/www.manluenpack.com\/es\/wp-json\/wp\/v2\/product\/1754","targetHints":{"allow":["GET"]}}],"collection":[{"href":"https:\/\/www.manluenpack.com\/es\/wp-json\/wp\/v2\/product"}],"about":[{"href":"https:\/\/www.manluenpack.com\/es\/wp-json\/wp\/v2\/types\/product"}],"wp:featuredmedia":[{"embeddable":true,"href":"https:\/\/www.manluenpack.com\/es\/wp-json\/wp\/v2\/media\/2306"}],"wp:attachment":[{"href":"https:\/\/www.manluenpack.com\/es\/wp-json\/wp\/v2\/media?parent=1754"}],"wp:term":[{"taxonomy":"product_brand","embeddable":true,"href":"https:\/\/www.manluenpack.com\/es\/wp-json\/wp\/v2\/product_brand?post=1754"},{"taxonomy":"product_cat","embeddable":true,"href":"https:\/\/www.manluenpack.com\/es\/wp-json\/wp\/v2\/product_cat?post=1754"},{"taxonomy":"product_tag","embeddable":true,"href":"https:\/\/www.manluenpack.com\/es\/wp-json\/wp\/v2\/product_tag?post=1754"}],"curies":[{"name":"wp","href":"https:\/\/api.w.org\/{rel}","templated":true}]}}