{"id":1746,"date":"2025-03-15T18:18:01","date_gmt":"2025-03-15T10:18:01","guid":{"rendered":"https:\/\/www.manluenpack.com\/?post_type=product&#038;p=1746"},"modified":"2025-07-10T22:33:03","modified_gmt":"2025-07-10T14:33:03","slug":"wl-b01-manluen-sushi-box","status":"publish","type":"product","link":"https:\/\/www.manluenpack.com\/es\/products\/wl-b01-manluen-sushi-box\/","title":{"rendered":"WL-B01 Caja de Sushi Manluen"},"content":{"rendered":"<p>Nuestra Caja de Sushi Manluen WL-B01, con su dise\u00f1o \u00fanico de tama\u00f1o 240*112*42mm de hojas de arce negras, satisface perfectamente las necesidades de presentaci\u00f3n tradicional de sushi. El contorno elegante y suave en forma de barco combina belleza y practicidad. Su capacidad compacta acomoda f\u00e1cilmente sushi, sashimi o aperitivos, a\u00f1adiendo un toque ritual a la comida. Es una opci\u00f3n ideal para el emplatado de cocina japonesa y una pieza destacada en mesas de estilo japon\u00e9s.<\/p>\n<ul>\n<li>Tipo de embalaje<br \/>\nCaja de cart\u00f3n<\/li>\n<li>Color<br \/>\nHojas de Arce Negras<\/li>\n<li>Cantidad por caja<br \/>\n600 juegos<\/li>\n<li>Material<br \/>\nTapa: OPS, Base: PS<\/li>\n<li>Capacidad de unidad individual<br \/>\n0.111 metros c\u00fabicos<\/li>\n<\/ul>\n<h3><strong>Embalaje y entrega<\/strong><\/h3>\n<p>La Caja de Sushi WL-B01 con tapa se empaqueta de manera ecol\u00f3gica pero resistente, con burbujas de pl\u00e1stico reforzado y cart\u00f3n resistente a la humedad que se adapta a la curvatura del barco para evitar movimientos durante el transporte. La caja exterior, dise\u00f1ada con est\u00e9tica minimalista japonesa y adornada con un logotipo en foil dorado, garantiza que cada producto est\u00e9 perfectamente protegido durante el tr\u00e1nsito. Nuestro proceso de entrega es r\u00e1pido y confiable, prometiendo llevar esta bandeja de sushi exquisitamente elaborada a su mesa lo antes posible, haciendo de cada apertura un momento de anticipaci\u00f3n y alegr\u00eda.<\/p>\n<h3><strong>Escenarios de uso<\/strong><strong>\u00a0\u00a0<\/strong><\/h3>\n<p>Ya sea para un emplatado elegante en restaurantes japoneses de alta gama o momentos c\u00e1lidos durante reuniones familiares, la Caja de Sushi de Arce Negro WL-B01 siempre se integra perfectamente en la escena con su dise\u00f1o elegante. Su forma de barco suave y su textura natural similar al bamb\u00fa a\u00f1aden belleza art\u00edstica al sushi, sashimi o aperitivos, convirti\u00e9ndola en una opci\u00f3n perfecta para realzar el ambiente en mesas durante reuniones con amigos o banquetes festivos. Cada comida se convierte en un fest\u00edn para los ojos y el paladar.<\/p>\n<h3>Dise\u00f1o apilable<\/h3>\n<p>La Caja de Sushi Rectangular WL-B01 est\u00e1 fabricada con materiales de alta calidad, y su dise\u00f1o apilable inteligente no solo ahorra espacio y facilita el almacenamiento, sino que tambi\u00e9n garantiza estabilidad y seguridad al apilarse. Esta ventaja de dise\u00f1o la mantiene ordenada y organizada en cocinas concurridas o \u00e1reas de exhibici\u00f3n compactas, adem\u00e1s de permitir un acceso r\u00e1pido, mejorando la eficiencia y la est\u00e9tica espacial.<\/p>\n<h3><strong>A prueba de fugas y Duradera \u00a0<\/strong><\/h3>\n<p>La parte inferior de esta Caja de Sushi al por mayor cl\u00e1sica est\u00e1 dise\u00f1ada para ser plana, con bordes sellados de manera herm\u00e9tica que previenen eficazmente las fugas de l\u00edquidos. Adem\u00e1s, su estructura resistente y duradera puede soportar cierta cantidad de peso y presi\u00f3n, asegurando que permanezca intacta y sin da\u00f1os durante el transporte y uso.<\/p>","protected":false},"excerpt":{"rendered":"<p>Our WL-B01 Manluen Sushi Box, with its unique 240*112*42mm black maple leaves size design, perfectly meets the needs of traditional sushi presentation. The elegant and smooth boat-shaped contour combines beauty&hellip;<\/p>","protected":false},"featured_media":2615,"template":"","meta":{"_uag_custom_page_level_css":""},"product_brand":[],"product_cat":[23],"product_tag":[114,115,102],"class_list":{"0":"post-1746","1":"product","2":"type-product","3":"status-publish","4":"has-post-thumbnail","6":"product_cat-sushi-trays","7":"product_tag-boat-shaped","8":"product_tag-maple-leaf","9":"product_tag-sushi","11":"first","12":"instock","13":"shipping-taxable","14":"purchasable","15":"product-type-simple"},"spectra_custom_meta":{"rank_math_internal_links_processed":["1","1","1","1","1","1","1","1","1","1","1","1","1","1"],"_sku":["WL-B01-MAPLE"],"_regular_price":["1"],"total_sales":["0"],"_tax_status":["taxable"],"_tax_class":[""],"_manage_stock":["no"],"_backorders":["no"],"_sold_individually":["no"],"_virtual":["no"],"_downloadable":["no"],"_product_image_gallery":["2620,2617,2619,2618,2616"],"_download_limit":["0"],"_download_expiry":["0"],"_thumbnail_id":["2615"],"_stock":[null],"_stock_status":["instock"],"_wc_average_rating":["0"],"_wc_review_count":["0"],"_product_attributes":["a:2:{s:9:\"item-size\";a:6:{s:4:\"name\";s:9:\"Item Size\";s:5:\"value\";s:12:\"240*112*55mm\";s:8:\"position\";i:0;s:10:\"is_visible\";i:1;s:12:\"is_variation\";i:0;s:11:\"is_taxonomy\";i:0;}s:7:\"qty-ctn\";a:6:{s:4:\"name\";s:7:\"QTY\/CTN\";s:5:\"value\";s:3:\"600\";s:8:\"position\";i:1;s:10:\"is_visible\";i:1;s:12:\"is_variation\";i:0;s:11:\"is_taxonomy\";i:0;}}"],"_product_version":["9.4.2"],"_price":["1"],"_wp_old_date":["2024-11-26"],"rank_math_analytic_object_id":["24"],"classic-editor-remember":["classic-editor"],"rank_math_seo_score":["69"],"rank_math_contentai_score":["a:5:{s:8:\"keywords\";s:5:\"74.51\";s:9:\"wordCount\";s:1:\"0\";s:9:\"linkCount\";s:1:\"0\";s:12:\"headingCount\";s:1:\"0\";s:10:\"mediaCount\";s:1:\"0\";}"],"_jet_woo_template":[""],"_template_type":["default"],"rank_math_primary_product_cat":["23"],"_ywraq_hide_quote_button_check":[""],"_ywraq_hide_quote_button":["0"],"_edit_lock":["1752158038:1"],"_edit_last":["1"],"rank_math_focus_keyword":["Sushi Box"],"_wp_old_slug":["wl-b01-manluen-boat-sushi-tray","wl-b01-manluen-sushi-boxes"],"_uag_css_file_name":["uag-css-1746.css"],"_uag_page_assets":["a:9:{s:3:\"css\";s:0:\"\";s:2:\"js\";s:0:\"\";s:18:\"current_block_list\";a:6:{i:0;s:10:\"core\/group\";i:1;s:12:\"core\/heading\";i:2;s:17:\"core\/latest-posts\";i:3;s:20:\"core\/latest-comments\";i:4;s:13:\"core\/archives\";i:5;s:15:\"core\/categories\";}s:8:\"uag_flag\";b:0;s:11:\"uag_version\";i:1777288969;s:6:\"gfonts\";a:0:{}s:10:\"gfonts_url\";s:0:\"\";s:12:\"gfonts_files\";a:0:{}s:14:\"uag_faq_layout\";b:0;}"]},"uagb_featured_image_src":{"full":["https:\/\/www.manluenpack.com\/wp-content\/uploads\/2025\/03\/WL-B01-manluen-take-out-container-sushi.webp",1000,1000,false],"thumbnail":["https:\/\/www.manluenpack.com\/wp-content\/uploads\/2025\/03\/WL-B01-manluen-take-out-container-sushi.webp",150,150,false],"medium":["https:\/\/www.manluenpack.com\/wp-content\/uploads\/2025\/03\/WL-B01-manluen-take-out-container-sushi.webp",300,300,false],"medium_large":["https:\/\/www.manluenpack.com\/wp-content\/uploads\/2025\/03\/WL-B01-manluen-take-out-container-sushi.webp",768,768,false],"large":["https:\/\/www.manluenpack.com\/wp-content\/uploads\/2025\/03\/WL-B01-manluen-take-out-container-sushi.webp",1000,1000,false],"1536x1536":["https:\/\/www.manluenpack.com\/wp-content\/uploads\/2025\/03\/WL-B01-manluen-take-out-container-sushi.webp",1000,1000,false],"2048x2048":["https:\/\/www.manluenpack.com\/wp-content\/uploads\/2025\/03\/WL-B01-manluen-take-out-container-sushi.webp",1000,1000,false],"trp-custom-language-flag":["https:\/\/www.manluenpack.com\/wp-content\/uploads\/2025\/03\/WL-B01-manluen-take-out-container-sushi.webp",12,12,false],"menu-24x24":["https:\/\/www.manluenpack.com\/wp-content\/uploads\/2025\/03\/WL-B01-manluen-take-out-container-sushi.webp",24,24,false],"menu-36x36":["https:\/\/www.manluenpack.com\/wp-content\/uploads\/2025\/03\/WL-B01-manluen-take-out-container-sushi.webp",36,36,false],"menu-48x48":["https:\/\/www.manluenpack.com\/wp-content\/uploads\/2025\/03\/WL-B01-manluen-take-out-container-sushi.webp",48,48,false],"woocommerce_thumbnail":["https:\/\/www.manluenpack.com\/wp-content\/uploads\/2025\/03\/WL-B01-manluen-take-out-container-sushi.webp",300,300,false],"woocommerce_single":["https:\/\/www.manluenpack.com\/wp-content\/uploads\/2025\/03\/WL-B01-manluen-take-out-container-sushi.webp",600,600,false],"woocommerce_gallery_thumbnail":["https:\/\/www.manluenpack.com\/wp-content\/uploads\/2025\/03\/WL-B01-manluen-take-out-container-sushi.webp",100,100,false]},"uagb_author_info":{"display_name":"ManLuenpack","author_link":"https:\/\/www.manluenpack.com\/es\/author\/"},"uagb_comment_info":0,"uagb_excerpt":"Our WL-B01 Manluen Sushi Box, with its unique 240*112*42mm black maple leaves size design, perfectly meets the needs of traditional sushi presentation. The elegant and smooth boat-shaped contour combines beauty&hellip;","_links":{"self":[{"href":"https:\/\/www.manluenpack.com\/es\/wp-json\/wp\/v2\/product\/1746","targetHints":{"allow":["GET"]}}],"collection":[{"href":"https:\/\/www.manluenpack.com\/es\/wp-json\/wp\/v2\/product"}],"about":[{"href":"https:\/\/www.manluenpack.com\/es\/wp-json\/wp\/v2\/types\/product"}],"wp:featuredmedia":[{"embeddable":true,"href":"https:\/\/www.manluenpack.com\/es\/wp-json\/wp\/v2\/media\/2615"}],"wp:attachment":[{"href":"https:\/\/www.manluenpack.com\/es\/wp-json\/wp\/v2\/media?parent=1746"}],"wp:term":[{"taxonomy":"product_brand","embeddable":true,"href":"https:\/\/www.manluenpack.com\/es\/wp-json\/wp\/v2\/product_brand?post=1746"},{"taxonomy":"product_cat","embeddable":true,"href":"https:\/\/www.manluenpack.com\/es\/wp-json\/wp\/v2\/product_cat?post=1746"},{"taxonomy":"product_tag","embeddable":true,"href":"https:\/\/www.manluenpack.com\/es\/wp-json\/wp\/v2\/product_tag?post=1746"}],"curies":[{"name":"wp","href":"https:\/\/api.w.org\/{rel}","templated":true}]}}