{"id":1743,"date":"2025-03-14T23:54:15","date_gmt":"2025-03-14T15:54:15","guid":{"rendered":"https:\/\/www.manluenpack.com\/?post_type=product&#038;p=1743"},"modified":"2025-07-10T22:52:41","modified_gmt":"2025-07-10T14:52:41","slug":"wl-05-manluen-bagasse-sushi-tray","status":"publish","type":"product","link":"https:\/\/www.manluenpack.com\/es\/products\/wl-05-manluen-bagasse-sushi-tray\/","title":{"rendered":"Bandeja de Sushi de Bagazo Manluen WL-05"},"content":{"rendered":"<p><span style=\"vertical-align: inherit;\"><span style=\"vertical-align: inherit;\">La bandeja de sushi desechable WL-05 Manluen de Bagasse est\u00e1 fabricada con materiales ecol\u00f3gicos y biodegradables, con un dise\u00f1o \u00fanico de 188*132*45 mm, que tiene en cuenta la practicidad y la est\u00e9tica. Su proporci\u00f3n de tama\u00f1o cient\u00edfica y razonable se ajusta perfectamente a los diversos m\u00e9todos de colocaci\u00f3n de sushi, proporcionando un soporte estable mientras resalta su textura natural. Es la combinaci\u00f3n perfecta de alta gastronom\u00eda y conceptos ecol\u00f3gicos.<\/span><\/span><\/p>\n<ul>\n<li>Tipo de embalaje<br \/>\nCaja de cart\u00f3n<\/li>\n<li>Color<br \/>\n<span style=\"vertical-align: inherit;\">Color de madera natural<\/span><\/li>\n<li>Cantidad por caja<br \/>\n400 juegos<\/li>\n<li>Material<br \/>\n<span style=\"vertical-align: inherit;\">Tapa: PET, Base: Bagasse<\/span><\/li>\n<li>Especificaciones de embalaje<br \/>\n0.066 metros c\u00fabicos<\/li>\n<\/ul>\n<p>&nbsp;<\/p>\n<ul>\n<li style=\"list-style-type: none;\">\n<table style=\"height: 160px;\" width=\"500\"><!-- \u8868\u683c\u7684\u8fb9\u6846\u4e3a1\u4e2a\u50cf\u7d20 --><!-- \u5355\u5143\u683c\u7684\u5185\u8fb9\u8ddd\u4e3a1\u50cf\u7d20 --><!-- \u5355\u5143\u683c\u4e4b\u95f4\u7684\u95f4\u8ddd\u4e3a0\u50cf\u7d20 --><!-- \u8fb9\u6846\u89c4\u5219\u4e3a\u4e24\u4fa7\u8fb9\u6846 --><\/p>\n<tbody>\n<tr>\n<td align=\"center\" bgcolor=\"EFEFEF\"><\/td>\n<td align=\"center\" bgcolor=\"EFEFEF\"><span style=\"vertical-align: inherit;\"><span style=\"vertical-align: inherit;\">Dimensiones del producto<\/span><\/span><\/td>\n<td align=\"center\" bgcolor=\"EFEFEF\"><span style=\"vertical-align: inherit;\"><span style=\"vertical-align: inherit;\">cantidad<\/span><\/span><\/td>\n<td align=\"center\" bgcolor=\"EFEFEF\"><span style=\"vertical-align: inherit;\"><span style=\"vertical-align: inherit;\">Tama\u00f1o de la caja<\/span><\/span><\/td>\n<\/tr>\n<tr>\n<td align=\"center\" bgcolor=\"EFEFEF\"><span style=\"vertical-align: inherit;\"><span style=\"vertical-align: inherit;\">WL-0.6<\/span><\/span><\/td>\n<td align=\"center\"><span style=\"vertical-align: inherit;\"><span style=\"vertical-align: inherit;\">167*92*45mm<\/span><\/span><\/td>\n<td align=\"center\"><span style=\"vertical-align: inherit;\"><span style=\"vertical-align: inherit;\">600<\/span><\/span><\/td>\n<td align=\"center\"><span style=\"vertical-align: inherit;\"><span style=\"vertical-align: inherit;\">525*325*400<\/span><\/span><\/td>\n<\/tr>\n<tr>\n<td align=\"center\" bgcolor=\"EFEFEF\"><span style=\"vertical-align: inherit;\"><span style=\"vertical-align: inherit;\">WL-01<\/span><\/span><\/td>\n<td align=\"center\"><span style=\"vertical-align: inherit;\"><span style=\"vertical-align: inherit;\">226*96*45mm<\/span><\/span><\/td>\n<td align=\"center\"><span style=\"vertical-align: inherit;\"><span style=\"vertical-align: inherit;\">400<\/span><\/span><\/td>\n<td align=\"center\"><span style=\"vertical-align: inherit;\"><span style=\"vertical-align: inherit;\">470*320*385<\/span><\/span><\/td>\n<\/tr>\n<tr>\n<td align=\"center\" bgcolor=\"EFEFEF\"><span style=\"vertical-align: inherit;\"><span style=\"vertical-align: inherit;\">WL-03<\/span><\/span><\/td>\n<td align=\"center\"><span style=\"vertical-align: inherit;\"><span style=\"vertical-align: inherit;\">168*118*45mm<\/span><\/span><\/td>\n<td align=\"center\"><span style=\"vertical-align: inherit;\"><span style=\"vertical-align: inherit;\">400<\/span><\/span><\/td>\n<td align=\"center\"><span style=\"vertical-align: inherit;\"><span style=\"vertical-align: inherit;\">505*305*365<\/span><\/span><\/td>\n<\/tr>\n<tr>\n<td align=\"center\" bgcolor=\"EFEFEF\"><span style=\"vertical-align: inherit;\"><span style=\"vertical-align: inherit;\">WL-05<\/span><\/span><\/td>\n<td align=\"center\"><span style=\"vertical-align: inherit;\"><span style=\"vertical-align: inherit;\">188*132*45mm<\/span><\/span><\/td>\n<td align=\"center\"><span style=\"vertical-align: inherit;\"><span style=\"vertical-align: inherit;\">400<\/span><\/span><\/td>\n<td align=\"center\"><span style=\"vertical-align: inherit;\"><span style=\"vertical-align: inherit;\">555*300*395<\/span><\/span><\/td>\n<\/tr>\n<tr>\n<td align=\"center\" bgcolor=\"EFEFEF\"><span style=\"vertical-align: inherit;\"><span style=\"vertical-align: inherit;\">WL-07<\/span><\/span><\/td>\n<td align=\"center\"><span style=\"vertical-align: inherit;\"><span style=\"vertical-align: inherit;\">219*139*45mm<\/span><\/span><\/td>\n<td align=\"center\"><span style=\"vertical-align: inherit;\"><span style=\"vertical-align: inherit;\">400<\/span><\/span><\/td>\n<td align=\"center\"><span style=\"vertical-align: inherit;\"><span style=\"vertical-align: inherit;\">580*310*455<\/span><\/span><\/td>\n<\/tr>\n<tr>\n<td align=\"center\" bgcolor=\"EFEFEF\"><span style=\"vertical-align: inherit;\"><span style=\"vertical-align: inherit;\">WL-09<\/span><\/span><\/td>\n<td align=\"center\"><span style=\"vertical-align: inherit;\"><span style=\"vertical-align: inherit;\">241*148*45mm<\/span><\/span><\/td>\n<td align=\"center\"><span style=\"vertical-align: inherit;\"><span style=\"vertical-align: inherit;\">300<\/span><\/span><\/td>\n<td align=\"center\"><span style=\"vertical-align: inherit;\"><span style=\"vertical-align: inherit;\">500*325*460<\/span><\/span><\/td>\n<\/tr>\n<tr>\n<td align=\"center\" bgcolor=\"EFEFEF\"><span style=\"vertical-align: inherit;\"><span style=\"vertical-align: inherit;\">WL-11<\/span><\/span><\/td>\n<td align=\"center\"><span style=\"vertical-align: inherit;\"><span style=\"vertical-align: inherit;\">260*188*45mm<\/span><\/span><\/td>\n<td align=\"center\"><span style=\"vertical-align: inherit;\"><span style=\"vertical-align: inherit;\">200<\/span><\/span><\/td>\n<td align=\"center\"><span style=\"vertical-align: inherit;\"><span style=\"vertical-align: inherit;\">540*360*395<\/span><\/span><\/td>\n<\/tr>\n<\/tbody>\n<\/table>\n<\/li>\n<li><a href=\"https:\/\/www.manluenpack.com\/es\/products\/\"><span style=\"vertical-align: inherit;\"><span style=\"vertical-align: inherit;\">M\u00e1s estilos M\u00e1s estilos\u2026<\/span><\/span><\/a><\/li>\n<\/ul>\n<h3><strong><b><span style=\"vertical-align: inherit;\"><span style=\"vertical-align: inherit;\">Embalaje y entrega<\/span><\/span><\/b><\/strong><strong><b>\u00a0<\/b><\/strong><\/h3>\n<p><span style=\"vertical-align: inherit;\"><span style=\"vertical-align: inherit;\">La bandeja de sushi de bagasse desechable WL-05 Manluen est\u00e1 dise\u00f1ada con un embalaje ecol\u00f3gico y eficiente para garantizar limpieza y seguridad durante el transporte. Cada producto est\u00e1 cuidadosamente sellado y protegido con m\u00faltiples capas de protecci\u00f3n para asegurar una gesti\u00f3n eficiente de inventario y log\u00edstica. La entrega oportuna y confiable garantiza una experiencia de servicio sin interrupciones con calidad constante desde la producci\u00f3n hasta el uso.<\/span><\/span><\/p>\n<h3><strong><b><span style=\"vertical-align: inherit;\"><span style=\"vertical-align: inherit;\">Escenarios de uso<\/span><\/span><\/b><\/strong><strong><b>\u00a0\u00a0<\/b><\/strong><\/h3>\n<p><span style=\"vertical-align: inherit;\"><span style=\"vertical-align: inherit;\">Esta bandeja de sushi de bagasse desechable WL-05 Manluen con tapa se usa ampliamente en diversos escenarios de comida, incluyendo restaurantes japoneses de alta gama, entregas de sushi, buffets, reuniones familiares y picnics al aire libre. Su apariencia elegante y funciones pr\u00e1cticas satisfacen las necesidades de exhibici\u00f3n y conservaci\u00f3n de alimentos en diferentes entornos, de modo que cada pieza de sushi se mantenga en las mejores condiciones para que los comensales disfruten.<\/span><\/span><\/p>\n<h3><strong><b><span style=\"vertical-align: inherit;\"><span style=\"vertical-align: inherit;\">Dise\u00f1o apilable<\/span><\/span><\/b><\/strong><\/h3>\n<p><span style=\"vertical-align: inherit;\"><span style=\"vertical-align: inherit;\">La bandeja de sushi de bagasse desechable WL-05 Manluen con tapa presenta una estructura de apilamiento bien dise\u00f1ada con ranuras y protuberancias especiales en la parte inferior y la tapa para un bloqueo seguro. Esto asegura que varias paletas puedan apilarse de manera estable, ahorrando espacio de almacenamiento y facilitando su transporte y manejo. Ya sea que est\u00e9 ordenada en una cocina de restaurante o sea f\u00e1cil de llevar, esta bandeja puede manejarlo con facilidad.<\/span><\/span><\/p>\n<h3><strong><b><span style=\"vertical-align: inherit;\"><span style=\"vertical-align: inherit;\">Dise\u00f1o resistente a altas temperaturas y a prueba de fugas<\/span><\/span><\/b><\/strong><\/h3>\n<p><span style=\"vertical-align: inherit;\"><span style=\"vertical-align: inherit;\">La bandeja de sushi de bagasse al por mayor WL-05 Manluen tiene una excelente resistencia a altas temperaturas y puede soportar una amplia gama de cambios de temperatura sin comprometer el rendimiento. Adem\u00e1s, su dise\u00f1o de sellado herm\u00e9tico previene eficazmente las fugas de jugos de alimentos, manteniendo el interior de la bandeja limpio y evitando la contaminaci\u00f3n de otros art\u00edculos.<\/span><\/span><\/p>\n<h3><strong><b><span style=\"vertical-align: inherit;\"><span style=\"vertical-align: inherit;\">Uso de materiales seguros<\/span><\/span><\/b><\/strong><\/h3>\n<p><span style=\"vertical-align: inherit;\"><span style=\"vertical-align: inherit;\">La bandeja de sushi de bagasse WL-05 Manluen es consciente de la importancia de la seguridad alimentaria y cumple estrictamente con las regulaciones de seguridad alimentaria en el proceso de producci\u00f3n para garantizar que el producto sea inofensivo, no t\u00f3xico y sin olor. El producto est\u00e1 fabricado con materiales pl\u00e1sticos de alta calidad y grado alimentario, que son seguros y no t\u00f3xicos, y cumple con las normas nacionales de seguridad alimentaria. El material tiene buena resistencia al calor y al fr\u00edo, permanece estable dentro de un rango de temperatura determinado y no se deforma ni libera sustancias nocivas debido a las fluctuaciones de temperatura.<\/span><\/span><\/p>\n<p><a href=\"https:\/\/www.google.com\/search?q=manluenpack\" target=\"_blank\" rel=\"noopener\"><span style=\"vertical-align: inherit;\"><span style=\"vertical-align: inherit;\">M\u00e1s informaci\u00f3n\u2026<\/span><\/span><\/a><\/p>","protected":false},"excerpt":{"rendered":"<p>The WL-05 Manluen Bagasse Sushi Tray is made of eco-friendly and degradable materials, with a unique 188*132*45 mm design, which takes into account practicality and aesthetics. Its scientific and reasonable&hellip;<\/p>","protected":false},"featured_media":2985,"template":"","meta":{"_uag_custom_page_level_css":""},"product_brand":[],"product_cat":[23],"product_tag":[112,102],"class_list":{"0":"post-1743","1":"product","2":"type-product","3":"status-publish","4":"has-post-thumbnail","6":"product_cat-sushi-trays","7":"product_tag-bagasse","8":"product_tag-sushi","10":"first","11":"instock","12":"shipping-taxable","13":"purchasable","14":"product-type-simple"},"spectra_custom_meta":{"rank_math_internal_links_processed":["1","1","1","1","1","1","1","1","1","1","1"],"_sku":["WL-05-BAGASSE"],"_regular_price":["1"],"total_sales":["0"],"_tax_status":["taxable"],"_tax_class":[""],"_manage_stock":["no"],"_backorders":["no"],"_sold_individually":["no"],"_virtual":["no"],"_downloadable":["no"],"_product_image_gallery":["2988,2987,3063,3353"],"_download_limit":["0"],"_download_expiry":["0"],"_thumbnail_id":["2985"],"_stock":[null],"_stock_status":["instock"],"_wc_average_rating":["0"],"_wc_review_count":["0"],"_product_attributes":["a:2:{s:9:\"item-size\";a:6:{s:4:\"name\";s:9:\"Item Size\";s:5:\"value\";s:12:\"188*132*45mm\";s:8:\"position\";i:0;s:10:\"is_visible\";i:1;s:12:\"is_variation\";i:0;s:11:\"is_taxonomy\";i:0;}s:7:\"qty-ctn\";a:6:{s:4:\"name\";s:7:\"QTY\/CTN\";s:5:\"value\";s:3:\"400\";s:8:\"position\";i:1;s:10:\"is_visible\";i:1;s:12:\"is_variation\";i:0;s:11:\"is_taxonomy\";i:0;}}"],"_product_version":["9.4.2"],"_price":["1"],"_wp_old_date":["2024-11-26"],"rank_math_analytic_object_id":["24"],"classic-editor-remember":["classic-editor"],"rank_math_seo_score":["81"],"rank_math_contentai_score":["a:5:{s:8:\"keywords\";s:5:\"74.51\";s:9:\"wordCount\";s:1:\"0\";s:9:\"linkCount\";s:1:\"0\";s:12:\"headingCount\";s:1:\"0\";s:10:\"mediaCount\";s:1:\"0\";}"],"_jet_woo_template":[""],"_template_type":["default"],"rank_math_primary_product_cat":["23"],"_ywraq_hide_quote_button_check":[""],"_ywraq_hide_quote_button":["0"],"_edit_lock":["1752159088:1"],"_edit_last":["1"],"rank_math_focus_keyword":["Bagasse Sushi Tray"],"_wp_old_slug":["bagasse-sushi-tray-wl-05"],"_uag_css_file_name":["uag-css-1743.css"],"_uag_page_assets":["a:9:{s:3:\"css\";s:0:\"\";s:2:\"js\";s:0:\"\";s:18:\"current_block_list\";a:6:{i:0;s:10:\"core\/group\";i:1;s:12:\"core\/heading\";i:2;s:17:\"core\/latest-posts\";i:3;s:20:\"core\/latest-comments\";i:4;s:13:\"core\/archives\";i:5;s:15:\"core\/categories\";}s:8:\"uag_flag\";b:0;s:11:\"uag_version\";i:1777300730;s:6:\"gfonts\";a:0:{}s:10:\"gfonts_url\";s:0:\"\";s:12:\"gfonts_files\";a:0:{}s:14:\"uag_faq_layout\";b:0;}"]},"uagb_featured_image_src":{"full":["https:\/\/www.manluenpack.com\/wp-content\/uploads\/2025\/03\/WL-05-Manluen-Bagasse-Sushi-Tray.webp",1000,1000,false],"thumbnail":["https:\/\/www.manluenpack.com\/wp-content\/uploads\/2025\/03\/WL-05-Manluen-Bagasse-Sushi-Tray.webp",150,150,false],"medium":["https:\/\/www.manluenpack.com\/wp-content\/uploads\/2025\/03\/WL-05-Manluen-Bagasse-Sushi-Tray.webp",300,300,false],"medium_large":["https:\/\/www.manluenpack.com\/wp-content\/uploads\/2025\/03\/WL-05-Manluen-Bagasse-Sushi-Tray.webp",768,768,false],"large":["https:\/\/www.manluenpack.com\/wp-content\/uploads\/2025\/03\/WL-05-Manluen-Bagasse-Sushi-Tray.webp",1000,1000,false],"1536x1536":["https:\/\/www.manluenpack.com\/wp-content\/uploads\/2025\/03\/WL-05-Manluen-Bagasse-Sushi-Tray.webp",1000,1000,false],"2048x2048":["https:\/\/www.manluenpack.com\/wp-content\/uploads\/2025\/03\/WL-05-Manluen-Bagasse-Sushi-Tray.webp",1000,1000,false],"trp-custom-language-flag":["https:\/\/www.manluenpack.com\/wp-content\/uploads\/2025\/03\/WL-05-Manluen-Bagasse-Sushi-Tray.webp",12,12,false],"menu-24x24":["https:\/\/www.manluenpack.com\/wp-content\/uploads\/2025\/03\/WL-05-Manluen-Bagasse-Sushi-Tray.webp",24,24,false],"menu-36x36":["https:\/\/www.manluenpack.com\/wp-content\/uploads\/2025\/03\/WL-05-Manluen-Bagasse-Sushi-Tray.webp",36,36,false],"menu-48x48":["https:\/\/www.manluenpack.com\/wp-content\/uploads\/2025\/03\/WL-05-Manluen-Bagasse-Sushi-Tray.webp",48,48,false],"woocommerce_thumbnail":["https:\/\/www.manluenpack.com\/wp-content\/uploads\/2025\/03\/WL-05-Manluen-Bagasse-Sushi-Tray.webp",300,300,false],"woocommerce_single":["https:\/\/www.manluenpack.com\/wp-content\/uploads\/2025\/03\/WL-05-Manluen-Bagasse-Sushi-Tray.webp",600,600,false],"woocommerce_gallery_thumbnail":["https:\/\/www.manluenpack.com\/wp-content\/uploads\/2025\/03\/WL-05-Manluen-Bagasse-Sushi-Tray.webp",100,100,false]},"uagb_author_info":{"display_name":"ManLuenpack","author_link":"https:\/\/www.manluenpack.com\/es\/author\/"},"uagb_comment_info":0,"uagb_excerpt":"The WL-05 Manluen Bagasse Sushi Tray is made of eco-friendly and degradable materials, with a unique 188*132*45 mm design, which takes into account practicality and aesthetics. Its scientific and reasonable&hellip;","_links":{"self":[{"href":"https:\/\/www.manluenpack.com\/es\/wp-json\/wp\/v2\/product\/1743","targetHints":{"allow":["GET"]}}],"collection":[{"href":"https:\/\/www.manluenpack.com\/es\/wp-json\/wp\/v2\/product"}],"about":[{"href":"https:\/\/www.manluenpack.com\/es\/wp-json\/wp\/v2\/types\/product"}],"wp:featuredmedia":[{"embeddable":true,"href":"https:\/\/www.manluenpack.com\/es\/wp-json\/wp\/v2\/media\/2985"}],"wp:attachment":[{"href":"https:\/\/www.manluenpack.com\/es\/wp-json\/wp\/v2\/media?parent=1743"}],"wp:term":[{"taxonomy":"product_brand","embeddable":true,"href":"https:\/\/www.manluenpack.com\/es\/wp-json\/wp\/v2\/product_brand?post=1743"},{"taxonomy":"product_cat","embeddable":true,"href":"https:\/\/www.manluenpack.com\/es\/wp-json\/wp\/v2\/product_cat?post=1743"},{"taxonomy":"product_tag","embeddable":true,"href":"https:\/\/www.manluenpack.com\/es\/wp-json\/wp\/v2\/product_tag?post=1743"}],"curies":[{"name":"wp","href":"https:\/\/api.w.org\/{rel}","templated":true}]}}