{"id":1722,"date":"2025-03-06T21:24:17","date_gmt":"2025-03-06T13:24:17","guid":{"rendered":"https:\/\/www.manluenpack.com\/?post_type=product&#038;p=1722"},"modified":"2026-02-20T21:07:41","modified_gmt":"2026-02-20T13:07:41","slug":"wl-03-manluen-gold-sushi-box","status":"publish","type":"product","link":"https:\/\/www.manluenpack.com\/es\/products\/wl-03-manluen-gold-sushi-box\/","title":{"rendered":"WL-03 Caja de Sushi Dorada Manluen"},"content":{"rendered":"<p>La bandeja de sushi con tapa WL-03 Manluen presenta un dise\u00f1o \u00fanico de 168*118*45 mm, que equilibra perfectamente portabilidad y funcionalidad. Su espacio compacto acomoda el sushi a la perfecci\u00f3n, preservando la integridad y frescura de los alimentos. Las l\u00edneas minimalistas y fluidas combinadas con materiales de primera transmiten una elegancia discreta.<\/p>\n<ul>\n<li>Embalaje<br \/>\nEmbalaje en cart\u00f3n<\/li>\n<li>Color<br \/>\nOro<\/li>\n<li>Cantidad por cart\u00f3n<br \/>\n400 juegos<\/li>\n<li>Material<br \/>\nTapa: OPS\/PET; Base: PS\/PP<\/li>\n<li>Especificaciones de embalaje<br \/>\n0.056 cubic meters<\/li>\n<\/ul>\n<p>&nbsp;<\/p>\n<ul>\n<li style=\"list-style-type: none;\">\n<table style=\"height: 160px;\" width=\"500\"><!-- \u8868\u683c\u7684\u8fb9\u6846\u4e3a1\u4e2a\u50cf\u7d20 --><!-- \u5355\u5143\u683c\u7684\u5185\u8fb9\u8ddd\u4e3a1\u50cf\u7d20 --><!-- \u5355\u5143\u683c\u4e4b\u95f4\u7684\u95f4\u8ddd\u4e3a0\u50cf\u7d20 --><!-- \u8fb9\u6846\u89c4\u5219\u4e3a\u4e24\u4fa7\u8fb9\u6846 --><\/p>\n<tbody>\n<tr>\n<td align=\"center\" bgcolor=\"EFEFEF\"><\/td>\n<td align=\"center\" bgcolor=\"EFEFEF\">Tama\u00f1o del producto<\/td>\n<td align=\"center\" bgcolor=\"EFEFEF\">Cantidad<\/td>\n<td align=\"center\" bgcolor=\"EFEFEF\">Tama\u00f1o del cart\u00f3n<\/td>\n<\/tr>\n<tr>\n<td align=\"center\" bgcolor=\"EFEFEF\">WL-0.1<\/td>\n<td align=\"center\">111*101*45mm<\/td>\n<td align=\"center\">800<\/td>\n<td align=\"center\">462*330*442<\/td>\n<\/tr>\n<tr>\n<td align=\"center\" bgcolor=\"EFEFEF\">WL-00<\/td>\n<td align=\"center\">142*82*45mm<\/td>\n<td align=\"center\">600<\/td>\n<td align=\"center\">353*315*448<\/td>\n<\/tr>\n<tr>\n<td align=\"center\" bgcolor=\"EFEFEF\">WL-0.6<\/td>\n<td align=\"center\">167*92*45mm<\/td>\n<td align=\"center\">600<\/td>\n<td align=\"center\">525*325*400<\/td>\n<\/tr>\n<tr>\n<td align=\"center\" bgcolor=\"EFEFEF\">WL-01<\/td>\n<td align=\"center\">226*96*45mm<\/td>\n<td align=\"center\">400<\/td>\n<td align=\"center\">470*320*385<\/td>\n<\/tr>\n<tr>\n<td align=\"center\" bgcolor=\"EFEFEF\">WL-03<\/td>\n<td align=\"center\">168*118*45mm<\/td>\n<td align=\"center\">400<\/td>\n<td align=\"center\">505*305*365<\/td>\n<\/tr>\n<tr>\n<td align=\"center\" bgcolor=\"EFEFEF\">WL-05<\/td>\n<td align=\"center\">188*132*45mm<\/td>\n<td align=\"center\">400<\/td>\n<td align=\"center\">555*300*395<\/td>\n<\/tr>\n<tr>\n<td align=\"center\" bgcolor=\"EFEFEF\">WL-07<\/td>\n<td align=\"center\">219*139*45mm<\/td>\n<td align=\"center\">400<\/td>\n<td align=\"center\">580*310*455<\/td>\n<\/tr>\n<tr>\n<td align=\"center\" bgcolor=\"EFEFEF\">WL-09<\/td>\n<td align=\"center\">241*148*45mm<\/td>\n<td align=\"center\">300<\/td>\n<td align=\"center\">500*325*460<\/td>\n<\/tr>\n<tr>\n<td align=\"center\" bgcolor=\"EFEFEF\">WL-11<\/td>\n<td align=\"center\">260*188*45mm<\/td>\n<td align=\"center\">200<\/td>\n<td align=\"center\">540*360*395<\/td>\n<\/tr>\n<\/tbody>\n<\/table>\n<\/li>\n<\/ul>\n<ul>\n<li style=\"list-style-type: none;\"><\/li>\n<\/ul>\n<h3><strong><b>Embalaje y entrega<\/b><\/strong><\/h3>\n<p>Nuestra bandeja de sushi negra con tapa viene en un dise\u00f1o de embalaje elegantemente simple, utilizando materiales ecol\u00f3gicos y una artesan\u00eda fina para transmitir una sensaci\u00f3n de calidad. Cada detalle se cuida meticulosamente para garantizar que el producto llegue en perfectas condiciones. Al recibirlo, experimentar\u00e1s un momento ceremonioso de desempaquetado, donde la caja de sushi y su embalaje se complementan, encarnando perfectamente la est\u00e9tica minimalista japonesa. Esto a\u00f1ade un toque de elegancia y consideraci\u00f3n, ya sea para uso personal o como regalo.<\/p>\n<h3><strong><b>Escenarios de uso<\/b><\/strong><\/h3>\n<p>La bandeja de sushi al por mayor WL-03 Manluen se integra perfectamente en diversos entornos con su dise\u00f1o elegante. Ya sea para servir sushi casero en la vida familiar diaria, mostrar estilo durante almuerzos en la oficina o llevar comidas deliciosas para picnics al aire libre, sobresale en cada escenario. Su tama\u00f1o \u00fanico garantiza portabilidad mientras mantiene la comida presentada de manera ordenada, haciendo de cada comida una ocasi\u00f3n ceremonial y a\u00f1adiendo un toque de sencillez japonesa a la vida.<\/p>\n<h3><strong><b>Resistente a la temperatura y f\u00e1cil de limpiar <\/b><\/strong><\/h3>\n<p>The WL-03 Manluen Sushi Box Packaging Luxury is made from temperature-resistant materials, effortlessly accommodating both hot and cold foods while preserving the ingredients&#8217; original flavor and safety. Its smooth, fine surface is stain-resistant and easy to clean, ensuring a hassle-free washing experience.<\/p>","protected":false},"excerpt":{"rendered":"<p>La bandeja de sushi con tapa WL-03 Manluen presenta un dise\u00f1o \u00fanico de 168*118*45 mm, que equilibra perfectamente portabilidad y funcionalidad. Su espacio compacto acomoda el sushi a la perfecci\u00f3n, preservando la integridad y frescura de los alimentos. Las l\u00edneas minimalistas y fluidas combinadas con materiales de primera transmiten una elegancia discreta.<\/p>","protected":false},"featured_media":0,"template":"","meta":{"_uag_custom_page_level_css":""},"product_brand":[],"product_cat":[23],"product_tag":[102],"class_list":{"0":"post-1722","1":"product","2":"type-product","3":"status-publish","5":"product_cat-sushi-trays","6":"product_tag-sushi","8":"first","9":"instock","10":"shipping-taxable","11":"purchasable","12":"product-type-simple"},"spectra_custom_meta":{"rank_math_internal_links_processed":["1","1","1"],"_sku":["WL-03-GOLD"],"_regular_price":["1"],"total_sales":["0"],"_tax_status":["taxable"],"_tax_class":[""],"_manage_stock":["no"],"_backorders":["no"],"_sold_individually":["no"],"_virtual":["no"],"_downloadable":["no"],"_product_image_gallery":["3314,3312,3311,4752"],"_download_limit":["0"],"_download_expiry":["0"],"_stock":[null],"_stock_status":["instock"],"_wc_average_rating":["0"],"_wc_review_count":["0"],"_product_attributes":["a:2:{s:9:\"item-size\";a:6:{s:4:\"name\";s:9:\"Item Size\";s:5:\"value\";s:12:\"168*118*45mm\";s:8:\"position\";i:0;s:10:\"is_visible\";i:1;s:12:\"is_variation\";i:0;s:11:\"is_taxonomy\";i:0;}s:7:\"qty-ctn\";a:6:{s:4:\"name\";s:7:\"QTY\/CTN\";s:5:\"value\";s:3:\"600\";s:8:\"position\";i:1;s:10:\"is_visible\";i:1;s:12:\"is_variation\";i:0;s:11:\"is_taxonomy\";i:0;}}"],"_product_version":["10.5.2"],"_price":["1"],"_wp_old_date":["2024-11-26"],"rank_math_analytic_object_id":["24"],"classic-editor-remember":["classic-editor"],"rank_math_seo_score":["100"],"rank_math_contentai_score":["a:5:{s:8:\"keywords\";s:5:\"74.51\";s:9:\"wordCount\";s:1:\"0\";s:9:\"linkCount\";s:1:\"0\";s:12:\"headingCount\";s:1:\"0\";s:10:\"mediaCount\";s:1:\"0\";}"],"_jet_woo_template":[""],"_template_type":["default"],"rank_math_primary_product_cat":["23"],"_ywraq_hide_quote_button_check":[""],"_ywraq_hide_quote_button":["0"],"_edit_lock":["1771595154:1"],"_edit_last":["1"],"rank_math_focus_keyword":["Sushi Box,Gold Sushi Box"],"_wp_old_slug":["minimalist-aesthetic-sushi-box"],"_uag_css_file_name":["uag-css-1722.css"],"_uag_page_assets":["a:9:{s:3:\"css\";s:0:\"\";s:2:\"js\";s:0:\"\";s:18:\"current_block_list\";a:6:{i:0;s:10:\"core\/group\";i:1;s:12:\"core\/heading\";i:2;s:17:\"core\/latest-posts\";i:3;s:20:\"core\/latest-comments\";i:4;s:13:\"core\/archives\";i:5;s:15:\"core\/categories\";}s:8:\"uag_flag\";b:0;s:11:\"uag_version\";i:1777292105;s:6:\"gfonts\";a:0:{}s:10:\"gfonts_url\";s:0:\"\";s:12:\"gfonts_files\";a:0:{}s:14:\"uag_faq_layout\";b:0;}"]},"uagb_featured_image_src":{"full":false,"thumbnail":false,"medium":false,"medium_large":false,"large":false,"1536x1536":false,"2048x2048":false,"trp-custom-language-flag":false,"menu-24x24":false,"menu-36x36":false,"menu-48x48":false,"woocommerce_thumbnail":false,"woocommerce_single":false,"woocommerce_gallery_thumbnail":false},"uagb_author_info":{"display_name":"ManLuenpack","author_link":"https:\/\/www.manluenpack.com\/es\/author\/"},"uagb_comment_info":0,"uagb_excerpt":"The WL-03 Manluen Gold Sushi Box features a unique 168*118*45 mm design, perfectly balancing portability and functionality. Its compact space accommodates sushi flawlessly, preserving the food's integrity and freshness. The minimalist, flowing lines paired with premium materials exude understated elegance.","_links":{"self":[{"href":"https:\/\/www.manluenpack.com\/es\/wp-json\/wp\/v2\/product\/1722","targetHints":{"allow":["GET"]}}],"collection":[{"href":"https:\/\/www.manluenpack.com\/es\/wp-json\/wp\/v2\/product"}],"about":[{"href":"https:\/\/www.manluenpack.com\/es\/wp-json\/wp\/v2\/types\/product"}],"wp:attachment":[{"href":"https:\/\/www.manluenpack.com\/es\/wp-json\/wp\/v2\/media?parent=1722"}],"wp:term":[{"taxonomy":"product_brand","embeddable":true,"href":"https:\/\/www.manluenpack.com\/es\/wp-json\/wp\/v2\/product_brand?post=1722"},{"taxonomy":"product_cat","embeddable":true,"href":"https:\/\/www.manluenpack.com\/es\/wp-json\/wp\/v2\/product_cat?post=1722"},{"taxonomy":"product_tag","embeddable":true,"href":"https:\/\/www.manluenpack.com\/es\/wp-json\/wp\/v2\/product_tag?post=1722"}],"curies":[{"name":"wp","href":"https:\/\/api.w.org\/{rel}","templated":true}]}}