{"id":1719,"date":"2025-03-05T23:52:57","date_gmt":"2025-03-05T15:52:57","guid":{"rendered":"https:\/\/www.manluenpack.com\/?post_type=product&#038;p=1719"},"modified":"2025-07-12T00:04:20","modified_gmt":"2025-07-11T16:04:20","slug":"wl-0-1-manluen-sushi-tray","status":"publish","type":"product","link":"https:\/\/www.manluenpack.com\/es\/products\/wl-0-1-manluen-sushi-tray\/","title":{"rendered":"Bandeja de Sushi Manluen WL-0.1"},"content":{"rendered":"<p>La bandeja de sushi japonesa WL-0.1 Manluen con bandeja de arroz est\u00e1 dise\u00f1ada con una proporci\u00f3n \u00e1urea de 111*101*45 mm, ofreciendo un dise\u00f1o compacto pero elegante. Su contorno cuadrado equilibra la eficiencia espacial y el atractivo visual, haciendo que sea ligera y adaptable tanto para exhibici\u00f3n como para portabilidad. Su dise\u00f1o resistente y apilable demuestra una artesan\u00eda cuidadosa, proporcionando una experiencia sencilla pero de alta calidad para transportar sushi.<\/p>\n<ul>\n<li>Embalaje<br \/>\nEmbalaje en cart\u00f3n<\/li>\n<li>Color<br \/>\nNegro<\/li>\n<li>Cantidad por cart\u00f3n<br \/>\n800 juegos<\/li>\n<li>Material<br \/>\nTapa: OPS; Base: PS<\/li>\n<li>Especificaciones de embalaje<br \/>\n0.067 metros c\u00fabicos<\/li>\n<li style=\"list-style-type: none;\"><\/li>\n<\/ul>\n<p>&nbsp;<\/p>\n<ul>\n<li style=\"list-style-type: none;\">\n<table style=\"height: 160px;\" width=\"500\"><!-- \u8868\u683c\u7684\u8fb9\u6846\u4e3a1\u4e2a\u50cf\u7d20 --><!-- \u5355\u5143\u683c\u7684\u5185\u8fb9\u8ddd\u4e3a1\u50cf\u7d20 --><!-- \u5355\u5143\u683c\u4e4b\u95f4\u7684\u95f4\u8ddd\u4e3a0\u50cf\u7d20 --><!-- \u8fb9\u6846\u89c4\u5219\u4e3a\u4e24\u4fa7\u8fb9\u6846 --><\/p>\n<tbody>\n<tr>\n<td align=\"center\" bgcolor=\"EFEFEF\"><\/td>\n<td align=\"center\" bgcolor=\"EFEFEF\">Tama\u00f1o del producto<\/td>\n<td align=\"center\" bgcolor=\"EFEFEF\">Cantidad<\/td>\n<td align=\"center\" bgcolor=\"EFEFEF\">Tama\u00f1o del cart\u00f3n<\/td>\n<\/tr>\n<tr>\n<td align=\"center\" bgcolor=\"EFEFEF\"><a href=\"https:\/\/www.manluenpack.com\/es\/Products\/wl-00-manluen-sushi-tray\/\">WL-0.1<\/a><\/td>\n<td align=\"center\">111*101*45mm<\/td>\n<td align=\"center\">800<\/td>\n<td align=\"center\">462*330*442<\/td>\n<\/tr>\n<tr>\n<td align=\"center\" bgcolor=\"EFEFEF\">WL-00<\/td>\n<td align=\"center\">142*82*45mm<\/td>\n<td align=\"center\">600<\/td>\n<td align=\"center\">353*315*448<\/td>\n<\/tr>\n<tr>\n<td align=\"center\" bgcolor=\"EFEFEF\">WL-0.6<\/td>\n<td align=\"center\">167*92*45mm<\/td>\n<td align=\"center\">600<\/td>\n<td align=\"center\">525*325*400<\/td>\n<\/tr>\n<tr>\n<td align=\"center\" bgcolor=\"EFEFEF\">WL-01<\/td>\n<td align=\"center\">226*96*45mm<\/td>\n<td align=\"center\">400<\/td>\n<td align=\"center\">470*320*385<\/td>\n<\/tr>\n<tr>\n<td align=\"center\" bgcolor=\"EFEFEF\">WL-03<\/td>\n<td align=\"center\">168*118*45mm<\/td>\n<td align=\"center\">400<\/td>\n<td align=\"center\">505*305*365<\/td>\n<\/tr>\n<tr>\n<td align=\"center\" bgcolor=\"EFEFEF\">WL-05<\/td>\n<td align=\"center\">188*132*45mm<\/td>\n<td align=\"center\">400<\/td>\n<td align=\"center\">555*300*395<\/td>\n<\/tr>\n<tr>\n<td align=\"center\" bgcolor=\"EFEFEF\">WL-07<\/td>\n<td align=\"center\">219*139*45mm<\/td>\n<td align=\"center\">400<\/td>\n<td align=\"center\">580*310*455<\/td>\n<\/tr>\n<tr>\n<td align=\"center\" bgcolor=\"EFEFEF\">WL-09<\/td>\n<td align=\"center\">241*148*45mm<\/td>\n<td align=\"center\">300<\/td>\n<td align=\"center\">500*325*460<\/td>\n<\/tr>\n<tr>\n<td align=\"center\" bgcolor=\"EFEFEF\">WL-11<\/td>\n<td align=\"center\">260*188*45mm<\/td>\n<td align=\"center\">200<\/td>\n<td align=\"center\">540*360*395<\/td>\n<\/tr>\n<\/tbody>\n<\/table>\n<\/li>\n<li><a href=\"https:\/\/www.manluenpack.com\/es\/products\/\">M\u00c1S ESTILO, M\u00c1S ESTILOS\u2026<\/a><\/li>\n<\/ul>\n<ul>\n<li style=\"list-style-type: none;\">\n<h3><strong><b>Embalaje y entrega<\/b><\/strong><\/h3>\n<p>La bandeja de sushi con tapa WL-0.1 Manluen Black Sakura presenta una tapa transparente y se empaqueta con encapsulado modular. El cart\u00f3n ecol\u00f3gico, ligero pero resistente a la presi\u00f3n, incluye forros a prueba de golpes personalizados, ajustados exactamente a las dimensiones compactas de 111*101*45 mm, garantizando un transporte seguro y protegido. El proceso de sellado y la log\u00edstica estandarizada aseguran tanto un desempaque f\u00e1cil como una entrega eficiente, protegiendo cada llegada fresca desde la l\u00ednea de producci\u00f3n hasta la mesa con cuidado meticuloso.<\/p>\n<h3><strong><b>Escenarios de uso<\/b><\/strong><\/h3>\n<p>Esta bandeja de sushi cl\u00e1sica negra WL-0.1 Manluen combina materiales de alta calidad y un dise\u00f1o exquisito, satisfaciendo diversas necesidades de comida para llevar mientras mejora la presentaci\u00f3n de los alimentos y la experiencia del cliente. Es una opci\u00f3n indispensable para las industrias modernas de comida r\u00e1pida y para llevar.<\/p>\n<ul>\n<li>Restaurantes japoneses de alta gama<\/li>\n<li>Reuniones familiares<\/li>\n<li>Picnics al aire libre<\/li>\n<li>Tiendas de sushi<\/li>\n<li>Locales de comida r\u00e1pida<\/li>\n<li>Tiendas de conveniencia<\/li>\n<li>Supermercados<\/li>\n<\/ul>\n<h3><strong><b>Dise\u00f1o apilable<\/b><\/strong><\/h3>\n<p>La bandeja desechable para sushi WL-0.1 Manluen presenta un dise\u00f1o inteligente apilable. Su forma cuadrada no solo ahorra espacio de almacenamiento sino que tambi\u00e9n facilita la organizaci\u00f3n y el transporte. La estructura de apilamiento estable asegura que las bandejas permanezcan seguras cuando est\u00e1n apiladas, aportando comodidad y orden tanto en cocinas como en mesas de comedor.<\/li>\n<\/ul>\n<p><a href=\"https:\/\/www.google.com\/search?q=manluenpack\" target=\"_blank\" rel=\"noopener\">M\u00c1S INFORMACI\u00d3N\u2026<\/a><\/p>","protected":false},"excerpt":{"rendered":"<p>The WL-0.1 Manluen Japanese Sushi Tray is crafted with a golden ratio of 111*101*45 mm, offering a compact yet elegant design. Its square contour balances spatial efficiency and visual appeal,&hellip;<\/p>","protected":false},"featured_media":3284,"template":"","meta":{"_uag_custom_page_level_css":""},"product_brand":[],"product_cat":[23],"product_tag":[106,107,102],"class_list":{"0":"post-1719","1":"product","2":"type-product","3":"status-publish","4":"has-post-thumbnail","6":"product_cat-sushi-trays","7":"product_tag-maple-leaf-print","8":"product_tag-square-shape","9":"product_tag-sushi","11":"first","12":"instock","13":"shipping-taxable","14":"purchasable","15":"product-type-simple"},"spectra_custom_meta":{"rank_math_internal_links_processed":["1","1","1"],"_sku":["WL-0.1"],"_regular_price":["1"],"total_sales":["0"],"_tax_status":["taxable"],"_tax_class":[""],"_manage_stock":["no"],"_backorders":["no"],"_sold_individually":["no"],"_virtual":["no"],"_downloadable":["no"],"_product_image_gallery":["3288,3287,3286,3285"],"_download_limit":["0"],"_download_expiry":["0"],"_thumbnail_id":["3284"],"_stock":[null],"_stock_status":["instock"],"_wc_average_rating":["0"],"_wc_review_count":["0"],"_product_attributes":["a:2:{s:9:\"item-size\";a:6:{s:4:\"name\";s:9:\"Item Size\";s:5:\"value\";s:12:\"111*101*45mm\";s:8:\"position\";i:0;s:10:\"is_visible\";i:1;s:12:\"is_variation\";i:0;s:11:\"is_taxonomy\";i:0;}s:7:\"qty-ctn\";a:6:{s:4:\"name\";s:7:\"QTY\/CTN\";s:5:\"value\";s:3:\"800\";s:8:\"position\";i:1;s:10:\"is_visible\";i:1;s:12:\"is_variation\";i:0;s:11:\"is_taxonomy\";i:0;}}"],"_product_version":["9.4.2"],"_price":["1"],"_wp_old_date":["2024-11-26"],"rank_math_analytic_object_id":["24"],"classic-editor-remember":["classic-editor"],"rank_math_seo_score":["76"],"rank_math_contentai_score":["a:5:{s:8:\"keywords\";s:5:\"74.51\";s:9:\"wordCount\";s:1:\"0\";s:9:\"linkCount\";s:1:\"0\";s:12:\"headingCount\";s:1:\"0\";s:10:\"mediaCount\";s:1:\"0\";}"],"_jet_woo_template":[""],"_template_type":["default"],"rank_math_primary_product_cat":["23"],"_ywraq_hide_quote_button_check":[""],"_ywraq_hide_quote_button":["0"],"_edit_lock":["1752249808:1"],"_edit_last":["1"],"rank_math_focus_keyword":["sushi tray"],"_wp_old_slug":["small-square-sushi-takeout-box"],"rank_math_title":["WL-0.1 Manluen Sushi Tray"],"_uag_css_file_name":["uag-css-1719.css"],"_uag_page_assets":["a:9:{s:3:\"css\";s:263:\".uag-blocks-common-selector{z-index:var(--z-index-desktop) !important}@media (max-width: 976px){.uag-blocks-common-selector{z-index:var(--z-index-tablet) !important}}@media (max-width: 767px){.uag-blocks-common-selector{z-index:var(--z-index-mobile) !important}}\n\";s:2:\"js\";s:0:\"\";s:18:\"current_block_list\";a:6:{i:0;s:10:\"core\/group\";i:1;s:12:\"core\/heading\";i:2;s:17:\"core\/latest-posts\";i:3;s:20:\"core\/latest-comments\";i:4;s:13:\"core\/archives\";i:5;s:15:\"core\/categories\";}s:8:\"uag_flag\";b:0;s:11:\"uag_version\";i:1777284830;s:6:\"gfonts\";a:0:{}s:10:\"gfonts_url\";s:0:\"\";s:12:\"gfonts_files\";a:0:{}s:14:\"uag_faq_layout\";b:0;}"]},"uagb_featured_image_src":{"full":["https:\/\/www.manluenpack.com\/wp-content\/uploads\/2025\/03\/WL-0.1-manluen-sushi-box.webp",1100,1100,false],"thumbnail":["https:\/\/www.manluenpack.com\/wp-content\/uploads\/2025\/03\/WL-0.1-manluen-sushi-box.webp",150,150,false],"medium":["https:\/\/www.manluenpack.com\/wp-content\/uploads\/2025\/03\/WL-0.1-manluen-sushi-box.webp",300,300,false],"medium_large":["https:\/\/www.manluenpack.com\/wp-content\/uploads\/2025\/03\/WL-0.1-manluen-sushi-box.webp",768,768,false],"large":["https:\/\/www.manluenpack.com\/wp-content\/uploads\/2025\/03\/WL-0.1-manluen-sushi-box.webp",1024,1024,false],"1536x1536":["https:\/\/www.manluenpack.com\/wp-content\/uploads\/2025\/03\/WL-0.1-manluen-sushi-box.webp",1100,1100,false],"2048x2048":["https:\/\/www.manluenpack.com\/wp-content\/uploads\/2025\/03\/WL-0.1-manluen-sushi-box.webp",1100,1100,false],"trp-custom-language-flag":["https:\/\/www.manluenpack.com\/wp-content\/uploads\/2025\/03\/WL-0.1-manluen-sushi-box.webp",12,12,false],"menu-24x24":["https:\/\/www.manluenpack.com\/wp-content\/uploads\/2025\/03\/WL-0.1-manluen-sushi-box.webp",24,24,false],"menu-36x36":["https:\/\/www.manluenpack.com\/wp-content\/uploads\/2025\/03\/WL-0.1-manluen-sushi-box.webp",36,36,false],"menu-48x48":["https:\/\/www.manluenpack.com\/wp-content\/uploads\/2025\/03\/WL-0.1-manluen-sushi-box.webp",48,48,false],"woocommerce_thumbnail":["https:\/\/www.manluenpack.com\/wp-content\/uploads\/2025\/03\/WL-0.1-manluen-sushi-box.webp",300,300,false],"woocommerce_single":["https:\/\/www.manluenpack.com\/wp-content\/uploads\/2025\/03\/WL-0.1-manluen-sushi-box.webp",600,600,false],"woocommerce_gallery_thumbnail":["https:\/\/www.manluenpack.com\/wp-content\/uploads\/2025\/03\/WL-0.1-manluen-sushi-box.webp",100,100,false]},"uagb_author_info":{"display_name":"ManLuenpack","author_link":"https:\/\/www.manluenpack.com\/es\/author\/"},"uagb_comment_info":0,"uagb_excerpt":"The WL-0.1 Manluen Japanese Sushi Tray is crafted with a golden ratio of 111*101*45 mm, offering a compact yet elegant design. Its square contour balances spatial efficiency and visual appeal,&hellip;","_links":{"self":[{"href":"https:\/\/www.manluenpack.com\/es\/wp-json\/wp\/v2\/product\/1719","targetHints":{"allow":["GET"]}}],"collection":[{"href":"https:\/\/www.manluenpack.com\/es\/wp-json\/wp\/v2\/product"}],"about":[{"href":"https:\/\/www.manluenpack.com\/es\/wp-json\/wp\/v2\/types\/product"}],"wp:featuredmedia":[{"embeddable":true,"href":"https:\/\/www.manluenpack.com\/es\/wp-json\/wp\/v2\/media\/3284"}],"wp:attachment":[{"href":"https:\/\/www.manluenpack.com\/es\/wp-json\/wp\/v2\/media?parent=1719"}],"wp:term":[{"taxonomy":"product_brand","embeddable":true,"href":"https:\/\/www.manluenpack.com\/es\/wp-json\/wp\/v2\/product_brand?post=1719"},{"taxonomy":"product_cat","embeddable":true,"href":"https:\/\/www.manluenpack.com\/es\/wp-json\/wp\/v2\/product_cat?post=1719"},{"taxonomy":"product_tag","embeddable":true,"href":"https:\/\/www.manluenpack.com\/es\/wp-json\/wp\/v2\/product_tag?post=1719"}],"curies":[{"name":"wp","href":"https:\/\/api.w.org\/{rel}","templated":true}]}}