{"id":1715,"date":"2025-02-19T21:26:24","date_gmt":"2025-02-19T13:26:24","guid":{"rendered":"https:\/\/www.manluenpack.com\/?post_type=product&#038;p=1715"},"modified":"2025-07-12T11:27:05","modified_gmt":"2025-07-12T03:27:05","slug":"wl-0-6-manluen-sushi-tray","status":"publish","type":"product","link":"https:\/\/www.manluenpack.com\/es\/products\/wl-0-6-manluen-sushi-tray\/","title":{"rendered":"WL-0.6 Bandeja de Sushi Manluen"},"content":{"rendered":"<p>Cuando las papilas gustativas se encuentran con la est\u00e9tica, y la cocina se entrelaza con la artesan\u00eda, la bandeja de sushi WL-0.6 Manluen muestra la frescura y delicadeza del sushi a trav\u00e9s de su dise\u00f1o simple pero elegante. Sus dimensiones espec\u00edficas de 167*92*45 mm no solo se adaptan perfectamente a la disposici\u00f3n del sushi, sino que tambi\u00e9n proporcionan un amplio espacio para guarniciones y acompa\u00f1amientos, mejorando el atractivo visual general.<\/p>\n<ul>\n<li>Embalaje<br \/>\nEmbalaje en cart\u00f3n<\/li>\n<li>Color<br \/>\nNegro<\/li>\n<li>Cantidad por cart\u00f3n<br \/>\n600 juegos<\/li>\n<li>Material<br \/>\nOPS\/ PS\/ PET<\/li>\n<li>Especificaciones de embalaje<br \/>\n0.067 metros c\u00fabicos<\/li>\n<\/ul>\n<p>&nbsp;<\/p>\n<ul>\n<li style=\"list-style-type: none;\">\n<table style=\"height: 160px;\" width=\"500\"><!-- \u8868\u683c\u7684\u8fb9\u6846\u4e3a1\u4e2a\u50cf\u7d20 --><!-- \u5355\u5143\u683c\u7684\u5185\u8fb9\u8ddd\u4e3a1\u50cf\u7d20 --><!-- \u5355\u5143\u683c\u4e4b\u95f4\u7684\u95f4\u8ddd\u4e3a0\u50cf\u7d20 --><!-- \u8fb9\u6846\u89c4\u5219\u4e3a\u4e24\u4fa7\u8fb9\u6846 --><\/p>\n<tbody>\n<tr>\n<td align=\"center\" bgcolor=\"EFEFEF\"><\/td>\n<td align=\"center\" bgcolor=\"EFEFEF\">Tama\u00f1o del producto<\/td>\n<td align=\"center\" bgcolor=\"EFEFEF\">Cantidad<\/td>\n<td align=\"center\" bgcolor=\"EFEFEF\">Tama\u00f1o del cart\u00f3n<\/td>\n<\/tr>\n<tr>\n<td align=\"center\" bgcolor=\"EFEFEF\"><a href=\"https:\/\/www.manluenpack.com\/es\/Products\/wl-0-1-manluen-sushi-tray\/\">WL-0.1<\/a><\/td>\n<td align=\"center\">111*101*45mm<\/td>\n<td align=\"center\">800<\/td>\n<td align=\"center\">462*330*442<\/td>\n<\/tr>\n<tr>\n<td align=\"center\" bgcolor=\"EFEFEF\">WL-00<\/td>\n<td align=\"center\">142*82*45mm<\/td>\n<td align=\"center\">600<\/td>\n<td align=\"center\">353*315*448<\/td>\n<\/tr>\n<tr>\n<td align=\"center\" bgcolor=\"EFEFEF\">WL-0.6<\/td>\n<td align=\"center\">167*92*45mm<\/td>\n<td align=\"center\">600<\/td>\n<td align=\"center\">525*325*400<\/td>\n<\/tr>\n<tr>\n<td align=\"center\" bgcolor=\"EFEFEF\">WL-01<\/td>\n<td align=\"center\">226*96*45mm<\/td>\n<td align=\"center\">400<\/td>\n<td align=\"center\">470*320*385<\/td>\n<\/tr>\n<tr>\n<td align=\"center\" bgcolor=\"EFEFEF\">WL-03<\/td>\n<td align=\"center\">168*118*45mm<\/td>\n<td align=\"center\">400<\/td>\n<td align=\"center\">505*305*365<\/td>\n<\/tr>\n<tr>\n<td align=\"center\" bgcolor=\"EFEFEF\">WL-05<\/td>\n<td align=\"center\">188*132*45mm<\/td>\n<td align=\"center\">400<\/td>\n<td align=\"center\">555*300*395<\/td>\n<\/tr>\n<tr>\n<td align=\"center\" bgcolor=\"EFEFEF\">WL-07<\/td>\n<td align=\"center\">219*139*45mm<\/td>\n<td align=\"center\">400<\/td>\n<td align=\"center\">580*310*455<\/td>\n<\/tr>\n<tr>\n<td align=\"center\" bgcolor=\"EFEFEF\">WL-09<\/td>\n<td align=\"center\">241*148*45mm<\/td>\n<td align=\"center\">300<\/td>\n<td align=\"center\">500*325*460<\/td>\n<\/tr>\n<tr>\n<td align=\"center\" bgcolor=\"EFEFEF\">WL-11<\/td>\n<td align=\"center\">260*188*45mm<\/td>\n<td align=\"center\">200<\/td>\n<td align=\"center\">540*360*395<\/td>\n<\/tr>\n<\/tbody>\n<\/table>\n<\/li>\n<li><a href=\"https:\/\/www.manluenpack.com\/es\/products\/\">M\u00c1S ESTILO M\u00c1S ESTILOS\u2026<\/a><\/li>\n<\/ul>\n<h3><strong><b>Embalaje y entrega<\/b><\/strong><\/h3>\n<p>El embalaje y la entrega de la bandeja de sushi japon\u00e9s WL-0.6 Manluen representan una combinaci\u00f3n perfecta de artesan\u00eda y elegancia. Cada bandeja de sushi WL-0.6 Manluen est\u00e1 meticulosamente elaborada con materiales exclusivos, alojada en un embalaje exterior ecol\u00f3gico con una textura refinada. El dise\u00f1o minimalista pero elegante refleja tanto la sofisticaci\u00f3n tecnol\u00f3gica como la conciencia ambiental. Tras la entrega, la bandeja de sushi WL-0.6 se presenta con elegancia, con cada detalle que encarna un compromiso con la calidad y el cuidado del usuario. Ya sea el momento de desembalar o la entrega ceremonial, la bandeja de sushi WL-0.6 Manluen promete una experiencia llena de calidez y deleite.<\/p>\n<h3><strong><b>Escenarios de uso<\/b><\/strong><\/h3>\n<p>Con su exquisito dise\u00f1o y su excepcional funcionalidad, la bandeja de sushi WL-0.6 Manluen Black Sakura con tapa es una opci\u00f3n ideal para diversas ocasiones. Su delicada textura y elegante forma a\u00f1aden un toque art\u00edstico a cada pieza de sushi, ofreciendo a los comensales una doble experiencia sensorial de gusto y vista. Ya sea para banquetes formales o reuniones informales, la caja WL-0.6 para sushi se integra perfectamente en cualquier entorno, sirviendo como un elegante v\u00ednculo entre la comida y la emoci\u00f3n, convirtiendo cada comida en una experiencia inolvidable.<\/p>\n<ul>\n<li>Restaurantes japoneses de alta gama<\/li>\n<li>Reuniones familiares<\/li>\n<li>Picnics al aire libre<\/li>\n<li>Fiestas de eventos<\/li>\n<\/ul>\n<h3><strong><b>Dise\u00f1o apilable<\/b><\/strong><\/h3>\n<p>La bandeja de sushi cl\u00e1sica negra WL-0.6 Manluen presenta un dise\u00f1o apilable inteligente, que no solo ahorra espacio de almacenamiento, sino que tambi\u00e9n facilita la organizaci\u00f3n y el transporte. Su estructura de apilamiento estable garantiza que las bandejas permanezcan seguras cuando se apilan, combinando practicidad y eficiencia para brindar m\u00e1s comodidad y orden a las cocinas y mesas de comedor.<\/p>\n<p><a href=\"https:\/\/www.google.com\/search?q=manluenpack\" target=\"_blank\" rel=\"noopener\">M\u00c1S INFORMACI\u00d3N\u2026<\/a><\/p>","protected":false},"excerpt":{"rendered":"<p>When taste buds meet aesthetics, and cuisine intertwines with craftsmanship, the WL-0.6 Manluen Sushi Tray showcases the freshness and delicacy of sushi through its simple yet elegant design. Its specific&hellip;<\/p>","protected":false},"featured_media":2910,"template":"","meta":{"_uag_custom_page_level_css":""},"product_brand":[],"product_cat":[23],"product_tag":[104,102],"class_list":{"0":"post-1715","1":"product","2":"type-product","3":"status-publish","4":"has-post-thumbnail","6":"product_cat-sushi-trays","7":"product_tag-black-sakura","8":"product_tag-sushi","10":"first","11":"instock","12":"shipping-taxable","13":"purchasable","14":"product-type-simple"},"spectra_custom_meta":{"rank_math_internal_links_processed":["1","1","1"],"_sku":["WL-0.6"],"_regular_price":["1"],"total_sales":["0"],"_tax_status":["taxable"],"_tax_class":[""],"_manage_stock":["no"],"_backorders":["no"],"_sold_individually":["no"],"_virtual":["no"],"_downloadable":["no"],"_product_image_gallery":["2908,2907,2909,2911"],"_download_limit":["0"],"_download_expiry":["0"],"_thumbnail_id":["2910"],"_stock":[null],"_stock_status":["instock"],"_wc_average_rating":["0"],"_wc_review_count":["0"],"_product_attributes":["a:2:{s:9:\"item-size\";a:6:{s:4:\"name\";s:9:\"Item Size\";s:5:\"value\";s:12:\"167*92*45 mm\";s:8:\"position\";i:0;s:10:\"is_visible\";i:1;s:12:\"is_variation\";i:0;s:11:\"is_taxonomy\";i:0;}s:7:\"qty-ctn\";a:6:{s:4:\"name\";s:7:\"QTY\/CTN\";s:5:\"value\";s:3:\"600\";s:8:\"position\";i:2;s:10:\"is_visible\";i:1;s:12:\"is_variation\";i:0;s:11:\"is_taxonomy\";i:0;}}"],"_product_version":["9.4.2"],"_price":["1"],"_wp_old_date":["2024-11-26"],"rank_math_analytic_object_id":["24"],"classic-editor-remember":["classic-editor"],"rank_math_seo_score":["81"],"rank_math_contentai_score":["a:5:{s:8:\"keywords\";s:5:\"74.51\";s:9:\"wordCount\";s:1:\"0\";s:9:\"linkCount\";s:1:\"0\";s:12:\"headingCount\";s:1:\"0\";s:10:\"mediaCount\";s:1:\"0\";}"],"_jet_woo_template":[""],"_template_type":["default"],"rank_math_primary_product_cat":["23"],"_ywraq_hide_quote_button_check":[""],"_ywraq_hide_quote_button":["0"],"_edit_lock":["1752291199:1"],"_edit_last":["1"],"_wp_old_slug":["classic-black-sakura-salmon-sashimi-sushi-plate"],"rank_math_focus_keyword":["sushi tray"],"_uag_css_file_name":["uag-css-1715.css"],"_uag_page_assets":["a:9:{s:3:\"css\";s:0:\"\";s:2:\"js\";s:0:\"\";s:18:\"current_block_list\";a:6:{i:0;s:10:\"core\/group\";i:1;s:12:\"core\/heading\";i:2;s:17:\"core\/latest-posts\";i:3;s:20:\"core\/latest-comments\";i:4;s:13:\"core\/archives\";i:5;s:15:\"core\/categories\";}s:8:\"uag_flag\";b:0;s:11:\"uag_version\";i:1777219595;s:6:\"gfonts\";a:0:{}s:10:\"gfonts_url\";s:0:\"\";s:12:\"gfonts_files\";a:0:{}s:14:\"uag_faq_layout\";b:0;}"]},"uagb_featured_image_src":{"full":["https:\/\/www.manluenpack.com\/wp-content\/uploads\/2025\/02\/WL-0.6-manluen-sushi-tray.webp",1100,1100,false],"thumbnail":["https:\/\/www.manluenpack.com\/wp-content\/uploads\/2025\/02\/WL-0.6-manluen-sushi-tray.webp",150,150,false],"medium":["https:\/\/www.manluenpack.com\/wp-content\/uploads\/2025\/02\/WL-0.6-manluen-sushi-tray.webp",300,300,false],"medium_large":["https:\/\/www.manluenpack.com\/wp-content\/uploads\/2025\/02\/WL-0.6-manluen-sushi-tray.webp",768,768,false],"large":["https:\/\/www.manluenpack.com\/wp-content\/uploads\/2025\/02\/WL-0.6-manluen-sushi-tray.webp",1024,1024,false],"1536x1536":["https:\/\/www.manluenpack.com\/wp-content\/uploads\/2025\/02\/WL-0.6-manluen-sushi-tray.webp",1100,1100,false],"2048x2048":["https:\/\/www.manluenpack.com\/wp-content\/uploads\/2025\/02\/WL-0.6-manluen-sushi-tray.webp",1100,1100,false],"trp-custom-language-flag":["https:\/\/www.manluenpack.com\/wp-content\/uploads\/2025\/02\/WL-0.6-manluen-sushi-tray.webp",12,12,false],"menu-24x24":["https:\/\/www.manluenpack.com\/wp-content\/uploads\/2025\/02\/WL-0.6-manluen-sushi-tray.webp",24,24,false],"menu-36x36":["https:\/\/www.manluenpack.com\/wp-content\/uploads\/2025\/02\/WL-0.6-manluen-sushi-tray.webp",36,36,false],"menu-48x48":["https:\/\/www.manluenpack.com\/wp-content\/uploads\/2025\/02\/WL-0.6-manluen-sushi-tray.webp",48,48,false],"woocommerce_thumbnail":["https:\/\/www.manluenpack.com\/wp-content\/uploads\/2025\/02\/WL-0.6-manluen-sushi-tray.webp",300,300,false],"woocommerce_single":["https:\/\/www.manluenpack.com\/wp-content\/uploads\/2025\/02\/WL-0.6-manluen-sushi-tray.webp",600,600,false],"woocommerce_gallery_thumbnail":["https:\/\/www.manluenpack.com\/wp-content\/uploads\/2025\/02\/WL-0.6-manluen-sushi-tray.webp",100,100,false]},"uagb_author_info":{"display_name":"ManLuenpack","author_link":"https:\/\/www.manluenpack.com\/es\/author\/"},"uagb_comment_info":0,"uagb_excerpt":"When taste buds meet aesthetics, and cuisine intertwines with craftsmanship, the WL-0.6 Manluen Sushi Tray showcases the freshness and delicacy of sushi through its simple yet elegant design. Its specific&hellip;","_links":{"self":[{"href":"https:\/\/www.manluenpack.com\/es\/wp-json\/wp\/v2\/product\/1715","targetHints":{"allow":["GET"]}}],"collection":[{"href":"https:\/\/www.manluenpack.com\/es\/wp-json\/wp\/v2\/product"}],"about":[{"href":"https:\/\/www.manluenpack.com\/es\/wp-json\/wp\/v2\/types\/product"}],"wp:featuredmedia":[{"embeddable":true,"href":"https:\/\/www.manluenpack.com\/es\/wp-json\/wp\/v2\/media\/2910"}],"wp:attachment":[{"href":"https:\/\/www.manluenpack.com\/es\/wp-json\/wp\/v2\/media?parent=1715"}],"wp:term":[{"taxonomy":"product_brand","embeddable":true,"href":"https:\/\/www.manluenpack.com\/es\/wp-json\/wp\/v2\/product_brand?post=1715"},{"taxonomy":"product_cat","embeddable":true,"href":"https:\/\/www.manluenpack.com\/es\/wp-json\/wp\/v2\/product_cat?post=1715"},{"taxonomy":"product_tag","embeddable":true,"href":"https:\/\/www.manluenpack.com\/es\/wp-json\/wp\/v2\/product_tag?post=1715"}],"curies":[{"name":"wp","href":"https:\/\/api.w.org\/{rel}","templated":true}]}}