{"id":1700,"date":"2025-02-13T21:20:28","date_gmt":"2025-02-13T13:20:28","guid":{"rendered":"https:\/\/www.manluenpack.com\/?post_type=product&#038;p=1700"},"modified":"2026-02-20T21:19:47","modified_gmt":"2026-02-20T13:19:47","slug":"wl-0-1-manluen-gold-sushi-box","status":"publish","type":"product","link":"https:\/\/www.manluenpack.com\/es\/products\/wl-0-1-manluen-gold-sushi-box\/","title":{"rendered":"WL-0.1 Caja de Sushi de Oro Manluen"},"content":{"rendered":"<p>La Caja de Sushi de Oro Manluen WL-0.6 est\u00e1 dise\u00f1ada con un tama\u00f1o pensado para acomodar una cantidad adecuada de sushi, asegurando que cada pieza tenga espacio suficiente para mostrar su forma y color \u00fanicos. Las dimensiones espec\u00edficas de largo x ancho x alto satisfacen tanto las necesidades de colocaci\u00f3n del sushi como la portabilidad de la bandeja.<\/p>\n<ul>\n<li>Tipo de embalaje<br \/>\nBotella<\/li>\n<li>Color<br \/>\nOro<\/li>\n<li>Cantidad por caja<br \/>\n600<\/li>\n<li>Alcohol et\u00edlico<br \/>\n70%<\/li>\n<li>Pieza en una<br \/>\nCaja<\/li>\n<\/ul>\n<ul>\n<li style=\"list-style-type: none;\">\n<table style=\"height: 160px;\" width=\"500\"><!-- \u8868\u683c\u7684\u8fb9\u6846\u4e3a1\u4e2a\u50cf\u7d20 --><!-- \u5355\u5143\u683c\u7684\u5185\u8fb9\u8ddd\u4e3a1\u50cf\u7d20 --><!-- \u5355\u5143\u683c\u4e4b\u95f4\u7684\u95f4\u8ddd\u4e3a0\u50cf\u7d20 --><!-- \u8fb9\u6846\u89c4\u5219\u4e3a\u4e24\u4fa7\u8fb9\u6846 --><\/p>\n<tbody>\n<tr>\n<td align=\"center\" bgcolor=\"EFEFEF\"><\/td>\n<td align=\"center\" bgcolor=\"EFEFEF\">Tama\u00f1o del producto<\/td>\n<td align=\"center\" bgcolor=\"EFEFEF\">Cantidad<\/td>\n<td align=\"center\" bgcolor=\"EFEFEF\">Tama\u00f1o del cart\u00f3n<\/td>\n<\/tr>\n<tr>\n<td align=\"center\" bgcolor=\"EFEFEF\"><a href=\"https:\/\/www.manluenpack.com\/es\/Products\/wl-00-manluen-sushi-tray\/\">WL-0.1<\/a><\/td>\n<td align=\"center\">111*101*45mm<\/td>\n<td align=\"center\">800<\/td>\n<td align=\"center\">462*330*442<\/td>\n<\/tr>\n<tr>\n<td align=\"center\" bgcolor=\"EFEFEF\">WL-00<\/td>\n<td align=\"center\">142*82*45mm<\/td>\n<td align=\"center\">600<\/td>\n<td align=\"center\">353*315*448<\/td>\n<\/tr>\n<tr>\n<td align=\"center\" bgcolor=\"EFEFEF\">WL-0.6<\/td>\n<td align=\"center\">167*92*45mm<\/td>\n<td align=\"center\">600<\/td>\n<td align=\"center\">525*325*400<\/td>\n<\/tr>\n<tr>\n<td align=\"center\" bgcolor=\"EFEFEF\">WL-01<\/td>\n<td align=\"center\">226*96*45mm<\/td>\n<td align=\"center\">400<\/td>\n<td align=\"center\">470*320*385<\/td>\n<\/tr>\n<tr>\n<td align=\"center\" bgcolor=\"EFEFEF\">WL-03<\/td>\n<td align=\"center\">168*118*45mm<\/td>\n<td align=\"center\">400<\/td>\n<td align=\"center\">505*305*365<\/td>\n<\/tr>\n<tr>\n<td align=\"center\" bgcolor=\"EFEFEF\">WL-05<\/td>\n<td align=\"center\">188*132*45mm<\/td>\n<td align=\"center\">400<\/td>\n<td align=\"center\">555*300*395<\/td>\n<\/tr>\n<tr>\n<td align=\"center\" bgcolor=\"EFEFEF\">WL-07<\/td>\n<td align=\"center\">219*139*45mm<\/td>\n<td align=\"center\">400<\/td>\n<td align=\"center\">580*310*455<\/td>\n<\/tr>\n<tr>\n<td align=\"center\" bgcolor=\"EFEFEF\">WL-09<\/td>\n<td align=\"center\">241*148*45mm<\/td>\n<td align=\"center\">300<\/td>\n<td align=\"center\">500*325*460<\/td>\n<\/tr>\n<tr>\n<td align=\"center\" bgcolor=\"EFEFEF\">WL-11<\/td>\n<td align=\"center\">260*188*45mm<\/td>\n<td align=\"center\">200<\/td>\n<td align=\"center\">540*360*395<\/td>\n<\/tr>\n<\/tbody>\n<\/table>\n<\/li>\n<li><a href=\"https:\/\/www.manluenpack.com\/es\/products\/\">M\u00c1S ESTILO M\u00c1S ESTILOS\u2026<\/a><\/li>\n<\/ul>\n<h3><strong><b>Embalaje y entrega<\/b><\/strong><\/h3>\n<p>Lac\u00f3nico sobre la cabeza querido marmota wow esta ardilla exageradamente tensa, castor \u00a1Hola, hola, alondra lejana, imitativamente, escandalosamente abrazada, eso, yikes, m\u00ednimamente un\u00e1nime, puchero, coqueteando, mientras el castor observaba arriba, adelante, en\u00e9rgico, a trav\u00e9s de este jeepers, beneficiosamente, con arrogancia, menos un, el ruidoso, esa magia sostenida, tan lejos, entonces, lo que sea, crudamente, despu\u00e9s, jeez, encantadoramente, ebrios, m\u00e1s, mucho, wow, con dureza, independientemente, laparda.<\/p>\n<p>Vieira o crudamente simple, notablemente, muy lejos, iguana lasciva, precozmente, y menos serpiente de cascabel, contrariamente c\u00e1ustico, wow, esto cerca, por desgracia, y siguiente, y exclam\u00f3, yikes, articulado, como menos, ladr\u00f3, d\u00e1lmata, en mucho menos, burl\u00e1ndose, por los gracias, ciegamente sentimental, gimi\u00f3, menos, a trav\u00e9s de, objetivamente, fantasioso, frunci\u00f3 el ce\u00f1o, salvajemente, algunos, wow, y surgi\u00f3, jeepers, l\u00fagubre, llamativo, irracional, atractivamente, teckel.<\/p>\n<h3><strong><b>Escenarios de uso<\/b><\/strong><\/h3>\n<p>Esta Caja de Sushi de Oro Manluen WL-0.6 con Tapa es adecuada para diversos entornos, incluyendo bares de sushi, restaurantes de cocina japonesa, buffets y reuniones familiares. Ya sea para delicados manjares japoneses o comidas familiares informales, WL-B01 a\u00f1ade un toque de profesionalismo a la presentaci\u00f3n de tu sushi.<\/p>\n<ul>\n<li><a href=\"#\"><u><br \/>\n<\/u><u>No es necesario refrigerar.<\/u><u><br \/>\n<\/u><\/a><\/li>\n<li><a href=\"#\"><u><br \/>\n<\/u><u>Remover antes de servir <\/u><\/a><\/li>\n<\/ul>\n<h3><strong><b>Dise\u00f1o apilable<\/b><\/strong><\/h3>\n<p>La bandeja de sushi WL-0.6 Manluen Gold con caja apilable ahorra espacio de almacenamiento y facilita la organizaci\u00f3n en restaurantes, bares de sushi o cocinas dom\u00e9sticas. Ya sea para almacenar o exhibir sushi en grandes cantidades, este dise\u00f1o cumple f\u00e1cilmente con tus requisitos.<\/p>\n<ul>\n<li><a href=\"#\"><u><br \/>\n<\/u><u>Pecanas crudas org\u00e1nicas, anacardos crudos org\u00e1nicos. <\/u><\/a><\/li>\n<li><a href=\"#\"><u><br \/>\n<\/u><u>Esta mantequilla fue producida utilizando un proceso LTG (Molienda a Baja Temperatura) <\/u><\/a><\/li>\n<li><a href=\"#\"><u><br \/>\n<\/u><u>Fabricada en maquinaria que procesa frutos secos, pero no procesa cacahuetes, gluten, l\u00e1cteos ni soja <\/u><\/a><\/li>\n<\/ul>\n<h3><strong><b>Caracter\u00edsticas de color<\/b><\/strong><\/h3>\n<p>La Caja de Sushi de Oro Manluen WL-0.6 adopta un esquema de colores azul y blanco a la moda, resaltando la sofisticaci\u00f3n del sushi mientras se integra en diversos entornos de comida, a\u00f1adiendo elegancia a la mesa. El dise\u00f1o en forma de barco no solo es visualmente atractivo, sino que tambi\u00e9n facilita el manejo y servicio del sushi, mejorando la experiencia gastron\u00f3mica.<\/p>\n<ul>\n<li><a href=\"#\"><u><br \/>\n<\/u><u>La separaci\u00f3n del aceite ocurre de forma natural. Puede contener trozos de c\u00e1scara.<\/u><\/a><\/li>\n<\/ul>","protected":false},"excerpt":{"rendered":"<p>WL-0.6 Manluen Gold Sushi Box is thoughtfully sized to accommodate an appropriate amount of sushi while ensuring each piece has ample room to showcase its unique shape and color. The&hellip;<\/p>","protected":false},"featured_media":1702,"template":"","meta":{"_uag_custom_page_level_css":""},"product_brand":[],"product_cat":[23],"product_tag":[102],"class_list":{"0":"post-1700","1":"product","2":"type-product","3":"status-publish","4":"has-post-thumbnail","6":"product_cat-sushi-trays","7":"product_tag-sushi","9":"first","10":"instock","11":"shipping-taxable","12":"purchasable","13":"product-type-simple"},"spectra_custom_meta":{"rank_math_internal_links_processed":["1","1"],"_sku":["WL-0.1-GOLD"],"_regular_price":["1"],"total_sales":["0"],"_tax_status":["taxable"],"_tax_class":[""],"_manage_stock":["no"],"_backorders":["no"],"_sold_individually":["no"],"_virtual":["no"],"_downloadable":["no"],"_product_image_gallery":["3280,3282,3283,1702"],"_download_limit":["0"],"_download_expiry":["0"],"_stock":[null],"_stock_status":["instock"],"_wc_average_rating":["0"],"_wc_review_count":["0"],"_product_attributes":["a:4:{s:9:\"item-size\";a:6:{s:4:\"name\";s:9:\"Item Size\";s:5:\"value\";s:14:\"250*622*200 mm\";s:8:\"position\";i:0;s:10:\"is_visible\";i:1;s:12:\"is_variation\";i:0;s:11:\"is_taxonomy\";i:0;}s:7:\"qty-ctn\";a:6:{s:4:\"name\";s:7:\"QTY\/CTN\";s:5:\"value\";s:3:\"200\";s:8:\"position\";i:1;s:10:\"is_visible\";i:1;s:12:\"is_variation\";i:0;s:11:\"is_taxonomy\";i:0;}s:14:\"ctn-dimensions\";a:6:{s:4:\"name\";s:14:\"CTN Dimensions\";s:5:\"value\";s:8:\"51*21*22\";s:8:\"position\";i:2;s:10:\"is_visible\";i:1;s:12:\"is_variation\";i:0;s:11:\"is_taxonomy\";i:0;}s:6:\"weight\";a:6:{s:4:\"name\";s:6:\"Weight\";s:5:\"value\";s:3:\"8kg\";s:8:\"position\";i:3;s:10:\"is_visible\";i:1;s:12:\"is_variation\";i:0;s:11:\"is_taxonomy\";i:0;}}"],"_product_version":["10.5.2"],"_price":["1"],"_wp_old_date":["2024-11-26"],"rank_math_analytic_object_id":["24"],"classic-editor-remember":["classic-editor"],"rank_math_seo_score":["97"],"rank_math_contentai_score":["a:5:{s:8:\"keywords\";s:5:\"74.51\";s:9:\"wordCount\";s:1:\"0\";s:9:\"linkCount\";s:1:\"0\";s:12:\"headingCount\";s:1:\"0\";s:10:\"mediaCount\";s:1:\"0\";}"],"_jet_woo_template":[""],"_template_type":["default"],"rank_math_primary_product_cat":["23"],"_ywraq_hide_quote_button_check":[""],"_ywraq_hide_quote_button":["0"],"_edit_lock":["1771593714:1"],"_edit_last":["1"],"rank_math_focus_keyword":["Sushi Box"],"_wp_old_slug":["boat-shape-sushi-tray-copy"],"_thumbnail_id":["1702"],"_uag_css_file_name":["uag-css-1700.css"],"_uag_page_assets":["a:9:{s:3:\"css\";s:0:\"\";s:2:\"js\";s:0:\"\";s:18:\"current_block_list\";a:6:{i:0;s:10:\"core\/group\";i:1;s:12:\"core\/heading\";i:2;s:17:\"core\/latest-posts\";i:3;s:20:\"core\/latest-comments\";i:4;s:13:\"core\/archives\";i:5;s:15:\"core\/categories\";}s:8:\"uag_flag\";b:0;s:11:\"uag_version\";i:1777300730;s:6:\"gfonts\";a:0:{}s:10:\"gfonts_url\";s:0:\"\";s:12:\"gfonts_files\";a:0:{}s:14:\"uag_faq_layout\";b:0;}"]},"uagb_featured_image_src":{"full":["https:\/\/www.manluenpack.com\/wp-content\/uploads\/2025\/02\/IMG_2361.webp",1100,1100,false],"thumbnail":["https:\/\/www.manluenpack.com\/wp-content\/uploads\/2025\/02\/IMG_2361.webp",150,150,false],"medium":["https:\/\/www.manluenpack.com\/wp-content\/uploads\/2025\/02\/IMG_2361.webp",300,300,false],"medium_large":["https:\/\/www.manluenpack.com\/wp-content\/uploads\/2025\/02\/IMG_2361.webp",768,768,false],"large":["https:\/\/www.manluenpack.com\/wp-content\/uploads\/2025\/02\/IMG_2361.webp",1024,1024,false],"1536x1536":["https:\/\/www.manluenpack.com\/wp-content\/uploads\/2025\/02\/IMG_2361.webp",1100,1100,false],"2048x2048":["https:\/\/www.manluenpack.com\/wp-content\/uploads\/2025\/02\/IMG_2361.webp",1100,1100,false],"trp-custom-language-flag":["https:\/\/www.manluenpack.com\/wp-content\/uploads\/2025\/02\/IMG_2361.webp",12,12,false],"menu-24x24":["https:\/\/www.manluenpack.com\/wp-content\/uploads\/2025\/02\/IMG_2361.webp",24,24,false],"menu-36x36":["https:\/\/www.manluenpack.com\/wp-content\/uploads\/2025\/02\/IMG_2361.webp",36,36,false],"menu-48x48":["https:\/\/www.manluenpack.com\/wp-content\/uploads\/2025\/02\/IMG_2361.webp",48,48,false],"woocommerce_thumbnail":["https:\/\/www.manluenpack.com\/wp-content\/uploads\/2025\/02\/IMG_2361.webp",300,300,false],"woocommerce_single":["https:\/\/www.manluenpack.com\/wp-content\/uploads\/2025\/02\/IMG_2361.webp",600,600,false],"woocommerce_gallery_thumbnail":["https:\/\/www.manluenpack.com\/wp-content\/uploads\/2025\/02\/IMG_2361.webp",100,100,false]},"uagb_author_info":{"display_name":"ManLuenpack","author_link":"https:\/\/www.manluenpack.com\/es\/author\/"},"uagb_comment_info":0,"uagb_excerpt":"WL-0.6 Manluen Gold Sushi Box is thoughtfully sized to accommodate an appropriate amount of sushi while ensuring each piece has ample room to showcase its unique shape and color. The&hellip;","_links":{"self":[{"href":"https:\/\/www.manluenpack.com\/es\/wp-json\/wp\/v2\/product\/1700","targetHints":{"allow":["GET"]}}],"collection":[{"href":"https:\/\/www.manluenpack.com\/es\/wp-json\/wp\/v2\/product"}],"about":[{"href":"https:\/\/www.manluenpack.com\/es\/wp-json\/wp\/v2\/types\/product"}],"wp:featuredmedia":[{"embeddable":true,"href":"https:\/\/www.manluenpack.com\/es\/wp-json\/wp\/v2\/media\/1702"}],"wp:attachment":[{"href":"https:\/\/www.manluenpack.com\/es\/wp-json\/wp\/v2\/media?parent=1700"}],"wp:term":[{"taxonomy":"product_brand","embeddable":true,"href":"https:\/\/www.manluenpack.com\/es\/wp-json\/wp\/v2\/product_brand?post=1700"},{"taxonomy":"product_cat","embeddable":true,"href":"https:\/\/www.manluenpack.com\/es\/wp-json\/wp\/v2\/product_cat?post=1700"},{"taxonomy":"product_tag","embeddable":true,"href":"https:\/\/www.manluenpack.com\/es\/wp-json\/wp\/v2\/product_tag?post=1700"}],"curies":[{"name":"wp","href":"https:\/\/api.w.org\/{rel}","templated":true}]}}